{"id":125,"date":"2019-06-04T12:02:50","date_gmt":"2019-06-04T12:02:50","guid":{"rendered":"https:\/\/simploworld.com\/?page_id=125"},"modified":"2020-03-28T18:09:38","modified_gmt":"2020-03-28T18:09:38","slug":"o-nas","status":"publish","type":"page","link":"https:\/\/simploworld.com\/pl\/o-nas\/","title":{"rendered":"O Nas"},"content":{"rendered":"","protected":false},"excerpt":{"rendered":"","protected":false},"author":1,"featured_media":0,"parent":0,"menu_order":0,"comment_status":"closed","ping_status":"closed","template":"page-templates\/about.php","meta":{"_acf_changed":false,"footnotes":""},"acf":[],"yoast_head":"<!-- This site is optimized with the Yoast SEO plugin v23.0 - https:\/\/yoast.com\/wordpress\/plugins\/seo\/ -->\n<title>SIMPLo - O Nas - We\u017a jeden \u0142yk i wszystko si\u0119 zmieni.<\/title>\n<meta name=\"description\" content=\"SIMPLo to marka, kt\u00f3ra wyrasta z rado\u015bci. Tej p\u0142yn\u0105cej z kultury zwi\u0105zanej z kaw\u0105. Z rozm\u00f3w przy wsp\u00f3lnym stole. Z wymiany pomys\u0142\u00f3w, pasji, mi\u0142o\u015bci\u2026\" \/>\n<meta name=\"robots\" content=\"index, follow, max-snippet:-1, max-image-preview:large, max-video-preview:-1\" \/>\n<link rel=\"canonical\" href=\"https:\/\/simploworld.com\/pl\/o-nas\/\" \/>\n<meta property=\"og:locale\" content=\"pl_PL\" \/>\n<meta property=\"og:type\" content=\"article\" \/>\n<meta property=\"og:title\" content=\"SIMPLo - O Nas - We\u017a jeden \u0142yk i wszystko si\u0119 zmieni.\" \/>\n<meta property=\"og:description\" content=\"SIMPLo to marka, kt\u00f3ra wyrasta z rado\u015bci. Tej p\u0142yn\u0105cej z kultury zwi\u0105zanej z kaw\u0105. Z rozm\u00f3w przy wsp\u00f3lnym stole. Z wymiany pomys\u0142\u00f3w, pasji, mi\u0142o\u015bci\u2026\" \/>\n<meta property=\"og:url\" content=\"https:\/\/simploworld.com\/pl\/o-nas\/\" \/>\n<meta property=\"og:site_name\" content=\"SIMPLo\" \/>\n<meta property=\"article:modified_time\" content=\"2020-03-28T18:09:38+00:00\" \/>\n<meta name=\"twitter:card\" content=\"summary_large_image\" \/>\n<script type=\"application\/ld+json\" class=\"yoast-schema-graph\">{\"@context\":\"https:\/\/schema.org\",\"@graph\":[{\"@type\":\"WebPage\",\"@id\":\"https:\/\/simploworld.com\/pl\/o-nas\/\",\"url\":\"https:\/\/simploworld.com\/pl\/o-nas\/\",\"name\":\"SIMPLo - O Nas - We\u017a jeden \u0142yk i wszystko si\u0119 zmieni.\",\"isPartOf\":{\"@id\":\"https:\/\/simploworld.com\/#website\"},\"datePublished\":\"2019-06-04T12:02:50+00:00\",\"dateModified\":\"2020-03-28T18:09:38+00:00\",\"description\":\"SIMPLo to marka, kt\u00f3ra wyrasta z rado\u015bci. Tej p\u0142yn\u0105cej z kultury zwi\u0105zanej z kaw\u0105. Z rozm\u00f3w przy wsp\u00f3lnym stole. Z wymiany pomys\u0142\u00f3w, pasji, mi\u0142o\u015bci\u2026\",\"breadcrumb\":{\"@id\":\"https:\/\/simploworld.com\/pl\/o-nas\/#breadcrumb\"},\"inLanguage\":\"pl-PL\",\"potentialAction\":[{\"@type\":\"ReadAction\",\"target\":[\"https:\/\/simploworld.com\/pl\/o-nas\/\"]}]},{\"@type\":\"BreadcrumbList\",\"@id\":\"https:\/\/simploworld.com\/pl\/o-nas\/#breadcrumb\",\"itemListElement\":[{\"@type\":\"ListItem\",\"position\":1,\"name\":\"Home\",\"item\":\"https:\/\/simploworld.com\/pl\/\"},{\"@type\":\"ListItem\",\"position\":2,\"name\":\"O Nas\"}]},{\"@type\":\"WebSite\",\"@id\":\"https:\/\/simploworld.com\/#website\",\"url\":\"https:\/\/simploworld.com\/\",\"name\":\"SIMPLo\",\"description\":\"We\u017a jeden \u0142yk i wszystko si\u0119 zmieni\",\"potentialAction\":[{\"@type\":\"SearchAction\",\"target\":{\"@type\":\"EntryPoint\",\"urlTemplate\":\"https:\/\/simploworld.com\/?s={search_term_string}\"},\"query-input\":\"required name=search_term_string\"}],\"inLanguage\":\"pl-PL\"}]}<\/script>\n<!-- \/ Yoast SEO plugin. -->","yoast_head_json":{"title":"SIMPLo - O Nas - We\u017a jeden \u0142yk i wszystko si\u0119 zmieni.","description":"SIMPLo to marka, kt\u00f3ra wyrasta z rado\u015bci. Tej p\u0142yn\u0105cej z kultury zwi\u0105zanej z kaw\u0105. Z rozm\u00f3w przy wsp\u00f3lnym stole. Z wymiany pomys\u0142\u00f3w, pasji, mi\u0142o\u015bci\u2026","robots":{"index":"index","follow":"follow","max-snippet":"max-snippet:-1","max-image-preview":"max-image-preview:large","max-video-preview":"max-video-preview:-1"},"canonical":"https:\/\/simploworld.com\/pl\/o-nas\/","og_locale":"pl_PL","og_type":"article","og_title":"SIMPLo - O Nas - We\u017a jeden \u0142yk i wszystko si\u0119 zmieni.","og_description":"SIMPLo to marka, kt\u00f3ra wyrasta z rado\u015bci. Tej p\u0142yn\u0105cej z kultury zwi\u0105zanej z kaw\u0105. Z rozm\u00f3w przy wsp\u00f3lnym stole. Z wymiany pomys\u0142\u00f3w, pasji, mi\u0142o\u015bci\u2026","og_url":"https:\/\/simploworld.com\/pl\/o-nas\/","og_site_name":"SIMPLo","article_modified_time":"2020-03-28T18:09:38+00:00","twitter_card":"summary_large_image","schema":{"@context":"https:\/\/schema.org","@graph":[{"@type":"WebPage","@id":"https:\/\/simploworld.com\/pl\/o-nas\/","url":"https:\/\/simploworld.com\/pl\/o-nas\/","name":"SIMPLo - O Nas - We\u017a jeden \u0142yk i wszystko si\u0119 zmieni.","isPartOf":{"@id":"https:\/\/simploworld.com\/#website"},"datePublished":"2019-06-04T12:02:50+00:00","dateModified":"2020-03-28T18:09:38+00:00","description":"SIMPLo to marka, kt\u00f3ra wyrasta z rado\u015bci. Tej p\u0142yn\u0105cej z kultury zwi\u0105zanej z kaw\u0105. Z rozm\u00f3w przy wsp\u00f3lnym stole. Z wymiany pomys\u0142\u00f3w, pasji, mi\u0142o\u015bci\u2026","breadcrumb":{"@id":"https:\/\/simploworld.com\/pl\/o-nas\/#breadcrumb"},"inLanguage":"pl-PL","potentialAction":[{"@type":"ReadAction","target":["https:\/\/simploworld.com\/pl\/o-nas\/"]}]},{"@type":"BreadcrumbList","@id":"https:\/\/simploworld.com\/pl\/o-nas\/#breadcrumb","itemListElement":[{"@type":"ListItem","position":1,"name":"Home","item":"https:\/\/simploworld.com\/pl\/"},{"@type":"ListItem","position":2,"name":"O Nas"}]},{"@type":"WebSite","@id":"https:\/\/simploworld.com\/#website","url":"https:\/\/simploworld.com\/","name":"SIMPLo","description":"We\u017a jeden \u0142yk i wszystko si\u0119 zmieni","potentialAction":[{"@type":"SearchAction","target":{"@type":"EntryPoint","urlTemplate":"https:\/\/simploworld.com\/?s={search_term_string}"},"query-input":"required name=search_term_string"}],"inLanguage":"pl-PL"}]}},"_links":{"self":[{"href":"https:\/\/simploworld.com\/pl\/wp-json\/wp\/v2\/pages\/125"}],"collection":[{"href":"https:\/\/simploworld.com\/pl\/wp-json\/wp\/v2\/pages"}],"about":[{"href":"https:\/\/simploworld.com\/pl\/wp-json\/wp\/v2\/types\/page"}],"author":[{"embeddable":true,"href":"https:\/\/simploworld.com\/pl\/wp-json\/wp\/v2\/users\/1"}],"replies":[{"embeddable":true,"href":"https:\/\/simploworld.com\/pl\/wp-json\/wp\/v2\/comments?post=125"}],"version-history":[{"count":0,"href":"https:\/\/simploworld.com\/pl\/wp-json\/wp\/v2\/pages\/125\/revisions"}],"wp:attachment":[{"href":"https:\/\/simploworld.com\/pl\/wp-json\/wp\/v2\/media?parent=125"}],"curies":[{"name":"wp","href":"https:\/\/api.w.org\/{rel}","templated":true}]}}