{"id":163,"date":"2019-06-05T13:36:47","date_gmt":"2019-06-05T13:36:47","guid":{"rendered":"https:\/\/simploworld.com\/?page_id=163"},"modified":"2023-03-07T12:32:36","modified_gmt":"2023-03-07T12:32:36","slug":"polityka-prywatnosci","status":"publish","type":"page","link":"https:\/\/simploworld.com\/pl\/polityka-prywatnosci\/","title":{"rendered":"Polityka prywatno\u015bci"},"content":{"rendered":"<h3 style=\"text-align: center;\"><\/h3>\n<p style=\"text-align: center;\"><strong>\u00a7 1<\/strong><br \/>\n<strong>POSTANOWIENIA OG\u00d3LNE<\/strong><\/p>\n<p>&nbsp;<\/p>\n<ol>\n<li style=\"font-weight: 400;\"><span style=\"font-weight: 400;\">Administratorem danych osobowych zbieranych za po\u015brednictwem Sklepu internetowego\u00a0 <\/span><span style=\"font-weight: 400;\">simploworld.com<\/span><span style=\"font-weight: 400;\"> jest SIMPLo World<\/span>\u00a0sp\u00f3\u0142ka z ograniczon\u0105 odpowiedzialno\u015bci\u0105<span style=\"font-weight: 400;\">, wpisana do rejestru przedsi\u0119biorc\u00f3w prowadzonego przez S\u0105d Rejonowy dla m.st. Warszawy w Warszawie, XIV Wydzia\u0142 Gospodarczy Krajowego Rejestru S\u0105dowego pod numerem KRS: 0000710359, NIP: 5223109067, REGON: 369066415, kapita\u0142 zak\u0142adowy: 5000 z\u0142, miejsce wykonywania dzia\u0142alno\u015bci oraz adres do dor\u0119cze\u0144: ul. Pola Karoli\u0144skie 4 02-401 Warszawa, adres poczty elektronicznej (e-mail): support@simploworld.com, numer telefonu: +48 609757666 , <\/span><span style=\"font-weight: 400;\">zwana dalej \u201eAdministratorem&#8221; i b\u0119d\u0105ca jednocze\u015bnie \u201eUs\u0142ugodawc\u0105\u201d.<\/span><\/li>\n<li style=\"font-weight: 400;\"><span style=\"font-weight: 400;\">Dane osobowe zbierane przez Administratora za po\u015brednictwem strony internetowej s\u0105 przetwarzane zgodnie z Rozporz\u0105dzeniem Parlamentu Europejskiego i Rady (UE) 2016\/679 z dnia 27 kwietnia 2016 r. w sprawie ochrony os\u00f3b fizycznych w zwi\u0105zku z przetwarzaniem danych osobowych i w sprawie swobodnego przep\u0142ywu takich danych oraz uchylenia dyrektywy 95\/46\/WE (og\u00f3lne rozporz\u0105dzenie o ochronie danych), zwane dalej <\/span><b>RODO.<\/b><\/li>\n<li><span style=\"font-weight: 400;\">Wszelkie wyrazy lub wyra\u017cenia pisane w tre\u015bci niniejszej Polityki Prywatno\u015bci z du\u017cej litery nale\u017cy rozumie\u0107 zgodnie z ich definicj\u0105 zawart\u0105 w Regulaminie Sklepu internetowego simploworld.com.<\/span><\/li>\n<\/ol>\n<p>&nbsp;<\/p>\n<p style=\"text-align: center;\"><strong>\u00a7 2<\/strong><br \/>\n<strong>RODZAJ PRZETWARZANYCH DANYCH OSOBOWYCH, CEL I ZAKRES ZBIERANIA DANYCH<\/strong><\/p>\n<p>&nbsp;<\/p>\n<ol>\n<li>\u00a0<strong>CEL PRZETWARZANIA I PODSTAWA PRAWNA.<\/strong> <span style=\"font-weight: 400;\">Administrator przetwarza dane osobowe Us\u0142ugobiorc\u00f3w Sklepu <\/span><strong>simploworld.com<\/strong><span style=\"font-weight: 400;\"> w przypadku:<\/span>\n<ul>\n<li style=\"font-weight: 400;\"><span style=\"font-weight: 400;\">rejestracji Konta w\u00a0Sklepie, w\u00a0celu utworzenia indywidualnego konta i\u00a0zarz\u0105dzania tym Kontem, na podstawie art. 6 ust. 1 lit. b RODO (realizacja umowy o \u015bwiadczenie us\u0142ugi drog\u0105 elektroniczn\u0105 zgodnie z\u00a0Regulaminem Sklepu),<\/span><\/li>\n<li style=\"font-weight: 400;\"><span style=\"font-weight: 400;\">sk\u0142adania zam\u00f3wienia w\u00a0Sklepie, w\u00a0celu wykonania umowy sprzeda\u017cy, na podstawie art. 6 ust. 1 lit. b RODO (realizacja umowy sprzeda\u017cy),<\/span><\/li>\n<\/ul>\n<\/li>\n<li><strong>RODZAJ PRZETWARZANYCH DANYCH OSOBOWYCH.<\/strong> W przypadku:\n<ul>\n<li>Konta Us\u0142ugobiorca podaje\n<ul>\n<li>Imi\u0119 i nazwisko,<\/li>\n<li>Data urodzenia,<\/li>\n<li>Login,<\/li>\n<li>Adres,<\/li>\n<li>Adres e-mail.<\/li>\n<\/ul>\n<\/li>\n<li>Zam\u00f3wienia Us\u0142ugobiorca podaje:\n<ul>\n<li>Imi\u0119 i nazwisko,<\/li>\n<li>Data urodzenia,<\/li>\n<li>NIP<\/li>\n<li>Adres,<\/li>\n<li>Adres e-mail.<\/li>\n<li>Numer telefonu<\/li>\n<\/ul>\n<\/li>\n<\/ul>\n<\/li>\n<li>\u00a0<strong>OKRES ARCHIWIZACJI DANYCH OSOBOWYCH.<\/strong> <span style=\"font-weight: 400;\"><span style=\"font-weight: 400;\">Dane osobowe Us\u0142ugobiorc\u00f3w przechowywane s\u0105 przez Administratora:<\/span><\/span>\n<ul>\n<li>w przypadku, gdy podstaw\u0105 przetwarzania danych jest wykonanie umowy, tak d\u0142ugo, jak jest to niezb\u0119dne do wykonania umowy, a po tym czasie przez okres odpowiadaj\u0105cy okresowi przedawnienia roszcze\u0144. Je\u017celi przepis szczeg\u00f3lny nie stanowi inaczej, termin przedawnienia wynosi lat sze\u015b\u0107, a dla roszcze\u0144 o \u015bwiadczenia okresowe oraz roszcze\u0144 zwi\u0105zanych z prowadzeniem dzia\u0142alno\u015bci gospodarczej &#8211; trzy lata.<\/li>\n<li>w przypadku, gdy podstaw\u0105 przetwarzania danych jest zgoda, tak d\u0142ugo, a\u017c zgoda nie zostanie odwo\u0142ana, a po odwo\u0142aniu zgody przez okres czasu odpowiadaj\u0105cy okresowi przedawnienia roszcze\u0144 jakie mo\u017ce podnosi\u0107 Administrator i jakie mog\u0105 by\u0107 podnoszone wobec niego. Je\u017celi przepis szczeg\u00f3lny nie stanowi inaczej, termin przedawnienia wynosi lat sze\u015b\u0107, a dla roszcze\u0144 o \u015bwiadczenia okresowe oraz roszcze\u0144 zwi\u0105zanych z prowadzeniem dzia\u0142alno\u015bci gospodarczej &#8211; trzy lata.<\/li>\n<\/ul>\n<\/li>\n<li>Podczas korzystania ze Sklepu mog\u0105 by\u0107 pobierane dodatkowe informacje, w szczeg\u00f3lno\u015bci: adres IP przypisany do komputera Us\u0142ugobiorcy lub zewn\u0119trzny adres IP dostawcy Internetu, nazwa domeny, rodzaj przegl\u0105darki, czas dost\u0119pu, typ systemu operacyjnego.<\/li>\n<li>Po wyra\u017ceniu odr\u0119bnej zgody, na podstawie art. 6 ust. 1 lit. a) RODO dane mog\u0105 by\u0107 przetwarzane r\u00f3wnie\u017c w celu przesy\u0142ania informacji handlowych drog\u0105 elektroniczn\u0105 lub wykonywania telefonicznych po\u0142\u0105cze\u0144 w celu marketingu bezpo\u015bredniego \u2013 odpowiednio w zwi\u0105zku z art. 10 ust. 2 Ustawy z dnia 18 lipca 2002 roku o \u015bwiadczeniu us\u0142ug drog\u0105 elektroniczn\u0105 lub art. 172 ust. 1 Ustawy z dnia 16 lipca 2004 roku \u2013 Prawo Telekomunikacyjne, w tym kierowanych w wyniku profilowania, o ile Us\u0142ugobiorca wyrazi\u0142 stosown\u0105 zgod\u0119.<\/li>\n<li>Od Us\u0142ugobiorc\u00f3w mog\u0105 by\u0107 tak\u017ce gromadzone dane nawigacyjne, w tym informacje o linkach i odno\u015bnikach, w kt\u00f3re zdecyduj\u0105 si\u0119 klikn\u0105\u0107 lub innych czynno\u015bciach, podejmowanych w Sklepie. Podstaw\u0105 prawn\u0105 tego rodzaju czynno\u015bci jest prawnie uzasadniony interes Administratora (art. 6 ust. 1 lit. f RODO), polegaj\u0105cy na u\u0142atwieniu korzystania z us\u0142ug \u015bwiadczonych drog\u0105 elektroniczn\u0105 oraz na poprawie funkcjonalno\u015bci tych us\u0142ug.<\/li>\n<li>Podanie danych osobowych przez Us\u0142ugobiorc\u0119 jest dobrowolne.<\/li>\n<li>Dane osobowe b\u0119d\u0105 przetwarzane tak\u017ce w spos\u00f3b zautomatyzowany w formie profilowania, o ile Us\u0142ugobiorca wyrazi na to zgod\u0119 na podstawie art. 6 ust. 1 lit. a) RODO. Konsekwencj\u0105 profilowania b\u0119dzie przypisanie danej osobie profilu w celu podejmowania dotycz\u0105cych jej decyzji b\u0105d\u017a analizy lub przewidywania jej preferencji, zachowa\u0144 i postaw.<\/li>\n<li>Administrator dok\u0142ada szczeg\u00f3lnej staranno\u015bci w celu ochrony interes\u00f3w os\u00f3b, kt\u00f3rych dane dotycz\u0105, a w szczeg\u00f3lno\u015bci zapewnia, \u017ce zbierane przez niego dane s\u0105:\n<ul>\n<li>przetwarzane zgodnie z prawem,<\/li>\n<li>zbierane dla oznaczonych, zgodnych z prawem cel\u00f3w i niepoddawane dalszemu przetwarzaniu niezgodnemu z tymi celami,<\/li>\n<li>merytorycznie poprawne i adekwatne w stosunku do cel\u00f3w, w jakich s\u0105 przetwarzane oraz przechowywane w postaci umo\u017cliwiaj\u0105cej identyfikacj\u0119 os\u00f3b, kt\u00f3rych dotycz\u0105, nie d\u0142u\u017cej ni\u017c jest to niezb\u0119dne do osi\u0105gni\u0119cia celu przetwarzania.<\/li>\n<\/ul>\n<\/li>\n<\/ol>\n<p style=\"text-align: center;\"><strong> \u00a0 \u00a7 3<\/strong><br \/>\n<strong>UDOST\u0118PNIENIE DANYCH OSOBOWYCH<\/strong><\/p>\n<p>&nbsp;<\/p>\n<ol>\n<li>Dane osobowe Us\u0142ugobiorc\u00f3w przekazywane s\u0105 dostawcom us\u0142ug, z kt\u00f3rych korzysta Administrator przy prowadzeniu Sklepu. Dostawcy us\u0142ug, kt\u00f3rym przekazywane s\u0105 dane osobowe, w zale\u017cno\u015bci od uzgodnie\u0144 umownych i okoliczno\u015bci, albo podlegaj\u0105 poleceniom Administratora co do cel\u00f3w i sposob\u00f3w przetwarzania tych danych (podmioty przetwarzaj\u0105ce) albo samodzielnie okre\u015blaj\u0105 cele i sposoby ich przetwarzania (administratorzy).<\/li>\n<li>Dane osobowe Us\u0142ugobiorc\u00f3w s\u0105 przechowywane wy\u0142\u0105cznie na terenie Europejskiego Obszaru Gospodarczego (EOG).<\/li>\n<\/ol>\n<p>&nbsp;<\/p>\n<p style=\"text-align: center;\"><strong>\u00a7 4<\/strong><br \/>\n<strong>PRAWO KONTROLI, DOST\u0118PU DO TRE\u015aCI W\u0141ASNYCH DANYCH ORAZ ICH POPRAWIANIA<\/strong><\/p>\n<p>&nbsp;<\/p>\n<ol>\n<li>Osoba, kt\u00f3rej dane dotycz\u0105, ma prawo dost\u0119pu do tre\u015bci swoich danych osobowych oraz prawo ich sprostowania, usuni\u0119cia, ograniczenia przetwarzania, prawo do przenoszenia danych, prawo wniesienia sprzeciwu, prawo do cofni\u0119cia zgody w dowolnym momencie bez wp\u0142ywu na zgodno\u015b\u0107 z prawem przetwarzania, kt\u00f3rego dokonano na podstawie zgody przed jej cofni\u0119ciem.<\/li>\n<li>Podstawy prawne \u017c\u0105dania Us\u0142ugobiorcy:\n<ul>\n<li><strong>Dost\u0119p do danych<\/strong> \u2013 art. 15 RODO.<\/li>\n<li><strong>Sprostowanie danych<\/strong> \u2013 art. 16 RODO.<\/li>\n<li><strong>Usuni\u0119cie danych (tzw. prawo do bycia zapomnianym)<\/strong> \u2013 art. 17 RODO.<\/li>\n<li><strong>Ograniczenie przetwarzania<\/strong> \u2013 art. 18 RODO.<\/li>\n<li><strong>Przeniesienie danych<\/strong> \u2013 art. 20 RODO.<\/li>\n<li><strong>Sprzeciw<\/strong> \u2013 art. 21 RODO<\/li>\n<li><strong>Cofni\u0119cie zgody<\/strong> \u2013 art. 7 ust. 3 RODO.<\/li>\n<\/ul>\n<\/li>\n<li>W celu realizacji uprawnie\u0144, o kt\u00f3rych mowa w pkt 2 mo\u017cna wys\u0142a\u0107 stosown\u0105 wiadomo\u015b\u0107 e-mail na adres: <strong>support@simploworld.com.<\/strong><\/li>\n<li>W sytuacji wyst\u0105pienia przez Us\u0142ugobiorc\u0119 z uprawnieniem wynikaj\u0105cym z powy\u017cszych praw, Administrator spe\u0142nia \u017c\u0105danie albo odmawia jego spe\u0142nienia niezw\u0142ocznie, nie p\u00f3\u017aniej jednak ni\u017c w ci\u0105gu miesi\u0105ca po jego otrzymaniu. Je\u017celi jednak &#8211; z uwagi na skomplikowany charakter \u017c\u0105dania lub liczb\u0119 \u017c\u0105da\u0144 \u2013 Administrator nie b\u0119dzie m\u00f3g\u0142 spe\u0142ni\u0107 \u017c\u0105dania w ci\u0105gu miesi\u0105ca, spe\u0142ni je w ci\u0105gu kolejnych dw\u00f3ch miesi\u0119cy informuj\u0105c Us\u0142ugobiorc\u0119 uprzednio w terminie miesi\u0105ca od otrzymania \u017c\u0105dania &#8211; o zamierzonym przed\u0142u\u017ceniu terminu oraz jego przyczynach.<\/li>\n<li style=\"text-align: left;\">W przypadku stwierdzenia, \u017ce przetwarzanie danych osobowych narusza przepisy RODO, osoba, kt\u00f3rej dane dotycz\u0105, ma prawo wnie\u015b\u0107 skarg\u0119 do Prezesa Urz\u0119du Ochrony Danych Osobowych.<\/li>\n<\/ol>\n<p style=\"text-align: center;\"><strong>\u00a7 5<\/strong><br \/>\n<strong>PLIKI &#8220;COOKIES&#8221;<\/strong><\/p>\n<p>&nbsp;<\/p>\n<ol>\n<li style=\"text-align: left;\">Strona Administratora u\u017cywa plik\u00f3w <em>\u201ecookies\u201d.<\/em><\/li>\n<li style=\"text-align: left;\">Instalacja plik\u00f3w <em>\u201ecookies\u201d<\/em> jest konieczna do prawid\u0142owego \u015bwiadczenia us\u0142ug na stronie internetowej Sklepu. W plikach \u201ecookies&#8221; znajduj\u0105 si\u0119 informacje niezb\u0119dne do prawid\u0142owego funkcjonowania strony, a tak\u017ce daj\u0105 one tak\u017ce mo\u017cliwo\u015b\u0107 opracowywania og\u00f3lnych statystyk odwiedzin strony internetowej.<\/li>\n<li style=\"text-align: left;\">W ramach strony stosowane s\u0105 dwa rodzaje plik\u00f3w <em>\u201ecookies\u201d:<\/em> \u201esesyjne\u201d oraz \u201esta\u0142e\u201d.\n<ul>\n<li style=\"text-align: left;\"><em>\u201eCookies\u201d<\/em> \u201esesyjne\u201d s\u0105 plikami tymczasowymi, kt\u00f3re przechowywane s\u0105 w urz\u0105dzeniu ko\u0144cowym Us\u0142ugobiorcy do czasu wylogowania (opuszczenia strony).<\/li>\n<li style=\"text-align: left;\">\u201eSta\u0142e\u201d pliki <em>\u201ecookies\u201d<\/em> przechowywane s\u0105 w urz\u0105dzeniu ko\u0144cowym Us\u0142ugobiorcy przez czas okre\u015blony w parametrach plik\u00f3w <em>\u201ecookies\u201d<\/em> lub do czasu ich usuni\u0119cia przez Us\u0142ugobiorc\u0119.<\/li>\n<\/ul>\n<\/li>\n<li>Administrator wykorzystuje w\u0142asne pliki cookies w celu lepszego poznania sposobu interakcji Us\u0142ugobiorc\u00f3w w zakresie zawarto\u015bci strony. Pliki gromadz\u0105 informacje o sposobie korzystania ze strony internetowej przez Us\u0142ugobiorc\u0119, typie strony, z jakiej Us\u0142ugobiorca zosta\u0142 przekierowany oraz liczbie odwiedzin i czasie wizyty Us\u0142ugobiorcy na stronie internetowej. Informacje te nie rejestruj\u0105 konkretnych danych osobowych Us\u0142ugobiorcy, lecz s\u0142u\u017c\u0105 do opracowania statystyk korzystania ze strony.<\/li>\n<li>Administrator wykorzystuje zewn\u0119trzne pliki cookies w celu zbierania og\u00f3lnych i anonimowych danych statycznych za po\u015brednictwem narz\u0119dzi analitycznych Google Analytics (administrator cookies zewn\u0119trznego: Google Inc. z siedzib\u0105 w USA).<\/li>\n<li>Us\u0142ugobiorca ma prawo zadecydowania w zakresie dost\u0119pu plik\u00f3w <em>\u201ecookies\u201d<\/em> do swojego komputera poprzez ich uprzedni wyb\u00f3r w oknie swojej przegl\u0105darki. Szczeg\u00f3\u0142owe informacje o mo\u017cliwo\u015bci i sposobach obs\u0142ugi plik\u00f3w <em>\u201ecookies\u201d<\/em> dost\u0119pne s\u0105 w ustawieniach oprogramowania (przegl\u0105darki internetowej).<\/li>\n<\/ol>\n<p>&nbsp;<\/p>\n<p style=\"text-align: center;\"><strong>\u00a7 6<\/strong><br \/>\n<strong>POSTANOWIENIA KO\u0143COWE<\/strong><\/p>\n<p>&nbsp;<\/p>\n<ol>\n<li>Administrator stosuje \u015brodki techniczne i organizacyjne zapewniaj\u0105ce ochron\u0119 przetwarzanych danych osobowych odpowiedni\u0105 do zagro\u017ce\u0144 oraz kategorii danych obj\u0119tych ochron\u0105, a w szczeg\u00f3lno\u015bci zabezpiecza dane przed ich udost\u0119pnieniem osobom nieupowa\u017cnionym, zabraniem przez osob\u0119 nieuprawnion\u0105, przetwarzaniem z naruszeniem obowi\u0105zuj\u0105cych przepis\u00f3w oraz zmian\u0105, utrat\u0105, uszkodzeniem lub zniszczeniem.<\/li>\n<li>Administrator udost\u0119pnia odpowiednie \u015brodki techniczne zapobiegaj\u0105ce pozyskiwaniu i modyfikowaniu przez osoby nieuprawnione, danych osobowych przesy\u0142anych drog\u0105 elektroniczn\u0105.<\/li>\n<li>W sprawach nieuregulowanych niniejsz\u0105 Polityk\u0105 prywatno\u015bci stosuje si\u0119 odpowiednio przepisy RODO oraz inne w\u0142a\u015bciwe przepisy prawa polskiego.<\/li>\n<\/ol>\n","protected":false},"excerpt":{"rendered":"<p>\u00a7 1 POSTANOWIENIA OG\u00d3LNE &nbsp; Administratorem danych osobowych zbieranych za po\u015brednictwem Sklepu internetowego\u00a0 simploworld.com jest SIMPLo World\u00a0sp\u00f3\u0142ka z ograniczon\u0105 odpowiedzialno\u015bci\u0105, wpisana do rejestru przedsi\u0119biorc\u00f3w prowadzonego przez S\u0105d Rejonowy dla m.st. Warszawy w Warszawie, XIV Wydzia\u0142 Gospodarczy Krajowego Rejestru S\u0105dowego pod numerem KRS: 0000710359, NIP: 5223109067, REGON: 369066415, kapita\u0142 zak\u0142adowy: 5000 z\u0142, miejsce wykonywania dzia\u0142alno\u015bci oraz [&hellip;]<\/p>\n","protected":false},"author":1,"featured_media":0,"parent":0,"menu_order":0,"comment_status":"closed","ping_status":"open","template":"","meta":{"_acf_changed":false,"footnotes":""},"acf":[],"yoast_head":"<!-- This site is optimized with the Yoast SEO plugin v23.0 - https:\/\/yoast.com\/wordpress\/plugins\/seo\/ -->\n<title>Polityka prywatno\u015bci<\/title>\n<meta name=\"robots\" content=\"index, follow, max-snippet:-1, max-image-preview:large, max-video-preview:-1\" \/>\n<link rel=\"canonical\" href=\"https:\/\/simploworld.com\/privacy-policy\/\" \/>\n<meta property=\"og:locale\" content=\"pl_PL\" \/>\n<meta property=\"og:type\" content=\"article\" \/>\n<meta property=\"og:title\" content=\"Polityka prywatno\u015bci\" \/>\n<meta property=\"og:description\" content=\"\u00a7 1 POSTANOWIENIA OG\u00d3LNE &nbsp; Administratorem danych osobowych zbieranych za po\u015brednictwem Sklepu internetowego\u00a0 simploworld.com jest SIMPLo World\u00a0sp\u00f3\u0142ka z ograniczon\u0105 odpowiedzialno\u015bci\u0105, wpisana do rejestru przedsi\u0119biorc\u00f3w prowadzonego przez S\u0105d Rejonowy dla m.st. Warszawy w Warszawie, XIV Wydzia\u0142 Gospodarczy Krajowego Rejestru S\u0105dowego pod numerem KRS: 0000710359, NIP: 5223109067, REGON: 369066415, kapita\u0142 zak\u0142adowy: 5000 z\u0142, miejsce wykonywania dzia\u0142alno\u015bci oraz [&hellip;]\" \/>\n<meta property=\"og:url\" content=\"https:\/\/simploworld.com\/privacy-policy\/\" \/>\n<meta property=\"og:site_name\" content=\"SIMPLo\" \/>\n<meta property=\"article:modified_time\" content=\"2023-03-07T12:32:36+00:00\" \/>\n<meta name=\"twitter:card\" content=\"summary_large_image\" \/>\n<meta name=\"twitter:label1\" content=\"Szacowany czas czytania\" \/>\n\t<meta name=\"twitter:data1\" content=\"8 minut\" \/>\n<script type=\"application\/ld+json\" class=\"yoast-schema-graph\">{\"@context\":\"https:\/\/schema.org\",\"@graph\":[{\"@type\":\"WebPage\",\"@id\":\"https:\/\/simploworld.com\/privacy-policy\/\",\"url\":\"https:\/\/simploworld.com\/privacy-policy\/\",\"name\":\"Polityka prywatno\u015bci\",\"isPartOf\":{\"@id\":\"https:\/\/simploworld.com\/#website\"},\"datePublished\":\"2019-06-05T13:36:47+00:00\",\"dateModified\":\"2023-03-07T12:32:36+00:00\",\"breadcrumb\":{\"@id\":\"https:\/\/simploworld.com\/privacy-policy\/#breadcrumb\"},\"inLanguage\":\"pl-PL\",\"potentialAction\":[{\"@type\":\"ReadAction\",\"target\":[\"https:\/\/simploworld.com\/privacy-policy\/\"]}]},{\"@type\":\"BreadcrumbList\",\"@id\":\"https:\/\/simploworld.com\/privacy-policy\/#breadcrumb\",\"itemListElement\":[{\"@type\":\"ListItem\",\"position\":1,\"name\":\"Home\",\"item\":\"https:\/\/simploworld.com\/pl\/\"},{\"@type\":\"ListItem\",\"position\":2,\"name\":\"Polityka prywatno\u015bci\"}]},{\"@type\":\"WebSite\",\"@id\":\"https:\/\/simploworld.com\/#website\",\"url\":\"https:\/\/simploworld.com\/\",\"name\":\"SIMPLo\",\"description\":\"We\u017a jeden \u0142yk i wszystko si\u0119 zmieni\",\"potentialAction\":[{\"@type\":\"SearchAction\",\"target\":{\"@type\":\"EntryPoint\",\"urlTemplate\":\"https:\/\/simploworld.com\/?s={search_term_string}\"},\"query-input\":\"required name=search_term_string\"}],\"inLanguage\":\"pl-PL\"}]}<\/script>\n<!-- \/ Yoast SEO plugin. -->","yoast_head_json":{"title":"Polityka prywatno\u015bci","robots":{"index":"index","follow":"follow","max-snippet":"max-snippet:-1","max-image-preview":"max-image-preview:large","max-video-preview":"max-video-preview:-1"},"canonical":"https:\/\/simploworld.com\/privacy-policy\/","og_locale":"pl_PL","og_type":"article","og_title":"Polityka prywatno\u015bci","og_description":"\u00a7 1 POSTANOWIENIA OG\u00d3LNE &nbsp; Administratorem danych osobowych zbieranych za po\u015brednictwem Sklepu internetowego\u00a0 simploworld.com jest SIMPLo World\u00a0sp\u00f3\u0142ka z ograniczon\u0105 odpowiedzialno\u015bci\u0105, wpisana do rejestru przedsi\u0119biorc\u00f3w prowadzonego przez S\u0105d Rejonowy dla m.st. Warszawy w Warszawie, XIV Wydzia\u0142 Gospodarczy Krajowego Rejestru S\u0105dowego pod numerem KRS: 0000710359, NIP: 5223109067, REGON: 369066415, kapita\u0142 zak\u0142adowy: 5000 z\u0142, miejsce wykonywania dzia\u0142alno\u015bci oraz [&hellip;]","og_url":"https:\/\/simploworld.com\/privacy-policy\/","og_site_name":"SIMPLo","article_modified_time":"2023-03-07T12:32:36+00:00","twitter_card":"summary_large_image","twitter_misc":{"Szacowany czas czytania":"8 minut"},"schema":{"@context":"https:\/\/schema.org","@graph":[{"@type":"WebPage","@id":"https:\/\/simploworld.com\/privacy-policy\/","url":"https:\/\/simploworld.com\/privacy-policy\/","name":"Polityka prywatno\u015bci","isPartOf":{"@id":"https:\/\/simploworld.com\/#website"},"datePublished":"2019-06-05T13:36:47+00:00","dateModified":"2023-03-07T12:32:36+00:00","breadcrumb":{"@id":"https:\/\/simploworld.com\/privacy-policy\/#breadcrumb"},"inLanguage":"pl-PL","potentialAction":[{"@type":"ReadAction","target":["https:\/\/simploworld.com\/privacy-policy\/"]}]},{"@type":"BreadcrumbList","@id":"https:\/\/simploworld.com\/privacy-policy\/#breadcrumb","itemListElement":[{"@type":"ListItem","position":1,"name":"Home","item":"https:\/\/simploworld.com\/pl\/"},{"@type":"ListItem","position":2,"name":"Polityka prywatno\u015bci"}]},{"@type":"WebSite","@id":"https:\/\/simploworld.com\/#website","url":"https:\/\/simploworld.com\/","name":"SIMPLo","description":"We\u017a jeden \u0142yk i wszystko si\u0119 zmieni","potentialAction":[{"@type":"SearchAction","target":{"@type":"EntryPoint","urlTemplate":"https:\/\/simploworld.com\/?s={search_term_string}"},"query-input":"required name=search_term_string"}],"inLanguage":"pl-PL"}]}},"_links":{"self":[{"href":"https:\/\/simploworld.com\/pl\/wp-json\/wp\/v2\/pages\/163"}],"collection":[{"href":"https:\/\/simploworld.com\/pl\/wp-json\/wp\/v2\/pages"}],"about":[{"href":"https:\/\/simploworld.com\/pl\/wp-json\/wp\/v2\/types\/page"}],"author":[{"embeddable":true,"href":"https:\/\/simploworld.com\/pl\/wp-json\/wp\/v2\/users\/1"}],"replies":[{"embeddable":true,"href":"https:\/\/simploworld.com\/pl\/wp-json\/wp\/v2\/comments?post=163"}],"version-history":[{"count":4,"href":"https:\/\/simploworld.com\/pl\/wp-json\/wp\/v2\/pages\/163\/revisions"}],"predecessor-version":[{"id":33056,"href":"https:\/\/simploworld.com\/pl\/wp-json\/wp\/v2\/pages\/163\/revisions\/33056"}],"wp:attachment":[{"href":"https:\/\/simploworld.com\/pl\/wp-json\/wp\/v2\/media?parent=163"}],"curies":[{"name":"wp","href":"https:\/\/api.w.org\/{rel}","templated":true}]}}