{"id":73,"date":"2019-06-04T13:02:18","date_gmt":"2019-06-04T13:02:18","guid":{"rendered":"https:\/\/simploworld.com\/moje-konto\/"},"modified":"2020-04-09T14:30:26","modified_gmt":"2020-04-09T14:30:26","slug":"moje-konto","status":"publish","type":"page","link":"https:\/\/simploworld.com\/pl\/moje-konto\/","title":{"rendered":"Moje konto"},"content":{"rendered":"<div class=\"woocommerce\"><div class=\"woocommerce-notices-wrapper\"><\/div>\n\n<div class=\"user-account\" id=\"customer_login\">\n\n    <div class=\"user-account__login\">\n\n        \n        <h2 class=\"user-account__heading\">Zaloguj si\u0119<\/h2>\n\n        <form class=\"woocommerce-form woocommerce-form-login login\" method=\"post\">\n\n            \n            <div class=\"woocommerce-form-row woocommerce-form-row--wide shop-form shop-form--v-margin\">\n                <label for=\"username\" class=\"shop-form__label\">Nazwa u\u017cytkownika lub adres e-mail&nbsp;<span class=\"required\">*<\/span><\/label>\n                <input type=\"text\" class=\"woocommerce-Input woocommerce-Input--text shop-form__input shop-form__input--no-change-size\" name=\"username\" id=\"username\" autocomplete=\"username\" value=\"\" \/>            <\/div>\n\n            <div class=\"woocommerce-form-row woocommerce-form-row--wide shop-form shop-form--v-margin\">\n                <label for=\"password\" class=\"shop-form__label\">Has\u0142o&nbsp;<span class=\"required\">*<\/span><\/label>\n                <input class=\"woocommerce-Input woocommerce-Input--text shop-form__input shop-form__input--no-change-size\" type=\"password\" name=\"password\" id=\"password\" autocomplete=\"current-password\" \/>\n            <\/div>\n\n            <div class=\"woocommerce-LostPassword lost_password shop-form shop-form shop-form--no-v-margin\">\n                <a class=\"shop-form__link\" href=\"https:\/\/simploworld.com\/pl\/moje-konto\/lost-password\/\">Umkn\u0119\u0142o Ci hase\u0142ko?<\/a>\n            <\/div>\n\n            <div class=\"shop-form shop-form--v-margin\">\n                <label for=\"rememberme\" class=\"woocommerce-form__label woocommerce-form__label-for-checkbox woocommerce-form-login__rememberme checkbox-container--dark-mode\">\n                    <input class=\"woocommerce-form__input woocommerce-form__input-checkbox\" name=\"rememberme\" type=\"checkbox\" id=\"rememberme\" value=\"forever\" \/>Zapami\u0119taj mnie                    <span class=\"checkmark--dark-mode\"><\/span>\n                <\/label>\n            <\/div>\n            <div class=\"woocommerce-login-button shop-form\">\n                <input type=\"hidden\" id=\"woocommerce-login-nonce\" name=\"woocommerce-login-nonce\" value=\"84ff850472\" \/><input type=\"hidden\" name=\"_wp_http_referer\" value=\"\/pl\/wp-json\/wp\/v2\/pages\/73\" \/>                <button type=\"submit\" class=\"woocommerce-button button woocommerce-form-login__submit shop-form__button shop-form__button--no-change-size\" name=\"login\" value=\"Zaloguj si\u0119\">Zaloguj si\u0119<\/button>\n            <\/div>\n\n            \n<div class=\"wc-social-login\">\n\t<style>\n\t\ta.ywsl-social {\n\t\t\ttext-decoration: none;\n\t\t\tdisplay: inline-block;\n\t\t\tmargin-right: 2px;\n\t\t}\n\t<\/style>\n\t\t<p class=\"ywsl-label\">Login with<\/p>\n\t\t<div class=\"socials-list\">\n\t\t<div class=\"ywsl-social ywsl-facebook\" data-social=\"facebook\"><img decoding=\"async\" src=\"https:\/\/simploworld.com\/wp-content\/uploads\/2019\/10\/fb_solid.png\" alt=\"Facebook\" \/><\/div><div class=\"ywsl-social ywsl-twitter\" data-social=\"twitter\"><img decoding=\"async\" src=\"https:\/\/simploworld.com\/wp-content\/uploads\/2019\/10\/twitter_solid.png\" alt=\"Twitter\" \/><\/div>\t<\/div>\n<\/div>\n<input type=\"hidden\" name=\"g-recaptcha-response\" class=\"agr-recaptcha-response\" value=\"\" \/><script>\r\n                function wpcaptcha_captcha(){\r\n                    grecaptcha.execute(\"6LccReoqAAAAAPgu1zA1yBXoo_mwk0njE5lqezun\", {action: \"submit\"}).then(function(token) {\r\n                        var captchas = document.querySelectorAll(\".agr-recaptcha-response\");\r\n                        captchas.forEach(function(captcha) {\r\n                            captcha.value = token;\r\n                        });\r\n                    });\r\n                }\r\n                <\/script><script>\r\n                    jQuery(\"form.woocommerce-checkout\").on(\"submit\", function(){\r\n                        setTimeout(function(){\r\n                            wpcaptcha_captcha();\r\n                        },100);\r\n                    });\r\n                <\/script><script src='https:\/\/www.google.com\/recaptcha\/api.js?onload=wpcaptcha_captcha&render=6LccReoqAAAAAPgu1zA1yBXoo_mwk0njE5lqezun&ver=1.30' id='wpcaptcha-recaptcha-js'><\/script>            \n        <\/form>\n\n        \n    <\/div>\n\n    <div class=\"user-account__register\">\n\n        <h2 class=\"user-account__heading\">Zarejestruj si\u0119<\/h2>\n\n        <form method=\"post\" class=\"woocommerce-form woocommerce-form-register register\" >\n\n            \n            \n            <div class=\"woocommerce-form-row woocommerce-form-row--wide shop-form shop-form--v-margin\">\n                <label for=\"reg_email\" class=\"shop-form__label\">Adres e-mail&nbsp;<span class=\"required\">*<\/span><\/label>\n                <input type=\"email\" class=\"woocommerce-Input woocommerce-Input--text shop-form__input shop-form__input--no-change-size\" name=\"email\" id=\"reg_email\" autocomplete=\"email\" value=\"\" \/>            <\/div>\n\n            \n                <div class=\"woocommerce-form-row woocommerce-form-row--wide shop-form shop-form--v-margin\">\n                    <label for=\"reg_password\" class=\"shop-form__label\">Has\u0142o&nbsp;<span class=\"required\">*<\/span><\/label>\n                    <input type=\"password\" class=\"woocommerce-Input woocommerce-Input--text shop-form__input shop-form__input--no-change-size\" name=\"password\" id=\"reg_password\" autocomplete=\"new-password\" \/>\n                <\/div>\n\n            \n            <div class=\"shop-form shop-form--v-margin\">\n                <label for=\"rememberme-register\" class=\"woocommerce-form__label woocommerce-form__label-for-checkbox woocommerce-form-login__rememberme checkbox-container--dark-mode\">\n                    <input class=\"woocommerce-form__input woocommerce-form__input-checkbox\" name=\"rememberme\" type=\"checkbox\" id=\"rememberme-register\" value=\"forever\" \/>Zapami\u0119taj mnie                    <span class=\"checkmark--dark-mode\"><\/span>\n                <\/label>\n            <\/div>\n\n            <div class=\"login-via-social\">\n                <wc-order-attribution-inputs><\/wc-order-attribution-inputs><input type=\"hidden\" name=\"g-recaptcha-response\" class=\"agr-recaptcha-response\" value=\"\" \/><script>\r\n                function wpcaptcha_captcha(){\r\n                    grecaptcha.execute(\"6LccReoqAAAAAPgu1zA1yBXoo_mwk0njE5lqezun\", {action: \"submit\"}).then(function(token) {\r\n                        var captchas = document.querySelectorAll(\".agr-recaptcha-response\");\r\n                        captchas.forEach(function(captcha) {\r\n                            captcha.value = token;\r\n                        });\r\n                    });\r\n                }\r\n                <\/script><script>\r\n                    jQuery(\"form.woocommerce-checkout\").on(\"submit\", function(){\r\n                        setTimeout(function(){\r\n                            wpcaptcha_captcha();\r\n                        },100);\r\n                    });\r\n                <\/script><script src='https:\/\/www.google.com\/recaptcha\/api.js?onload=wpcaptcha_captcha&render=6LccReoqAAAAAPgu1zA1yBXoo_mwk0njE5lqezun&ver=1.30' id='wpcaptcha-recaptcha-js'><\/script><div class=\"shop-form shop-form--v-margin\">\n                <label for=\"privacy_policy_reg\" class=\"woocommerce-form__label woocommerce-form__label-for-checkbox woocommerce-form-login__rememberme checkbox-container--dark-mode\">\n                    <input class=\"woocommerce-form__input woocommerce-form__input-checkbox\" name=\"privacy_policy_reg\" type=\"checkbox\" id=\"privacy_policy_reg\" value=\"privacy_policy_reg\" \/>\n                    Akceptuj\u0119 <a href=\"\/pl\/polityka-prywatnosci\">regulamin sklepu\/serwisu internetowego<\/a>\n                    <span class=\"checkmark--dark-mode\"><\/span>\n                <\/label>\n            <\/div><div class=\"woocommerce-privacy-policy-text\"><p>Akceptuj\u0119 <a href=\"https:\/\/simploworld.com\/pl\/regulamin-sklepu\/\" class=\"woocommerce-terms-and-conditions-link\" target=\"_blank\">regulamin sklepu<\/a> sklepu\/serwisu internetowego.<\/p>\n<\/div>            <\/div>\n\n\n            <div class=\"woocommerce-FormRow shop-form\">\n                <input type=\"hidden\" id=\"woocommerce-register-nonce\" name=\"woocommerce-register-nonce\" value=\"fcc58b152c\" \/><input type=\"hidden\" name=\"_wp_http_referer\" value=\"\/pl\/wp-json\/wp\/v2\/pages\/73\" \/>                <button type=\"submit\" class=\"woocommerce-Button button shop-form__button shop-form__button--no-change-size\" name=\"register\" value=\"Zarejestruj si\u0119\">Zarejestruj si\u0119<\/button>\n            <\/div>\n\n            \n        <\/form>\n\n    <\/div>\n\n<\/div>\n\n<\/div>\n","protected":false},"excerpt":{"rendered":"","protected":false},"author":1,"featured_media":0,"parent":0,"menu_order":0,"comment_status":"closed","ping_status":"closed","template":"page-templates\/custom-my-account.php","meta":{"_acf_changed":false,"footnotes":""},"acf":[],"yoast_head":"<!-- This site is optimized with the Yoast SEO plugin v23.0 - https:\/\/yoast.com\/wordpress\/plugins\/seo\/ -->\n<title>Moje konto<\/title>\n<meta name=\"robots\" content=\"noindex, follow\" \/>\n<meta property=\"og:locale\" content=\"pl_PL\" \/>\n<meta property=\"og:type\" content=\"article\" \/>\n<meta property=\"og:title\" content=\"Moje konto\" \/>\n<meta property=\"og:url\" content=\"https:\/\/simploworld.com\/pl\/moje-konto\/\" \/>\n<meta property=\"og:site_name\" content=\"SIMPLo\" \/>\n<meta property=\"article:modified_time\" content=\"2020-04-09T14:30:26+00:00\" \/>\n<meta name=\"twitter:card\" content=\"summary_large_image\" \/>\n<script type=\"application\/ld+json\" class=\"yoast-schema-graph\">{\"@context\":\"https:\/\/schema.org\",\"@graph\":[{\"@type\":\"WebPage\",\"@id\":\"https:\/\/simploworld.com\/pl\/moje-konto\/\",\"url\":\"https:\/\/simploworld.com\/pl\/moje-konto\/\",\"name\":\"Moje konto\",\"isPartOf\":{\"@id\":\"https:\/\/simploworld.com\/#website\"},\"datePublished\":\"2019-06-04T13:02:18+00:00\",\"dateModified\":\"2020-04-09T14:30:26+00:00\",\"breadcrumb\":{\"@id\":\"https:\/\/simploworld.com\/pl\/moje-konto\/#breadcrumb\"},\"inLanguage\":\"pl-PL\",\"potentialAction\":[{\"@type\":\"ReadAction\",\"target\":[\"https:\/\/simploworld.com\/pl\/moje-konto\/\"]}]},{\"@type\":\"BreadcrumbList\",\"@id\":\"https:\/\/simploworld.com\/pl\/moje-konto\/#breadcrumb\",\"itemListElement\":[{\"@type\":\"ListItem\",\"position\":1,\"name\":\"Home\",\"item\":\"https:\/\/simploworld.com\/pl\/\"},{\"@type\":\"ListItem\",\"position\":2,\"name\":\"Moje konto\"}]},{\"@type\":\"WebSite\",\"@id\":\"https:\/\/simploworld.com\/#website\",\"url\":\"https:\/\/simploworld.com\/\",\"name\":\"SIMPLo\",\"description\":\"We\u017a jeden \u0142yk i wszystko si\u0119 zmieni\",\"potentialAction\":[{\"@type\":\"SearchAction\",\"target\":{\"@type\":\"EntryPoint\",\"urlTemplate\":\"https:\/\/simploworld.com\/?s={search_term_string}\"},\"query-input\":\"required name=search_term_string\"}],\"inLanguage\":\"pl-PL\"}]}<\/script>\n<!-- \/ Yoast SEO plugin. -->","yoast_head_json":{"title":"Moje konto","robots":{"index":"noindex","follow":"follow"},"og_locale":"pl_PL","og_type":"article","og_title":"Moje konto","og_url":"https:\/\/simploworld.com\/pl\/moje-konto\/","og_site_name":"SIMPLo","article_modified_time":"2020-04-09T14:30:26+00:00","twitter_card":"summary_large_image","schema":{"@context":"https:\/\/schema.org","@graph":[{"@type":"WebPage","@id":"https:\/\/simploworld.com\/pl\/moje-konto\/","url":"https:\/\/simploworld.com\/pl\/moje-konto\/","name":"Moje konto","isPartOf":{"@id":"https:\/\/simploworld.com\/#website"},"datePublished":"2019-06-04T13:02:18+00:00","dateModified":"2020-04-09T14:30:26+00:00","breadcrumb":{"@id":"https:\/\/simploworld.com\/pl\/moje-konto\/#breadcrumb"},"inLanguage":"pl-PL","potentialAction":[{"@type":"ReadAction","target":["https:\/\/simploworld.com\/pl\/moje-konto\/"]}]},{"@type":"BreadcrumbList","@id":"https:\/\/simploworld.com\/pl\/moje-konto\/#breadcrumb","itemListElement":[{"@type":"ListItem","position":1,"name":"Home","item":"https:\/\/simploworld.com\/pl\/"},{"@type":"ListItem","position":2,"name":"Moje konto"}]},{"@type":"WebSite","@id":"https:\/\/simploworld.com\/#website","url":"https:\/\/simploworld.com\/","name":"SIMPLo","description":"We\u017a jeden \u0142yk i wszystko si\u0119 zmieni","potentialAction":[{"@type":"SearchAction","target":{"@type":"EntryPoint","urlTemplate":"https:\/\/simploworld.com\/?s={search_term_string}"},"query-input":"required name=search_term_string"}],"inLanguage":"pl-PL"}]}},"_links":{"self":[{"href":"https:\/\/simploworld.com\/pl\/wp-json\/wp\/v2\/pages\/73"}],"collection":[{"href":"https:\/\/simploworld.com\/pl\/wp-json\/wp\/v2\/pages"}],"about":[{"href":"https:\/\/simploworld.com\/pl\/wp-json\/wp\/v2\/types\/page"}],"author":[{"embeddable":true,"href":"https:\/\/simploworld.com\/pl\/wp-json\/wp\/v2\/users\/1"}],"replies":[{"embeddable":true,"href":"https:\/\/simploworld.com\/pl\/wp-json\/wp\/v2\/comments?post=73"}],"version-history":[{"count":1,"href":"https:\/\/simploworld.com\/pl\/wp-json\/wp\/v2\/pages\/73\/revisions"}],"predecessor-version":[{"id":4055,"href":"https:\/\/simploworld.com\/pl\/wp-json\/wp\/v2\/pages\/73\/revisions\/4055"}],"wp:attachment":[{"href":"https:\/\/simploworld.com\/pl\/wp-json\/wp\/v2\/media?parent=73"}],"curies":[{"name":"wp","href":"https:\/\/api.w.org\/{rel}","templated":true}]}}