{"id":1166,"date":"2019-08-09T08:03:34","date_gmt":"2019-08-09T08:03:34","guid":{"rendered":"https:\/\/simploworld.com\/product\/simplo-sip-doughnut\/"},"modified":"2020-06-26T18:23:50","modified_gmt":"2020-06-26T18:23:50","slug":"enemel-mug-simplo-sip-doughnut","status":"publish","type":"product","link":"https:\/\/simploworld.com\/pl\/produkt\/enemel-mug-simplo-sip-doughnut\/","title":{"rendered":"SIMPLo Sip  Donut"},"content":{"rendered":"","protected":false},"excerpt":{"rendered":"<p style=\"text-align: justify;\">Ten moment s\u0142odkiego wyczekiwania kiedy kto\u015b nape\u0142nia tw\u00f3j kubek\u2026 Na zdrowie! Wznie\u015b toast za nowe przyja\u017anie. Kawa, herbata, lemoniada, co\u015b mocniejszego \u2014 SIMPLo Sip przyjmie wszystko! Zabierz go ze sob\u0105 na letnie festiwale. Potem zatrzymaj na pami\u0105tk\u0119 wakacyjnych chwil.<\/p>\n<p style=\"text-align: justify;\">Design ociekaj\u0105cy pewno\u015bci\u0105 siebie \u2014 to dla ciebie! Codzienne przypomnienie, \u017ce \u017cycie jest sklejone ze spontanicznych decyzji. Sami \u015bwietnie to znamy.<\/p>\n<p>&nbsp;<\/p>\n<p style=\"text-align: justify;\">Nie wiesz, czy SIMPLo Sip odnajdzie si\u0119 do twojej kuchni?<\/p>\n<p style=\"text-align: justify;\">Bez obaw! Upewnili\u015bmy si\u0119, \u017ce zaiskrzy z ka\u017cd\u0105 kuchenk\u0105: gazow\u0105, elektryczn\u0105, ceramiczn\u0105, indukcyjn\u0105. Nasz kubek daje te\u017c popali\u0107 na wolnym ogniu czy grillach gazowych.<\/p>\n<p>&nbsp;<\/p>\n<p style=\"text-align: justify;\">UWAGA: Ostro\u017cnie z gor\u0105cymi napojami.<br \/>\nNo\u015b z szacunkiem. Pij z uczuciem.<\/p>\n<p>Wyprodukowano w Polsce.<\/p>\n","protected":false},"featured_media":2245,"template":"","meta":{"_acf_changed":false},"product_cat":[120],"product_tag":[157,169],"acf":[],"yoast_head":"<!-- This site is optimized with the Yoast SEO plugin v23.0 - https:\/\/yoast.com\/wordpress\/plugins\/seo\/ -->\n<title>SIMPLo Sip Donut<\/title>\n<meta name=\"robots\" content=\"index, follow, max-snippet:-1, max-image-preview:large, max-video-preview:-1\" \/>\n<link rel=\"canonical\" href=\"https:\/\/simploworld.com\/produkt\/enamel-mug-simplo-sip-doughnut\/\" \/>\n<meta property=\"og:locale\" content=\"pl_PL\" \/>\n<meta property=\"og:type\" content=\"article\" \/>\n<meta property=\"og:title\" content=\"SIMPLo Sip Donut\" \/>\n<meta property=\"og:description\" content=\"Ten moment s\u0142odkiego wyczekiwania kiedy kto\u015b nape\u0142nia tw\u00f3j kubek\u2026 Na zdrowie! Wznie\u015b toast za nowe przyja\u017anie. Kawa, herbata, lemoniada, co\u015b mocniejszego \u2014 SIMPLo Sip przyjmie wszystko! Zabierz go ze sob\u0105 na letnie festiwale. Potem zatrzymaj na pami\u0105tk\u0119 wakacyjnych chwil.  Design ociekaj\u0105cy pewno\u015bci\u0105 siebie \u2014 to dla ciebie! Codzienne przypomnienie, \u017ce \u017cycie jest sklejone ze spontanicznych decyzji. Sami \u015bwietnie to znamy. &nbsp; Nie wiesz, czy SIMPLo Sip odnajdzie si\u0119 do twojej kuchni?  Bez obaw! Upewnili\u015bmy si\u0119, \u017ce zaiskrzy z ka\u017cd\u0105 kuchenk\u0105: gazow\u0105, elektryczn\u0105, ceramiczn\u0105, indukcyjn\u0105. Nasz kubek daje te\u017c popali\u0107 na wolnym ogniu czy grillach gazowych. &nbsp; UWAGA: Ostro\u017cnie z gor\u0105cymi napojami. No\u015b z szacunkiem. Pij z uczuciem.  Wyprodukowano w Polsce.\" \/>\n<meta property=\"og:url\" content=\"https:\/\/simploworld.com\/produkt\/enamel-mug-simplo-sip-doughnut\/\" \/>\n<meta property=\"og:site_name\" content=\"SIMPLo\" \/>\n<meta property=\"article:modified_time\" content=\"2020-06-26T18:23:50+00:00\" \/>\n<meta property=\"og:image\" content=\"https:\/\/simploworld.com\/wp-content\/uploads\/2019\/08\/MUG4_nbg.png\" \/>\n\t<meta property=\"og:image:width\" content=\"1920\" \/>\n\t<meta property=\"og:image:height\" content=\"1920\" \/>\n\t<meta property=\"og:image:type\" content=\"image\/png\" \/>\n<meta name=\"twitter:card\" content=\"summary_large_image\" \/>\n<script type=\"application\/ld+json\" class=\"yoast-schema-graph\">{\"@context\":\"https:\/\/schema.org\",\"@graph\":[{\"@type\":\"WebPage\",\"@id\":\"https:\/\/simploworld.com\/produkt\/enamel-mug-simplo-sip-doughnut\/\",\"url\":\"https:\/\/simploworld.com\/produkt\/enamel-mug-simplo-sip-doughnut\/\",\"name\":\"SIMPLo Sip Donut\",\"isPartOf\":{\"@id\":\"https:\/\/simploworld.com\/#website\"},\"primaryImageOfPage\":{\"@id\":\"https:\/\/simploworld.com\/produkt\/enamel-mug-simplo-sip-doughnut\/#primaryimage\"},\"image\":{\"@id\":\"https:\/\/simploworld.com\/produkt\/enamel-mug-simplo-sip-doughnut\/#primaryimage\"},\"thumbnailUrl\":\"https:\/\/simploworld.com\/wp-content\/uploads\/2019\/08\/MUG4_nbg.png\",\"datePublished\":\"2019-08-09T08:03:34+00:00\",\"dateModified\":\"2020-06-26T18:23:50+00:00\",\"breadcrumb\":{\"@id\":\"https:\/\/simploworld.com\/produkt\/enamel-mug-simplo-sip-doughnut\/#breadcrumb\"},\"inLanguage\":\"pl-PL\",\"potentialAction\":[{\"@type\":\"ReadAction\",\"target\":[\"https:\/\/simploworld.com\/produkt\/enamel-mug-simplo-sip-doughnut\/\"]}]},{\"@type\":\"ImageObject\",\"inLanguage\":\"pl-PL\",\"@id\":\"https:\/\/simploworld.com\/produkt\/enamel-mug-simplo-sip-doughnut\/#primaryimage\",\"url\":\"https:\/\/simploworld.com\/wp-content\/uploads\/2019\/08\/MUG4_nbg.png\",\"contentUrl\":\"https:\/\/simploworld.com\/wp-content\/uploads\/2019\/08\/MUG4_nbg.png\",\"width\":1920,\"height\":1920},{\"@type\":\"BreadcrumbList\",\"@id\":\"https:\/\/simploworld.com\/produkt\/enamel-mug-simplo-sip-doughnut\/#breadcrumb\",\"itemListElement\":[{\"@type\":\"ListItem\",\"position\":1,\"name\":\"Home\",\"item\":\"https:\/\/simploworld.com\/pl\/\"},{\"@type\":\"ListItem\",\"position\":2,\"name\":\"Sklep\",\"item\":\"https:\/\/simploworld.com\/pl\/sklep\/\"},{\"@type\":\"ListItem\",\"position\":3,\"name\":\"SIMPLo Sip Donut\"}]},{\"@type\":\"WebSite\",\"@id\":\"https:\/\/simploworld.com\/#website\",\"url\":\"https:\/\/simploworld.com\/\",\"name\":\"SIMPLo\",\"description\":\"We\u017a jeden \u0142yk i wszystko si\u0119 zmieni\",\"potentialAction\":[{\"@type\":\"SearchAction\",\"target\":{\"@type\":\"EntryPoint\",\"urlTemplate\":\"https:\/\/simploworld.com\/?s={search_term_string}\"},\"query-input\":\"required name=search_term_string\"}],\"inLanguage\":\"pl-PL\"}]}<\/script>\n<!-- \/ Yoast SEO plugin. -->","yoast_head_json":{"title":"SIMPLo Sip Donut","robots":{"index":"index","follow":"follow","max-snippet":"max-snippet:-1","max-image-preview":"max-image-preview:large","max-video-preview":"max-video-preview:-1"},"canonical":"https:\/\/simploworld.com\/produkt\/enamel-mug-simplo-sip-doughnut\/","og_locale":"pl_PL","og_type":"article","og_title":"SIMPLo Sip Donut","og_description":"Ten moment s\u0142odkiego wyczekiwania kiedy kto\u015b nape\u0142nia tw\u00f3j kubek\u2026 Na zdrowie! Wznie\u015b toast za nowe przyja\u017anie. Kawa, herbata, lemoniada, co\u015b mocniejszego \u2014 SIMPLo Sip przyjmie wszystko! Zabierz go ze sob\u0105 na letnie festiwale. Potem zatrzymaj na pami\u0105tk\u0119 wakacyjnych chwil.  Design ociekaj\u0105cy pewno\u015bci\u0105 siebie \u2014 to dla ciebie! Codzienne przypomnienie, \u017ce \u017cycie jest sklejone ze spontanicznych decyzji. Sami \u015bwietnie to znamy. &nbsp; Nie wiesz, czy SIMPLo Sip odnajdzie si\u0119 do twojej kuchni?  Bez obaw! Upewnili\u015bmy si\u0119, \u017ce zaiskrzy z ka\u017cd\u0105 kuchenk\u0105: gazow\u0105, elektryczn\u0105, ceramiczn\u0105, indukcyjn\u0105. Nasz kubek daje te\u017c popali\u0107 na wolnym ogniu czy grillach gazowych. &nbsp; UWAGA: Ostro\u017cnie z gor\u0105cymi napojami. No\u015b z szacunkiem. Pij z uczuciem.  Wyprodukowano w Polsce.","og_url":"https:\/\/simploworld.com\/produkt\/enamel-mug-simplo-sip-doughnut\/","og_site_name":"SIMPLo","article_modified_time":"2020-06-26T18:23:50+00:00","og_image":[{"width":1920,"height":1920,"url":"https:\/\/simploworld.com\/wp-content\/uploads\/2019\/08\/MUG4_nbg.png","type":"image\/png"}],"twitter_card":"summary_large_image","schema":{"@context":"https:\/\/schema.org","@graph":[{"@type":"WebPage","@id":"https:\/\/simploworld.com\/produkt\/enamel-mug-simplo-sip-doughnut\/","url":"https:\/\/simploworld.com\/produkt\/enamel-mug-simplo-sip-doughnut\/","name":"SIMPLo Sip Donut","isPartOf":{"@id":"https:\/\/simploworld.com\/#website"},"primaryImageOfPage":{"@id":"https:\/\/simploworld.com\/produkt\/enamel-mug-simplo-sip-doughnut\/#primaryimage"},"image":{"@id":"https:\/\/simploworld.com\/produkt\/enamel-mug-simplo-sip-doughnut\/#primaryimage"},"thumbnailUrl":"https:\/\/simploworld.com\/wp-content\/uploads\/2019\/08\/MUG4_nbg.png","datePublished":"2019-08-09T08:03:34+00:00","dateModified":"2020-06-26T18:23:50+00:00","breadcrumb":{"@id":"https:\/\/simploworld.com\/produkt\/enamel-mug-simplo-sip-doughnut\/#breadcrumb"},"inLanguage":"pl-PL","potentialAction":[{"@type":"ReadAction","target":["https:\/\/simploworld.com\/produkt\/enamel-mug-simplo-sip-doughnut\/"]}]},{"@type":"ImageObject","inLanguage":"pl-PL","@id":"https:\/\/simploworld.com\/produkt\/enamel-mug-simplo-sip-doughnut\/#primaryimage","url":"https:\/\/simploworld.com\/wp-content\/uploads\/2019\/08\/MUG4_nbg.png","contentUrl":"https:\/\/simploworld.com\/wp-content\/uploads\/2019\/08\/MUG4_nbg.png","width":1920,"height":1920},{"@type":"BreadcrumbList","@id":"https:\/\/simploworld.com\/produkt\/enamel-mug-simplo-sip-doughnut\/#breadcrumb","itemListElement":[{"@type":"ListItem","position":1,"name":"Home","item":"https:\/\/simploworld.com\/pl\/"},{"@type":"ListItem","position":2,"name":"Sklep","item":"https:\/\/simploworld.com\/pl\/sklep\/"},{"@type":"ListItem","position":3,"name":"SIMPLo Sip Donut"}]},{"@type":"WebSite","@id":"https:\/\/simploworld.com\/#website","url":"https:\/\/simploworld.com\/","name":"SIMPLo","description":"We\u017a jeden \u0142yk i wszystko si\u0119 zmieni","potentialAction":[{"@type":"SearchAction","target":{"@type":"EntryPoint","urlTemplate":"https:\/\/simploworld.com\/?s={search_term_string}"},"query-input":"required name=search_term_string"}],"inLanguage":"pl-PL"}]}},"_links":{"self":[{"href":"https:\/\/simploworld.com\/pl\/wp-json\/wp\/v2\/product\/1166"}],"collection":[{"href":"https:\/\/simploworld.com\/pl\/wp-json\/wp\/v2\/product"}],"about":[{"href":"https:\/\/simploworld.com\/pl\/wp-json\/wp\/v2\/types\/product"}],"wp:featuredmedia":[{"embeddable":true,"href":"https:\/\/simploworld.com\/pl\/wp-json\/wp\/v2\/media\/2245"}],"wp:attachment":[{"href":"https:\/\/simploworld.com\/pl\/wp-json\/wp\/v2\/media?parent=1166"}],"wp:term":[{"taxonomy":"product_cat","embeddable":true,"href":"https:\/\/simploworld.com\/pl\/wp-json\/wp\/v2\/product_cat?post=1166"},{"taxonomy":"product_tag","embeddable":true,"href":"https:\/\/simploworld.com\/pl\/wp-json\/wp\/v2\/product_tag?post=1166"}],"curies":[{"name":"wp","href":"https:\/\/api.w.org\/{rel}","templated":true}]}}