{"id":1171,"date":"2019-08-09T08:06:59","date_gmt":"2019-08-09T08:06:59","guid":{"rendered":"https:\/\/simploworld.com\/product\/tounge\/"},"modified":"2020-05-05T13:33:34","modified_gmt":"2020-05-05T13:33:34","slug":"simplo_tongue-t-shirt","status":"publish","type":"product","link":"https:\/\/simploworld.com\/pl\/produkt\/simplo_tongue-t-shirt\/","title":{"rendered":"SIMPLo Tongue"},"content":{"rendered":"","protected":false},"excerpt":{"rendered":"<p style=\"text-align: justify;\">Znamy to uczucie. Jest tyle do powiedzenia, ale wszystkie odpowiednie s\u0142owa masz na ko\u0144cu j\u0119zyka. Nieosi\u0105galne. Odpr\u0119\u017c si\u0119. Dobry t-shirt mo\u017ce by\u0107 \u015bwietnym pretekstem do rozmowy. Spr\u00f3buj zacz\u0105\u0107 od \u201ecze\u015b\u0107\u201d. To s\u0142owo potrafi otworzy\u0107 drzwi do nowej znajomo\u015bci\u2026 Proste i magiczne jednocze\u015bnie \u2014 SIMPLo.<\/p>\n<p style=\"text-align: justify;\">No\u015b z jeansami, je\u015bli celujesz w niezobowi\u0105zuj\u0105cy look\u2026 Lub zestaw z tym, co do ciebie przemawia. Twoja szafa, twoje zasady.<\/p>\n<p>&nbsp;<\/p>\n<p style=\"text-align: justify;\">Bezkompromisowy materia\u0142: 100% bawe\u0142ny, oddychaj\u0105cy, mi\u0142y w&nbsp;dotyku, \u0142atwy w praniu. Reaguje \u017ale tylko na z\u0142\u0105 kaw\u0119.<\/p>\n<p>Wyprodukowano w Polsce.<\/p>\n","protected":false},"featured_media":2507,"template":"","meta":{"_acf_changed":false},"product_cat":[121],"product_tag":[166,169],"acf":[],"yoast_head":"<!-- This site is optimized with the Yoast SEO plugin v23.0 - https:\/\/yoast.com\/wordpress\/plugins\/seo\/ -->\n<title>SIMPLo Tongue<\/title>\n<meta name=\"robots\" content=\"index, follow, max-snippet:-1, max-image-preview:large, max-video-preview:-1\" \/>\n<link rel=\"canonical\" href=\"https:\/\/simploworld.com\/produkt\/simplo-tongue-t-shirt\/\" \/>\n<meta property=\"og:locale\" content=\"pl_PL\" \/>\n<meta property=\"og:type\" content=\"article\" \/>\n<meta property=\"og:title\" content=\"SIMPLo Tongue\" \/>\n<meta property=\"og:description\" content=\"Znamy to uczucie. Jest tyle do powiedzenia, ale wszystkie odpowiednie s\u0142owa masz na ko\u0144cu j\u0119zyka. Nieosi\u0105galne. Odpr\u0119\u017c si\u0119. Dobry t-shirt mo\u017ce by\u0107 \u015bwietnym pretekstem do rozmowy. Spr\u00f3buj zacz\u0105\u0107 od \u201ecze\u015b\u0107\u201d. To s\u0142owo potrafi otworzy\u0107 drzwi do nowej znajomo\u015bci\u2026 Proste i magiczne jednocze\u015bnie \u2014 SIMPLo.  No\u015b z jeansami, je\u015bli celujesz w niezobowi\u0105zuj\u0105cy look\u2026 Lub zestaw z tym, co do ciebie przemawia. Twoja szafa, twoje zasady. &nbsp; Bezkompromisowy materia\u0142: 100% bawe\u0142ny, oddychaj\u0105cy, mi\u0142y w&nbsp;dotyku, \u0142atwy w praniu. Reaguje \u017ale tylko na z\u0142\u0105 kaw\u0119.  Wyprodukowano w Polsce.\" \/>\n<meta property=\"og:url\" content=\"https:\/\/simploworld.com\/produkt\/simplo-tongue-t-shirt\/\" \/>\n<meta property=\"og:site_name\" content=\"SIMPLo\" \/>\n<meta property=\"article:modified_time\" content=\"2020-05-05T13:33:34+00:00\" \/>\n<meta property=\"og:image\" content=\"https:\/\/simploworld.com\/wp-content\/uploads\/2019\/08\/IMG_6315-2-min.png\" \/>\n\t<meta property=\"og:image:width\" content=\"1920\" \/>\n\t<meta property=\"og:image:height\" content=\"1920\" \/>\n\t<meta property=\"og:image:type\" content=\"image\/png\" \/>\n<meta name=\"twitter:card\" content=\"summary_large_image\" \/>\n<script type=\"application\/ld+json\" class=\"yoast-schema-graph\">{\"@context\":\"https:\/\/schema.org\",\"@graph\":[{\"@type\":\"WebPage\",\"@id\":\"https:\/\/simploworld.com\/produkt\/simplo-tongue-t-shirt\/\",\"url\":\"https:\/\/simploworld.com\/produkt\/simplo-tongue-t-shirt\/\",\"name\":\"SIMPLo Tongue\",\"isPartOf\":{\"@id\":\"https:\/\/simploworld.com\/#website\"},\"primaryImageOfPage\":{\"@id\":\"https:\/\/simploworld.com\/produkt\/simplo-tongue-t-shirt\/#primaryimage\"},\"image\":{\"@id\":\"https:\/\/simploworld.com\/produkt\/simplo-tongue-t-shirt\/#primaryimage\"},\"thumbnailUrl\":\"https:\/\/simploworld.com\/wp-content\/uploads\/2019\/08\/IMG_6315-2-min.png\",\"datePublished\":\"2019-08-09T08:06:59+00:00\",\"dateModified\":\"2020-05-05T13:33:34+00:00\",\"breadcrumb\":{\"@id\":\"https:\/\/simploworld.com\/produkt\/simplo-tongue-t-shirt\/#breadcrumb\"},\"inLanguage\":\"pl-PL\",\"potentialAction\":[{\"@type\":\"ReadAction\",\"target\":[\"https:\/\/simploworld.com\/produkt\/simplo-tongue-t-shirt\/\"]}]},{\"@type\":\"ImageObject\",\"inLanguage\":\"pl-PL\",\"@id\":\"https:\/\/simploworld.com\/produkt\/simplo-tongue-t-shirt\/#primaryimage\",\"url\":\"https:\/\/simploworld.com\/wp-content\/uploads\/2019\/08\/IMG_6315-2-min.png\",\"contentUrl\":\"https:\/\/simploworld.com\/wp-content\/uploads\/2019\/08\/IMG_6315-2-min.png\",\"width\":1920,\"height\":1920},{\"@type\":\"BreadcrumbList\",\"@id\":\"https:\/\/simploworld.com\/produkt\/simplo-tongue-t-shirt\/#breadcrumb\",\"itemListElement\":[{\"@type\":\"ListItem\",\"position\":1,\"name\":\"Home\",\"item\":\"https:\/\/simploworld.com\/pl\/\"},{\"@type\":\"ListItem\",\"position\":2,\"name\":\"Sklep\",\"item\":\"https:\/\/simploworld.com\/pl\/sklep\/\"},{\"@type\":\"ListItem\",\"position\":3,\"name\":\"SIMPLo Tongue\"}]},{\"@type\":\"WebSite\",\"@id\":\"https:\/\/simploworld.com\/#website\",\"url\":\"https:\/\/simploworld.com\/\",\"name\":\"SIMPLo\",\"description\":\"We\u017a jeden \u0142yk i wszystko si\u0119 zmieni\",\"potentialAction\":[{\"@type\":\"SearchAction\",\"target\":{\"@type\":\"EntryPoint\",\"urlTemplate\":\"https:\/\/simploworld.com\/?s={search_term_string}\"},\"query-input\":\"required name=search_term_string\"}],\"inLanguage\":\"pl-PL\"}]}<\/script>\n<!-- \/ Yoast SEO plugin. -->","yoast_head_json":{"title":"SIMPLo Tongue","robots":{"index":"index","follow":"follow","max-snippet":"max-snippet:-1","max-image-preview":"max-image-preview:large","max-video-preview":"max-video-preview:-1"},"canonical":"https:\/\/simploworld.com\/produkt\/simplo-tongue-t-shirt\/","og_locale":"pl_PL","og_type":"article","og_title":"SIMPLo Tongue","og_description":"Znamy to uczucie. Jest tyle do powiedzenia, ale wszystkie odpowiednie s\u0142owa masz na ko\u0144cu j\u0119zyka. Nieosi\u0105galne. Odpr\u0119\u017c si\u0119. Dobry t-shirt mo\u017ce by\u0107 \u015bwietnym pretekstem do rozmowy. Spr\u00f3buj zacz\u0105\u0107 od \u201ecze\u015b\u0107\u201d. To s\u0142owo potrafi otworzy\u0107 drzwi do nowej znajomo\u015bci\u2026 Proste i magiczne jednocze\u015bnie \u2014 SIMPLo.  No\u015b z jeansami, je\u015bli celujesz w niezobowi\u0105zuj\u0105cy look\u2026 Lub zestaw z tym, co do ciebie przemawia. Twoja szafa, twoje zasady. &nbsp; Bezkompromisowy materia\u0142: 100% bawe\u0142ny, oddychaj\u0105cy, mi\u0142y w&nbsp;dotyku, \u0142atwy w praniu. Reaguje \u017ale tylko na z\u0142\u0105 kaw\u0119.  Wyprodukowano w Polsce.","og_url":"https:\/\/simploworld.com\/produkt\/simplo-tongue-t-shirt\/","og_site_name":"SIMPLo","article_modified_time":"2020-05-05T13:33:34+00:00","og_image":[{"width":1920,"height":1920,"url":"https:\/\/simploworld.com\/wp-content\/uploads\/2019\/08\/IMG_6315-2-min.png","type":"image\/png"}],"twitter_card":"summary_large_image","schema":{"@context":"https:\/\/schema.org","@graph":[{"@type":"WebPage","@id":"https:\/\/simploworld.com\/produkt\/simplo-tongue-t-shirt\/","url":"https:\/\/simploworld.com\/produkt\/simplo-tongue-t-shirt\/","name":"SIMPLo Tongue","isPartOf":{"@id":"https:\/\/simploworld.com\/#website"},"primaryImageOfPage":{"@id":"https:\/\/simploworld.com\/produkt\/simplo-tongue-t-shirt\/#primaryimage"},"image":{"@id":"https:\/\/simploworld.com\/produkt\/simplo-tongue-t-shirt\/#primaryimage"},"thumbnailUrl":"https:\/\/simploworld.com\/wp-content\/uploads\/2019\/08\/IMG_6315-2-min.png","datePublished":"2019-08-09T08:06:59+00:00","dateModified":"2020-05-05T13:33:34+00:00","breadcrumb":{"@id":"https:\/\/simploworld.com\/produkt\/simplo-tongue-t-shirt\/#breadcrumb"},"inLanguage":"pl-PL","potentialAction":[{"@type":"ReadAction","target":["https:\/\/simploworld.com\/produkt\/simplo-tongue-t-shirt\/"]}]},{"@type":"ImageObject","inLanguage":"pl-PL","@id":"https:\/\/simploworld.com\/produkt\/simplo-tongue-t-shirt\/#primaryimage","url":"https:\/\/simploworld.com\/wp-content\/uploads\/2019\/08\/IMG_6315-2-min.png","contentUrl":"https:\/\/simploworld.com\/wp-content\/uploads\/2019\/08\/IMG_6315-2-min.png","width":1920,"height":1920},{"@type":"BreadcrumbList","@id":"https:\/\/simploworld.com\/produkt\/simplo-tongue-t-shirt\/#breadcrumb","itemListElement":[{"@type":"ListItem","position":1,"name":"Home","item":"https:\/\/simploworld.com\/pl\/"},{"@type":"ListItem","position":2,"name":"Sklep","item":"https:\/\/simploworld.com\/pl\/sklep\/"},{"@type":"ListItem","position":3,"name":"SIMPLo Tongue"}]},{"@type":"WebSite","@id":"https:\/\/simploworld.com\/#website","url":"https:\/\/simploworld.com\/","name":"SIMPLo","description":"We\u017a jeden \u0142yk i wszystko si\u0119 zmieni","potentialAction":[{"@type":"SearchAction","target":{"@type":"EntryPoint","urlTemplate":"https:\/\/simploworld.com\/?s={search_term_string}"},"query-input":"required name=search_term_string"}],"inLanguage":"pl-PL"}]}},"_links":{"self":[{"href":"https:\/\/simploworld.com\/pl\/wp-json\/wp\/v2\/product\/1171"}],"collection":[{"href":"https:\/\/simploworld.com\/pl\/wp-json\/wp\/v2\/product"}],"about":[{"href":"https:\/\/simploworld.com\/pl\/wp-json\/wp\/v2\/types\/product"}],"wp:featuredmedia":[{"embeddable":true,"href":"https:\/\/simploworld.com\/pl\/wp-json\/wp\/v2\/media\/2507"}],"wp:attachment":[{"href":"https:\/\/simploworld.com\/pl\/wp-json\/wp\/v2\/media?parent=1171"}],"wp:term":[{"taxonomy":"product_cat","embeddable":true,"href":"https:\/\/simploworld.com\/pl\/wp-json\/wp\/v2\/product_cat?post=1171"},{"taxonomy":"product_tag","embeddable":true,"href":"https:\/\/simploworld.com\/pl\/wp-json\/wp\/v2\/product_tag?post=1171"}],"curies":[{"name":"wp","href":"https:\/\/api.w.org\/{rel}","templated":true}]}}