{"id":1174,"date":"2019-08-09T08:08:51","date_gmt":"2019-08-09T08:08:51","guid":{"rendered":"https:\/\/simploworld.com\/product\/pocket\/"},"modified":"2020-07-15T09:38:53","modified_gmt":"2020-07-15T09:38:53","slug":"simplo-pocket-t-shirt","status":"publish","type":"product","link":"https:\/\/simploworld.com\/pl\/produkt\/simplo-pocket-t-shirt\/","title":{"rendered":"SIMPLo Pocket"},"content":{"rendered":"","protected":false},"excerpt":{"rendered":"<p style=\"text-align: justify;\">Kreatywno\u015b\u0107. Klucz do interesuj\u0105cego \u017cycia. Uruchom swoj\u0105 wyobra\u017ani\u0119 \u2014 wyra\u017a si\u0119 z SIMPLo. Nie pozw\u00f3l by twoje marzenia zgin\u0119\u0142y w codziennej rzeczywisto\u015bci. Upchnij je po kieszeniach. Wyjmuj kiedy tylko potrzebujesz.<\/p>\n<p style=\"text-align: justify;\">\u2028Nasza specjalno\u015b\u0107? Dodawanie intryguj\u0105cych urozmaice\u0144 do klasycznych wzor\u00f3w. Oto jeden dla ciebie! Uniwersalny kr\u00f3j\u2026 Wzbogacony zawadiack\u0105 kieszonk\u0105 tworzy zupe\u0142nie now\u0105, garderobian\u0105 histori\u0119. Zestaw j\u0105 z czerwonymi trampkami dla ciekawszego kontrastu. Lub zosta\u0144 po bezpiecznej stronie mocy spod znaku casual look. Okre\u015bl sw\u00f3j styl. Ogranicza ci\u0119 tylko twoja fantazja.<\/p>\n<p>&nbsp;<\/p>\n<p style=\"text-align: justify;\">Bezkompromisowy materia\u0142: 100% bawe\u0142ny, oddychaj\u0105cy, mi\u0142y w dotyku, \u0142atwy w praniu. Reaguje \u017ale tylko na z\u0142\u0105 kaw\u0119.<\/p>\n<p>Wyprodukowano w Polsce.<\/p>\n","protected":false},"featured_media":2454,"template":"","meta":{"_acf_changed":false},"product_cat":[121],"product_tag":[166,169],"acf":[],"yoast_head":"<!-- This site is optimized with the Yoast SEO plugin v23.0 - https:\/\/yoast.com\/wordpress\/plugins\/seo\/ -->\n<title>SIMPLo Pocket<\/title>\n<meta name=\"robots\" content=\"index, follow, max-snippet:-1, max-image-preview:large, max-video-preview:-1\" \/>\n<link rel=\"canonical\" href=\"https:\/\/simploworld.com\/produkt\/simplo-pocket-t-shirt\/\" \/>\n<meta property=\"og:locale\" content=\"pl_PL\" \/>\n<meta property=\"og:type\" content=\"article\" \/>\n<meta property=\"og:title\" content=\"SIMPLo Pocket\" \/>\n<meta property=\"og:description\" content=\"Kreatywno\u015b\u0107. Klucz do interesuj\u0105cego \u017cycia. Uruchom swoj\u0105 wyobra\u017ani\u0119 \u2014 wyra\u017a si\u0119 z SIMPLo. Nie pozw\u00f3l by twoje marzenia zgin\u0119\u0142y w codziennej rzeczywisto\u015bci. Upchnij je po kieszeniach. Wyjmuj kiedy tylko potrzebujesz.  \u2028Nasza specjalno\u015b\u0107? Dodawanie intryguj\u0105cych urozmaice\u0144 do klasycznych wzor\u00f3w. Oto jeden dla ciebie! Uniwersalny kr\u00f3j\u2026 Wzbogacony zawadiack\u0105 kieszonk\u0105 tworzy zupe\u0142nie now\u0105, garderobian\u0105 histori\u0119. Zestaw j\u0105 z czerwonymi trampkami dla ciekawszego kontrastu. Lub zosta\u0144 po bezpiecznej stronie mocy spod znaku casual look. Okre\u015bl sw\u00f3j styl. Ogranicza ci\u0119 tylko twoja fantazja. &nbsp; Bezkompromisowy materia\u0142: 100% bawe\u0142ny, oddychaj\u0105cy, mi\u0142y w dotyku, \u0142atwy w praniu. Reaguje \u017ale tylko na z\u0142\u0105 kaw\u0119.  Wyprodukowano w Polsce.\" \/>\n<meta property=\"og:url\" content=\"https:\/\/simploworld.com\/produkt\/simplo-pocket-t-shirt\/\" \/>\n<meta property=\"og:site_name\" content=\"SIMPLo\" \/>\n<meta property=\"article:modified_time\" content=\"2020-07-15T09:38:53+00:00\" \/>\n<meta property=\"og:image\" content=\"https:\/\/simploworld.com\/wp-content\/uploads\/2019\/08\/IMG_6313-1.png\" \/>\n\t<meta property=\"og:image:width\" content=\"1920\" \/>\n\t<meta property=\"og:image:height\" content=\"1920\" \/>\n\t<meta property=\"og:image:type\" content=\"image\/png\" \/>\n<meta name=\"twitter:card\" content=\"summary_large_image\" \/>\n<script type=\"application\/ld+json\" class=\"yoast-schema-graph\">{\"@context\":\"https:\/\/schema.org\",\"@graph\":[{\"@type\":\"WebPage\",\"@id\":\"https:\/\/simploworld.com\/produkt\/simplo-pocket-t-shirt\/\",\"url\":\"https:\/\/simploworld.com\/produkt\/simplo-pocket-t-shirt\/\",\"name\":\"SIMPLo Pocket\",\"isPartOf\":{\"@id\":\"https:\/\/simploworld.com\/#website\"},\"primaryImageOfPage\":{\"@id\":\"https:\/\/simploworld.com\/produkt\/simplo-pocket-t-shirt\/#primaryimage\"},\"image\":{\"@id\":\"https:\/\/simploworld.com\/produkt\/simplo-pocket-t-shirt\/#primaryimage\"},\"thumbnailUrl\":\"https:\/\/simploworld.com\/wp-content\/uploads\/2019\/08\/IMG_6313-1.png\",\"datePublished\":\"2019-08-09T08:08:51+00:00\",\"dateModified\":\"2020-07-15T09:38:53+00:00\",\"breadcrumb\":{\"@id\":\"https:\/\/simploworld.com\/produkt\/simplo-pocket-t-shirt\/#breadcrumb\"},\"inLanguage\":\"pl-PL\",\"potentialAction\":[{\"@type\":\"ReadAction\",\"target\":[\"https:\/\/simploworld.com\/produkt\/simplo-pocket-t-shirt\/\"]}]},{\"@type\":\"ImageObject\",\"inLanguage\":\"pl-PL\",\"@id\":\"https:\/\/simploworld.com\/produkt\/simplo-pocket-t-shirt\/#primaryimage\",\"url\":\"https:\/\/simploworld.com\/wp-content\/uploads\/2019\/08\/IMG_6313-1.png\",\"contentUrl\":\"https:\/\/simploworld.com\/wp-content\/uploads\/2019\/08\/IMG_6313-1.png\",\"width\":1920,\"height\":1920},{\"@type\":\"BreadcrumbList\",\"@id\":\"https:\/\/simploworld.com\/produkt\/simplo-pocket-t-shirt\/#breadcrumb\",\"itemListElement\":[{\"@type\":\"ListItem\",\"position\":1,\"name\":\"Home\",\"item\":\"https:\/\/simploworld.com\/pl\/\"},{\"@type\":\"ListItem\",\"position\":2,\"name\":\"Sklep\",\"item\":\"https:\/\/simploworld.com\/pl\/sklep\/\"},{\"@type\":\"ListItem\",\"position\":3,\"name\":\"SIMPLo Pocket\"}]},{\"@type\":\"WebSite\",\"@id\":\"https:\/\/simploworld.com\/#website\",\"url\":\"https:\/\/simploworld.com\/\",\"name\":\"SIMPLo\",\"description\":\"We\u017a jeden \u0142yk i wszystko si\u0119 zmieni\",\"potentialAction\":[{\"@type\":\"SearchAction\",\"target\":{\"@type\":\"EntryPoint\",\"urlTemplate\":\"https:\/\/simploworld.com\/?s={search_term_string}\"},\"query-input\":\"required name=search_term_string\"}],\"inLanguage\":\"pl-PL\"}]}<\/script>\n<!-- \/ Yoast SEO plugin. -->","yoast_head_json":{"title":"SIMPLo Pocket","robots":{"index":"index","follow":"follow","max-snippet":"max-snippet:-1","max-image-preview":"max-image-preview:large","max-video-preview":"max-video-preview:-1"},"canonical":"https:\/\/simploworld.com\/produkt\/simplo-pocket-t-shirt\/","og_locale":"pl_PL","og_type":"article","og_title":"SIMPLo Pocket","og_description":"Kreatywno\u015b\u0107. Klucz do interesuj\u0105cego \u017cycia. Uruchom swoj\u0105 wyobra\u017ani\u0119 \u2014 wyra\u017a si\u0119 z SIMPLo. Nie pozw\u00f3l by twoje marzenia zgin\u0119\u0142y w codziennej rzeczywisto\u015bci. Upchnij je po kieszeniach. Wyjmuj kiedy tylko potrzebujesz.  \u2028Nasza specjalno\u015b\u0107? Dodawanie intryguj\u0105cych urozmaice\u0144 do klasycznych wzor\u00f3w. Oto jeden dla ciebie! Uniwersalny kr\u00f3j\u2026 Wzbogacony zawadiack\u0105 kieszonk\u0105 tworzy zupe\u0142nie now\u0105, garderobian\u0105 histori\u0119. Zestaw j\u0105 z czerwonymi trampkami dla ciekawszego kontrastu. Lub zosta\u0144 po bezpiecznej stronie mocy spod znaku casual look. Okre\u015bl sw\u00f3j styl. Ogranicza ci\u0119 tylko twoja fantazja. &nbsp; Bezkompromisowy materia\u0142: 100% bawe\u0142ny, oddychaj\u0105cy, mi\u0142y w dotyku, \u0142atwy w praniu. Reaguje \u017ale tylko na z\u0142\u0105 kaw\u0119.  Wyprodukowano w Polsce.","og_url":"https:\/\/simploworld.com\/produkt\/simplo-pocket-t-shirt\/","og_site_name":"SIMPLo","article_modified_time":"2020-07-15T09:38:53+00:00","og_image":[{"width":1920,"height":1920,"url":"https:\/\/simploworld.com\/wp-content\/uploads\/2019\/08\/IMG_6313-1.png","type":"image\/png"}],"twitter_card":"summary_large_image","schema":{"@context":"https:\/\/schema.org","@graph":[{"@type":"WebPage","@id":"https:\/\/simploworld.com\/produkt\/simplo-pocket-t-shirt\/","url":"https:\/\/simploworld.com\/produkt\/simplo-pocket-t-shirt\/","name":"SIMPLo Pocket","isPartOf":{"@id":"https:\/\/simploworld.com\/#website"},"primaryImageOfPage":{"@id":"https:\/\/simploworld.com\/produkt\/simplo-pocket-t-shirt\/#primaryimage"},"image":{"@id":"https:\/\/simploworld.com\/produkt\/simplo-pocket-t-shirt\/#primaryimage"},"thumbnailUrl":"https:\/\/simploworld.com\/wp-content\/uploads\/2019\/08\/IMG_6313-1.png","datePublished":"2019-08-09T08:08:51+00:00","dateModified":"2020-07-15T09:38:53+00:00","breadcrumb":{"@id":"https:\/\/simploworld.com\/produkt\/simplo-pocket-t-shirt\/#breadcrumb"},"inLanguage":"pl-PL","potentialAction":[{"@type":"ReadAction","target":["https:\/\/simploworld.com\/produkt\/simplo-pocket-t-shirt\/"]}]},{"@type":"ImageObject","inLanguage":"pl-PL","@id":"https:\/\/simploworld.com\/produkt\/simplo-pocket-t-shirt\/#primaryimage","url":"https:\/\/simploworld.com\/wp-content\/uploads\/2019\/08\/IMG_6313-1.png","contentUrl":"https:\/\/simploworld.com\/wp-content\/uploads\/2019\/08\/IMG_6313-1.png","width":1920,"height":1920},{"@type":"BreadcrumbList","@id":"https:\/\/simploworld.com\/produkt\/simplo-pocket-t-shirt\/#breadcrumb","itemListElement":[{"@type":"ListItem","position":1,"name":"Home","item":"https:\/\/simploworld.com\/pl\/"},{"@type":"ListItem","position":2,"name":"Sklep","item":"https:\/\/simploworld.com\/pl\/sklep\/"},{"@type":"ListItem","position":3,"name":"SIMPLo Pocket"}]},{"@type":"WebSite","@id":"https:\/\/simploworld.com\/#website","url":"https:\/\/simploworld.com\/","name":"SIMPLo","description":"We\u017a jeden \u0142yk i wszystko si\u0119 zmieni","potentialAction":[{"@type":"SearchAction","target":{"@type":"EntryPoint","urlTemplate":"https:\/\/simploworld.com\/?s={search_term_string}"},"query-input":"required name=search_term_string"}],"inLanguage":"pl-PL"}]}},"_links":{"self":[{"href":"https:\/\/simploworld.com\/pl\/wp-json\/wp\/v2\/product\/1174"}],"collection":[{"href":"https:\/\/simploworld.com\/pl\/wp-json\/wp\/v2\/product"}],"about":[{"href":"https:\/\/simploworld.com\/pl\/wp-json\/wp\/v2\/types\/product"}],"wp:featuredmedia":[{"embeddable":true,"href":"https:\/\/simploworld.com\/pl\/wp-json\/wp\/v2\/media\/2454"}],"wp:attachment":[{"href":"https:\/\/simploworld.com\/pl\/wp-json\/wp\/v2\/media?parent=1174"}],"wp:term":[{"taxonomy":"product_cat","embeddable":true,"href":"https:\/\/simploworld.com\/pl\/wp-json\/wp\/v2\/product_cat?post=1174"},{"taxonomy":"product_tag","embeddable":true,"href":"https:\/\/simploworld.com\/pl\/wp-json\/wp\/v2\/product_tag?post=1174"}],"curies":[{"name":"wp","href":"https:\/\/api.w.org\/{rel}","templated":true}]}}