{"id":1176,"date":"2019-08-09T08:10:37","date_gmt":"2019-08-09T08:10:37","guid":{"rendered":"https:\/\/simploworld.com\/product\/life-should-be-simplo\/"},"modified":"2020-11-06T13:52:38","modified_gmt":"2020-11-06T13:52:38","slug":"life-should-be-simplo","status":"publish","type":"product","link":"https:\/\/simploworld.com\/pl\/produkt\/life-should-be-simplo\/","title":{"rendered":"Life Should Be SIMPLo"},"content":{"rendered":"","protected":false},"excerpt":{"rendered":"<p style=\"text-align: justify;\">Butelka wody, parasolka, \u0142adowarka do telefonu, drobne na parking i napiwki, has\u0142o do twojego s\u0142u\u017cbowego maila\u2026 Tak, zgadza si\u0119. Oto torba na wszystkie rzeczy, kt\u00f3rych wola\u0142by\u015b nie zapomnie\u0107. Zaprojektowana, by u\u0142atwia\u0107 ci codzienne \u017cycie.<\/p>\n<p style=\"text-align: justify;\">UWAGA: Przyja\u017animy si\u0119 ze \u015brodowiskiem jak nikt inny \u2014 nie zapominaj\u0105c o dobrym gu\u015bcie. Dbamy o planet\u0119 w stylu SIMPLo.<\/p>\n<p style=\"text-align: justify;\">Chcesz osi\u0105gn\u0105\u0107 pe\u0142ni\u0119 do\u015bwiadczenia SIMPLo? Si\u0119gnij po SIMPLo Sip Doughnut! Dorzu\u0107 twoj\u0105 ulubion\u0105 kaw\u0119 \u2014 co za s\u0142odki pakiet!<\/p>\n<p>&nbsp;<\/p>\n<p>Wyprodukowano w Polsce.<\/p>\n","protected":false},"featured_media":1328,"template":"","meta":{"_acf_changed":false},"product_cat":[122],"product_tag":[169,168],"acf":[],"yoast_head":"<!-- This site is optimized with the Yoast SEO plugin v23.0 - https:\/\/yoast.com\/wordpress\/plugins\/seo\/ -->\n<title>Life Should Be SIMPLo<\/title>\n<meta name=\"robots\" content=\"index, follow, max-snippet:-1, max-image-preview:large, max-video-preview:-1\" \/>\n<link rel=\"canonical\" href=\"https:\/\/simploworld.com\/produkt\/life-should-be-simplo\/\" \/>\n<meta property=\"og:locale\" content=\"pl_PL\" \/>\n<meta property=\"og:type\" content=\"article\" \/>\n<meta property=\"og:title\" content=\"Life Should Be SIMPLo\" \/>\n<meta property=\"og:description\" content=\"Butelka wody, parasolka, \u0142adowarka do telefonu, drobne na parking i napiwki, has\u0142o do twojego s\u0142u\u017cbowego maila\u2026 Tak, zgadza si\u0119. Oto torba na wszystkie rzeczy, kt\u00f3rych wola\u0142by\u015b nie zapomnie\u0107. Zaprojektowana, by u\u0142atwia\u0107 ci codzienne \u017cycie.  UWAGA: Przyja\u017animy si\u0119 ze \u015brodowiskiem jak nikt inny \u2014 nie zapominaj\u0105c o dobrym gu\u015bcie. Dbamy o planet\u0119 w stylu SIMPLo.  Chcesz osi\u0105gn\u0105\u0107 pe\u0142ni\u0119 do\u015bwiadczenia SIMPLo? Si\u0119gnij po SIMPLo Sip Doughnut! Dorzu\u0107 twoj\u0105 ulubion\u0105 kaw\u0119 \u2014 co za s\u0142odki pakiet! &nbsp; Wyprodukowano w Polsce.\" \/>\n<meta property=\"og:url\" content=\"https:\/\/simploworld.com\/produkt\/life-should-be-simplo\/\" \/>\n<meta property=\"og:site_name\" content=\"SIMPLo\" \/>\n<meta property=\"article:modified_time\" content=\"2020-11-06T13:52:38+00:00\" \/>\n<meta property=\"og:image\" content=\"https:\/\/simploworld.com\/wp-content\/uploads\/2019\/08\/SIMPLo_Bag.png\" \/>\n\t<meta property=\"og:image:width\" content=\"1920\" \/>\n\t<meta property=\"og:image:height\" content=\"1920\" \/>\n\t<meta property=\"og:image:type\" content=\"image\/png\" \/>\n<meta name=\"twitter:card\" content=\"summary_large_image\" \/>\n<script type=\"application\/ld+json\" class=\"yoast-schema-graph\">{\"@context\":\"https:\/\/schema.org\",\"@graph\":[{\"@type\":\"WebPage\",\"@id\":\"https:\/\/simploworld.com\/produkt\/life-should-be-simplo\/\",\"url\":\"https:\/\/simploworld.com\/produkt\/life-should-be-simplo\/\",\"name\":\"Life Should Be SIMPLo\",\"isPartOf\":{\"@id\":\"https:\/\/simploworld.com\/#website\"},\"primaryImageOfPage\":{\"@id\":\"https:\/\/simploworld.com\/produkt\/life-should-be-simplo\/#primaryimage\"},\"image\":{\"@id\":\"https:\/\/simploworld.com\/produkt\/life-should-be-simplo\/#primaryimage\"},\"thumbnailUrl\":\"https:\/\/simploworld.com\/wp-content\/uploads\/2019\/08\/SIMPLo_Bag.png\",\"datePublished\":\"2019-08-09T08:10:37+00:00\",\"dateModified\":\"2020-11-06T13:52:38+00:00\",\"breadcrumb\":{\"@id\":\"https:\/\/simploworld.com\/produkt\/life-should-be-simplo\/#breadcrumb\"},\"inLanguage\":\"pl-PL\",\"potentialAction\":[{\"@type\":\"ReadAction\",\"target\":[\"https:\/\/simploworld.com\/produkt\/life-should-be-simplo\/\"]}]},{\"@type\":\"ImageObject\",\"inLanguage\":\"pl-PL\",\"@id\":\"https:\/\/simploworld.com\/produkt\/life-should-be-simplo\/#primaryimage\",\"url\":\"https:\/\/simploworld.com\/wp-content\/uploads\/2019\/08\/SIMPLo_Bag.png\",\"contentUrl\":\"https:\/\/simploworld.com\/wp-content\/uploads\/2019\/08\/SIMPLo_Bag.png\",\"width\":1920,\"height\":1920},{\"@type\":\"BreadcrumbList\",\"@id\":\"https:\/\/simploworld.com\/produkt\/life-should-be-simplo\/#breadcrumb\",\"itemListElement\":[{\"@type\":\"ListItem\",\"position\":1,\"name\":\"Home\",\"item\":\"https:\/\/simploworld.com\/pl\/\"},{\"@type\":\"ListItem\",\"position\":2,\"name\":\"Sklep\",\"item\":\"https:\/\/simploworld.com\/pl\/sklep\/\"},{\"@type\":\"ListItem\",\"position\":3,\"name\":\"Life Should Be SIMPLo\"}]},{\"@type\":\"WebSite\",\"@id\":\"https:\/\/simploworld.com\/#website\",\"url\":\"https:\/\/simploworld.com\/\",\"name\":\"SIMPLo\",\"description\":\"We\u017a jeden \u0142yk i wszystko si\u0119 zmieni\",\"potentialAction\":[{\"@type\":\"SearchAction\",\"target\":{\"@type\":\"EntryPoint\",\"urlTemplate\":\"https:\/\/simploworld.com\/?s={search_term_string}\"},\"query-input\":\"required name=search_term_string\"}],\"inLanguage\":\"pl-PL\"}]}<\/script>\n<!-- \/ Yoast SEO plugin. -->","yoast_head_json":{"title":"Life Should Be SIMPLo","robots":{"index":"index","follow":"follow","max-snippet":"max-snippet:-1","max-image-preview":"max-image-preview:large","max-video-preview":"max-video-preview:-1"},"canonical":"https:\/\/simploworld.com\/produkt\/life-should-be-simplo\/","og_locale":"pl_PL","og_type":"article","og_title":"Life Should Be SIMPLo","og_description":"Butelka wody, parasolka, \u0142adowarka do telefonu, drobne na parking i napiwki, has\u0142o do twojego s\u0142u\u017cbowego maila\u2026 Tak, zgadza si\u0119. Oto torba na wszystkie rzeczy, kt\u00f3rych wola\u0142by\u015b nie zapomnie\u0107. Zaprojektowana, by u\u0142atwia\u0107 ci codzienne \u017cycie.  UWAGA: Przyja\u017animy si\u0119 ze \u015brodowiskiem jak nikt inny \u2014 nie zapominaj\u0105c o dobrym gu\u015bcie. Dbamy o planet\u0119 w stylu SIMPLo.  Chcesz osi\u0105gn\u0105\u0107 pe\u0142ni\u0119 do\u015bwiadczenia SIMPLo? Si\u0119gnij po SIMPLo Sip Doughnut! Dorzu\u0107 twoj\u0105 ulubion\u0105 kaw\u0119 \u2014 co za s\u0142odki pakiet! &nbsp; Wyprodukowano w Polsce.","og_url":"https:\/\/simploworld.com\/produkt\/life-should-be-simplo\/","og_site_name":"SIMPLo","article_modified_time":"2020-11-06T13:52:38+00:00","og_image":[{"width":1920,"height":1920,"url":"https:\/\/simploworld.com\/wp-content\/uploads\/2019\/08\/SIMPLo_Bag.png","type":"image\/png"}],"twitter_card":"summary_large_image","schema":{"@context":"https:\/\/schema.org","@graph":[{"@type":"WebPage","@id":"https:\/\/simploworld.com\/produkt\/life-should-be-simplo\/","url":"https:\/\/simploworld.com\/produkt\/life-should-be-simplo\/","name":"Life Should Be SIMPLo","isPartOf":{"@id":"https:\/\/simploworld.com\/#website"},"primaryImageOfPage":{"@id":"https:\/\/simploworld.com\/produkt\/life-should-be-simplo\/#primaryimage"},"image":{"@id":"https:\/\/simploworld.com\/produkt\/life-should-be-simplo\/#primaryimage"},"thumbnailUrl":"https:\/\/simploworld.com\/wp-content\/uploads\/2019\/08\/SIMPLo_Bag.png","datePublished":"2019-08-09T08:10:37+00:00","dateModified":"2020-11-06T13:52:38+00:00","breadcrumb":{"@id":"https:\/\/simploworld.com\/produkt\/life-should-be-simplo\/#breadcrumb"},"inLanguage":"pl-PL","potentialAction":[{"@type":"ReadAction","target":["https:\/\/simploworld.com\/produkt\/life-should-be-simplo\/"]}]},{"@type":"ImageObject","inLanguage":"pl-PL","@id":"https:\/\/simploworld.com\/produkt\/life-should-be-simplo\/#primaryimage","url":"https:\/\/simploworld.com\/wp-content\/uploads\/2019\/08\/SIMPLo_Bag.png","contentUrl":"https:\/\/simploworld.com\/wp-content\/uploads\/2019\/08\/SIMPLo_Bag.png","width":1920,"height":1920},{"@type":"BreadcrumbList","@id":"https:\/\/simploworld.com\/produkt\/life-should-be-simplo\/#breadcrumb","itemListElement":[{"@type":"ListItem","position":1,"name":"Home","item":"https:\/\/simploworld.com\/pl\/"},{"@type":"ListItem","position":2,"name":"Sklep","item":"https:\/\/simploworld.com\/pl\/sklep\/"},{"@type":"ListItem","position":3,"name":"Life Should Be SIMPLo"}]},{"@type":"WebSite","@id":"https:\/\/simploworld.com\/#website","url":"https:\/\/simploworld.com\/","name":"SIMPLo","description":"We\u017a jeden \u0142yk i wszystko si\u0119 zmieni","potentialAction":[{"@type":"SearchAction","target":{"@type":"EntryPoint","urlTemplate":"https:\/\/simploworld.com\/?s={search_term_string}"},"query-input":"required name=search_term_string"}],"inLanguage":"pl-PL"}]}},"_links":{"self":[{"href":"https:\/\/simploworld.com\/pl\/wp-json\/wp\/v2\/product\/1176"}],"collection":[{"href":"https:\/\/simploworld.com\/pl\/wp-json\/wp\/v2\/product"}],"about":[{"href":"https:\/\/simploworld.com\/pl\/wp-json\/wp\/v2\/types\/product"}],"wp:featuredmedia":[{"embeddable":true,"href":"https:\/\/simploworld.com\/pl\/wp-json\/wp\/v2\/media\/1328"}],"wp:attachment":[{"href":"https:\/\/simploworld.com\/pl\/wp-json\/wp\/v2\/media?parent=1176"}],"wp:term":[{"taxonomy":"product_cat","embeddable":true,"href":"https:\/\/simploworld.com\/pl\/wp-json\/wp\/v2\/product_cat?post=1176"},{"taxonomy":"product_tag","embeddable":true,"href":"https:\/\/simploworld.com\/pl\/wp-json\/wp\/v2\/product_tag?post=1176"}],"curies":[{"name":"wp","href":"https:\/\/api.w.org\/{rel}","templated":true}]}}