{"id":1177,"date":"2019-08-09T08:11:56","date_gmt":"2019-08-09T08:11:56","guid":{"rendered":"https:\/\/simploworld.com\/product\/needo\/"},"modified":"2022-05-23T19:12:29","modified_gmt":"2022-05-23T19:12:29","slug":"simplo-tyvek-bag-hi-needo","status":"publish","type":"product","link":"https:\/\/simploworld.com\/pl\/produkt\/simplo-tyvek-bag-hi-needo\/","title":{"rendered":"Hi, Needo!"},"content":{"rendered":"","protected":false},"excerpt":{"rendered":"<p style=\"text-align: justify;\">Co powiesz na dzie\u0144 zdalny? Spakuj do niej laptopa.<\/p>\n<p style=\"text-align: justify;\">Pracuj z kawiarni w \u015br\u00f3dmie\u015bciu lub z osiedlowego parku. Ta torba zosta\u0142a stworzona, by pod\u0105\u017ca\u0107 za twoimi potrzebami. Zanurkuj po ksi\u0105\u017ck\u0119 i korzystaj w pe\u0142ni z popo\u0142udniowej przerwy na kaw\u0119. Poruszy\u0142a ci\u0119 opowie\u015b\u0107? \u017baden wstyd uroni\u0107 \u0142ezk\u0119 czy dwie.<\/p>\n<p style=\"text-align: justify;\">W torbie masz chusteczki, pocz\u0119stuj si\u0119. A kiedy przyjdzie czas na powr\u00f3t do domu\u2026 Po drodze dorzu\u0107 ma\u0142e zakupy, co\u015b na kolacj\u0119 i na os\u0142od\u0119.<\/p>\n<p>&nbsp;<\/p>\n<p style=\"text-align: justify;\">Podobno torba Tyvek zniesie wszystko. M\u00f3wi\u0105, \u017ce to materia\u0142 przysz\u0142o\u015bci \u2014 lekki, wodoodporny, oddychaj\u0105cy i superwytrzyma\u0142y. Robi wra\u017cenie! <\/p>\n<p style=\"text-align: justify;\">UWAGA: Przyja\u017animy si\u0119 ze \u015brodowiskiem jak nikt inny \u2014 nie zapominaj\u0105c o dobrym gu\u015bcie. Dbamy o planet\u0119 w stylu SIMPLo.<\/p>\n<p>&nbsp;<\/p>\n<p>Wyprodukowano w Polsce.<\/p>\n","protected":false},"featured_media":2702,"template":"","meta":{"_acf_changed":false},"product_cat":[122],"product_tag":[169,168],"acf":[],"yoast_head":"<!-- This site is optimized with the Yoast SEO plugin v23.0 - https:\/\/yoast.com\/wordpress\/plugins\/seo\/ -->\n<title>Hi, Needo!<\/title>\n<meta name=\"robots\" content=\"index, follow, max-snippet:-1, max-image-preview:large, max-video-preview:-1\" \/>\n<link rel=\"canonical\" href=\"https:\/\/simploworld.com\/produkt\/simplo-tyvek-bag-hi-needo\/\" \/>\n<meta property=\"og:locale\" content=\"pl_PL\" \/>\n<meta property=\"og:type\" content=\"article\" \/>\n<meta property=\"og:title\" content=\"Hi, Needo!\" \/>\n<meta property=\"og:description\" content=\"Co powiesz na dzie\u0144 zdalny? Spakuj do niej laptopa.  Pracuj z kawiarni w \u015br\u00f3dmie\u015bciu lub z osiedlowego parku. Ta torba zosta\u0142a stworzona, by pod\u0105\u017ca\u0107 za twoimi potrzebami. Zanurkuj po ksi\u0105\u017ck\u0119 i korzystaj w pe\u0142ni z popo\u0142udniowej przerwy na kaw\u0119. Poruszy\u0142a ci\u0119 opowie\u015b\u0107? \u017baden wstyd uroni\u0107 \u0142ezk\u0119 czy dwie.  W torbie masz chusteczki, pocz\u0119stuj si\u0119. A kiedy przyjdzie czas na powr\u00f3t do domu\u2026 Po drodze dorzu\u0107 ma\u0142e zakupy, co\u015b na kolacj\u0119 i na os\u0142od\u0119. &nbsp; Podobno torba Tyvek zniesie wszystko. M\u00f3wi\u0105, \u017ce to materia\u0142 przysz\u0142o\u015bci \u2014 lekki, wodoodporny, oddychaj\u0105cy i superwytrzyma\u0142y. Robi wra\u017cenie!   UWAGA: Przyja\u017animy si\u0119 ze \u015brodowiskiem jak nikt inny \u2014 nie zapominaj\u0105c o dobrym gu\u015bcie. Dbamy o planet\u0119 w stylu SIMPLo. &nbsp; Wyprodukowano w Polsce.\" \/>\n<meta property=\"og:url\" content=\"https:\/\/simploworld.com\/produkt\/simplo-tyvek-bag-hi-needo\/\" \/>\n<meta property=\"og:site_name\" content=\"SIMPLo\" \/>\n<meta property=\"article:modified_time\" content=\"2022-05-23T19:12:29+00:00\" \/>\n<meta property=\"og:image\" content=\"https:\/\/simploworld.com\/wp-content\/uploads\/2019\/08\/SIMPLo-tyvek-bag-front.png\" \/>\n\t<meta property=\"og:image:width\" content=\"1920\" \/>\n\t<meta property=\"og:image:height\" content=\"1920\" \/>\n\t<meta property=\"og:image:type\" content=\"image\/png\" \/>\n<meta name=\"twitter:card\" content=\"summary_large_image\" \/>\n<script type=\"application\/ld+json\" class=\"yoast-schema-graph\">{\"@context\":\"https:\/\/schema.org\",\"@graph\":[{\"@type\":\"WebPage\",\"@id\":\"https:\/\/simploworld.com\/produkt\/simplo-tyvek-bag-hi-needo\/\",\"url\":\"https:\/\/simploworld.com\/produkt\/simplo-tyvek-bag-hi-needo\/\",\"name\":\"Hi, Needo!\",\"isPartOf\":{\"@id\":\"https:\/\/simploworld.com\/#website\"},\"primaryImageOfPage\":{\"@id\":\"https:\/\/simploworld.com\/produkt\/simplo-tyvek-bag-hi-needo\/#primaryimage\"},\"image\":{\"@id\":\"https:\/\/simploworld.com\/produkt\/simplo-tyvek-bag-hi-needo\/#primaryimage\"},\"thumbnailUrl\":\"https:\/\/simploworld.com\/wp-content\/uploads\/2019\/08\/SIMPLo-tyvek-bag-front.png\",\"datePublished\":\"2019-08-09T08:11:56+00:00\",\"dateModified\":\"2022-05-23T19:12:29+00:00\",\"breadcrumb\":{\"@id\":\"https:\/\/simploworld.com\/produkt\/simplo-tyvek-bag-hi-needo\/#breadcrumb\"},\"inLanguage\":\"pl-PL\",\"potentialAction\":[{\"@type\":\"ReadAction\",\"target\":[\"https:\/\/simploworld.com\/produkt\/simplo-tyvek-bag-hi-needo\/\"]}]},{\"@type\":\"ImageObject\",\"inLanguage\":\"pl-PL\",\"@id\":\"https:\/\/simploworld.com\/produkt\/simplo-tyvek-bag-hi-needo\/#primaryimage\",\"url\":\"https:\/\/simploworld.com\/wp-content\/uploads\/2019\/08\/SIMPLo-tyvek-bag-front.png\",\"contentUrl\":\"https:\/\/simploworld.com\/wp-content\/uploads\/2019\/08\/SIMPLo-tyvek-bag-front.png\",\"width\":1920,\"height\":1920},{\"@type\":\"BreadcrumbList\",\"@id\":\"https:\/\/simploworld.com\/produkt\/simplo-tyvek-bag-hi-needo\/#breadcrumb\",\"itemListElement\":[{\"@type\":\"ListItem\",\"position\":1,\"name\":\"Home\",\"item\":\"https:\/\/simploworld.com\/pl\/\"},{\"@type\":\"ListItem\",\"position\":2,\"name\":\"Sklep\",\"item\":\"https:\/\/simploworld.com\/pl\/sklep\/\"},{\"@type\":\"ListItem\",\"position\":3,\"name\":\"Hi, Needo!\"}]},{\"@type\":\"WebSite\",\"@id\":\"https:\/\/simploworld.com\/#website\",\"url\":\"https:\/\/simploworld.com\/\",\"name\":\"SIMPLo\",\"description\":\"We\u017a jeden \u0142yk i wszystko si\u0119 zmieni\",\"potentialAction\":[{\"@type\":\"SearchAction\",\"target\":{\"@type\":\"EntryPoint\",\"urlTemplate\":\"https:\/\/simploworld.com\/?s={search_term_string}\"},\"query-input\":\"required name=search_term_string\"}],\"inLanguage\":\"pl-PL\"}]}<\/script>\n<!-- \/ Yoast SEO plugin. -->","yoast_head_json":{"title":"Hi, Needo!","robots":{"index":"index","follow":"follow","max-snippet":"max-snippet:-1","max-image-preview":"max-image-preview:large","max-video-preview":"max-video-preview:-1"},"canonical":"https:\/\/simploworld.com\/produkt\/simplo-tyvek-bag-hi-needo\/","og_locale":"pl_PL","og_type":"article","og_title":"Hi, Needo!","og_description":"Co powiesz na dzie\u0144 zdalny? Spakuj do niej laptopa.  Pracuj z kawiarni w \u015br\u00f3dmie\u015bciu lub z osiedlowego parku. Ta torba zosta\u0142a stworzona, by pod\u0105\u017ca\u0107 za twoimi potrzebami. Zanurkuj po ksi\u0105\u017ck\u0119 i korzystaj w pe\u0142ni z popo\u0142udniowej przerwy na kaw\u0119. Poruszy\u0142a ci\u0119 opowie\u015b\u0107? \u017baden wstyd uroni\u0107 \u0142ezk\u0119 czy dwie.  W torbie masz chusteczki, pocz\u0119stuj si\u0119. A kiedy przyjdzie czas na powr\u00f3t do domu\u2026 Po drodze dorzu\u0107 ma\u0142e zakupy, co\u015b na kolacj\u0119 i na os\u0142od\u0119. &nbsp; Podobno torba Tyvek zniesie wszystko. M\u00f3wi\u0105, \u017ce to materia\u0142 przysz\u0142o\u015bci \u2014 lekki, wodoodporny, oddychaj\u0105cy i superwytrzyma\u0142y. Robi wra\u017cenie!   UWAGA: Przyja\u017animy si\u0119 ze \u015brodowiskiem jak nikt inny \u2014 nie zapominaj\u0105c o dobrym gu\u015bcie. Dbamy o planet\u0119 w stylu SIMPLo. &nbsp; Wyprodukowano w Polsce.","og_url":"https:\/\/simploworld.com\/produkt\/simplo-tyvek-bag-hi-needo\/","og_site_name":"SIMPLo","article_modified_time":"2022-05-23T19:12:29+00:00","og_image":[{"width":1920,"height":1920,"url":"https:\/\/simploworld.com\/wp-content\/uploads\/2019\/08\/SIMPLo-tyvek-bag-front.png","type":"image\/png"}],"twitter_card":"summary_large_image","schema":{"@context":"https:\/\/schema.org","@graph":[{"@type":"WebPage","@id":"https:\/\/simploworld.com\/produkt\/simplo-tyvek-bag-hi-needo\/","url":"https:\/\/simploworld.com\/produkt\/simplo-tyvek-bag-hi-needo\/","name":"Hi, Needo!","isPartOf":{"@id":"https:\/\/simploworld.com\/#website"},"primaryImageOfPage":{"@id":"https:\/\/simploworld.com\/produkt\/simplo-tyvek-bag-hi-needo\/#primaryimage"},"image":{"@id":"https:\/\/simploworld.com\/produkt\/simplo-tyvek-bag-hi-needo\/#primaryimage"},"thumbnailUrl":"https:\/\/simploworld.com\/wp-content\/uploads\/2019\/08\/SIMPLo-tyvek-bag-front.png","datePublished":"2019-08-09T08:11:56+00:00","dateModified":"2022-05-23T19:12:29+00:00","breadcrumb":{"@id":"https:\/\/simploworld.com\/produkt\/simplo-tyvek-bag-hi-needo\/#breadcrumb"},"inLanguage":"pl-PL","potentialAction":[{"@type":"ReadAction","target":["https:\/\/simploworld.com\/produkt\/simplo-tyvek-bag-hi-needo\/"]}]},{"@type":"ImageObject","inLanguage":"pl-PL","@id":"https:\/\/simploworld.com\/produkt\/simplo-tyvek-bag-hi-needo\/#primaryimage","url":"https:\/\/simploworld.com\/wp-content\/uploads\/2019\/08\/SIMPLo-tyvek-bag-front.png","contentUrl":"https:\/\/simploworld.com\/wp-content\/uploads\/2019\/08\/SIMPLo-tyvek-bag-front.png","width":1920,"height":1920},{"@type":"BreadcrumbList","@id":"https:\/\/simploworld.com\/produkt\/simplo-tyvek-bag-hi-needo\/#breadcrumb","itemListElement":[{"@type":"ListItem","position":1,"name":"Home","item":"https:\/\/simploworld.com\/pl\/"},{"@type":"ListItem","position":2,"name":"Sklep","item":"https:\/\/simploworld.com\/pl\/sklep\/"},{"@type":"ListItem","position":3,"name":"Hi, Needo!"}]},{"@type":"WebSite","@id":"https:\/\/simploworld.com\/#website","url":"https:\/\/simploworld.com\/","name":"SIMPLo","description":"We\u017a jeden \u0142yk i wszystko si\u0119 zmieni","potentialAction":[{"@type":"SearchAction","target":{"@type":"EntryPoint","urlTemplate":"https:\/\/simploworld.com\/?s={search_term_string}"},"query-input":"required name=search_term_string"}],"inLanguage":"pl-PL"}]}},"_links":{"self":[{"href":"https:\/\/simploworld.com\/pl\/wp-json\/wp\/v2\/product\/1177"}],"collection":[{"href":"https:\/\/simploworld.com\/pl\/wp-json\/wp\/v2\/product"}],"about":[{"href":"https:\/\/simploworld.com\/pl\/wp-json\/wp\/v2\/types\/product"}],"wp:featuredmedia":[{"embeddable":true,"href":"https:\/\/simploworld.com\/pl\/wp-json\/wp\/v2\/media\/2702"}],"wp:attachment":[{"href":"https:\/\/simploworld.com\/pl\/wp-json\/wp\/v2\/media?parent=1177"}],"wp:term":[{"taxonomy":"product_cat","embeddable":true,"href":"https:\/\/simploworld.com\/pl\/wp-json\/wp\/v2\/product_cat?post=1177"},{"taxonomy":"product_tag","embeddable":true,"href":"https:\/\/simploworld.com\/pl\/wp-json\/wp\/v2\/product_tag?post=1177"}],"curies":[{"name":"wp","href":"https:\/\/api.w.org\/{rel}","templated":true}]}}