{"id":1178,"date":"2019-10-09T07:02:29","date_gmt":"2019-08-09T07:02:29","guid":{"rendered":"https:\/\/simploworld.com\/product\/bang-bang\/"},"modified":"2026-02-28T15:42:47","modified_gmt":"2026-02-28T15:42:47","slug":"bang-bang","status":"publish","type":"product","link":"https:\/\/simploworld.com\/pl\/produkt\/bang-bang\/","title":{"rendered":"Bang Bang"},"content":{"rendered":"","protected":false},"excerpt":{"rendered":"<p style=\"text-align: justify;\">Ogniste w\u0142oskie espresso, kt\u00f3re zata\u0144czy na twoich kubkach smakowych.<\/p>\n<p style=\"text-align: justify;\">\u015arednia cielisto\u015b\u0107 z typowym w\u0142oskim kopniakiem, kt\u00f3ry uwypukla bogaty smak kakao i orzech\u00f3w w\u0142oskich. Lekka nuta \u015bliwki wybrzmiewa wraz ze s\u0142odkim aromatem. Wycisz Bang Bang odrobin\u0105 gor\u0105cej wody i przyrz\u0105d\u017a Americano lub we\u017a \u015bmia\u0142o podw\u00f3jny strza\u0142 espresso. Wypr\u00f3buj go z mlekiem, je\u015bli chcesz wydoby\u0107 egzotyk\u0119 orzech\u00f3w macadamia.<\/p>\n<p>&nbsp;<\/p>\n<p style=\"text-align: justify;\">Bang Bang! Co mo\u017cemy doda\u0107? Ten aromat po prostu nastraja do rado\u015bci. Zajrzyj do fili\u017canki\u2026 Widzisz t\u0119 p\u0142ynn\u0105 pewno\u015b\u0107 siebie? Bang Bang \u0142yk za \u0142ykiem przygotuje ci\u0119 na wszystkie niespodzianki tego dnia! Wczuj si\u0119 w rytm boongaloo \u2014 zamie\u0144 zwyk\u0142e kroki na dziarski ch\u00f3d. Przejd\u017amy przez dzie\u0144 w stylu SIMPLo.<\/p>\n<p style=\"text-align: justify;\">Dla \u017cyciowych sprinter\u00f3w polecamy espresso. A je\u015bli wolisz trucht i spokojne s\u0105czenie do\u015bwiadcze\u0144 \u2014 wypr\u00f3buj French press lub ekspres przelewowy. Bez wzgl\u0119du na metod\u0119 zaparzania, dogoni ci\u0119 ob\u0142\u0119dny smak.<\/p>\n","protected":false},"featured_media":1398,"template":"","meta":{"_acf_changed":false},"product_cat":[110],"product_tag":[161,162],"acf":[],"yoast_head":"<!-- This site is optimized with the Yoast SEO plugin v23.0 - https:\/\/yoast.com\/wordpress\/plugins\/seo\/ -->\n<title>Bang Bang<\/title>\n<meta name=\"robots\" content=\"index, follow, max-snippet:-1, max-image-preview:large, max-video-preview:-1\" \/>\n<link rel=\"canonical\" href=\"https:\/\/simploworld.com\/produkt\/bang-bang\/\" \/>\n<meta property=\"og:locale\" content=\"pl_PL\" \/>\n<meta property=\"og:type\" content=\"article\" \/>\n<meta property=\"og:title\" content=\"Bang Bang\" \/>\n<meta property=\"og:description\" content=\"Ogniste w\u0142oskie espresso, kt\u00f3re zata\u0144czy na twoich kubkach smakowych. \u015arednia cielisto\u015b\u0107 z typowym w\u0142oskim kopniakiem, kt\u00f3ry uwypukla bogaty smak kakao i orzech\u00f3w w\u0142oskich. Lekka nuta \u015bliwki wybrzmiewa wraz ze s\u0142odkim aromatem. Wycisz Bang Bang odrobin\u0105 gor\u0105cej wody i przyrz\u0105d\u017a Americano lub we\u017a \u015bmia\u0142o podw\u00f3jny strza\u0142 espresso. Wypr\u00f3buj go z mlekiem, je\u015bli chcesz wydoby\u0107 egzotyk\u0119 orzech\u00f3w macadamia. &nbsp; Bang Bang! Co mo\u017cemy doda\u0107? Ten aromat po prostu nastraja do rado\u015bci. Zajrzyj do fili\u017canki\u2026 Widzisz t\u0119 p\u0142ynn\u0105 pewno\u015b\u0107 siebie? Bang Bang \u0142yk za \u0142ykiem przygotuje ci\u0119 na wszystkie niespodzianki tego dnia! Wczuj si\u0119 w rytm boongaloo \u2014 zamie\u0144 zwyk\u0142e kroki na dziarski ch\u00f3d. Przejd\u017amy przez dzie\u0144 w stylu SIMPLo. Dla \u017cyciowych sprinter\u00f3w polecamy espresso. A je\u015bli wolisz trucht i spokojne s\u0105czenie do\u015bwiadcze\u0144 \u2014 wypr\u00f3buj French press lub ekspres przelewowy. Bez wzgl\u0119du na metod\u0119 zaparzania, dogoni ci\u0119 ob\u0142\u0119dny smak.\" \/>\n<meta property=\"og:url\" content=\"https:\/\/simploworld.com\/produkt\/bang-bang\/\" \/>\n<meta property=\"og:site_name\" content=\"SIMPLo\" \/>\n<meta property=\"article:modified_time\" content=\"2026-02-28T15:42:47+00:00\" \/>\n<meta property=\"og:image\" content=\"https:\/\/simploworld.com\/wp-content\/uploads\/2019\/08\/IMG_0700_nbg_1-1-1.png\" \/>\n\t<meta property=\"og:image:width\" content=\"1920\" \/>\n\t<meta property=\"og:image:height\" content=\"1920\" \/>\n\t<meta property=\"og:image:type\" content=\"image\/png\" \/>\n<meta name=\"twitter:card\" content=\"summary_large_image\" \/>\n<script type=\"application\/ld+json\" class=\"yoast-schema-graph\">{\"@context\":\"https:\/\/schema.org\",\"@graph\":[{\"@type\":\"WebPage\",\"@id\":\"https:\/\/simploworld.com\/produkt\/bang-bang\/\",\"url\":\"https:\/\/simploworld.com\/produkt\/bang-bang\/\",\"name\":\"Bang Bang\",\"isPartOf\":{\"@id\":\"https:\/\/simploworld.com\/#website\"},\"primaryImageOfPage\":{\"@id\":\"https:\/\/simploworld.com\/produkt\/bang-bang\/#primaryimage\"},\"image\":{\"@id\":\"https:\/\/simploworld.com\/produkt\/bang-bang\/#primaryimage\"},\"thumbnailUrl\":\"https:\/\/simploworld.com\/wp-content\/uploads\/2019\/08\/IMG_0700_nbg_1-1-1.png\",\"datePublished\":\"2019-08-09T07:02:29+00:00\",\"dateModified\":\"2026-02-28T15:42:47+00:00\",\"breadcrumb\":{\"@id\":\"https:\/\/simploworld.com\/produkt\/bang-bang\/#breadcrumb\"},\"inLanguage\":\"pl-PL\",\"potentialAction\":[{\"@type\":\"ReadAction\",\"target\":[\"https:\/\/simploworld.com\/produkt\/bang-bang\/\"]}]},{\"@type\":\"ImageObject\",\"inLanguage\":\"pl-PL\",\"@id\":\"https:\/\/simploworld.com\/produkt\/bang-bang\/#primaryimage\",\"url\":\"https:\/\/simploworld.com\/wp-content\/uploads\/2019\/08\/IMG_0700_nbg_1-1-1.png\",\"contentUrl\":\"https:\/\/simploworld.com\/wp-content\/uploads\/2019\/08\/IMG_0700_nbg_1-1-1.png\",\"width\":1920,\"height\":1920},{\"@type\":\"BreadcrumbList\",\"@id\":\"https:\/\/simploworld.com\/produkt\/bang-bang\/#breadcrumb\",\"itemListElement\":[{\"@type\":\"ListItem\",\"position\":1,\"name\":\"Home\",\"item\":\"https:\/\/simploworld.com\/pl\/\"},{\"@type\":\"ListItem\",\"position\":2,\"name\":\"Sklep\",\"item\":\"https:\/\/simploworld.com\/pl\/sklep\/\"},{\"@type\":\"ListItem\",\"position\":3,\"name\":\"Bang Bang\"}]},{\"@type\":\"WebSite\",\"@id\":\"https:\/\/simploworld.com\/#website\",\"url\":\"https:\/\/simploworld.com\/\",\"name\":\"SIMPLo\",\"description\":\"We\u017a jeden \u0142yk i wszystko si\u0119 zmieni\",\"potentialAction\":[{\"@type\":\"SearchAction\",\"target\":{\"@type\":\"EntryPoint\",\"urlTemplate\":\"https:\/\/simploworld.com\/?s={search_term_string}\"},\"query-input\":\"required name=search_term_string\"}],\"inLanguage\":\"pl-PL\"}]}<\/script>\n<!-- \/ Yoast SEO plugin. -->","yoast_head_json":{"title":"Bang Bang","robots":{"index":"index","follow":"follow","max-snippet":"max-snippet:-1","max-image-preview":"max-image-preview:large","max-video-preview":"max-video-preview:-1"},"canonical":"https:\/\/simploworld.com\/produkt\/bang-bang\/","og_locale":"pl_PL","og_type":"article","og_title":"Bang Bang","og_description":"Ogniste w\u0142oskie espresso, kt\u00f3re zata\u0144czy na twoich kubkach smakowych. \u015arednia cielisto\u015b\u0107 z typowym w\u0142oskim kopniakiem, kt\u00f3ry uwypukla bogaty smak kakao i orzech\u00f3w w\u0142oskich. Lekka nuta \u015bliwki wybrzmiewa wraz ze s\u0142odkim aromatem. Wycisz Bang Bang odrobin\u0105 gor\u0105cej wody i przyrz\u0105d\u017a Americano lub we\u017a \u015bmia\u0142o podw\u00f3jny strza\u0142 espresso. Wypr\u00f3buj go z mlekiem, je\u015bli chcesz wydoby\u0107 egzotyk\u0119 orzech\u00f3w macadamia. &nbsp; Bang Bang! Co mo\u017cemy doda\u0107? Ten aromat po prostu nastraja do rado\u015bci. Zajrzyj do fili\u017canki\u2026 Widzisz t\u0119 p\u0142ynn\u0105 pewno\u015b\u0107 siebie? Bang Bang \u0142yk za \u0142ykiem przygotuje ci\u0119 na wszystkie niespodzianki tego dnia! Wczuj si\u0119 w rytm boongaloo \u2014 zamie\u0144 zwyk\u0142e kroki na dziarski ch\u00f3d. Przejd\u017amy przez dzie\u0144 w stylu SIMPLo. Dla \u017cyciowych sprinter\u00f3w polecamy espresso. A je\u015bli wolisz trucht i spokojne s\u0105czenie do\u015bwiadcze\u0144 \u2014 wypr\u00f3buj French press lub ekspres przelewowy. Bez wzgl\u0119du na metod\u0119 zaparzania, dogoni ci\u0119 ob\u0142\u0119dny smak.","og_url":"https:\/\/simploworld.com\/produkt\/bang-bang\/","og_site_name":"SIMPLo","article_modified_time":"2026-02-28T15:42:47+00:00","og_image":[{"width":1920,"height":1920,"url":"https:\/\/simploworld.com\/wp-content\/uploads\/2019\/08\/IMG_0700_nbg_1-1-1.png","type":"image\/png"}],"twitter_card":"summary_large_image","schema":{"@context":"https:\/\/schema.org","@graph":[{"@type":"WebPage","@id":"https:\/\/simploworld.com\/produkt\/bang-bang\/","url":"https:\/\/simploworld.com\/produkt\/bang-bang\/","name":"Bang Bang","isPartOf":{"@id":"https:\/\/simploworld.com\/#website"},"primaryImageOfPage":{"@id":"https:\/\/simploworld.com\/produkt\/bang-bang\/#primaryimage"},"image":{"@id":"https:\/\/simploworld.com\/produkt\/bang-bang\/#primaryimage"},"thumbnailUrl":"https:\/\/simploworld.com\/wp-content\/uploads\/2019\/08\/IMG_0700_nbg_1-1-1.png","datePublished":"2019-08-09T07:02:29+00:00","dateModified":"2026-02-28T15:42:47+00:00","breadcrumb":{"@id":"https:\/\/simploworld.com\/produkt\/bang-bang\/#breadcrumb"},"inLanguage":"pl-PL","potentialAction":[{"@type":"ReadAction","target":["https:\/\/simploworld.com\/produkt\/bang-bang\/"]}]},{"@type":"ImageObject","inLanguage":"pl-PL","@id":"https:\/\/simploworld.com\/produkt\/bang-bang\/#primaryimage","url":"https:\/\/simploworld.com\/wp-content\/uploads\/2019\/08\/IMG_0700_nbg_1-1-1.png","contentUrl":"https:\/\/simploworld.com\/wp-content\/uploads\/2019\/08\/IMG_0700_nbg_1-1-1.png","width":1920,"height":1920},{"@type":"BreadcrumbList","@id":"https:\/\/simploworld.com\/produkt\/bang-bang\/#breadcrumb","itemListElement":[{"@type":"ListItem","position":1,"name":"Home","item":"https:\/\/simploworld.com\/pl\/"},{"@type":"ListItem","position":2,"name":"Sklep","item":"https:\/\/simploworld.com\/pl\/sklep\/"},{"@type":"ListItem","position":3,"name":"Bang Bang"}]},{"@type":"WebSite","@id":"https:\/\/simploworld.com\/#website","url":"https:\/\/simploworld.com\/","name":"SIMPLo","description":"We\u017a jeden \u0142yk i wszystko si\u0119 zmieni","potentialAction":[{"@type":"SearchAction","target":{"@type":"EntryPoint","urlTemplate":"https:\/\/simploworld.com\/?s={search_term_string}"},"query-input":"required name=search_term_string"}],"inLanguage":"pl-PL"}]}},"_links":{"self":[{"href":"https:\/\/simploworld.com\/pl\/wp-json\/wp\/v2\/product\/1178"}],"collection":[{"href":"https:\/\/simploworld.com\/pl\/wp-json\/wp\/v2\/product"}],"about":[{"href":"https:\/\/simploworld.com\/pl\/wp-json\/wp\/v2\/types\/product"}],"wp:featuredmedia":[{"embeddable":true,"href":"https:\/\/simploworld.com\/pl\/wp-json\/wp\/v2\/media\/1398"}],"wp:attachment":[{"href":"https:\/\/simploworld.com\/pl\/wp-json\/wp\/v2\/media?parent=1178"}],"wp:term":[{"taxonomy":"product_cat","embeddable":true,"href":"https:\/\/simploworld.com\/pl\/wp-json\/wp\/v2\/product_cat?post=1178"},{"taxonomy":"product_tag","embeddable":true,"href":"https:\/\/simploworld.com\/pl\/wp-json\/wp\/v2\/product_tag?post=1178"}],"curies":[{"name":"wp","href":"https:\/\/api.w.org\/{rel}","templated":true}]}}