{"id":1179,"date":"2019-08-09T07:37:19","date_gmt":"2019-08-09T07:37:19","guid":{"rendered":"https:\/\/simploworld.com\/product\/moccamaster\/"},"modified":"2020-05-06T12:23:18","modified_gmt":"2020-05-06T12:23:18","slug":"moccamaster","status":"publish","type":"product","link":"https:\/\/simploworld.com\/pl\/produkt\/moccamaster\/","title":{"rendered":"Moccamaster"},"content":{"rendered":"","protected":false},"excerpt":{"rendered":"<p style=\"text-align: justify;\">Nie potrzebujesz ekspresu nie-z-tego-\u015bwiata, by ol\u015bni\u0107 swoich go\u015bci fili\u017cank\u0105 nieziemskiego smaku. Mierz wysoko, ale dzia\u0142aj efektywnie. Si\u0119gnij po gwiazd\u0119 ekspres\u00f3w przelewowych! Misj\u0105 Moccamaster jest uproszczenie procesu parzenia naprawd\u0119 dobrej kawy w domu.<\/p>\n<p>&nbsp;<\/p>\n<p style=\"text-align: justify;\">Nagrzewa si\u0119 z pr\u0119dko\u015bci\u0105 \u015bwiat\u0142a. Zaparza w idealnej temperaturze: 92-96C. Automatycznie regulowana p\u0142yta grzejna utrzymuje ciep\u0142o twojej kawy (80-85C), nie wypalaj\u0105c jednocze\u015bnie smaku. Zapominalskich uspokajamy \u2014 wy\u0142\u0105cza si\u0119 automatycznie po 100 minutach. Ale to nie koniec udogodnie\u0144! Funkcja mieszania utrzymuje intensywno\u015b\u0107 aromatu. A dzi\u0119ki wymiennym elementom utrzymanie twojego Moccamaster staje si\u0119 jeszcze prostsze. Widzisz? Nic trudnego.<\/p>\n<p>&nbsp;<\/p>\n<p style=\"text-align: justify;\">Przepis na start: Zacznij od \u015brednio zmielonej kawy. Namocz j\u0105 odpowiednio \u2014 parz bez dzbanka przez pierwszych 30 sekund. Zamieszaj nim wstawisz dzbanek. A teraz rozpocznij czterominutowe odliczanie. 4, 3, 2, 1\u2026 I gotowe! Smak i aromat, kt\u00f3ry wzniesie ci\u0119 do gwiazd!<\/p>\n<p>&nbsp;\n<\/p>\n<p>Specyfikacja Moccamaster KBG:<br \/>\nWyko\u0144czenie Matte Black<br \/>\nWaga: 2.77 kg<br \/>\nWymiary: 33 x 36 x 17 cm<\/p>\n<p>Zasilanie: 120V<br \/>\nObj\u0119to\u015b\u0107: 1.25 l \/ 40 oz \/ 10 fili\u017canek<\/p>\n","protected":false},"featured_media":1390,"template":"","meta":{"_acf_changed":false},"product_cat":[114],"product_tag":[164,162,163],"acf":[],"yoast_head":"<!-- This site is optimized with the Yoast SEO plugin v23.0 - https:\/\/yoast.com\/wordpress\/plugins\/seo\/ -->\n<title>Moccamaster<\/title>\n<meta name=\"robots\" content=\"index, follow, max-snippet:-1, max-image-preview:large, max-video-preview:-1\" \/>\n<link rel=\"canonical\" href=\"https:\/\/simploworld.com\/produkt\/moccamaster\/\" \/>\n<meta property=\"og:locale\" content=\"pl_PL\" \/>\n<meta property=\"og:type\" content=\"article\" \/>\n<meta property=\"og:title\" content=\"Moccamaster\" \/>\n<meta property=\"og:description\" content=\"Nie potrzebujesz ekspresu nie-z-tego-\u015bwiata, by ol\u015bni\u0107 swoich go\u015bci fili\u017cank\u0105 nieziemskiego smaku. Mierz wysoko, ale dzia\u0142aj efektywnie. Si\u0119gnij po gwiazd\u0119 ekspres\u00f3w przelewowych! Misj\u0105 Moccamaster jest uproszczenie procesu parzenia naprawd\u0119 dobrej kawy w domu. &nbsp; Nagrzewa si\u0119 z pr\u0119dko\u015bci\u0105 \u015bwiat\u0142a. Zaparza w idealnej temperaturze: 92-96C. Automatycznie regulowana p\u0142yta grzejna utrzymuje ciep\u0142o twojej kawy (80-85C), nie wypalaj\u0105c jednocze\u015bnie smaku. Zapominalskich uspokajamy \u2014 wy\u0142\u0105cza si\u0119 automatycznie po 100 minutach. Ale to nie koniec udogodnie\u0144! Funkcja mieszania utrzymuje intensywno\u015b\u0107 aromatu. A dzi\u0119ki wymiennym elementom utrzymanie twojego Moccamaster staje si\u0119 jeszcze prostsze. Widzisz? Nic trudnego. &nbsp; Przepis na start: Zacznij od \u015brednio zmielonej kawy. Namocz j\u0105 odpowiednio \u2014 parz bez dzbanka przez pierwszych 30 sekund. Zamieszaj nim wstawisz dzbanek. A teraz rozpocznij czterominutowe odliczanie. 4, 3, 2, 1\u2026 I gotowe! Smak i aromat, kt\u00f3ry wzniesie ci\u0119 do gwiazd! &nbsp; Specyfikacja Moccamaster KBG: Wyko\u0144czenie Matte Black Waga: 2.77 kg Wymiary: 33 x 36 x 17 cm Zasilanie: 120V Obj\u0119to\u015b\u0107: 1.25 l \/ 40 oz \/ 10 fili\u017canek\" \/>\n<meta property=\"og:url\" content=\"https:\/\/simploworld.com\/produkt\/moccamaster\/\" \/>\n<meta property=\"og:site_name\" content=\"SIMPLo\" \/>\n<meta property=\"article:modified_time\" content=\"2020-05-06T12:23:18+00:00\" \/>\n<meta property=\"og:image\" content=\"https:\/\/simploworld.com\/wp-content\/uploads\/2019\/08\/Moccamaster_large-1.png\" \/>\n\t<meta property=\"og:image:width\" content=\"1920\" \/>\n\t<meta property=\"og:image:height\" content=\"1920\" \/>\n\t<meta property=\"og:image:type\" content=\"image\/png\" \/>\n<meta name=\"twitter:card\" content=\"summary_large_image\" \/>\n<script type=\"application\/ld+json\" class=\"yoast-schema-graph\">{\"@context\":\"https:\/\/schema.org\",\"@graph\":[{\"@type\":\"WebPage\",\"@id\":\"https:\/\/simploworld.com\/produkt\/moccamaster\/\",\"url\":\"https:\/\/simploworld.com\/produkt\/moccamaster\/\",\"name\":\"Moccamaster\",\"isPartOf\":{\"@id\":\"https:\/\/simploworld.com\/#website\"},\"primaryImageOfPage\":{\"@id\":\"https:\/\/simploworld.com\/produkt\/moccamaster\/#primaryimage\"},\"image\":{\"@id\":\"https:\/\/simploworld.com\/produkt\/moccamaster\/#primaryimage\"},\"thumbnailUrl\":\"https:\/\/simploworld.com\/wp-content\/uploads\/2019\/08\/Moccamaster_large-1.png\",\"datePublished\":\"2019-08-09T07:37:19+00:00\",\"dateModified\":\"2020-05-06T12:23:18+00:00\",\"breadcrumb\":{\"@id\":\"https:\/\/simploworld.com\/produkt\/moccamaster\/#breadcrumb\"},\"inLanguage\":\"pl-PL\",\"potentialAction\":[{\"@type\":\"ReadAction\",\"target\":[\"https:\/\/simploworld.com\/produkt\/moccamaster\/\"]}]},{\"@type\":\"ImageObject\",\"inLanguage\":\"pl-PL\",\"@id\":\"https:\/\/simploworld.com\/produkt\/moccamaster\/#primaryimage\",\"url\":\"https:\/\/simploworld.com\/wp-content\/uploads\/2019\/08\/Moccamaster_large-1.png\",\"contentUrl\":\"https:\/\/simploworld.com\/wp-content\/uploads\/2019\/08\/Moccamaster_large-1.png\",\"width\":1920,\"height\":1920},{\"@type\":\"BreadcrumbList\",\"@id\":\"https:\/\/simploworld.com\/produkt\/moccamaster\/#breadcrumb\",\"itemListElement\":[{\"@type\":\"ListItem\",\"position\":1,\"name\":\"Home\",\"item\":\"https:\/\/simploworld.com\/pl\/\"},{\"@type\":\"ListItem\",\"position\":2,\"name\":\"Sklep\",\"item\":\"https:\/\/simploworld.com\/pl\/sklep\/\"},{\"@type\":\"ListItem\",\"position\":3,\"name\":\"Moccamaster\"}]},{\"@type\":\"WebSite\",\"@id\":\"https:\/\/simploworld.com\/#website\",\"url\":\"https:\/\/simploworld.com\/\",\"name\":\"SIMPLo\",\"description\":\"We\u017a jeden \u0142yk i wszystko si\u0119 zmieni\",\"potentialAction\":[{\"@type\":\"SearchAction\",\"target\":{\"@type\":\"EntryPoint\",\"urlTemplate\":\"https:\/\/simploworld.com\/?s={search_term_string}\"},\"query-input\":\"required name=search_term_string\"}],\"inLanguage\":\"pl-PL\"}]}<\/script>\n<!-- \/ Yoast SEO plugin. -->","yoast_head_json":{"title":"Moccamaster","robots":{"index":"index","follow":"follow","max-snippet":"max-snippet:-1","max-image-preview":"max-image-preview:large","max-video-preview":"max-video-preview:-1"},"canonical":"https:\/\/simploworld.com\/produkt\/moccamaster\/","og_locale":"pl_PL","og_type":"article","og_title":"Moccamaster","og_description":"Nie potrzebujesz ekspresu nie-z-tego-\u015bwiata, by ol\u015bni\u0107 swoich go\u015bci fili\u017cank\u0105 nieziemskiego smaku. Mierz wysoko, ale dzia\u0142aj efektywnie. Si\u0119gnij po gwiazd\u0119 ekspres\u00f3w przelewowych! Misj\u0105 Moccamaster jest uproszczenie procesu parzenia naprawd\u0119 dobrej kawy w domu. &nbsp; Nagrzewa si\u0119 z pr\u0119dko\u015bci\u0105 \u015bwiat\u0142a. Zaparza w idealnej temperaturze: 92-96C. Automatycznie regulowana p\u0142yta grzejna utrzymuje ciep\u0142o twojej kawy (80-85C), nie wypalaj\u0105c jednocze\u015bnie smaku. Zapominalskich uspokajamy \u2014 wy\u0142\u0105cza si\u0119 automatycznie po 100 minutach. Ale to nie koniec udogodnie\u0144! Funkcja mieszania utrzymuje intensywno\u015b\u0107 aromatu. A dzi\u0119ki wymiennym elementom utrzymanie twojego Moccamaster staje si\u0119 jeszcze prostsze. Widzisz? Nic trudnego. &nbsp; Przepis na start: Zacznij od \u015brednio zmielonej kawy. Namocz j\u0105 odpowiednio \u2014 parz bez dzbanka przez pierwszych 30 sekund. Zamieszaj nim wstawisz dzbanek. A teraz rozpocznij czterominutowe odliczanie. 4, 3, 2, 1\u2026 I gotowe! Smak i aromat, kt\u00f3ry wzniesie ci\u0119 do gwiazd! &nbsp; Specyfikacja Moccamaster KBG: Wyko\u0144czenie Matte Black Waga: 2.77 kg Wymiary: 33 x 36 x 17 cm Zasilanie: 120V Obj\u0119to\u015b\u0107: 1.25 l \/ 40 oz \/ 10 fili\u017canek","og_url":"https:\/\/simploworld.com\/produkt\/moccamaster\/","og_site_name":"SIMPLo","article_modified_time":"2020-05-06T12:23:18+00:00","og_image":[{"width":1920,"height":1920,"url":"https:\/\/simploworld.com\/wp-content\/uploads\/2019\/08\/Moccamaster_large-1.png","type":"image\/png"}],"twitter_card":"summary_large_image","schema":{"@context":"https:\/\/schema.org","@graph":[{"@type":"WebPage","@id":"https:\/\/simploworld.com\/produkt\/moccamaster\/","url":"https:\/\/simploworld.com\/produkt\/moccamaster\/","name":"Moccamaster","isPartOf":{"@id":"https:\/\/simploworld.com\/#website"},"primaryImageOfPage":{"@id":"https:\/\/simploworld.com\/produkt\/moccamaster\/#primaryimage"},"image":{"@id":"https:\/\/simploworld.com\/produkt\/moccamaster\/#primaryimage"},"thumbnailUrl":"https:\/\/simploworld.com\/wp-content\/uploads\/2019\/08\/Moccamaster_large-1.png","datePublished":"2019-08-09T07:37:19+00:00","dateModified":"2020-05-06T12:23:18+00:00","breadcrumb":{"@id":"https:\/\/simploworld.com\/produkt\/moccamaster\/#breadcrumb"},"inLanguage":"pl-PL","potentialAction":[{"@type":"ReadAction","target":["https:\/\/simploworld.com\/produkt\/moccamaster\/"]}]},{"@type":"ImageObject","inLanguage":"pl-PL","@id":"https:\/\/simploworld.com\/produkt\/moccamaster\/#primaryimage","url":"https:\/\/simploworld.com\/wp-content\/uploads\/2019\/08\/Moccamaster_large-1.png","contentUrl":"https:\/\/simploworld.com\/wp-content\/uploads\/2019\/08\/Moccamaster_large-1.png","width":1920,"height":1920},{"@type":"BreadcrumbList","@id":"https:\/\/simploworld.com\/produkt\/moccamaster\/#breadcrumb","itemListElement":[{"@type":"ListItem","position":1,"name":"Home","item":"https:\/\/simploworld.com\/pl\/"},{"@type":"ListItem","position":2,"name":"Sklep","item":"https:\/\/simploworld.com\/pl\/sklep\/"},{"@type":"ListItem","position":3,"name":"Moccamaster"}]},{"@type":"WebSite","@id":"https:\/\/simploworld.com\/#website","url":"https:\/\/simploworld.com\/","name":"SIMPLo","description":"We\u017a jeden \u0142yk i wszystko si\u0119 zmieni","potentialAction":[{"@type":"SearchAction","target":{"@type":"EntryPoint","urlTemplate":"https:\/\/simploworld.com\/?s={search_term_string}"},"query-input":"required name=search_term_string"}],"inLanguage":"pl-PL"}]}},"_links":{"self":[{"href":"https:\/\/simploworld.com\/pl\/wp-json\/wp\/v2\/product\/1179"}],"collection":[{"href":"https:\/\/simploworld.com\/pl\/wp-json\/wp\/v2\/product"}],"about":[{"href":"https:\/\/simploworld.com\/pl\/wp-json\/wp\/v2\/types\/product"}],"wp:featuredmedia":[{"embeddable":true,"href":"https:\/\/simploworld.com\/pl\/wp-json\/wp\/v2\/media\/1390"}],"wp:attachment":[{"href":"https:\/\/simploworld.com\/pl\/wp-json\/wp\/v2\/media?parent=1179"}],"wp:term":[{"taxonomy":"product_cat","embeddable":true,"href":"https:\/\/simploworld.com\/pl\/wp-json\/wp\/v2\/product_cat?post=1179"},{"taxonomy":"product_tag","embeddable":true,"href":"https:\/\/simploworld.com\/pl\/wp-json\/wp\/v2\/product_tag?post=1179"}],"curies":[{"name":"wp","href":"https:\/\/api.w.org\/{rel}","templated":true}]}}