{"id":1180,"date":"2019-08-09T07:38:03","date_gmt":"2019-08-09T07:38:03","guid":{"rendered":"https:\/\/simploworld.com\/product\/wilfa-grinder\/"},"modified":"2020-05-06T12:09:41","modified_gmt":"2020-05-06T12:09:41","slug":"wilfa-electric-grinder","status":"publish","type":"product","link":"https:\/\/simploworld.com\/pl\/produkt\/wilfa-electric-grinder\/","title":{"rendered":"Elektryczny M\u0142ynek Wilfa"},"content":{"rendered":"","protected":false},"excerpt":{"rendered":"<p style=\"text-align: justify;\">Szukasz dobrego m\u0142ynka elektrycznego w rozs\u0105dnej cenie? Trudno trafi\u0107 lepiej! Poznaj bli\u017cej t\u0119 propozycj\u0119\u2026<\/p>\n<p style=\"text-align: justify;\">Ws\u0142uchaj si\u0119. D\u017awi\u0119k mielonych ziaren zawsze wprowadza nas w ten odpr\u0119\u017caj\u0105cy proces przygotowywania kawy. Teraz masz przed sob\u0105 m\u0142ynek, kt\u00f3ry wsp\u00f3\u0142gra ze wszystkimi domowymi zaparzaczami. Aeropress, Chemex, V60\u2026 Wilfa Grinder stworzy idealny duet z ka\u017cdym z nich. Wyb\u00f3r nale\u017cy do ciebie.<\/p>\n<p>&nbsp;<\/p>\n<p style=\"text-align: justify;\">Wolnoobrotowy silnik DC pozwala zachowa\u0107 wszystkie aromatyczne kompozycje. Teraz mo\u017cesz przyrz\u0105dzi\u0107 idealny kubek (albo pi\u0119\u0107) swojej ulubionej kawy, nie gubi\u0105c ani jednej nuty zapachowej.<\/p>\n<p>&nbsp;<\/p>\n<p style=\"text-align: justify;\">Rada dla leniwych: Wilfa Grinder jest bardzo \u0142atwy w utrzymaniu. No i wygl\u0105da \u015bwietnie, wi\u0119c z powodzeniem mo\u017ce na sta\u0142e zago\u015bci\u0107 na kuchennym blacie.<\/p>\n","protected":false},"featured_media":1396,"template":"","meta":{"_acf_changed":false},"product_cat":[90,116],"product_tag":[146,164,143,149,162,159],"acf":[],"yoast_head":"<!-- This site is optimized with the Yoast SEO plugin v23.0 - https:\/\/yoast.com\/wordpress\/plugins\/seo\/ -->\n<title>Elektryczny M\u0142ynek Wilfa<\/title>\n<meta name=\"robots\" content=\"index, follow, max-snippet:-1, max-image-preview:large, max-video-preview:-1\" \/>\n<link rel=\"canonical\" href=\"https:\/\/simploworld.com\/produkt\/wilfa-electric-grinder\/\" \/>\n<meta property=\"og:locale\" content=\"pl_PL\" \/>\n<meta property=\"og:type\" content=\"article\" \/>\n<meta property=\"og:title\" content=\"Elektryczny M\u0142ynek Wilfa\" \/>\n<meta property=\"og:description\" content=\"Szukasz dobrego m\u0142ynka elektrycznego w rozs\u0105dnej cenie? Trudno trafi\u0107 lepiej! Poznaj bli\u017cej t\u0119 propozycj\u0119\u2026  Ws\u0142uchaj si\u0119. D\u017awi\u0119k mielonych ziaren zawsze wprowadza nas w ten odpr\u0119\u017caj\u0105cy proces przygotowywania kawy. Teraz masz przed sob\u0105 m\u0142ynek, kt\u00f3ry wsp\u00f3\u0142gra ze wszystkimi domowymi zaparzaczami. Aeropress, Chemex, V60\u2026 Wilfa Grinder stworzy idealny duet z ka\u017cdym z nich. Wyb\u00f3r nale\u017cy do ciebie. &nbsp; Wolnoobrotowy silnik DC pozwala zachowa\u0107 wszystkie aromatyczne kompozycje. Teraz mo\u017cesz przyrz\u0105dzi\u0107 idealny kubek (albo pi\u0119\u0107) swojej ulubionej kawy, nie gubi\u0105c ani jednej nuty zapachowej. &nbsp; Rada dla leniwych: Wilfa Grinder jest bardzo \u0142atwy w utrzymaniu. No i wygl\u0105da \u015bwietnie, wi\u0119c z powodzeniem mo\u017ce na sta\u0142e zago\u015bci\u0107 na kuchennym blacie.\" \/>\n<meta property=\"og:url\" content=\"https:\/\/simploworld.com\/produkt\/wilfa-electric-grinder\/\" \/>\n<meta property=\"og:site_name\" content=\"SIMPLo\" \/>\n<meta property=\"article:modified_time\" content=\"2020-05-06T12:09:41+00:00\" \/>\n<meta property=\"og:image\" content=\"https:\/\/simploworld.com\/wp-content\/uploads\/2019\/08\/Wilfa_grinder_large-1.png\" \/>\n\t<meta property=\"og:image:width\" content=\"1920\" \/>\n\t<meta property=\"og:image:height\" content=\"1920\" \/>\n\t<meta property=\"og:image:type\" content=\"image\/png\" \/>\n<meta name=\"twitter:card\" content=\"summary_large_image\" \/>\n<script type=\"application\/ld+json\" class=\"yoast-schema-graph\">{\"@context\":\"https:\/\/schema.org\",\"@graph\":[{\"@type\":\"WebPage\",\"@id\":\"https:\/\/simploworld.com\/produkt\/wilfa-electric-grinder\/\",\"url\":\"https:\/\/simploworld.com\/produkt\/wilfa-electric-grinder\/\",\"name\":\"Elektryczny M\u0142ynek Wilfa\",\"isPartOf\":{\"@id\":\"https:\/\/simploworld.com\/#website\"},\"primaryImageOfPage\":{\"@id\":\"https:\/\/simploworld.com\/produkt\/wilfa-electric-grinder\/#primaryimage\"},\"image\":{\"@id\":\"https:\/\/simploworld.com\/produkt\/wilfa-electric-grinder\/#primaryimage\"},\"thumbnailUrl\":\"https:\/\/simploworld.com\/wp-content\/uploads\/2019\/08\/Wilfa_grinder_large-1.png\",\"datePublished\":\"2019-08-09T07:38:03+00:00\",\"dateModified\":\"2020-05-06T12:09:41+00:00\",\"breadcrumb\":{\"@id\":\"https:\/\/simploworld.com\/produkt\/wilfa-electric-grinder\/#breadcrumb\"},\"inLanguage\":\"pl-PL\",\"potentialAction\":[{\"@type\":\"ReadAction\",\"target\":[\"https:\/\/simploworld.com\/produkt\/wilfa-electric-grinder\/\"]}]},{\"@type\":\"ImageObject\",\"inLanguage\":\"pl-PL\",\"@id\":\"https:\/\/simploworld.com\/produkt\/wilfa-electric-grinder\/#primaryimage\",\"url\":\"https:\/\/simploworld.com\/wp-content\/uploads\/2019\/08\/Wilfa_grinder_large-1.png\",\"contentUrl\":\"https:\/\/simploworld.com\/wp-content\/uploads\/2019\/08\/Wilfa_grinder_large-1.png\",\"width\":1920,\"height\":1920},{\"@type\":\"BreadcrumbList\",\"@id\":\"https:\/\/simploworld.com\/produkt\/wilfa-electric-grinder\/#breadcrumb\",\"itemListElement\":[{\"@type\":\"ListItem\",\"position\":1,\"name\":\"Home\",\"item\":\"https:\/\/simploworld.com\/pl\/\"},{\"@type\":\"ListItem\",\"position\":2,\"name\":\"Sklep\",\"item\":\"https:\/\/simploworld.com\/pl\/sklep\/\"},{\"@type\":\"ListItem\",\"position\":3,\"name\":\"Elektryczny M\u0142ynek Wilfa\"}]},{\"@type\":\"WebSite\",\"@id\":\"https:\/\/simploworld.com\/#website\",\"url\":\"https:\/\/simploworld.com\/\",\"name\":\"SIMPLo\",\"description\":\"We\u017a jeden \u0142yk i wszystko si\u0119 zmieni\",\"potentialAction\":[{\"@type\":\"SearchAction\",\"target\":{\"@type\":\"EntryPoint\",\"urlTemplate\":\"https:\/\/simploworld.com\/?s={search_term_string}\"},\"query-input\":\"required name=search_term_string\"}],\"inLanguage\":\"pl-PL\"}]}<\/script>\n<!-- \/ Yoast SEO plugin. -->","yoast_head_json":{"title":"Elektryczny M\u0142ynek Wilfa","robots":{"index":"index","follow":"follow","max-snippet":"max-snippet:-1","max-image-preview":"max-image-preview:large","max-video-preview":"max-video-preview:-1"},"canonical":"https:\/\/simploworld.com\/produkt\/wilfa-electric-grinder\/","og_locale":"pl_PL","og_type":"article","og_title":"Elektryczny M\u0142ynek Wilfa","og_description":"Szukasz dobrego m\u0142ynka elektrycznego w rozs\u0105dnej cenie? Trudno trafi\u0107 lepiej! Poznaj bli\u017cej t\u0119 propozycj\u0119\u2026  Ws\u0142uchaj si\u0119. D\u017awi\u0119k mielonych ziaren zawsze wprowadza nas w ten odpr\u0119\u017caj\u0105cy proces przygotowywania kawy. Teraz masz przed sob\u0105 m\u0142ynek, kt\u00f3ry wsp\u00f3\u0142gra ze wszystkimi domowymi zaparzaczami. Aeropress, Chemex, V60\u2026 Wilfa Grinder stworzy idealny duet z ka\u017cdym z nich. Wyb\u00f3r nale\u017cy do ciebie. &nbsp; Wolnoobrotowy silnik DC pozwala zachowa\u0107 wszystkie aromatyczne kompozycje. Teraz mo\u017cesz przyrz\u0105dzi\u0107 idealny kubek (albo pi\u0119\u0107) swojej ulubionej kawy, nie gubi\u0105c ani jednej nuty zapachowej. &nbsp; Rada dla leniwych: Wilfa Grinder jest bardzo \u0142atwy w utrzymaniu. No i wygl\u0105da \u015bwietnie, wi\u0119c z powodzeniem mo\u017ce na sta\u0142e zago\u015bci\u0107 na kuchennym blacie.","og_url":"https:\/\/simploworld.com\/produkt\/wilfa-electric-grinder\/","og_site_name":"SIMPLo","article_modified_time":"2020-05-06T12:09:41+00:00","og_image":[{"width":1920,"height":1920,"url":"https:\/\/simploworld.com\/wp-content\/uploads\/2019\/08\/Wilfa_grinder_large-1.png","type":"image\/png"}],"twitter_card":"summary_large_image","schema":{"@context":"https:\/\/schema.org","@graph":[{"@type":"WebPage","@id":"https:\/\/simploworld.com\/produkt\/wilfa-electric-grinder\/","url":"https:\/\/simploworld.com\/produkt\/wilfa-electric-grinder\/","name":"Elektryczny M\u0142ynek Wilfa","isPartOf":{"@id":"https:\/\/simploworld.com\/#website"},"primaryImageOfPage":{"@id":"https:\/\/simploworld.com\/produkt\/wilfa-electric-grinder\/#primaryimage"},"image":{"@id":"https:\/\/simploworld.com\/produkt\/wilfa-electric-grinder\/#primaryimage"},"thumbnailUrl":"https:\/\/simploworld.com\/wp-content\/uploads\/2019\/08\/Wilfa_grinder_large-1.png","datePublished":"2019-08-09T07:38:03+00:00","dateModified":"2020-05-06T12:09:41+00:00","breadcrumb":{"@id":"https:\/\/simploworld.com\/produkt\/wilfa-electric-grinder\/#breadcrumb"},"inLanguage":"pl-PL","potentialAction":[{"@type":"ReadAction","target":["https:\/\/simploworld.com\/produkt\/wilfa-electric-grinder\/"]}]},{"@type":"ImageObject","inLanguage":"pl-PL","@id":"https:\/\/simploworld.com\/produkt\/wilfa-electric-grinder\/#primaryimage","url":"https:\/\/simploworld.com\/wp-content\/uploads\/2019\/08\/Wilfa_grinder_large-1.png","contentUrl":"https:\/\/simploworld.com\/wp-content\/uploads\/2019\/08\/Wilfa_grinder_large-1.png","width":1920,"height":1920},{"@type":"BreadcrumbList","@id":"https:\/\/simploworld.com\/produkt\/wilfa-electric-grinder\/#breadcrumb","itemListElement":[{"@type":"ListItem","position":1,"name":"Home","item":"https:\/\/simploworld.com\/pl\/"},{"@type":"ListItem","position":2,"name":"Sklep","item":"https:\/\/simploworld.com\/pl\/sklep\/"},{"@type":"ListItem","position":3,"name":"Elektryczny M\u0142ynek Wilfa"}]},{"@type":"WebSite","@id":"https:\/\/simploworld.com\/#website","url":"https:\/\/simploworld.com\/","name":"SIMPLo","description":"We\u017a jeden \u0142yk i wszystko si\u0119 zmieni","potentialAction":[{"@type":"SearchAction","target":{"@type":"EntryPoint","urlTemplate":"https:\/\/simploworld.com\/?s={search_term_string}"},"query-input":"required name=search_term_string"}],"inLanguage":"pl-PL"}]}},"_links":{"self":[{"href":"https:\/\/simploworld.com\/pl\/wp-json\/wp\/v2\/product\/1180"}],"collection":[{"href":"https:\/\/simploworld.com\/pl\/wp-json\/wp\/v2\/product"}],"about":[{"href":"https:\/\/simploworld.com\/pl\/wp-json\/wp\/v2\/types\/product"}],"wp:featuredmedia":[{"embeddable":true,"href":"https:\/\/simploworld.com\/pl\/wp-json\/wp\/v2\/media\/1396"}],"wp:attachment":[{"href":"https:\/\/simploworld.com\/pl\/wp-json\/wp\/v2\/media?parent=1180"}],"wp:term":[{"taxonomy":"product_cat","embeddable":true,"href":"https:\/\/simploworld.com\/pl\/wp-json\/wp\/v2\/product_cat?post=1180"},{"taxonomy":"product_tag","embeddable":true,"href":"https:\/\/simploworld.com\/pl\/wp-json\/wp\/v2\/product_tag?post=1180"}],"curies":[{"name":"wp","href":"https:\/\/api.w.org\/{rel}","templated":true}]}}