{"id":1181,"date":"2019-08-09T07:38:41","date_gmt":"2019-08-09T07:38:41","guid":{"rendered":"https:\/\/simploworld.com\/product\/hario-prism\/"},"modified":"2020-05-06T12:00:01","modified_gmt":"2020-05-06T12:00:01","slug":"hario-prism-manual-grinder","status":"publish","type":"product","link":"https:\/\/simploworld.com\/pl\/produkt\/hario-prism-manual-grinder\/","title":{"rendered":"R\u0119czny M\u0142ynek Hario Prism"},"content":{"rendered":"","protected":false},"excerpt":{"rendered":"<p style=\"text-align: justify;\">Rozejrzyj si\u0119. Jeste\u015b pierwsz\u0105 osob\u0105, kt\u00f3ra si\u0119 obudzi\u0142a. Cichy gwizd g\u00f3r wita ci\u0119 w obj\u0119ciach przyrody. We\u017a g\u0142\u0119boki oddech. Rozpal ogie\u0144, zr\u00f3b sobie co\u015b gor\u0105cego\u2026 Kawy? Tak, ale nie byle jakiej. Ten moment zas\u0142uguje na idealny smak. Dobrze, \u017ce przyby\u0142e\u015b przygotowany.<\/p>\n<p>&nbsp;<\/p>\n<p style=\"text-align: justify;\">Hario Prism to r\u0119czny m\u0142ynek, kt\u00f3ry idealnie wpasuje si\u0119 w przedni\u0105 kiesze\u0144 twojego plecaka. Po prostu nie mo\u017cesz go ze sob\u0105 nie zabra\u0107. Niewa\u017cne, gdzie poniesie ci\u0119 przygoda, ka\u017cde nowe do\u015bwiadczenie b\u0119dzie smakowa\u0142o lepiej z twoj\u0105 ulubion\u0105 kaw\u0105.<\/p>\n<p style=\"text-align: justify;\">Fantastycznie sprawdza si\u0119 w podr\u00f3\u017cy. Ceramiczny, z dostosowuj\u0105cym si\u0119 \u017carnem i aluminiow\u0105 obudow\u0105 Hario Prism b\u0119dzie wiernie s\u0142u\u017cy\u0142 wszystkim zwolennikom przeno\u015bnych i solidnych rozwi\u0105za\u0144.<\/p>\n<p>&nbsp;<\/p>\n<p>Specyfikacja Hario Prism<br \/>\nRodzaj m\u0142ynka: r\u0119czny<br \/>\nTyp \u017carna: ceramiczny<br \/>\nWymiary: 20.0 \u00d7 14.5 \u00d7 5.2 cm<\/p>\n","protected":false},"featured_media":1376,"template":"","meta":{"_acf_changed":false},"product_cat":[90,116],"product_tag":[146,164,143,149,162,159],"acf":[],"yoast_head":"<!-- This site is optimized with the Yoast SEO plugin v23.0 - https:\/\/yoast.com\/wordpress\/plugins\/seo\/ -->\n<title>R\u0119czny M\u0142ynek Hario Prism<\/title>\n<meta name=\"robots\" content=\"index, follow, max-snippet:-1, max-image-preview:large, max-video-preview:-1\" \/>\n<link rel=\"canonical\" href=\"https:\/\/simploworld.com\/pl\/produkt\/hario-prism-manual-grinder\/\" \/>\n<meta property=\"og:locale\" content=\"pl_PL\" \/>\n<meta property=\"og:type\" content=\"article\" \/>\n<meta property=\"og:title\" content=\"R\u0119czny M\u0142ynek Hario Prism\" \/>\n<meta property=\"og:description\" content=\"Rozejrzyj si\u0119. Jeste\u015b pierwsz\u0105 osob\u0105, kt\u00f3ra si\u0119 obudzi\u0142a. Cichy gwizd g\u00f3r wita ci\u0119 w obj\u0119ciach przyrody. We\u017a g\u0142\u0119boki oddech. Rozpal ogie\u0144, zr\u00f3b sobie co\u015b gor\u0105cego\u2026 Kawy? Tak, ale nie byle jakiej. Ten moment zas\u0142uguje na idealny smak. Dobrze, \u017ce przyby\u0142e\u015b przygotowany. &nbsp; Hario Prism to r\u0119czny m\u0142ynek, kt\u00f3ry idealnie wpasuje si\u0119 w przedni\u0105 kiesze\u0144 twojego plecaka. Po prostu nie mo\u017cesz go ze sob\u0105 nie zabra\u0107. Niewa\u017cne, gdzie poniesie ci\u0119 przygoda, ka\u017cde nowe do\u015bwiadczenie b\u0119dzie smakowa\u0142o lepiej z twoj\u0105 ulubion\u0105 kaw\u0105. Fantastycznie sprawdza si\u0119 w podr\u00f3\u017cy. Ceramiczny, z dostosowuj\u0105cym si\u0119 \u017carnem i aluminiow\u0105 obudow\u0105 Hario Prism b\u0119dzie wiernie s\u0142u\u017cy\u0142 wszystkim zwolennikom przeno\u015bnych i solidnych rozwi\u0105za\u0144. &nbsp; Specyfikacja Hario Prism Rodzaj m\u0142ynka: r\u0119czny Typ \u017carna: ceramiczny Wymiary: 20.0 \u00d7 14.5 \u00d7 5.2 cm\" \/>\n<meta property=\"og:url\" content=\"https:\/\/simploworld.com\/pl\/produkt\/hario-prism-manual-grinder\/\" \/>\n<meta property=\"og:site_name\" content=\"SIMPLo\" \/>\n<meta property=\"article:modified_time\" content=\"2020-05-06T12:00:01+00:00\" \/>\n<meta property=\"og:image\" content=\"https:\/\/simploworld.com\/wp-content\/uploads\/2019\/08\/Hario_Prism_large-1-1.png\" \/>\n\t<meta property=\"og:image:width\" content=\"1920\" \/>\n\t<meta property=\"og:image:height\" content=\"1920\" \/>\n\t<meta property=\"og:image:type\" content=\"image\/png\" \/>\n<meta name=\"twitter:card\" content=\"summary_large_image\" \/>\n<script type=\"application\/ld+json\" class=\"yoast-schema-graph\">{\"@context\":\"https:\/\/schema.org\",\"@graph\":[{\"@type\":\"WebPage\",\"@id\":\"https:\/\/simploworld.com\/pl\/produkt\/hario-prism-manual-grinder\/\",\"url\":\"https:\/\/simploworld.com\/pl\/produkt\/hario-prism-manual-grinder\/\",\"name\":\"R\u0119czny M\u0142ynek Hario Prism\",\"isPartOf\":{\"@id\":\"https:\/\/simploworld.com\/#website\"},\"primaryImageOfPage\":{\"@id\":\"https:\/\/simploworld.com\/pl\/produkt\/hario-prism-manual-grinder\/#primaryimage\"},\"image\":{\"@id\":\"https:\/\/simploworld.com\/pl\/produkt\/hario-prism-manual-grinder\/#primaryimage\"},\"thumbnailUrl\":\"https:\/\/simploworld.com\/wp-content\/uploads\/2019\/08\/Hario_Prism_large-1-1.png\",\"datePublished\":\"2019-08-09T07:38:41+00:00\",\"dateModified\":\"2020-05-06T12:00:01+00:00\",\"breadcrumb\":{\"@id\":\"https:\/\/simploworld.com\/pl\/produkt\/hario-prism-manual-grinder\/#breadcrumb\"},\"inLanguage\":\"pl-PL\",\"potentialAction\":[{\"@type\":\"ReadAction\",\"target\":[\"https:\/\/simploworld.com\/pl\/produkt\/hario-prism-manual-grinder\/\"]}]},{\"@type\":\"ImageObject\",\"inLanguage\":\"pl-PL\",\"@id\":\"https:\/\/simploworld.com\/pl\/produkt\/hario-prism-manual-grinder\/#primaryimage\",\"url\":\"https:\/\/simploworld.com\/wp-content\/uploads\/2019\/08\/Hario_Prism_large-1-1.png\",\"contentUrl\":\"https:\/\/simploworld.com\/wp-content\/uploads\/2019\/08\/Hario_Prism_large-1-1.png\",\"width\":1920,\"height\":1920},{\"@type\":\"BreadcrumbList\",\"@id\":\"https:\/\/simploworld.com\/pl\/produkt\/hario-prism-manual-grinder\/#breadcrumb\",\"itemListElement\":[{\"@type\":\"ListItem\",\"position\":1,\"name\":\"Home\",\"item\":\"https:\/\/simploworld.com\/pl\/\"},{\"@type\":\"ListItem\",\"position\":2,\"name\":\"Sklep\",\"item\":\"https:\/\/simploworld.com\/pl\/sklep\/\"},{\"@type\":\"ListItem\",\"position\":3,\"name\":\"R\u0119czny M\u0142ynek Hario Prism\"}]},{\"@type\":\"WebSite\",\"@id\":\"https:\/\/simploworld.com\/#website\",\"url\":\"https:\/\/simploworld.com\/\",\"name\":\"SIMPLo\",\"description\":\"We\u017a jeden \u0142yk i wszystko si\u0119 zmieni\",\"potentialAction\":[{\"@type\":\"SearchAction\",\"target\":{\"@type\":\"EntryPoint\",\"urlTemplate\":\"https:\/\/simploworld.com\/?s={search_term_string}\"},\"query-input\":\"required name=search_term_string\"}],\"inLanguage\":\"pl-PL\"}]}<\/script>\n<!-- \/ Yoast SEO plugin. -->","yoast_head_json":{"title":"R\u0119czny M\u0142ynek Hario Prism","robots":{"index":"index","follow":"follow","max-snippet":"max-snippet:-1","max-image-preview":"max-image-preview:large","max-video-preview":"max-video-preview:-1"},"canonical":"https:\/\/simploworld.com\/pl\/produkt\/hario-prism-manual-grinder\/","og_locale":"pl_PL","og_type":"article","og_title":"R\u0119czny M\u0142ynek Hario Prism","og_description":"Rozejrzyj si\u0119. Jeste\u015b pierwsz\u0105 osob\u0105, kt\u00f3ra si\u0119 obudzi\u0142a. Cichy gwizd g\u00f3r wita ci\u0119 w obj\u0119ciach przyrody. We\u017a g\u0142\u0119boki oddech. Rozpal ogie\u0144, zr\u00f3b sobie co\u015b gor\u0105cego\u2026 Kawy? Tak, ale nie byle jakiej. Ten moment zas\u0142uguje na idealny smak. Dobrze, \u017ce przyby\u0142e\u015b przygotowany. &nbsp; Hario Prism to r\u0119czny m\u0142ynek, kt\u00f3ry idealnie wpasuje si\u0119 w przedni\u0105 kiesze\u0144 twojego plecaka. Po prostu nie mo\u017cesz go ze sob\u0105 nie zabra\u0107. Niewa\u017cne, gdzie poniesie ci\u0119 przygoda, ka\u017cde nowe do\u015bwiadczenie b\u0119dzie smakowa\u0142o lepiej z twoj\u0105 ulubion\u0105 kaw\u0105. Fantastycznie sprawdza si\u0119 w podr\u00f3\u017cy. Ceramiczny, z dostosowuj\u0105cym si\u0119 \u017carnem i aluminiow\u0105 obudow\u0105 Hario Prism b\u0119dzie wiernie s\u0142u\u017cy\u0142 wszystkim zwolennikom przeno\u015bnych i solidnych rozwi\u0105za\u0144. &nbsp; Specyfikacja Hario Prism Rodzaj m\u0142ynka: r\u0119czny Typ \u017carna: ceramiczny Wymiary: 20.0 \u00d7 14.5 \u00d7 5.2 cm","og_url":"https:\/\/simploworld.com\/pl\/produkt\/hario-prism-manual-grinder\/","og_site_name":"SIMPLo","article_modified_time":"2020-05-06T12:00:01+00:00","og_image":[{"width":1920,"height":1920,"url":"https:\/\/simploworld.com\/wp-content\/uploads\/2019\/08\/Hario_Prism_large-1-1.png","type":"image\/png"}],"twitter_card":"summary_large_image","schema":{"@context":"https:\/\/schema.org","@graph":[{"@type":"WebPage","@id":"https:\/\/simploworld.com\/pl\/produkt\/hario-prism-manual-grinder\/","url":"https:\/\/simploworld.com\/pl\/produkt\/hario-prism-manual-grinder\/","name":"R\u0119czny M\u0142ynek Hario Prism","isPartOf":{"@id":"https:\/\/simploworld.com\/#website"},"primaryImageOfPage":{"@id":"https:\/\/simploworld.com\/pl\/produkt\/hario-prism-manual-grinder\/#primaryimage"},"image":{"@id":"https:\/\/simploworld.com\/pl\/produkt\/hario-prism-manual-grinder\/#primaryimage"},"thumbnailUrl":"https:\/\/simploworld.com\/wp-content\/uploads\/2019\/08\/Hario_Prism_large-1-1.png","datePublished":"2019-08-09T07:38:41+00:00","dateModified":"2020-05-06T12:00:01+00:00","breadcrumb":{"@id":"https:\/\/simploworld.com\/pl\/produkt\/hario-prism-manual-grinder\/#breadcrumb"},"inLanguage":"pl-PL","potentialAction":[{"@type":"ReadAction","target":["https:\/\/simploworld.com\/pl\/produkt\/hario-prism-manual-grinder\/"]}]},{"@type":"ImageObject","inLanguage":"pl-PL","@id":"https:\/\/simploworld.com\/pl\/produkt\/hario-prism-manual-grinder\/#primaryimage","url":"https:\/\/simploworld.com\/wp-content\/uploads\/2019\/08\/Hario_Prism_large-1-1.png","contentUrl":"https:\/\/simploworld.com\/wp-content\/uploads\/2019\/08\/Hario_Prism_large-1-1.png","width":1920,"height":1920},{"@type":"BreadcrumbList","@id":"https:\/\/simploworld.com\/pl\/produkt\/hario-prism-manual-grinder\/#breadcrumb","itemListElement":[{"@type":"ListItem","position":1,"name":"Home","item":"https:\/\/simploworld.com\/pl\/"},{"@type":"ListItem","position":2,"name":"Sklep","item":"https:\/\/simploworld.com\/pl\/sklep\/"},{"@type":"ListItem","position":3,"name":"R\u0119czny M\u0142ynek Hario Prism"}]},{"@type":"WebSite","@id":"https:\/\/simploworld.com\/#website","url":"https:\/\/simploworld.com\/","name":"SIMPLo","description":"We\u017a jeden \u0142yk i wszystko si\u0119 zmieni","potentialAction":[{"@type":"SearchAction","target":{"@type":"EntryPoint","urlTemplate":"https:\/\/simploworld.com\/?s={search_term_string}"},"query-input":"required name=search_term_string"}],"inLanguage":"pl-PL"}]}},"_links":{"self":[{"href":"https:\/\/simploworld.com\/pl\/wp-json\/wp\/v2\/product\/1181"}],"collection":[{"href":"https:\/\/simploworld.com\/pl\/wp-json\/wp\/v2\/product"}],"about":[{"href":"https:\/\/simploworld.com\/pl\/wp-json\/wp\/v2\/types\/product"}],"wp:featuredmedia":[{"embeddable":true,"href":"https:\/\/simploworld.com\/pl\/wp-json\/wp\/v2\/media\/1376"}],"wp:attachment":[{"href":"https:\/\/simploworld.com\/pl\/wp-json\/wp\/v2\/media?parent=1181"}],"wp:term":[{"taxonomy":"product_cat","embeddable":true,"href":"https:\/\/simploworld.com\/pl\/wp-json\/wp\/v2\/product_cat?post=1181"},{"taxonomy":"product_tag","embeddable":true,"href":"https:\/\/simploworld.com\/pl\/wp-json\/wp\/v2\/product_tag?post=1181"}],"curies":[{"name":"wp","href":"https:\/\/api.w.org\/{rel}","templated":true}]}}