{"id":1182,"date":"2019-08-09T07:39:16","date_gmt":"2019-08-09T07:39:16","guid":{"rendered":"https:\/\/simploworld.com\/product\/comandante-manual-grinder\/"},"modified":"2020-12-23T14:06:05","modified_gmt":"2020-12-23T14:06:05","slug":"comandante-manual-grinder","status":"publish","type":"product","link":"https:\/\/simploworld.com\/pl\/produkt\/comandante-manual-grinder\/","title":{"rendered":"R\u0119czny M\u0142ynek Comandante"},"content":{"rendered":"","protected":false},"excerpt":{"rendered":"<p style=\"text-align: justify;\">Dedykowany wszystkim fanom surowych, autentycznych dozna\u0144. R\u0119czny m\u0142ynek Comandante to narz\u0119dzie dla mi\u0142o\u015bnik\u00f3w manualnych technik. Zmienia proces mielenia w organiczne do\u015bwiadczenie, uwalniaj\u0105c \u015bwie\u017cy aromat i pe\u0142en potencja\u0142 twoich ulubionych ziaren. Wr\u00f3\u0107 do klasycznego procesu parzenia kawy \u2014 we\u017a sprawy w swoje r\u0119ce. A na pocz\u0105tku\u2026 we\u017a w r\u0119ce Comandante.<\/p>\n<p>&nbsp;<\/p>\n<p style=\"text-align: justify;\">Po\u0142\u0105czenie obudowy ze stali nierdzewnej oraz pokr\u0119t\u0142a wykonanego w 100% z naturalnego d\u0119bowego drewna sprawia, \u017ce m\u0142ynek Comandante idealnie le\u017cy w d\u0142oni.<\/p>\n<p>&nbsp;<\/p>\n<p style=\"text-align: justify;\">Niezwykle ostre \u017carna z wysokostopowej, bogatej w azot stali miel\u0105 ziarna kawy z mistrzowsk\u0105 precyzj\u0105. Zaprojektowane, by sprosta\u0107 bezkompromisowym wymaganiom ka\u017cdego zagorza\u0142ego pasjonata kawy. Trudno by\u0142oby przebi\u0107 niezawodno\u015b\u0107 tego m\u0142ynka. Comandante to przyjaciel, na kt\u00f3rzym mo\u017cesz polega\u0107 i kt\u00f3ry b\u0119dzie trwa\u0142 u twego boku d\u0142ugie lata.<\/p>\n","protected":false},"featured_media":2429,"template":"","meta":{"_acf_changed":false},"product_cat":[90,116],"product_tag":[146,164,143,149,162,159],"acf":[],"yoast_head":"<!-- This site is optimized with the Yoast SEO plugin v23.0 - https:\/\/yoast.com\/wordpress\/plugins\/seo\/ -->\n<title>R\u0119czny M\u0142ynek Comandante<\/title>\n<meta name=\"robots\" content=\"index, follow, max-snippet:-1, max-image-preview:large, max-video-preview:-1\" \/>\n<link rel=\"canonical\" href=\"https:\/\/simploworld.com\/produkt\/comandante-manual-grinder\/\" \/>\n<meta property=\"og:locale\" content=\"pl_PL\" \/>\n<meta property=\"og:type\" content=\"article\" \/>\n<meta property=\"og:title\" content=\"R\u0119czny M\u0142ynek Comandante\" \/>\n<meta property=\"og:description\" content=\"Dedykowany wszystkim fanom surowych, autentycznych dozna\u0144. R\u0119czny m\u0142ynek Comandante to narz\u0119dzie dla mi\u0142o\u015bnik\u00f3w manualnych technik. Zmienia proces mielenia w organiczne do\u015bwiadczenie, uwalniaj\u0105c \u015bwie\u017cy aromat i pe\u0142en potencja\u0142 twoich ulubionych ziaren. Wr\u00f3\u0107 do klasycznego procesu parzenia kawy \u2014 we\u017a sprawy w swoje r\u0119ce. A na pocz\u0105tku\u2026 we\u017a w r\u0119ce Comandante. &nbsp; Po\u0142\u0105czenie obudowy ze stali nierdzewnej oraz pokr\u0119t\u0142a wykonanego w 100% z naturalnego d\u0119bowego drewna sprawia, \u017ce m\u0142ynek Comandante idealnie le\u017cy w d\u0142oni. &nbsp; Niezwykle ostre \u017carna z wysokostopowej, bogatej w azot stali miel\u0105 ziarna kawy z mistrzowsk\u0105 precyzj\u0105. Zaprojektowane, by sprosta\u0107 bezkompromisowym wymaganiom ka\u017cdego zagorza\u0142ego pasjonata kawy. Trudno by\u0142oby przebi\u0107 niezawodno\u015b\u0107 tego m\u0142ynka. Comandante to przyjaciel, na kt\u00f3rzym mo\u017cesz polega\u0107 i kt\u00f3ry b\u0119dzie trwa\u0142 u twego boku d\u0142ugie lata.\" \/>\n<meta property=\"og:url\" content=\"https:\/\/simploworld.com\/produkt\/comandante-manual-grinder\/\" \/>\n<meta property=\"og:site_name\" content=\"SIMPLo\" \/>\n<meta property=\"article:modified_time\" content=\"2020-12-23T14:06:05+00:00\" \/>\n<meta property=\"og:image\" content=\"https:\/\/simploworld.com\/wp-content\/uploads\/2019\/08\/comandante-manual-grinder-1.png\" \/>\n\t<meta property=\"og:image:width\" content=\"1920\" \/>\n\t<meta property=\"og:image:height\" content=\"1920\" \/>\n\t<meta property=\"og:image:type\" content=\"image\/png\" \/>\n<meta name=\"twitter:card\" content=\"summary_large_image\" \/>\n<script type=\"application\/ld+json\" class=\"yoast-schema-graph\">{\"@context\":\"https:\/\/schema.org\",\"@graph\":[{\"@type\":\"WebPage\",\"@id\":\"https:\/\/simploworld.com\/produkt\/comandante-manual-grinder\/\",\"url\":\"https:\/\/simploworld.com\/produkt\/comandante-manual-grinder\/\",\"name\":\"R\u0119czny M\u0142ynek Comandante\",\"isPartOf\":{\"@id\":\"https:\/\/simploworld.com\/#website\"},\"primaryImageOfPage\":{\"@id\":\"https:\/\/simploworld.com\/produkt\/comandante-manual-grinder\/#primaryimage\"},\"image\":{\"@id\":\"https:\/\/simploworld.com\/produkt\/comandante-manual-grinder\/#primaryimage\"},\"thumbnailUrl\":\"https:\/\/simploworld.com\/wp-content\/uploads\/2019\/08\/comandante-manual-grinder-1.png\",\"datePublished\":\"2019-08-09T07:39:16+00:00\",\"dateModified\":\"2020-12-23T14:06:05+00:00\",\"breadcrumb\":{\"@id\":\"https:\/\/simploworld.com\/produkt\/comandante-manual-grinder\/#breadcrumb\"},\"inLanguage\":\"pl-PL\",\"potentialAction\":[{\"@type\":\"ReadAction\",\"target\":[\"https:\/\/simploworld.com\/produkt\/comandante-manual-grinder\/\"]}]},{\"@type\":\"ImageObject\",\"inLanguage\":\"pl-PL\",\"@id\":\"https:\/\/simploworld.com\/produkt\/comandante-manual-grinder\/#primaryimage\",\"url\":\"https:\/\/simploworld.com\/wp-content\/uploads\/2019\/08\/comandante-manual-grinder-1.png\",\"contentUrl\":\"https:\/\/simploworld.com\/wp-content\/uploads\/2019\/08\/comandante-manual-grinder-1.png\",\"width\":1920,\"height\":1920},{\"@type\":\"BreadcrumbList\",\"@id\":\"https:\/\/simploworld.com\/produkt\/comandante-manual-grinder\/#breadcrumb\",\"itemListElement\":[{\"@type\":\"ListItem\",\"position\":1,\"name\":\"Home\",\"item\":\"https:\/\/simploworld.com\/pl\/\"},{\"@type\":\"ListItem\",\"position\":2,\"name\":\"Sklep\",\"item\":\"https:\/\/simploworld.com\/pl\/sklep\/\"},{\"@type\":\"ListItem\",\"position\":3,\"name\":\"R\u0119czny M\u0142ynek Comandante\"}]},{\"@type\":\"WebSite\",\"@id\":\"https:\/\/simploworld.com\/#website\",\"url\":\"https:\/\/simploworld.com\/\",\"name\":\"SIMPLo\",\"description\":\"We\u017a jeden \u0142yk i wszystko si\u0119 zmieni\",\"potentialAction\":[{\"@type\":\"SearchAction\",\"target\":{\"@type\":\"EntryPoint\",\"urlTemplate\":\"https:\/\/simploworld.com\/?s={search_term_string}\"},\"query-input\":\"required name=search_term_string\"}],\"inLanguage\":\"pl-PL\"}]}<\/script>\n<!-- \/ Yoast SEO plugin. -->","yoast_head_json":{"title":"R\u0119czny M\u0142ynek Comandante","robots":{"index":"index","follow":"follow","max-snippet":"max-snippet:-1","max-image-preview":"max-image-preview:large","max-video-preview":"max-video-preview:-1"},"canonical":"https:\/\/simploworld.com\/produkt\/comandante-manual-grinder\/","og_locale":"pl_PL","og_type":"article","og_title":"R\u0119czny M\u0142ynek Comandante","og_description":"Dedykowany wszystkim fanom surowych, autentycznych dozna\u0144. R\u0119czny m\u0142ynek Comandante to narz\u0119dzie dla mi\u0142o\u015bnik\u00f3w manualnych technik. Zmienia proces mielenia w organiczne do\u015bwiadczenie, uwalniaj\u0105c \u015bwie\u017cy aromat i pe\u0142en potencja\u0142 twoich ulubionych ziaren. Wr\u00f3\u0107 do klasycznego procesu parzenia kawy \u2014 we\u017a sprawy w swoje r\u0119ce. A na pocz\u0105tku\u2026 we\u017a w r\u0119ce Comandante. &nbsp; Po\u0142\u0105czenie obudowy ze stali nierdzewnej oraz pokr\u0119t\u0142a wykonanego w 100% z naturalnego d\u0119bowego drewna sprawia, \u017ce m\u0142ynek Comandante idealnie le\u017cy w d\u0142oni. &nbsp; Niezwykle ostre \u017carna z wysokostopowej, bogatej w azot stali miel\u0105 ziarna kawy z mistrzowsk\u0105 precyzj\u0105. Zaprojektowane, by sprosta\u0107 bezkompromisowym wymaganiom ka\u017cdego zagorza\u0142ego pasjonata kawy. Trudno by\u0142oby przebi\u0107 niezawodno\u015b\u0107 tego m\u0142ynka. Comandante to przyjaciel, na kt\u00f3rzym mo\u017cesz polega\u0107 i kt\u00f3ry b\u0119dzie trwa\u0142 u twego boku d\u0142ugie lata.","og_url":"https:\/\/simploworld.com\/produkt\/comandante-manual-grinder\/","og_site_name":"SIMPLo","article_modified_time":"2020-12-23T14:06:05+00:00","og_image":[{"width":1920,"height":1920,"url":"https:\/\/simploworld.com\/wp-content\/uploads\/2019\/08\/comandante-manual-grinder-1.png","type":"image\/png"}],"twitter_card":"summary_large_image","schema":{"@context":"https:\/\/schema.org","@graph":[{"@type":"WebPage","@id":"https:\/\/simploworld.com\/produkt\/comandante-manual-grinder\/","url":"https:\/\/simploworld.com\/produkt\/comandante-manual-grinder\/","name":"R\u0119czny M\u0142ynek Comandante","isPartOf":{"@id":"https:\/\/simploworld.com\/#website"},"primaryImageOfPage":{"@id":"https:\/\/simploworld.com\/produkt\/comandante-manual-grinder\/#primaryimage"},"image":{"@id":"https:\/\/simploworld.com\/produkt\/comandante-manual-grinder\/#primaryimage"},"thumbnailUrl":"https:\/\/simploworld.com\/wp-content\/uploads\/2019\/08\/comandante-manual-grinder-1.png","datePublished":"2019-08-09T07:39:16+00:00","dateModified":"2020-12-23T14:06:05+00:00","breadcrumb":{"@id":"https:\/\/simploworld.com\/produkt\/comandante-manual-grinder\/#breadcrumb"},"inLanguage":"pl-PL","potentialAction":[{"@type":"ReadAction","target":["https:\/\/simploworld.com\/produkt\/comandante-manual-grinder\/"]}]},{"@type":"ImageObject","inLanguage":"pl-PL","@id":"https:\/\/simploworld.com\/produkt\/comandante-manual-grinder\/#primaryimage","url":"https:\/\/simploworld.com\/wp-content\/uploads\/2019\/08\/comandante-manual-grinder-1.png","contentUrl":"https:\/\/simploworld.com\/wp-content\/uploads\/2019\/08\/comandante-manual-grinder-1.png","width":1920,"height":1920},{"@type":"BreadcrumbList","@id":"https:\/\/simploworld.com\/produkt\/comandante-manual-grinder\/#breadcrumb","itemListElement":[{"@type":"ListItem","position":1,"name":"Home","item":"https:\/\/simploworld.com\/pl\/"},{"@type":"ListItem","position":2,"name":"Sklep","item":"https:\/\/simploworld.com\/pl\/sklep\/"},{"@type":"ListItem","position":3,"name":"R\u0119czny M\u0142ynek Comandante"}]},{"@type":"WebSite","@id":"https:\/\/simploworld.com\/#website","url":"https:\/\/simploworld.com\/","name":"SIMPLo","description":"We\u017a jeden \u0142yk i wszystko si\u0119 zmieni","potentialAction":[{"@type":"SearchAction","target":{"@type":"EntryPoint","urlTemplate":"https:\/\/simploworld.com\/?s={search_term_string}"},"query-input":"required name=search_term_string"}],"inLanguage":"pl-PL"}]}},"_links":{"self":[{"href":"https:\/\/simploworld.com\/pl\/wp-json\/wp\/v2\/product\/1182"}],"collection":[{"href":"https:\/\/simploworld.com\/pl\/wp-json\/wp\/v2\/product"}],"about":[{"href":"https:\/\/simploworld.com\/pl\/wp-json\/wp\/v2\/types\/product"}],"wp:featuredmedia":[{"embeddable":true,"href":"https:\/\/simploworld.com\/pl\/wp-json\/wp\/v2\/media\/2429"}],"wp:attachment":[{"href":"https:\/\/simploworld.com\/pl\/wp-json\/wp\/v2\/media?parent=1182"}],"wp:term":[{"taxonomy":"product_cat","embeddable":true,"href":"https:\/\/simploworld.com\/pl\/wp-json\/wp\/v2\/product_cat?post=1182"},{"taxonomy":"product_tag","embeddable":true,"href":"https:\/\/simploworld.com\/pl\/wp-json\/wp\/v2\/product_tag?post=1182"}],"curies":[{"name":"wp","href":"https:\/\/api.w.org\/{rel}","templated":true}]}}