{"id":1183,"date":"2019-08-09T07:41:04","date_gmt":"2019-08-09T07:41:04","guid":{"rendered":"https:\/\/simploworld.com\/product\/mr-clever-dripper\/"},"modified":"2020-12-18T15:29:07","modified_gmt":"2020-12-18T15:29:07","slug":"mr-clever-dripper","status":"publish","type":"product","link":"https:\/\/simploworld.com\/pl\/produkt\/mr-clever-dripper\/","title":{"rendered":"Mr Clever Dripper"},"content":{"rendered":"","protected":false},"excerpt":{"rendered":"<p style=\"text-align: justify;\">Nie ma niew\u0142a\u015bciwego momentu na dobr\u0105 kaw\u0119. Ale trudno znale\u017a\u0107 lepsz\u0105 chwil\u0119 na ma\u0142\u0105 czarn\u0105 ni\u017c poniedzia\u0142kowy poranek. Co wybierasz \u2014 French press czy dripper? Nic nie m\u00f3w! Wiemy, \u017ce podejmowanie decyzji bywa trudne nim rozrusza ci\u0119 pierwsza dawka kofeiny. Tutaj nie ma z\u0142ych wybor\u00f3w, Mr. Clever Dripper to mistrz pobudzaj\u0105cego aromatu.<\/p>\n<p style=\"text-align: justify;\">Zaprojektowany, by wyci\u0105ga\u0107 to, co najlepsze z obu metod parzenia, Mr. Clever Dripper jest sprytn\u0105 odpowiedzi\u0105 na trend multitaskingu. Kszta\u0142tem przypomina klasyczny zaparzacz przelewowy. Pomys\u0142owa blokada na ko\u0144cu sto\u017cka to jego znak rozpoznawczy. Wsyp kaw\u0119, zalej wod\u0105, pomieszaj i zostaw na p\u00f3\u0142torej minuty. Gotowy, kiedy ty b\u0119dziesz got\u00f3w.<\/p>\n<p>&nbsp;<\/p>\n<p style=\"text-align: justify;\">Przyjazna wskaz\u00f3wka: Opakowanie nie zawiera filtr\u00f3w. <a href=\"https:\/\/simploworld.com\/product\/moccamaster-filters-nr-4\/\">S\u0105 tu<\/a>.<\/p>\n","protected":false},"featured_media":1394,"template":"","meta":{"_acf_changed":false},"product_cat":[114],"product_tag":[164,163],"acf":[],"yoast_head":"<!-- This site is optimized with the Yoast SEO plugin v23.0 - https:\/\/yoast.com\/wordpress\/plugins\/seo\/ -->\n<title>Mr Clever Dripper<\/title>\n<meta name=\"robots\" content=\"index, follow, max-snippet:-1, max-image-preview:large, max-video-preview:-1\" \/>\n<link rel=\"canonical\" href=\"https:\/\/simploworld.com\/produkt\/mr-clever-dripper\/\" \/>\n<meta property=\"og:locale\" content=\"pl_PL\" \/>\n<meta property=\"og:type\" content=\"article\" \/>\n<meta property=\"og:title\" content=\"Mr Clever Dripper\" \/>\n<meta property=\"og:description\" content=\"Nie ma niew\u0142a\u015bciwego momentu na dobr\u0105 kaw\u0119. Ale trudno znale\u017a\u0107 lepsz\u0105 chwil\u0119 na ma\u0142\u0105 czarn\u0105 ni\u017c poniedzia\u0142kowy poranek. Co wybierasz \u2014 French press czy dripper? Nic nie m\u00f3w! Wiemy, \u017ce podejmowanie decyzji bywa trudne nim rozrusza ci\u0119 pierwsza dawka kofeiny. Tutaj nie ma z\u0142ych wybor\u00f3w, Mr. Clever Dripper to mistrz pobudzaj\u0105cego aromatu.  Zaprojektowany, by wyci\u0105ga\u0107 to, co najlepsze z obu metod parzenia, Mr. Clever Dripper jest sprytn\u0105 odpowiedzi\u0105 na trend multitaskingu. Kszta\u0142tem przypomina klasyczny zaparzacz przelewowy. Pomys\u0142owa blokada na ko\u0144cu sto\u017cka to jego znak rozpoznawczy. Wsyp kaw\u0119, zalej wod\u0105, pomieszaj i zostaw na p\u00f3\u0142torej minuty. Gotowy, kiedy ty b\u0119dziesz got\u00f3w. &nbsp; Przyjazna wskaz\u00f3wka: Opakowanie nie zawiera filtr\u00f3w. S\u0105 tu.\" \/>\n<meta property=\"og:url\" content=\"https:\/\/simploworld.com\/produkt\/mr-clever-dripper\/\" \/>\n<meta property=\"og:site_name\" content=\"SIMPLo\" \/>\n<meta property=\"article:modified_time\" content=\"2020-12-18T15:29:07+00:00\" \/>\n<meta property=\"og:image\" content=\"https:\/\/simploworld.com\/wp-content\/uploads\/2019\/08\/Mr_Clever_Dripper_large-1.png\" \/>\n\t<meta property=\"og:image:width\" content=\"1920\" \/>\n\t<meta property=\"og:image:height\" content=\"1920\" \/>\n\t<meta property=\"og:image:type\" content=\"image\/png\" \/>\n<meta name=\"twitter:card\" content=\"summary_large_image\" \/>\n<script type=\"application\/ld+json\" class=\"yoast-schema-graph\">{\"@context\":\"https:\/\/schema.org\",\"@graph\":[{\"@type\":\"WebPage\",\"@id\":\"https:\/\/simploworld.com\/produkt\/mr-clever-dripper\/\",\"url\":\"https:\/\/simploworld.com\/produkt\/mr-clever-dripper\/\",\"name\":\"Mr Clever Dripper\",\"isPartOf\":{\"@id\":\"https:\/\/simploworld.com\/#website\"},\"primaryImageOfPage\":{\"@id\":\"https:\/\/simploworld.com\/produkt\/mr-clever-dripper\/#primaryimage\"},\"image\":{\"@id\":\"https:\/\/simploworld.com\/produkt\/mr-clever-dripper\/#primaryimage\"},\"thumbnailUrl\":\"https:\/\/simploworld.com\/wp-content\/uploads\/2019\/08\/Mr_Clever_Dripper_large-1.png\",\"datePublished\":\"2019-08-09T07:41:04+00:00\",\"dateModified\":\"2020-12-18T15:29:07+00:00\",\"breadcrumb\":{\"@id\":\"https:\/\/simploworld.com\/produkt\/mr-clever-dripper\/#breadcrumb\"},\"inLanguage\":\"pl-PL\",\"potentialAction\":[{\"@type\":\"ReadAction\",\"target\":[\"https:\/\/simploworld.com\/produkt\/mr-clever-dripper\/\"]}]},{\"@type\":\"ImageObject\",\"inLanguage\":\"pl-PL\",\"@id\":\"https:\/\/simploworld.com\/produkt\/mr-clever-dripper\/#primaryimage\",\"url\":\"https:\/\/simploworld.com\/wp-content\/uploads\/2019\/08\/Mr_Clever_Dripper_large-1.png\",\"contentUrl\":\"https:\/\/simploworld.com\/wp-content\/uploads\/2019\/08\/Mr_Clever_Dripper_large-1.png\",\"width\":1920,\"height\":1920},{\"@type\":\"BreadcrumbList\",\"@id\":\"https:\/\/simploworld.com\/produkt\/mr-clever-dripper\/#breadcrumb\",\"itemListElement\":[{\"@type\":\"ListItem\",\"position\":1,\"name\":\"Home\",\"item\":\"https:\/\/simploworld.com\/pl\/\"},{\"@type\":\"ListItem\",\"position\":2,\"name\":\"Sklep\",\"item\":\"https:\/\/simploworld.com\/pl\/sklep\/\"},{\"@type\":\"ListItem\",\"position\":3,\"name\":\"Mr Clever Dripper\"}]},{\"@type\":\"WebSite\",\"@id\":\"https:\/\/simploworld.com\/#website\",\"url\":\"https:\/\/simploworld.com\/\",\"name\":\"SIMPLo\",\"description\":\"We\u017a jeden \u0142yk i wszystko si\u0119 zmieni\",\"potentialAction\":[{\"@type\":\"SearchAction\",\"target\":{\"@type\":\"EntryPoint\",\"urlTemplate\":\"https:\/\/simploworld.com\/?s={search_term_string}\"},\"query-input\":\"required name=search_term_string\"}],\"inLanguage\":\"pl-PL\"}]}<\/script>\n<!-- \/ Yoast SEO plugin. -->","yoast_head_json":{"title":"Mr Clever Dripper","robots":{"index":"index","follow":"follow","max-snippet":"max-snippet:-1","max-image-preview":"max-image-preview:large","max-video-preview":"max-video-preview:-1"},"canonical":"https:\/\/simploworld.com\/produkt\/mr-clever-dripper\/","og_locale":"pl_PL","og_type":"article","og_title":"Mr Clever Dripper","og_description":"Nie ma niew\u0142a\u015bciwego momentu na dobr\u0105 kaw\u0119. Ale trudno znale\u017a\u0107 lepsz\u0105 chwil\u0119 na ma\u0142\u0105 czarn\u0105 ni\u017c poniedzia\u0142kowy poranek. Co wybierasz \u2014 French press czy dripper? Nic nie m\u00f3w! Wiemy, \u017ce podejmowanie decyzji bywa trudne nim rozrusza ci\u0119 pierwsza dawka kofeiny. Tutaj nie ma z\u0142ych wybor\u00f3w, Mr. Clever Dripper to mistrz pobudzaj\u0105cego aromatu.  Zaprojektowany, by wyci\u0105ga\u0107 to, co najlepsze z obu metod parzenia, Mr. Clever Dripper jest sprytn\u0105 odpowiedzi\u0105 na trend multitaskingu. Kszta\u0142tem przypomina klasyczny zaparzacz przelewowy. Pomys\u0142owa blokada na ko\u0144cu sto\u017cka to jego znak rozpoznawczy. Wsyp kaw\u0119, zalej wod\u0105, pomieszaj i zostaw na p\u00f3\u0142torej minuty. Gotowy, kiedy ty b\u0119dziesz got\u00f3w. &nbsp; Przyjazna wskaz\u00f3wka: Opakowanie nie zawiera filtr\u00f3w. S\u0105 tu.","og_url":"https:\/\/simploworld.com\/produkt\/mr-clever-dripper\/","og_site_name":"SIMPLo","article_modified_time":"2020-12-18T15:29:07+00:00","og_image":[{"width":1920,"height":1920,"url":"https:\/\/simploworld.com\/wp-content\/uploads\/2019\/08\/Mr_Clever_Dripper_large-1.png","type":"image\/png"}],"twitter_card":"summary_large_image","schema":{"@context":"https:\/\/schema.org","@graph":[{"@type":"WebPage","@id":"https:\/\/simploworld.com\/produkt\/mr-clever-dripper\/","url":"https:\/\/simploworld.com\/produkt\/mr-clever-dripper\/","name":"Mr Clever Dripper","isPartOf":{"@id":"https:\/\/simploworld.com\/#website"},"primaryImageOfPage":{"@id":"https:\/\/simploworld.com\/produkt\/mr-clever-dripper\/#primaryimage"},"image":{"@id":"https:\/\/simploworld.com\/produkt\/mr-clever-dripper\/#primaryimage"},"thumbnailUrl":"https:\/\/simploworld.com\/wp-content\/uploads\/2019\/08\/Mr_Clever_Dripper_large-1.png","datePublished":"2019-08-09T07:41:04+00:00","dateModified":"2020-12-18T15:29:07+00:00","breadcrumb":{"@id":"https:\/\/simploworld.com\/produkt\/mr-clever-dripper\/#breadcrumb"},"inLanguage":"pl-PL","potentialAction":[{"@type":"ReadAction","target":["https:\/\/simploworld.com\/produkt\/mr-clever-dripper\/"]}]},{"@type":"ImageObject","inLanguage":"pl-PL","@id":"https:\/\/simploworld.com\/produkt\/mr-clever-dripper\/#primaryimage","url":"https:\/\/simploworld.com\/wp-content\/uploads\/2019\/08\/Mr_Clever_Dripper_large-1.png","contentUrl":"https:\/\/simploworld.com\/wp-content\/uploads\/2019\/08\/Mr_Clever_Dripper_large-1.png","width":1920,"height":1920},{"@type":"BreadcrumbList","@id":"https:\/\/simploworld.com\/produkt\/mr-clever-dripper\/#breadcrumb","itemListElement":[{"@type":"ListItem","position":1,"name":"Home","item":"https:\/\/simploworld.com\/pl\/"},{"@type":"ListItem","position":2,"name":"Sklep","item":"https:\/\/simploworld.com\/pl\/sklep\/"},{"@type":"ListItem","position":3,"name":"Mr Clever Dripper"}]},{"@type":"WebSite","@id":"https:\/\/simploworld.com\/#website","url":"https:\/\/simploworld.com\/","name":"SIMPLo","description":"We\u017a jeden \u0142yk i wszystko si\u0119 zmieni","potentialAction":[{"@type":"SearchAction","target":{"@type":"EntryPoint","urlTemplate":"https:\/\/simploworld.com\/?s={search_term_string}"},"query-input":"required name=search_term_string"}],"inLanguage":"pl-PL"}]}},"_links":{"self":[{"href":"https:\/\/simploworld.com\/pl\/wp-json\/wp\/v2\/product\/1183"}],"collection":[{"href":"https:\/\/simploworld.com\/pl\/wp-json\/wp\/v2\/product"}],"about":[{"href":"https:\/\/simploworld.com\/pl\/wp-json\/wp\/v2\/types\/product"}],"wp:featuredmedia":[{"embeddable":true,"href":"https:\/\/simploworld.com\/pl\/wp-json\/wp\/v2\/media\/1394"}],"wp:attachment":[{"href":"https:\/\/simploworld.com\/pl\/wp-json\/wp\/v2\/media?parent=1183"}],"wp:term":[{"taxonomy":"product_cat","embeddable":true,"href":"https:\/\/simploworld.com\/pl\/wp-json\/wp\/v2\/product_cat?post=1183"},{"taxonomy":"product_tag","embeddable":true,"href":"https:\/\/simploworld.com\/pl\/wp-json\/wp\/v2\/product_tag?post=1183"}],"curies":[{"name":"wp","href":"https:\/\/api.w.org\/{rel}","templated":true}]}}