{"id":1184,"date":"2019-08-09T07:41:49","date_gmt":"2019-08-09T07:41:49","guid":{"rendered":"https:\/\/simploworld.com\/product\/hario-v60-02\/"},"modified":"2020-12-06T21:19:42","modified_gmt":"2020-12-06T21:19:42","slug":"hario-v60-02","status":"publish","type":"product","link":"https:\/\/simploworld.com\/pl\/produkt\/hario-v60-02\/","title":{"rendered":"Hario V60-02"},"content":{"rendered":"","protected":false},"excerpt":{"rendered":"<p style=\"text-align: justify;\">Pozb\u0105d\u017a si\u0119 zb\u0119dnej powagi. Wprowad\u017a nowe regu\u0142y parzenia, lub w og\u00f3le zapomnij o ograniczeniach. Dodaj u\u015bmiech do swojego popo\u0142udniowego kubka kawy! Tak zawsze smakuje lepiej!<\/p>\n<p style=\"text-align: justify;\">V60 pozwala na pe\u0142n\u0105 kontrol\u0119 procesu parzenia. Czas, temperatura, technika nalewania \u2014 wszystko zale\u017cy od ciebie! B\u0105d\u017a ciekaw, eksperymentuj. Znajd\u017a sw\u00f3j nowy ulubiony ekstrakt. Podziel si\u0119 nim z kim\u015b bliskim \u2014 przyjaci\u00f3\u0142k\u0105, wsp\u00f3\u0142lokatorem, albo mo\u017ce zapro\u015b s\u0105siada i zawi\u0105\u017c now\u0105 znajomo\u015b\u0107. Co ci szkodzi, masz przecie\u017c dwie porcje!<\/p>\n<p style=\"text-align: justify;\">Stworzony z bia\u0142ej, czystej porcelany V60 wyr\u00f3\u017cnia si\u0119 swoim innowacyjnym i ergonomicznym designem. Charakterystyczny ro\u017cek zosta\u0142 urozmaicony delikatnymi esami-floresami. Nie zdziwi nas, je\u015bli postawisz go na widoku. Prostota \u2014 oznaka wsp\u00f3\u0142czenej elegancji. Niech zago\u015bci na sta\u0142e w wystroju twojego mieszkania.<\/p>\n<p>&nbsp;<\/p>\n<p>Przyjazna wskaz\u00f3wka: Opakowanie nie zawiera filtr\u00f3w.<\/p>\n","protected":false},"featured_media":1392,"template":"","meta":{"_acf_changed":false},"product_cat":[89,114],"product_tag":[146,164,147,163],"acf":[],"yoast_head":"<!-- This site is optimized with the Yoast SEO plugin v23.0 - https:\/\/yoast.com\/wordpress\/plugins\/seo\/ -->\n<title>Hario V60-02<\/title>\n<meta name=\"robots\" content=\"index, follow, max-snippet:-1, max-image-preview:large, max-video-preview:-1\" \/>\n<link rel=\"canonical\" href=\"https:\/\/simploworld.com\/produkt\/hario-v60-02\/\" \/>\n<meta property=\"og:locale\" content=\"pl_PL\" \/>\n<meta property=\"og:type\" content=\"article\" \/>\n<meta property=\"og:title\" content=\"Hario V60-02\" \/>\n<meta property=\"og:description\" content=\"Pozb\u0105d\u017a si\u0119 zb\u0119dnej powagi. Wprowad\u017a nowe regu\u0142y parzenia, lub w og\u00f3le zapomnij o ograniczeniach. Dodaj u\u015bmiech do swojego popo\u0142udniowego kubka kawy! Tak zawsze smakuje lepiej!  V60 pozwala na pe\u0142n\u0105 kontrol\u0119 procesu parzenia. Czas, temperatura, technika nalewania \u2014 wszystko zale\u017cy od ciebie! B\u0105d\u017a ciekaw, eksperymentuj. Znajd\u017a sw\u00f3j nowy ulubiony ekstrakt. Podziel si\u0119 nim z kim\u015b bliskim \u2014 przyjaci\u00f3\u0142k\u0105, wsp\u00f3\u0142lokatorem, albo mo\u017ce zapro\u015b s\u0105siada i zawi\u0105\u017c now\u0105 znajomo\u015b\u0107. Co ci szkodzi, masz przecie\u017c dwie porcje!  Stworzony z bia\u0142ej, czystej porcelany V60 wyr\u00f3\u017cnia si\u0119 swoim innowacyjnym i ergonomicznym designem. Charakterystyczny ro\u017cek zosta\u0142 urozmaicony delikatnymi esami-floresami. Nie zdziwi nas, je\u015bli postawisz go na widoku. Prostota \u2014 oznaka wsp\u00f3\u0142czenej elegancji. Niech zago\u015bci na sta\u0142e w wystroju twojego mieszkania. &nbsp; Przyjazna wskaz\u00f3wka: Opakowanie nie zawiera filtr\u00f3w.\" \/>\n<meta property=\"og:url\" content=\"https:\/\/simploworld.com\/produkt\/hario-v60-02\/\" \/>\n<meta property=\"og:site_name\" content=\"SIMPLo\" \/>\n<meta property=\"article:modified_time\" content=\"2020-12-06T21:19:42+00:00\" \/>\n<meta property=\"og:image\" content=\"https:\/\/simploworld.com\/wp-content\/uploads\/2019\/08\/Hario_V60-02_large-1.png\" \/>\n\t<meta property=\"og:image:width\" content=\"1920\" \/>\n\t<meta property=\"og:image:height\" content=\"1920\" \/>\n\t<meta property=\"og:image:type\" content=\"image\/png\" \/>\n<meta name=\"twitter:card\" content=\"summary_large_image\" \/>\n<script type=\"application\/ld+json\" class=\"yoast-schema-graph\">{\"@context\":\"https:\/\/schema.org\",\"@graph\":[{\"@type\":\"WebPage\",\"@id\":\"https:\/\/simploworld.com\/produkt\/hario-v60-02\/\",\"url\":\"https:\/\/simploworld.com\/produkt\/hario-v60-02\/\",\"name\":\"Hario V60-02\",\"isPartOf\":{\"@id\":\"https:\/\/simploworld.com\/#website\"},\"primaryImageOfPage\":{\"@id\":\"https:\/\/simploworld.com\/produkt\/hario-v60-02\/#primaryimage\"},\"image\":{\"@id\":\"https:\/\/simploworld.com\/produkt\/hario-v60-02\/#primaryimage\"},\"thumbnailUrl\":\"https:\/\/simploworld.com\/wp-content\/uploads\/2019\/08\/Hario_V60-02_large-1.png\",\"datePublished\":\"2019-08-09T07:41:49+00:00\",\"dateModified\":\"2020-12-06T21:19:42+00:00\",\"breadcrumb\":{\"@id\":\"https:\/\/simploworld.com\/produkt\/hario-v60-02\/#breadcrumb\"},\"inLanguage\":\"pl-PL\",\"potentialAction\":[{\"@type\":\"ReadAction\",\"target\":[\"https:\/\/simploworld.com\/produkt\/hario-v60-02\/\"]}]},{\"@type\":\"ImageObject\",\"inLanguage\":\"pl-PL\",\"@id\":\"https:\/\/simploworld.com\/produkt\/hario-v60-02\/#primaryimage\",\"url\":\"https:\/\/simploworld.com\/wp-content\/uploads\/2019\/08\/Hario_V60-02_large-1.png\",\"contentUrl\":\"https:\/\/simploworld.com\/wp-content\/uploads\/2019\/08\/Hario_V60-02_large-1.png\",\"width\":1920,\"height\":1920},{\"@type\":\"BreadcrumbList\",\"@id\":\"https:\/\/simploworld.com\/produkt\/hario-v60-02\/#breadcrumb\",\"itemListElement\":[{\"@type\":\"ListItem\",\"position\":1,\"name\":\"Home\",\"item\":\"https:\/\/simploworld.com\/pl\/\"},{\"@type\":\"ListItem\",\"position\":2,\"name\":\"Sklep\",\"item\":\"https:\/\/simploworld.com\/pl\/sklep\/\"},{\"@type\":\"ListItem\",\"position\":3,\"name\":\"Hario V60-02\"}]},{\"@type\":\"WebSite\",\"@id\":\"https:\/\/simploworld.com\/#website\",\"url\":\"https:\/\/simploworld.com\/\",\"name\":\"SIMPLo\",\"description\":\"We\u017a jeden \u0142yk i wszystko si\u0119 zmieni\",\"potentialAction\":[{\"@type\":\"SearchAction\",\"target\":{\"@type\":\"EntryPoint\",\"urlTemplate\":\"https:\/\/simploworld.com\/?s={search_term_string}\"},\"query-input\":\"required name=search_term_string\"}],\"inLanguage\":\"pl-PL\"}]}<\/script>\n<!-- \/ Yoast SEO plugin. -->","yoast_head_json":{"title":"Hario V60-02","robots":{"index":"index","follow":"follow","max-snippet":"max-snippet:-1","max-image-preview":"max-image-preview:large","max-video-preview":"max-video-preview:-1"},"canonical":"https:\/\/simploworld.com\/produkt\/hario-v60-02\/","og_locale":"pl_PL","og_type":"article","og_title":"Hario V60-02","og_description":"Pozb\u0105d\u017a si\u0119 zb\u0119dnej powagi. Wprowad\u017a nowe regu\u0142y parzenia, lub w og\u00f3le zapomnij o ograniczeniach. Dodaj u\u015bmiech do swojego popo\u0142udniowego kubka kawy! Tak zawsze smakuje lepiej!  V60 pozwala na pe\u0142n\u0105 kontrol\u0119 procesu parzenia. Czas, temperatura, technika nalewania \u2014 wszystko zale\u017cy od ciebie! B\u0105d\u017a ciekaw, eksperymentuj. Znajd\u017a sw\u00f3j nowy ulubiony ekstrakt. Podziel si\u0119 nim z kim\u015b bliskim \u2014 przyjaci\u00f3\u0142k\u0105, wsp\u00f3\u0142lokatorem, albo mo\u017ce zapro\u015b s\u0105siada i zawi\u0105\u017c now\u0105 znajomo\u015b\u0107. Co ci szkodzi, masz przecie\u017c dwie porcje!  Stworzony z bia\u0142ej, czystej porcelany V60 wyr\u00f3\u017cnia si\u0119 swoim innowacyjnym i ergonomicznym designem. Charakterystyczny ro\u017cek zosta\u0142 urozmaicony delikatnymi esami-floresami. Nie zdziwi nas, je\u015bli postawisz go na widoku. Prostota \u2014 oznaka wsp\u00f3\u0142czenej elegancji. Niech zago\u015bci na sta\u0142e w wystroju twojego mieszkania. &nbsp; Przyjazna wskaz\u00f3wka: Opakowanie nie zawiera filtr\u00f3w.","og_url":"https:\/\/simploworld.com\/produkt\/hario-v60-02\/","og_site_name":"SIMPLo","article_modified_time":"2020-12-06T21:19:42+00:00","og_image":[{"width":1920,"height":1920,"url":"https:\/\/simploworld.com\/wp-content\/uploads\/2019\/08\/Hario_V60-02_large-1.png","type":"image\/png"}],"twitter_card":"summary_large_image","schema":{"@context":"https:\/\/schema.org","@graph":[{"@type":"WebPage","@id":"https:\/\/simploworld.com\/produkt\/hario-v60-02\/","url":"https:\/\/simploworld.com\/produkt\/hario-v60-02\/","name":"Hario V60-02","isPartOf":{"@id":"https:\/\/simploworld.com\/#website"},"primaryImageOfPage":{"@id":"https:\/\/simploworld.com\/produkt\/hario-v60-02\/#primaryimage"},"image":{"@id":"https:\/\/simploworld.com\/produkt\/hario-v60-02\/#primaryimage"},"thumbnailUrl":"https:\/\/simploworld.com\/wp-content\/uploads\/2019\/08\/Hario_V60-02_large-1.png","datePublished":"2019-08-09T07:41:49+00:00","dateModified":"2020-12-06T21:19:42+00:00","breadcrumb":{"@id":"https:\/\/simploworld.com\/produkt\/hario-v60-02\/#breadcrumb"},"inLanguage":"pl-PL","potentialAction":[{"@type":"ReadAction","target":["https:\/\/simploworld.com\/produkt\/hario-v60-02\/"]}]},{"@type":"ImageObject","inLanguage":"pl-PL","@id":"https:\/\/simploworld.com\/produkt\/hario-v60-02\/#primaryimage","url":"https:\/\/simploworld.com\/wp-content\/uploads\/2019\/08\/Hario_V60-02_large-1.png","contentUrl":"https:\/\/simploworld.com\/wp-content\/uploads\/2019\/08\/Hario_V60-02_large-1.png","width":1920,"height":1920},{"@type":"BreadcrumbList","@id":"https:\/\/simploworld.com\/produkt\/hario-v60-02\/#breadcrumb","itemListElement":[{"@type":"ListItem","position":1,"name":"Home","item":"https:\/\/simploworld.com\/pl\/"},{"@type":"ListItem","position":2,"name":"Sklep","item":"https:\/\/simploworld.com\/pl\/sklep\/"},{"@type":"ListItem","position":3,"name":"Hario V60-02"}]},{"@type":"WebSite","@id":"https:\/\/simploworld.com\/#website","url":"https:\/\/simploworld.com\/","name":"SIMPLo","description":"We\u017a jeden \u0142yk i wszystko si\u0119 zmieni","potentialAction":[{"@type":"SearchAction","target":{"@type":"EntryPoint","urlTemplate":"https:\/\/simploworld.com\/?s={search_term_string}"},"query-input":"required name=search_term_string"}],"inLanguage":"pl-PL"}]}},"_links":{"self":[{"href":"https:\/\/simploworld.com\/pl\/wp-json\/wp\/v2\/product\/1184"}],"collection":[{"href":"https:\/\/simploworld.com\/pl\/wp-json\/wp\/v2\/product"}],"about":[{"href":"https:\/\/simploworld.com\/pl\/wp-json\/wp\/v2\/types\/product"}],"wp:featuredmedia":[{"embeddable":true,"href":"https:\/\/simploworld.com\/pl\/wp-json\/wp\/v2\/media\/1392"}],"wp:attachment":[{"href":"https:\/\/simploworld.com\/pl\/wp-json\/wp\/v2\/media?parent=1184"}],"wp:term":[{"taxonomy":"product_cat","embeddable":true,"href":"https:\/\/simploworld.com\/pl\/wp-json\/wp\/v2\/product_cat?post=1184"},{"taxonomy":"product_tag","embeddable":true,"href":"https:\/\/simploworld.com\/pl\/wp-json\/wp\/v2\/product_tag?post=1184"}],"curies":[{"name":"wp","href":"https:\/\/api.w.org\/{rel}","templated":true}]}}