{"id":1186,"date":"2019-08-09T07:43:25","date_gmt":"2019-08-09T07:43:25","guid":{"rendered":"https:\/\/simploworld.com\/product\/hario-tea-press\/"},"modified":"2020-05-06T11:19:09","modified_gmt":"2020-05-06T11:19:09","slug":"hario-tea-press","status":"publish","type":"product","link":"https:\/\/simploworld.com\/pl\/produkt\/hario-tea-press\/","title":{"rendered":"Hario Tea Press"},"content":{"rendered":"","protected":false},"excerpt":{"rendered":"<p style=\"text-align: justify;\">Rzu\u0107 wyzwanie swojej wyobra\u017ani! Zmieszaj sk\u0142adniki. Sp\u00f3jrz, jak li\u015bcie herbaty ta\u0144cz\u0105, leniwie ubarwiaj\u0105c twoje my\u015bli wraz z wod\u0105. Doci\u015bnij filtr, by zatrzyma\u0107 przedstawienie, gdy tylko poczujesz, \u017ce ju\u017c czas. Improwizuj. Czarna herbata, zielona, zio\u0142a \u2014 na co masz ochot\u0119. Zaparzaj i mieszaj z \u0142atwo\u015bci\u0105. Wykonane z drzewa oliwnego elementy nadaj\u0105 Hario Tea Press naturalnego, organicznego stylu. Zaprojektowany, by dogodzi\u0107 ka\u017cdemu \u2014 nadaje si\u0119 do wszystkich rodzaj\u00f3w herbaty.<\/p>\n<p>&nbsp;<\/p>\n<p style=\"text-align: justify;\">Specyfikacja Hario Tea Press:<br \/>\nObj\u0119to\u015b\u0107 300 ml (wystarcza na oko\u0142o dwie fili\u017canki)<br \/>\nSzk\u0142o i drewno oliwne odporne na temperatur\u0119<br \/>\nWyprodukowano w Japonii<\/p>\n","protected":false},"featured_media":2438,"template":"","meta":{"_acf_changed":false},"product_cat":[114],"product_tag":[164,167],"acf":[],"yoast_head":"<!-- This site is optimized with the Yoast SEO plugin v23.0 - https:\/\/yoast.com\/wordpress\/plugins\/seo\/ -->\n<title>Hario Tea Press<\/title>\n<meta name=\"robots\" content=\"index, follow, max-snippet:-1, max-image-preview:large, max-video-preview:-1\" \/>\n<link rel=\"canonical\" href=\"https:\/\/simploworld.com\/produkt\/hario-tea-press\/\" \/>\n<meta property=\"og:locale\" content=\"pl_PL\" \/>\n<meta property=\"og:type\" content=\"article\" \/>\n<meta property=\"og:title\" content=\"Hario Tea Press\" \/>\n<meta property=\"og:description\" content=\"Rzu\u0107 wyzwanie swojej wyobra\u017ani! Zmieszaj sk\u0142adniki. Sp\u00f3jrz, jak li\u015bcie herbaty ta\u0144cz\u0105, leniwie ubarwiaj\u0105c twoje my\u015bli wraz z wod\u0105. Doci\u015bnij filtr, by zatrzyma\u0107 przedstawienie, gdy tylko poczujesz, \u017ce ju\u017c czas. Improwizuj. Czarna herbata, zielona, zio\u0142a \u2014 na co masz ochot\u0119. Zaparzaj i mieszaj z \u0142atwo\u015bci\u0105. Wykonane z drzewa oliwnego elementy nadaj\u0105 Hario Tea Press naturalnego, organicznego stylu. Zaprojektowany, by dogodzi\u0107 ka\u017cdemu \u2014 nadaje si\u0119 do wszystkich rodzaj\u00f3w herbaty. &nbsp; Specyfikacja Hario Tea Press: Obj\u0119to\u015b\u0107 300 ml (wystarcza na oko\u0142o dwie fili\u017canki) Szk\u0142o i drewno oliwne odporne na temperatur\u0119 Wyprodukowano w Japonii\" \/>\n<meta property=\"og:url\" content=\"https:\/\/simploworld.com\/produkt\/hario-tea-press\/\" \/>\n<meta property=\"og:site_name\" content=\"SIMPLo\" \/>\n<meta property=\"article:modified_time\" content=\"2020-05-06T11:19:09+00:00\" \/>\n<meta property=\"og:image\" content=\"https:\/\/simploworld.com\/wp-content\/uploads\/2019\/08\/Hario-Tea-Press-1.png\" \/>\n\t<meta property=\"og:image:width\" content=\"1920\" \/>\n\t<meta property=\"og:image:height\" content=\"1920\" \/>\n\t<meta property=\"og:image:type\" content=\"image\/png\" \/>\n<meta name=\"twitter:card\" content=\"summary_large_image\" \/>\n<script type=\"application\/ld+json\" class=\"yoast-schema-graph\">{\"@context\":\"https:\/\/schema.org\",\"@graph\":[{\"@type\":\"WebPage\",\"@id\":\"https:\/\/simploworld.com\/produkt\/hario-tea-press\/\",\"url\":\"https:\/\/simploworld.com\/produkt\/hario-tea-press\/\",\"name\":\"Hario Tea Press\",\"isPartOf\":{\"@id\":\"https:\/\/simploworld.com\/#website\"},\"primaryImageOfPage\":{\"@id\":\"https:\/\/simploworld.com\/produkt\/hario-tea-press\/#primaryimage\"},\"image\":{\"@id\":\"https:\/\/simploworld.com\/produkt\/hario-tea-press\/#primaryimage\"},\"thumbnailUrl\":\"https:\/\/simploworld.com\/wp-content\/uploads\/2019\/08\/Hario-Tea-Press-1.png\",\"datePublished\":\"2019-08-09T07:43:25+00:00\",\"dateModified\":\"2020-05-06T11:19:09+00:00\",\"breadcrumb\":{\"@id\":\"https:\/\/simploworld.com\/produkt\/hario-tea-press\/#breadcrumb\"},\"inLanguage\":\"pl-PL\",\"potentialAction\":[{\"@type\":\"ReadAction\",\"target\":[\"https:\/\/simploworld.com\/produkt\/hario-tea-press\/\"]}]},{\"@type\":\"ImageObject\",\"inLanguage\":\"pl-PL\",\"@id\":\"https:\/\/simploworld.com\/produkt\/hario-tea-press\/#primaryimage\",\"url\":\"https:\/\/simploworld.com\/wp-content\/uploads\/2019\/08\/Hario-Tea-Press-1.png\",\"contentUrl\":\"https:\/\/simploworld.com\/wp-content\/uploads\/2019\/08\/Hario-Tea-Press-1.png\",\"width\":1920,\"height\":1920},{\"@type\":\"BreadcrumbList\",\"@id\":\"https:\/\/simploworld.com\/produkt\/hario-tea-press\/#breadcrumb\",\"itemListElement\":[{\"@type\":\"ListItem\",\"position\":1,\"name\":\"Home\",\"item\":\"https:\/\/simploworld.com\/pl\/\"},{\"@type\":\"ListItem\",\"position\":2,\"name\":\"Sklep\",\"item\":\"https:\/\/simploworld.com\/pl\/sklep\/\"},{\"@type\":\"ListItem\",\"position\":3,\"name\":\"Hario Tea Press\"}]},{\"@type\":\"WebSite\",\"@id\":\"https:\/\/simploworld.com\/#website\",\"url\":\"https:\/\/simploworld.com\/\",\"name\":\"SIMPLo\",\"description\":\"We\u017a jeden \u0142yk i wszystko si\u0119 zmieni\",\"potentialAction\":[{\"@type\":\"SearchAction\",\"target\":{\"@type\":\"EntryPoint\",\"urlTemplate\":\"https:\/\/simploworld.com\/?s={search_term_string}\"},\"query-input\":\"required name=search_term_string\"}],\"inLanguage\":\"pl-PL\"}]}<\/script>\n<!-- \/ Yoast SEO plugin. -->","yoast_head_json":{"title":"Hario Tea Press","robots":{"index":"index","follow":"follow","max-snippet":"max-snippet:-1","max-image-preview":"max-image-preview:large","max-video-preview":"max-video-preview:-1"},"canonical":"https:\/\/simploworld.com\/produkt\/hario-tea-press\/","og_locale":"pl_PL","og_type":"article","og_title":"Hario Tea Press","og_description":"Rzu\u0107 wyzwanie swojej wyobra\u017ani! Zmieszaj sk\u0142adniki. Sp\u00f3jrz, jak li\u015bcie herbaty ta\u0144cz\u0105, leniwie ubarwiaj\u0105c twoje my\u015bli wraz z wod\u0105. Doci\u015bnij filtr, by zatrzyma\u0107 przedstawienie, gdy tylko poczujesz, \u017ce ju\u017c czas. Improwizuj. Czarna herbata, zielona, zio\u0142a \u2014 na co masz ochot\u0119. Zaparzaj i mieszaj z \u0142atwo\u015bci\u0105. Wykonane z drzewa oliwnego elementy nadaj\u0105 Hario Tea Press naturalnego, organicznego stylu. Zaprojektowany, by dogodzi\u0107 ka\u017cdemu \u2014 nadaje si\u0119 do wszystkich rodzaj\u00f3w herbaty. &nbsp; Specyfikacja Hario Tea Press: Obj\u0119to\u015b\u0107 300 ml (wystarcza na oko\u0142o dwie fili\u017canki) Szk\u0142o i drewno oliwne odporne na temperatur\u0119 Wyprodukowano w Japonii","og_url":"https:\/\/simploworld.com\/produkt\/hario-tea-press\/","og_site_name":"SIMPLo","article_modified_time":"2020-05-06T11:19:09+00:00","og_image":[{"width":1920,"height":1920,"url":"https:\/\/simploworld.com\/wp-content\/uploads\/2019\/08\/Hario-Tea-Press-1.png","type":"image\/png"}],"twitter_card":"summary_large_image","schema":{"@context":"https:\/\/schema.org","@graph":[{"@type":"WebPage","@id":"https:\/\/simploworld.com\/produkt\/hario-tea-press\/","url":"https:\/\/simploworld.com\/produkt\/hario-tea-press\/","name":"Hario Tea Press","isPartOf":{"@id":"https:\/\/simploworld.com\/#website"},"primaryImageOfPage":{"@id":"https:\/\/simploworld.com\/produkt\/hario-tea-press\/#primaryimage"},"image":{"@id":"https:\/\/simploworld.com\/produkt\/hario-tea-press\/#primaryimage"},"thumbnailUrl":"https:\/\/simploworld.com\/wp-content\/uploads\/2019\/08\/Hario-Tea-Press-1.png","datePublished":"2019-08-09T07:43:25+00:00","dateModified":"2020-05-06T11:19:09+00:00","breadcrumb":{"@id":"https:\/\/simploworld.com\/produkt\/hario-tea-press\/#breadcrumb"},"inLanguage":"pl-PL","potentialAction":[{"@type":"ReadAction","target":["https:\/\/simploworld.com\/produkt\/hario-tea-press\/"]}]},{"@type":"ImageObject","inLanguage":"pl-PL","@id":"https:\/\/simploworld.com\/produkt\/hario-tea-press\/#primaryimage","url":"https:\/\/simploworld.com\/wp-content\/uploads\/2019\/08\/Hario-Tea-Press-1.png","contentUrl":"https:\/\/simploworld.com\/wp-content\/uploads\/2019\/08\/Hario-Tea-Press-1.png","width":1920,"height":1920},{"@type":"BreadcrumbList","@id":"https:\/\/simploworld.com\/produkt\/hario-tea-press\/#breadcrumb","itemListElement":[{"@type":"ListItem","position":1,"name":"Home","item":"https:\/\/simploworld.com\/pl\/"},{"@type":"ListItem","position":2,"name":"Sklep","item":"https:\/\/simploworld.com\/pl\/sklep\/"},{"@type":"ListItem","position":3,"name":"Hario Tea Press"}]},{"@type":"WebSite","@id":"https:\/\/simploworld.com\/#website","url":"https:\/\/simploworld.com\/","name":"SIMPLo","description":"We\u017a jeden \u0142yk i wszystko si\u0119 zmieni","potentialAction":[{"@type":"SearchAction","target":{"@type":"EntryPoint","urlTemplate":"https:\/\/simploworld.com\/?s={search_term_string}"},"query-input":"required name=search_term_string"}],"inLanguage":"pl-PL"}]}},"_links":{"self":[{"href":"https:\/\/simploworld.com\/pl\/wp-json\/wp\/v2\/product\/1186"}],"collection":[{"href":"https:\/\/simploworld.com\/pl\/wp-json\/wp\/v2\/product"}],"about":[{"href":"https:\/\/simploworld.com\/pl\/wp-json\/wp\/v2\/types\/product"}],"wp:featuredmedia":[{"embeddable":true,"href":"https:\/\/simploworld.com\/pl\/wp-json\/wp\/v2\/media\/2438"}],"wp:attachment":[{"href":"https:\/\/simploworld.com\/pl\/wp-json\/wp\/v2\/media?parent=1186"}],"wp:term":[{"taxonomy":"product_cat","embeddable":true,"href":"https:\/\/simploworld.com\/pl\/wp-json\/wp\/v2\/product_cat?post=1186"},{"taxonomy":"product_tag","embeddable":true,"href":"https:\/\/simploworld.com\/pl\/wp-json\/wp\/v2\/product_tag?post=1186"}],"curies":[{"name":"wp","href":"https:\/\/api.w.org\/{rel}","templated":true}]}}