{"id":1192,"date":"2019-08-09T07:45:30","date_gmt":"2019-08-09T07:45:30","guid":{"rendered":"https:\/\/simploworld.com\/product\/hario-drip-scale\/"},"modified":"2020-05-06T11:01:48","modified_gmt":"2020-05-06T11:01:48","slug":"hario-drip-scale","status":"publish","type":"product","link":"https:\/\/simploworld.com\/pl\/produkt\/hario-drip-scale\/","title":{"rendered":"Waga Hario Drip"},"content":{"rendered":"","protected":false},"excerpt":{"rendered":"<p style=\"text-align: justify;\">Inteligentny i precyzyjny \u2014 oto kompan, jakiego potrzebujesz na drodze do perfekcji smaku. Twoje mo\u017cliwo\u015bci w\u0142a\u015bnie nabra\u0142y realnej wagi. Teraz mo\u017cesz wypr\u00f3bowa\u0107 wszystkie przepisy na kaw\u0119, kt\u00f3re od dawna za tob\u0105 chodz\u0105. Jedynym ograniczeniem jest twoja wyobra\u017ania. Dok\u0142adne odwa\u017cniki, wbudowany czasomierz \u2014 waga Hario Drip Scale odmierza wszystkie sk\u0142adniki z imponuj\u0105c\u0105 dok\u0142adno\u015bci\u0105 (do 0.1 grama).<\/p>\n<p>&nbsp;<\/p>\n<p>Maksymalna waga: 2000 g<br \/>\ndok\u0142adno\u015b\u0107 2-200 g : 0,1 g<br \/>\ndok\u0142adno\u015b\u0107 200-500 g : 0,5 g<br \/>\ndok\u0142adno\u015b\u0107 500-2000 g : 1 g<\/p>\n","protected":false},"featured_media":1372,"template":"","meta":{"_acf_changed":false},"product_cat":[92,126],"product_tag":[146,164,151,156],"acf":[],"yoast_head":"<!-- This site is optimized with the Yoast SEO plugin v23.0 - https:\/\/yoast.com\/wordpress\/plugins\/seo\/ -->\n<title>Waga Hario Drip<\/title>\n<meta name=\"robots\" content=\"index, follow, max-snippet:-1, max-image-preview:large, max-video-preview:-1\" \/>\n<link rel=\"canonical\" href=\"https:\/\/simploworld.com\/pl\/produkt\/hario-drip-scale\/\" \/>\n<meta property=\"og:locale\" content=\"pl_PL\" \/>\n<meta property=\"og:type\" content=\"article\" \/>\n<meta property=\"og:title\" content=\"Waga Hario Drip\" \/>\n<meta property=\"og:description\" content=\"Inteligentny i precyzyjny \u2014 oto kompan, jakiego potrzebujesz na drodze do perfekcji smaku. Twoje mo\u017cliwo\u015bci w\u0142a\u015bnie nabra\u0142y realnej wagi. Teraz mo\u017cesz wypr\u00f3bowa\u0107 wszystkie przepisy na kaw\u0119, kt\u00f3re od dawna za tob\u0105 chodz\u0105. Jedynym ograniczeniem jest twoja wyobra\u017ania. Dok\u0142adne odwa\u017cniki, wbudowany czasomierz \u2014 waga Hario Drip Scale odmierza wszystkie sk\u0142adniki z imponuj\u0105c\u0105 dok\u0142adno\u015bci\u0105 (do 0.1 grama). &nbsp; Maksymalna waga: 2000 g dok\u0142adno\u015b\u0107 2-200 g : 0,1 g dok\u0142adno\u015b\u0107 200-500 g : 0,5 g dok\u0142adno\u015b\u0107 500-2000 g : 1 g\" \/>\n<meta property=\"og:url\" content=\"https:\/\/simploworld.com\/pl\/produkt\/hario-drip-scale\/\" \/>\n<meta property=\"og:site_name\" content=\"SIMPLo\" \/>\n<meta property=\"article:modified_time\" content=\"2020-05-06T11:01:48+00:00\" \/>\n<meta property=\"og:image\" content=\"https:\/\/simploworld.com\/wp-content\/uploads\/2019\/08\/Hario_Drip_Scale1_large-1.png\" \/>\n\t<meta property=\"og:image:width\" content=\"1920\" \/>\n\t<meta property=\"og:image:height\" content=\"1920\" \/>\n\t<meta property=\"og:image:type\" content=\"image\/png\" \/>\n<meta name=\"twitter:card\" content=\"summary_large_image\" \/>\n<script type=\"application\/ld+json\" class=\"yoast-schema-graph\">{\"@context\":\"https:\/\/schema.org\",\"@graph\":[{\"@type\":\"WebPage\",\"@id\":\"https:\/\/simploworld.com\/pl\/produkt\/hario-drip-scale\/\",\"url\":\"https:\/\/simploworld.com\/pl\/produkt\/hario-drip-scale\/\",\"name\":\"Waga Hario Drip\",\"isPartOf\":{\"@id\":\"https:\/\/simploworld.com\/#website\"},\"primaryImageOfPage\":{\"@id\":\"https:\/\/simploworld.com\/pl\/produkt\/hario-drip-scale\/#primaryimage\"},\"image\":{\"@id\":\"https:\/\/simploworld.com\/pl\/produkt\/hario-drip-scale\/#primaryimage\"},\"thumbnailUrl\":\"https:\/\/simploworld.com\/wp-content\/uploads\/2019\/08\/Hario_Drip_Scale1_large-1.png\",\"datePublished\":\"2019-08-09T07:45:30+00:00\",\"dateModified\":\"2020-05-06T11:01:48+00:00\",\"breadcrumb\":{\"@id\":\"https:\/\/simploworld.com\/pl\/produkt\/hario-drip-scale\/#breadcrumb\"},\"inLanguage\":\"pl-PL\",\"potentialAction\":[{\"@type\":\"ReadAction\",\"target\":[\"https:\/\/simploworld.com\/pl\/produkt\/hario-drip-scale\/\"]}]},{\"@type\":\"ImageObject\",\"inLanguage\":\"pl-PL\",\"@id\":\"https:\/\/simploworld.com\/pl\/produkt\/hario-drip-scale\/#primaryimage\",\"url\":\"https:\/\/simploworld.com\/wp-content\/uploads\/2019\/08\/Hario_Drip_Scale1_large-1.png\",\"contentUrl\":\"https:\/\/simploworld.com\/wp-content\/uploads\/2019\/08\/Hario_Drip_Scale1_large-1.png\",\"width\":1920,\"height\":1920},{\"@type\":\"BreadcrumbList\",\"@id\":\"https:\/\/simploworld.com\/pl\/produkt\/hario-drip-scale\/#breadcrumb\",\"itemListElement\":[{\"@type\":\"ListItem\",\"position\":1,\"name\":\"Home\",\"item\":\"https:\/\/simploworld.com\/pl\/\"},{\"@type\":\"ListItem\",\"position\":2,\"name\":\"Sklep\",\"item\":\"https:\/\/simploworld.com\/pl\/sklep\/\"},{\"@type\":\"ListItem\",\"position\":3,\"name\":\"Waga Hario Drip\"}]},{\"@type\":\"WebSite\",\"@id\":\"https:\/\/simploworld.com\/#website\",\"url\":\"https:\/\/simploworld.com\/\",\"name\":\"SIMPLo\",\"description\":\"We\u017a jeden \u0142yk i wszystko si\u0119 zmieni\",\"potentialAction\":[{\"@type\":\"SearchAction\",\"target\":{\"@type\":\"EntryPoint\",\"urlTemplate\":\"https:\/\/simploworld.com\/?s={search_term_string}\"},\"query-input\":\"required name=search_term_string\"}],\"inLanguage\":\"pl-PL\"}]}<\/script>\n<!-- \/ Yoast SEO plugin. -->","yoast_head_json":{"title":"Waga Hario Drip","robots":{"index":"index","follow":"follow","max-snippet":"max-snippet:-1","max-image-preview":"max-image-preview:large","max-video-preview":"max-video-preview:-1"},"canonical":"https:\/\/simploworld.com\/pl\/produkt\/hario-drip-scale\/","og_locale":"pl_PL","og_type":"article","og_title":"Waga Hario Drip","og_description":"Inteligentny i precyzyjny \u2014 oto kompan, jakiego potrzebujesz na drodze do perfekcji smaku. Twoje mo\u017cliwo\u015bci w\u0142a\u015bnie nabra\u0142y realnej wagi. Teraz mo\u017cesz wypr\u00f3bowa\u0107 wszystkie przepisy na kaw\u0119, kt\u00f3re od dawna za tob\u0105 chodz\u0105. Jedynym ograniczeniem jest twoja wyobra\u017ania. Dok\u0142adne odwa\u017cniki, wbudowany czasomierz \u2014 waga Hario Drip Scale odmierza wszystkie sk\u0142adniki z imponuj\u0105c\u0105 dok\u0142adno\u015bci\u0105 (do 0.1 grama). &nbsp; Maksymalna waga: 2000 g dok\u0142adno\u015b\u0107 2-200 g : 0,1 g dok\u0142adno\u015b\u0107 200-500 g : 0,5 g dok\u0142adno\u015b\u0107 500-2000 g : 1 g","og_url":"https:\/\/simploworld.com\/pl\/produkt\/hario-drip-scale\/","og_site_name":"SIMPLo","article_modified_time":"2020-05-06T11:01:48+00:00","og_image":[{"width":1920,"height":1920,"url":"https:\/\/simploworld.com\/wp-content\/uploads\/2019\/08\/Hario_Drip_Scale1_large-1.png","type":"image\/png"}],"twitter_card":"summary_large_image","schema":{"@context":"https:\/\/schema.org","@graph":[{"@type":"WebPage","@id":"https:\/\/simploworld.com\/pl\/produkt\/hario-drip-scale\/","url":"https:\/\/simploworld.com\/pl\/produkt\/hario-drip-scale\/","name":"Waga Hario Drip","isPartOf":{"@id":"https:\/\/simploworld.com\/#website"},"primaryImageOfPage":{"@id":"https:\/\/simploworld.com\/pl\/produkt\/hario-drip-scale\/#primaryimage"},"image":{"@id":"https:\/\/simploworld.com\/pl\/produkt\/hario-drip-scale\/#primaryimage"},"thumbnailUrl":"https:\/\/simploworld.com\/wp-content\/uploads\/2019\/08\/Hario_Drip_Scale1_large-1.png","datePublished":"2019-08-09T07:45:30+00:00","dateModified":"2020-05-06T11:01:48+00:00","breadcrumb":{"@id":"https:\/\/simploworld.com\/pl\/produkt\/hario-drip-scale\/#breadcrumb"},"inLanguage":"pl-PL","potentialAction":[{"@type":"ReadAction","target":["https:\/\/simploworld.com\/pl\/produkt\/hario-drip-scale\/"]}]},{"@type":"ImageObject","inLanguage":"pl-PL","@id":"https:\/\/simploworld.com\/pl\/produkt\/hario-drip-scale\/#primaryimage","url":"https:\/\/simploworld.com\/wp-content\/uploads\/2019\/08\/Hario_Drip_Scale1_large-1.png","contentUrl":"https:\/\/simploworld.com\/wp-content\/uploads\/2019\/08\/Hario_Drip_Scale1_large-1.png","width":1920,"height":1920},{"@type":"BreadcrumbList","@id":"https:\/\/simploworld.com\/pl\/produkt\/hario-drip-scale\/#breadcrumb","itemListElement":[{"@type":"ListItem","position":1,"name":"Home","item":"https:\/\/simploworld.com\/pl\/"},{"@type":"ListItem","position":2,"name":"Sklep","item":"https:\/\/simploworld.com\/pl\/sklep\/"},{"@type":"ListItem","position":3,"name":"Waga Hario Drip"}]},{"@type":"WebSite","@id":"https:\/\/simploworld.com\/#website","url":"https:\/\/simploworld.com\/","name":"SIMPLo","description":"We\u017a jeden \u0142yk i wszystko si\u0119 zmieni","potentialAction":[{"@type":"SearchAction","target":{"@type":"EntryPoint","urlTemplate":"https:\/\/simploworld.com\/?s={search_term_string}"},"query-input":"required name=search_term_string"}],"inLanguage":"pl-PL"}]}},"_links":{"self":[{"href":"https:\/\/simploworld.com\/pl\/wp-json\/wp\/v2\/product\/1192"}],"collection":[{"href":"https:\/\/simploworld.com\/pl\/wp-json\/wp\/v2\/product"}],"about":[{"href":"https:\/\/simploworld.com\/pl\/wp-json\/wp\/v2\/types\/product"}],"wp:featuredmedia":[{"embeddable":true,"href":"https:\/\/simploworld.com\/pl\/wp-json\/wp\/v2\/media\/1372"}],"wp:attachment":[{"href":"https:\/\/simploworld.com\/pl\/wp-json\/wp\/v2\/media?parent=1192"}],"wp:term":[{"taxonomy":"product_cat","embeddable":true,"href":"https:\/\/simploworld.com\/pl\/wp-json\/wp\/v2\/product_cat?post=1192"},{"taxonomy":"product_tag","embeddable":true,"href":"https:\/\/simploworld.com\/pl\/wp-json\/wp\/v2\/product_tag?post=1192"}],"curies":[{"name":"wp","href":"https:\/\/api.w.org\/{rel}","templated":true}]}}