{"id":1193,"date":"2019-08-09T07:45:56","date_gmt":"2019-08-09T07:45:56","guid":{"rendered":"https:\/\/simploworld.com\/product\/hario-cold-brew-coffee-jug\/"},"modified":"2020-05-06T10:56:36","modified_gmt":"2020-05-06T10:56:36","slug":"hario-cold-brew-coffee-jug","status":"publish","type":"product","link":"https:\/\/simploworld.com\/pl\/produkt\/hario-cold-brew-coffee-jug\/","title":{"rendered":"Dzbanek Hario Cold Brew Jug"},"content":{"rendered":"","protected":false},"excerpt":{"rendered":"<p style=\"text-align: justify;\">Brr\u2026 Zaparzaj bez lodu! Przygotuj swoj\u0105 mro\u017con\u0105 kaw\u0119 tylko z ziaren i wody. Aby osi\u0105gn\u0105\u0107 idealn\u0105 temperatur\u0119 w\u0142\u00f3\u017c do lod\u00f3wki na 8 godzin. Nie czekaj bezczynnie. W\u0142\u0105cz muzyk\u0119, zata\u0144cz przed lustrem\u2026 Sp\u0119d\u017a ten czas kreatywnie! A kiedy cold brew b\u0119dzie gotowe \u2014 wznie\u015b orze\u017awiaj\u0105cy toast.<\/p>\n<p style=\"text-align: justify;\">Dzbanek Hario Cold Brew Jug uwalnia delikatny, \u0142agodny smak. Delektuj si\u0119 nim odpoczywaj\u0105c na balkonie lub zapro\u015b znajomych i rozkr\u0119\u0107 imprez\u0119. Je\u015bli masz ochot\u0119, dodaj troch\u0119 wanilii i jeszcze mocniej os\u0142\u00f3d\u017a sobie dzie\u0144! Osiem porcji ch\u0142odz\u0105cej dobroci do twojej dyspozycji!<\/p>\n<p>&nbsp;<\/p>\n<p>Hario Cold Brew Coffee Jug Specyfikacja:<br \/>\nObj\u0119to\u015b\u0107: 1 l (8 fili\u017canek)<br \/>\nMateria\u0142:<br \/>\nDzbanek: szk\u0142o \u017caroodporne<br \/>\nPokrywka, filtr: stal nierdzewna<br \/>\nWymiary: 100 \u00d7 94 \u00d7 290 mm<\/p>\n","protected":false},"featured_media":2436,"template":"","meta":{"_acf_changed":false},"product_cat":[89,114],"product_tag":[146,164],"acf":[],"yoast_head":"<!-- This site is optimized with the Yoast SEO plugin v23.0 - https:\/\/yoast.com\/wordpress\/plugins\/seo\/ -->\n<title>Dzbanek Hario Cold Brew Jug<\/title>\n<meta name=\"robots\" content=\"index, follow, max-snippet:-1, max-image-preview:large, max-video-preview:-1\" \/>\n<link rel=\"canonical\" href=\"https:\/\/simploworld.com\/produkt\/hario-cold-brew-coffee-jug\/\" \/>\n<meta property=\"og:locale\" content=\"pl_PL\" \/>\n<meta property=\"og:type\" content=\"article\" \/>\n<meta property=\"og:title\" content=\"Dzbanek Hario Cold Brew Jug\" \/>\n<meta property=\"og:description\" content=\"Brr\u2026 Zaparzaj bez lodu! Przygotuj swoj\u0105 mro\u017con\u0105 kaw\u0119 tylko z ziaren i wody. Aby osi\u0105gn\u0105\u0107 idealn\u0105 temperatur\u0119 w\u0142\u00f3\u017c do lod\u00f3wki na 8 godzin. Nie czekaj bezczynnie. W\u0142\u0105cz muzyk\u0119, zata\u0144cz przed lustrem\u2026 Sp\u0119d\u017a ten czas kreatywnie! A kiedy cold brew b\u0119dzie gotowe \u2014 wznie\u015b orze\u017awiaj\u0105cy toast.  Dzbanek Hario Cold Brew Jug uwalnia delikatny, \u0142agodny smak. Delektuj si\u0119 nim odpoczywaj\u0105c na balkonie lub zapro\u015b znajomych i rozkr\u0119\u0107 imprez\u0119. Je\u015bli masz ochot\u0119, dodaj troch\u0119 wanilii i jeszcze mocniej os\u0142\u00f3d\u017a sobie dzie\u0144! Osiem porcji ch\u0142odz\u0105cej dobroci do twojej dyspozycji! &nbsp; Hario Cold Brew Coffee Jug Specyfikacja: Obj\u0119to\u015b\u0107: 1 l (8 fili\u017canek) Materia\u0142: Dzbanek: szk\u0142o \u017caroodporne Pokrywka, filtr: stal nierdzewna Wymiary: 100 \u00d7 94 \u00d7 290 mm\" \/>\n<meta property=\"og:url\" content=\"https:\/\/simploworld.com\/produkt\/hario-cold-brew-coffee-jug\/\" \/>\n<meta property=\"og:site_name\" content=\"SIMPLo\" \/>\n<meta property=\"article:modified_time\" content=\"2020-05-06T10:56:36+00:00\" \/>\n<meta property=\"og:image\" content=\"https:\/\/simploworld.com\/wp-content\/uploads\/2019\/08\/Hario-Cold-Brew-coffee-Jug-1.png\" \/>\n\t<meta property=\"og:image:width\" content=\"1920\" \/>\n\t<meta property=\"og:image:height\" content=\"1920\" \/>\n\t<meta property=\"og:image:type\" content=\"image\/png\" \/>\n<meta name=\"twitter:card\" content=\"summary_large_image\" \/>\n<script type=\"application\/ld+json\" class=\"yoast-schema-graph\">{\"@context\":\"https:\/\/schema.org\",\"@graph\":[{\"@type\":\"WebPage\",\"@id\":\"https:\/\/simploworld.com\/produkt\/hario-cold-brew-coffee-jug\/\",\"url\":\"https:\/\/simploworld.com\/produkt\/hario-cold-brew-coffee-jug\/\",\"name\":\"Dzbanek Hario Cold Brew Jug\",\"isPartOf\":{\"@id\":\"https:\/\/simploworld.com\/#website\"},\"primaryImageOfPage\":{\"@id\":\"https:\/\/simploworld.com\/produkt\/hario-cold-brew-coffee-jug\/#primaryimage\"},\"image\":{\"@id\":\"https:\/\/simploworld.com\/produkt\/hario-cold-brew-coffee-jug\/#primaryimage\"},\"thumbnailUrl\":\"https:\/\/simploworld.com\/wp-content\/uploads\/2019\/08\/Hario-Cold-Brew-coffee-Jug-1.png\",\"datePublished\":\"2019-08-09T07:45:56+00:00\",\"dateModified\":\"2020-05-06T10:56:36+00:00\",\"breadcrumb\":{\"@id\":\"https:\/\/simploworld.com\/produkt\/hario-cold-brew-coffee-jug\/#breadcrumb\"},\"inLanguage\":\"pl-PL\",\"potentialAction\":[{\"@type\":\"ReadAction\",\"target\":[\"https:\/\/simploworld.com\/produkt\/hario-cold-brew-coffee-jug\/\"]}]},{\"@type\":\"ImageObject\",\"inLanguage\":\"pl-PL\",\"@id\":\"https:\/\/simploworld.com\/produkt\/hario-cold-brew-coffee-jug\/#primaryimage\",\"url\":\"https:\/\/simploworld.com\/wp-content\/uploads\/2019\/08\/Hario-Cold-Brew-coffee-Jug-1.png\",\"contentUrl\":\"https:\/\/simploworld.com\/wp-content\/uploads\/2019\/08\/Hario-Cold-Brew-coffee-Jug-1.png\",\"width\":1920,\"height\":1920},{\"@type\":\"BreadcrumbList\",\"@id\":\"https:\/\/simploworld.com\/produkt\/hario-cold-brew-coffee-jug\/#breadcrumb\",\"itemListElement\":[{\"@type\":\"ListItem\",\"position\":1,\"name\":\"Home\",\"item\":\"https:\/\/simploworld.com\/pl\/\"},{\"@type\":\"ListItem\",\"position\":2,\"name\":\"Sklep\",\"item\":\"https:\/\/simploworld.com\/pl\/sklep\/\"},{\"@type\":\"ListItem\",\"position\":3,\"name\":\"Dzbanek Hario Cold Brew Jug\"}]},{\"@type\":\"WebSite\",\"@id\":\"https:\/\/simploworld.com\/#website\",\"url\":\"https:\/\/simploworld.com\/\",\"name\":\"SIMPLo\",\"description\":\"We\u017a jeden \u0142yk i wszystko si\u0119 zmieni\",\"potentialAction\":[{\"@type\":\"SearchAction\",\"target\":{\"@type\":\"EntryPoint\",\"urlTemplate\":\"https:\/\/simploworld.com\/?s={search_term_string}\"},\"query-input\":\"required name=search_term_string\"}],\"inLanguage\":\"pl-PL\"}]}<\/script>\n<!-- \/ Yoast SEO plugin. -->","yoast_head_json":{"title":"Dzbanek Hario Cold Brew Jug","robots":{"index":"index","follow":"follow","max-snippet":"max-snippet:-1","max-image-preview":"max-image-preview:large","max-video-preview":"max-video-preview:-1"},"canonical":"https:\/\/simploworld.com\/produkt\/hario-cold-brew-coffee-jug\/","og_locale":"pl_PL","og_type":"article","og_title":"Dzbanek Hario Cold Brew Jug","og_description":"Brr\u2026 Zaparzaj bez lodu! Przygotuj swoj\u0105 mro\u017con\u0105 kaw\u0119 tylko z ziaren i wody. Aby osi\u0105gn\u0105\u0107 idealn\u0105 temperatur\u0119 w\u0142\u00f3\u017c do lod\u00f3wki na 8 godzin. Nie czekaj bezczynnie. W\u0142\u0105cz muzyk\u0119, zata\u0144cz przed lustrem\u2026 Sp\u0119d\u017a ten czas kreatywnie! A kiedy cold brew b\u0119dzie gotowe \u2014 wznie\u015b orze\u017awiaj\u0105cy toast.  Dzbanek Hario Cold Brew Jug uwalnia delikatny, \u0142agodny smak. Delektuj si\u0119 nim odpoczywaj\u0105c na balkonie lub zapro\u015b znajomych i rozkr\u0119\u0107 imprez\u0119. Je\u015bli masz ochot\u0119, dodaj troch\u0119 wanilii i jeszcze mocniej os\u0142\u00f3d\u017a sobie dzie\u0144! Osiem porcji ch\u0142odz\u0105cej dobroci do twojej dyspozycji! &nbsp; Hario Cold Brew Coffee Jug Specyfikacja: Obj\u0119to\u015b\u0107: 1 l (8 fili\u017canek) Materia\u0142: Dzbanek: szk\u0142o \u017caroodporne Pokrywka, filtr: stal nierdzewna Wymiary: 100 \u00d7 94 \u00d7 290 mm","og_url":"https:\/\/simploworld.com\/produkt\/hario-cold-brew-coffee-jug\/","og_site_name":"SIMPLo","article_modified_time":"2020-05-06T10:56:36+00:00","og_image":[{"width":1920,"height":1920,"url":"https:\/\/simploworld.com\/wp-content\/uploads\/2019\/08\/Hario-Cold-Brew-coffee-Jug-1.png","type":"image\/png"}],"twitter_card":"summary_large_image","schema":{"@context":"https:\/\/schema.org","@graph":[{"@type":"WebPage","@id":"https:\/\/simploworld.com\/produkt\/hario-cold-brew-coffee-jug\/","url":"https:\/\/simploworld.com\/produkt\/hario-cold-brew-coffee-jug\/","name":"Dzbanek Hario Cold Brew Jug","isPartOf":{"@id":"https:\/\/simploworld.com\/#website"},"primaryImageOfPage":{"@id":"https:\/\/simploworld.com\/produkt\/hario-cold-brew-coffee-jug\/#primaryimage"},"image":{"@id":"https:\/\/simploworld.com\/produkt\/hario-cold-brew-coffee-jug\/#primaryimage"},"thumbnailUrl":"https:\/\/simploworld.com\/wp-content\/uploads\/2019\/08\/Hario-Cold-Brew-coffee-Jug-1.png","datePublished":"2019-08-09T07:45:56+00:00","dateModified":"2020-05-06T10:56:36+00:00","breadcrumb":{"@id":"https:\/\/simploworld.com\/produkt\/hario-cold-brew-coffee-jug\/#breadcrumb"},"inLanguage":"pl-PL","potentialAction":[{"@type":"ReadAction","target":["https:\/\/simploworld.com\/produkt\/hario-cold-brew-coffee-jug\/"]}]},{"@type":"ImageObject","inLanguage":"pl-PL","@id":"https:\/\/simploworld.com\/produkt\/hario-cold-brew-coffee-jug\/#primaryimage","url":"https:\/\/simploworld.com\/wp-content\/uploads\/2019\/08\/Hario-Cold-Brew-coffee-Jug-1.png","contentUrl":"https:\/\/simploworld.com\/wp-content\/uploads\/2019\/08\/Hario-Cold-Brew-coffee-Jug-1.png","width":1920,"height":1920},{"@type":"BreadcrumbList","@id":"https:\/\/simploworld.com\/produkt\/hario-cold-brew-coffee-jug\/#breadcrumb","itemListElement":[{"@type":"ListItem","position":1,"name":"Home","item":"https:\/\/simploworld.com\/pl\/"},{"@type":"ListItem","position":2,"name":"Sklep","item":"https:\/\/simploworld.com\/pl\/sklep\/"},{"@type":"ListItem","position":3,"name":"Dzbanek Hario Cold Brew Jug"}]},{"@type":"WebSite","@id":"https:\/\/simploworld.com\/#website","url":"https:\/\/simploworld.com\/","name":"SIMPLo","description":"We\u017a jeden \u0142yk i wszystko si\u0119 zmieni","potentialAction":[{"@type":"SearchAction","target":{"@type":"EntryPoint","urlTemplate":"https:\/\/simploworld.com\/?s={search_term_string}"},"query-input":"required name=search_term_string"}],"inLanguage":"pl-PL"}]}},"_links":{"self":[{"href":"https:\/\/simploworld.com\/pl\/wp-json\/wp\/v2\/product\/1193"}],"collection":[{"href":"https:\/\/simploworld.com\/pl\/wp-json\/wp\/v2\/product"}],"about":[{"href":"https:\/\/simploworld.com\/pl\/wp-json\/wp\/v2\/types\/product"}],"wp:featuredmedia":[{"embeddable":true,"href":"https:\/\/simploworld.com\/pl\/wp-json\/wp\/v2\/media\/2436"}],"wp:attachment":[{"href":"https:\/\/simploworld.com\/pl\/wp-json\/wp\/v2\/media?parent=1193"}],"wp:term":[{"taxonomy":"product_cat","embeddable":true,"href":"https:\/\/simploworld.com\/pl\/wp-json\/wp\/v2\/product_cat?post=1193"},{"taxonomy":"product_tag","embeddable":true,"href":"https:\/\/simploworld.com\/pl\/wp-json\/wp\/v2\/product_tag?post=1193"}],"curies":[{"name":"wp","href":"https:\/\/api.w.org\/{rel}","templated":true}]}}