{"id":1195,"date":"2019-08-09T07:47:38","date_gmt":"2019-08-09T07:47:38","guid":{"rendered":"https:\/\/simploworld.com\/product\/hario-buono-kettel\/"},"modified":"2020-05-06T10:45:33","modified_gmt":"2020-05-06T10:45:33","slug":"hario-buono-kettle","status":"publish","type":"product","link":"https:\/\/simploworld.com\/pl\/produkt\/hario-buono-kettle\/","title":{"rendered":"Czajnik Hario Buono"},"content":{"rendered":"","protected":false},"excerpt":{"rendered":"<p style=\"text-align: justify;\">Zaprojektowany dla tych, kt\u00f3rzy ceni\u0105 nie tylko cel, ale i sam\u0105 podr\u00f3\u017c. Czajnik Hario Buono Kettle to kwintesencja kawowego do\u015bwiadczenia. Pi\u0119kny zar\u00f3wno na zewn\u0105trz, jak w \u015brodku. Daj si\u0119 poch\u0142on\u0105\u0107 procesowi\u2026 Czerp przyjemno\u015b\u0107 z przygotowa\u0144. Z tym czajnikiem z \u0142atwo\u015bci\u0105 zakochasz si\u0119 w przelewowej technice parzenia. A je\u015bli ju\u017c jeste\u015b jej mi\u0142o\u015bnikiem. C\u00f3\u017c\u2026 wtedy po prostu udowodni, \u017ce darzysz uczuciem odpowiedni\u0105 metod\u0119.<\/p>\n<p>&nbsp;<\/p>\n<p style=\"text-align: justify;\">Dzi\u0119ki obudowie ze stali nierdzewnej i d\u0142ugiemu, w\u0105skiemu lejkowi czajnik Hario Buobo Kettle wznosi klasyczny design na nowy poziom. Ka\u017cde parzenie obdarowuje ci\u0119 5 fili\u017cankami kawy \u2014 dopasowanymi do twoich \u017cycze\u0144. Po prostu cudowne.<\/p>\n","protected":false},"featured_media":2493,"template":"","meta":{"_acf_changed":false},"product_cat":[117,93],"product_tag":[146,164,158,150],"acf":[],"yoast_head":"<!-- This site is optimized with the Yoast SEO plugin v23.0 - https:\/\/yoast.com\/wordpress\/plugins\/seo\/ -->\n<title>Czajnik Hario Buono<\/title>\n<meta name=\"robots\" content=\"index, follow, max-snippet:-1, max-image-preview:large, max-video-preview:-1\" \/>\n<link rel=\"canonical\" href=\"https:\/\/simploworld.com\/produkt\/hario-buono-kettle\/\" \/>\n<meta property=\"og:locale\" content=\"pl_PL\" \/>\n<meta property=\"og:type\" content=\"article\" \/>\n<meta property=\"og:title\" content=\"Czajnik Hario Buono\" \/>\n<meta property=\"og:description\" content=\"Zaprojektowany dla tych, kt\u00f3rzy ceni\u0105 nie tylko cel, ale i sam\u0105 podr\u00f3\u017c. Czajnik Hario Buono Kettle to kwintesencja kawowego do\u015bwiadczenia. Pi\u0119kny zar\u00f3wno na zewn\u0105trz, jak w \u015brodku. Daj si\u0119 poch\u0142on\u0105\u0107 procesowi\u2026 Czerp przyjemno\u015b\u0107 z przygotowa\u0144. Z tym czajnikiem z \u0142atwo\u015bci\u0105 zakochasz si\u0119 w przelewowej technice parzenia. A je\u015bli ju\u017c jeste\u015b jej mi\u0142o\u015bnikiem. C\u00f3\u017c\u2026 wtedy po prostu udowodni, \u017ce darzysz uczuciem odpowiedni\u0105 metod\u0119. &nbsp; Dzi\u0119ki obudowie ze stali nierdzewnej i d\u0142ugiemu, w\u0105skiemu lejkowi czajnik Hario Buobo Kettle wznosi klasyczny design na nowy poziom. Ka\u017cde parzenie obdarowuje ci\u0119 5 fili\u017cankami kawy \u2014 dopasowanymi do twoich \u017cycze\u0144. Po prostu cudowne.\" \/>\n<meta property=\"og:url\" content=\"https:\/\/simploworld.com\/produkt\/hario-buono-kettle\/\" \/>\n<meta property=\"og:site_name\" content=\"SIMPLo\" \/>\n<meta property=\"article:modified_time\" content=\"2020-05-06T10:45:33+00:00\" \/>\n<meta property=\"og:image\" content=\"https:\/\/simploworld.com\/wp-content\/uploads\/2019\/08\/Hario_Buono_Kettel_large-1-5.png\" \/>\n\t<meta property=\"og:image:width\" content=\"1920\" \/>\n\t<meta property=\"og:image:height\" content=\"1920\" \/>\n\t<meta property=\"og:image:type\" content=\"image\/png\" \/>\n<meta name=\"twitter:card\" content=\"summary_large_image\" \/>\n<script type=\"application\/ld+json\" class=\"yoast-schema-graph\">{\"@context\":\"https:\/\/schema.org\",\"@graph\":[{\"@type\":\"WebPage\",\"@id\":\"https:\/\/simploworld.com\/produkt\/hario-buono-kettle\/\",\"url\":\"https:\/\/simploworld.com\/produkt\/hario-buono-kettle\/\",\"name\":\"Czajnik Hario Buono\",\"isPartOf\":{\"@id\":\"https:\/\/simploworld.com\/#website\"},\"primaryImageOfPage\":{\"@id\":\"https:\/\/simploworld.com\/produkt\/hario-buono-kettle\/#primaryimage\"},\"image\":{\"@id\":\"https:\/\/simploworld.com\/produkt\/hario-buono-kettle\/#primaryimage\"},\"thumbnailUrl\":\"https:\/\/simploworld.com\/wp-content\/uploads\/2019\/08\/Hario_Buono_Kettel_large-1-5.png\",\"datePublished\":\"2019-08-09T07:47:38+00:00\",\"dateModified\":\"2020-05-06T10:45:33+00:00\",\"breadcrumb\":{\"@id\":\"https:\/\/simploworld.com\/produkt\/hario-buono-kettle\/#breadcrumb\"},\"inLanguage\":\"pl-PL\",\"potentialAction\":[{\"@type\":\"ReadAction\",\"target\":[\"https:\/\/simploworld.com\/produkt\/hario-buono-kettle\/\"]}]},{\"@type\":\"ImageObject\",\"inLanguage\":\"pl-PL\",\"@id\":\"https:\/\/simploworld.com\/produkt\/hario-buono-kettle\/#primaryimage\",\"url\":\"https:\/\/simploworld.com\/wp-content\/uploads\/2019\/08\/Hario_Buono_Kettel_large-1-5.png\",\"contentUrl\":\"https:\/\/simploworld.com\/wp-content\/uploads\/2019\/08\/Hario_Buono_Kettel_large-1-5.png\",\"width\":1920,\"height\":1920},{\"@type\":\"BreadcrumbList\",\"@id\":\"https:\/\/simploworld.com\/produkt\/hario-buono-kettle\/#breadcrumb\",\"itemListElement\":[{\"@type\":\"ListItem\",\"position\":1,\"name\":\"Home\",\"item\":\"https:\/\/simploworld.com\/pl\/\"},{\"@type\":\"ListItem\",\"position\":2,\"name\":\"Sklep\",\"item\":\"https:\/\/simploworld.com\/pl\/sklep\/\"},{\"@type\":\"ListItem\",\"position\":3,\"name\":\"Czajnik Hario Buono\"}]},{\"@type\":\"WebSite\",\"@id\":\"https:\/\/simploworld.com\/#website\",\"url\":\"https:\/\/simploworld.com\/\",\"name\":\"SIMPLo\",\"description\":\"We\u017a jeden \u0142yk i wszystko si\u0119 zmieni\",\"potentialAction\":[{\"@type\":\"SearchAction\",\"target\":{\"@type\":\"EntryPoint\",\"urlTemplate\":\"https:\/\/simploworld.com\/?s={search_term_string}\"},\"query-input\":\"required name=search_term_string\"}],\"inLanguage\":\"pl-PL\"}]}<\/script>\n<!-- \/ Yoast SEO plugin. -->","yoast_head_json":{"title":"Czajnik Hario Buono","robots":{"index":"index","follow":"follow","max-snippet":"max-snippet:-1","max-image-preview":"max-image-preview:large","max-video-preview":"max-video-preview:-1"},"canonical":"https:\/\/simploworld.com\/produkt\/hario-buono-kettle\/","og_locale":"pl_PL","og_type":"article","og_title":"Czajnik Hario Buono","og_description":"Zaprojektowany dla tych, kt\u00f3rzy ceni\u0105 nie tylko cel, ale i sam\u0105 podr\u00f3\u017c. Czajnik Hario Buono Kettle to kwintesencja kawowego do\u015bwiadczenia. Pi\u0119kny zar\u00f3wno na zewn\u0105trz, jak w \u015brodku. Daj si\u0119 poch\u0142on\u0105\u0107 procesowi\u2026 Czerp przyjemno\u015b\u0107 z przygotowa\u0144. Z tym czajnikiem z \u0142atwo\u015bci\u0105 zakochasz si\u0119 w przelewowej technice parzenia. A je\u015bli ju\u017c jeste\u015b jej mi\u0142o\u015bnikiem. C\u00f3\u017c\u2026 wtedy po prostu udowodni, \u017ce darzysz uczuciem odpowiedni\u0105 metod\u0119. &nbsp; Dzi\u0119ki obudowie ze stali nierdzewnej i d\u0142ugiemu, w\u0105skiemu lejkowi czajnik Hario Buobo Kettle wznosi klasyczny design na nowy poziom. Ka\u017cde parzenie obdarowuje ci\u0119 5 fili\u017cankami kawy \u2014 dopasowanymi do twoich \u017cycze\u0144. Po prostu cudowne.","og_url":"https:\/\/simploworld.com\/produkt\/hario-buono-kettle\/","og_site_name":"SIMPLo","article_modified_time":"2020-05-06T10:45:33+00:00","og_image":[{"width":1920,"height":1920,"url":"https:\/\/simploworld.com\/wp-content\/uploads\/2019\/08\/Hario_Buono_Kettel_large-1-5.png","type":"image\/png"}],"twitter_card":"summary_large_image","schema":{"@context":"https:\/\/schema.org","@graph":[{"@type":"WebPage","@id":"https:\/\/simploworld.com\/produkt\/hario-buono-kettle\/","url":"https:\/\/simploworld.com\/produkt\/hario-buono-kettle\/","name":"Czajnik Hario Buono","isPartOf":{"@id":"https:\/\/simploworld.com\/#website"},"primaryImageOfPage":{"@id":"https:\/\/simploworld.com\/produkt\/hario-buono-kettle\/#primaryimage"},"image":{"@id":"https:\/\/simploworld.com\/produkt\/hario-buono-kettle\/#primaryimage"},"thumbnailUrl":"https:\/\/simploworld.com\/wp-content\/uploads\/2019\/08\/Hario_Buono_Kettel_large-1-5.png","datePublished":"2019-08-09T07:47:38+00:00","dateModified":"2020-05-06T10:45:33+00:00","breadcrumb":{"@id":"https:\/\/simploworld.com\/produkt\/hario-buono-kettle\/#breadcrumb"},"inLanguage":"pl-PL","potentialAction":[{"@type":"ReadAction","target":["https:\/\/simploworld.com\/produkt\/hario-buono-kettle\/"]}]},{"@type":"ImageObject","inLanguage":"pl-PL","@id":"https:\/\/simploworld.com\/produkt\/hario-buono-kettle\/#primaryimage","url":"https:\/\/simploworld.com\/wp-content\/uploads\/2019\/08\/Hario_Buono_Kettel_large-1-5.png","contentUrl":"https:\/\/simploworld.com\/wp-content\/uploads\/2019\/08\/Hario_Buono_Kettel_large-1-5.png","width":1920,"height":1920},{"@type":"BreadcrumbList","@id":"https:\/\/simploworld.com\/produkt\/hario-buono-kettle\/#breadcrumb","itemListElement":[{"@type":"ListItem","position":1,"name":"Home","item":"https:\/\/simploworld.com\/pl\/"},{"@type":"ListItem","position":2,"name":"Sklep","item":"https:\/\/simploworld.com\/pl\/sklep\/"},{"@type":"ListItem","position":3,"name":"Czajnik Hario Buono"}]},{"@type":"WebSite","@id":"https:\/\/simploworld.com\/#website","url":"https:\/\/simploworld.com\/","name":"SIMPLo","description":"We\u017a jeden \u0142yk i wszystko si\u0119 zmieni","potentialAction":[{"@type":"SearchAction","target":{"@type":"EntryPoint","urlTemplate":"https:\/\/simploworld.com\/?s={search_term_string}"},"query-input":"required name=search_term_string"}],"inLanguage":"pl-PL"}]}},"_links":{"self":[{"href":"https:\/\/simploworld.com\/pl\/wp-json\/wp\/v2\/product\/1195"}],"collection":[{"href":"https:\/\/simploworld.com\/pl\/wp-json\/wp\/v2\/product"}],"about":[{"href":"https:\/\/simploworld.com\/pl\/wp-json\/wp\/v2\/types\/product"}],"wp:featuredmedia":[{"embeddable":true,"href":"https:\/\/simploworld.com\/pl\/wp-json\/wp\/v2\/media\/2493"}],"wp:attachment":[{"href":"https:\/\/simploworld.com\/pl\/wp-json\/wp\/v2\/media?parent=1195"}],"wp:term":[{"taxonomy":"product_cat","embeddable":true,"href":"https:\/\/simploworld.com\/pl\/wp-json\/wp\/v2\/product_cat?post=1195"},{"taxonomy":"product_tag","embeddable":true,"href":"https:\/\/simploworld.com\/pl\/wp-json\/wp\/v2\/product_tag?post=1195"}],"curies":[{"name":"wp","href":"https:\/\/api.w.org\/{rel}","templated":true}]}}