{"id":1197,"date":"2019-08-09T07:49:31","date_gmt":"2019-08-09T07:49:31","guid":{"rendered":"https:\/\/simploworld.com\/product\/hario-v-60-02-filters\/"},"modified":"2021-04-20T10:28:45","modified_gmt":"2021-04-20T10:28:45","slug":"hario-v-60-02-filters","status":"publish","type":"product","link":"https:\/\/simploworld.com\/pl\/produkt\/hario-v-60-02-filters\/","title":{"rendered":"Filtry Hario V-60-02"},"content":{"rendered":"","protected":false},"excerpt":{"rendered":"<p style=\"text-align: justify;\">Zdrowa relacja mi\u0119dzy smakiem a zaparzaczem zbudowana jest na odpowiednich filtrach. Na szcz\u0119\u015bcie Hario V-60 pasuj\u0105 do wszystkich produkt\u00f3w tej marki. Utrzymuj\u0105 prawdziwy, wielowymiarowy smak kawy \u2014 co do nuty. U\u017cywaj ich bezustannie, a wszystkie parzenia rozegraj\u0105 si\u0119 po twojej my\u015bli.<\/p>\n<p>&nbsp;<\/p>\n<p>Zestaw zawiera 100 filtr\u00f3w.<\/p>\n<p>Rozmiar: ma\u0142y<\/p>\n","protected":false},"featured_media":1378,"template":"","meta":{"_acf_changed":false},"product_cat":[115],"product_tag":[164],"acf":[],"yoast_head":"<!-- This site is optimized with the Yoast SEO plugin v23.0 - https:\/\/yoast.com\/wordpress\/plugins\/seo\/ -->\n<title>Filtry Hario V-60-02<\/title>\n<meta name=\"robots\" content=\"index, follow, max-snippet:-1, max-image-preview:large, max-video-preview:-1\" \/>\n<link rel=\"canonical\" href=\"https:\/\/simploworld.com\/produkt\/hario-v-60-02-filters\/\" \/>\n<meta property=\"og:locale\" content=\"pl_PL\" \/>\n<meta property=\"og:type\" content=\"article\" \/>\n<meta property=\"og:title\" content=\"Filtry Hario V-60-02\" \/>\n<meta property=\"og:description\" content=\"Zdrowa relacja mi\u0119dzy smakiem a zaparzaczem zbudowana jest na odpowiednich filtrach. Na szcz\u0119\u015bcie Hario V-60 pasuj\u0105 do wszystkich produkt\u00f3w tej marki. Utrzymuj\u0105 prawdziwy, wielowymiarowy smak kawy \u2014 co do nuty. U\u017cywaj ich bezustannie, a wszystkie parzenia rozegraj\u0105 si\u0119 po twojej my\u015bli. &nbsp; Zestaw zawiera 100 filtr\u00f3w.  Rozmiar: ma\u0142y\" \/>\n<meta property=\"og:url\" content=\"https:\/\/simploworld.com\/produkt\/hario-v-60-02-filters\/\" \/>\n<meta property=\"og:site_name\" content=\"SIMPLo\" \/>\n<meta property=\"article:modified_time\" content=\"2021-04-20T10:28:45+00:00\" \/>\n<meta property=\"og:image\" content=\"https:\/\/simploworld.com\/wp-content\/uploads\/2019\/08\/Hario_V60_filters1_large-1.png\" \/>\n\t<meta property=\"og:image:width\" content=\"1920\" \/>\n\t<meta property=\"og:image:height\" content=\"1920\" \/>\n\t<meta property=\"og:image:type\" content=\"image\/png\" \/>\n<meta name=\"twitter:card\" content=\"summary_large_image\" \/>\n<script type=\"application\/ld+json\" class=\"yoast-schema-graph\">{\"@context\":\"https:\/\/schema.org\",\"@graph\":[{\"@type\":\"WebPage\",\"@id\":\"https:\/\/simploworld.com\/produkt\/hario-v-60-02-filters\/\",\"url\":\"https:\/\/simploworld.com\/produkt\/hario-v-60-02-filters\/\",\"name\":\"Filtry Hario V-60-02\",\"isPartOf\":{\"@id\":\"https:\/\/simploworld.com\/#website\"},\"primaryImageOfPage\":{\"@id\":\"https:\/\/simploworld.com\/produkt\/hario-v-60-02-filters\/#primaryimage\"},\"image\":{\"@id\":\"https:\/\/simploworld.com\/produkt\/hario-v-60-02-filters\/#primaryimage\"},\"thumbnailUrl\":\"https:\/\/simploworld.com\/wp-content\/uploads\/2019\/08\/Hario_V60_filters1_large-1.png\",\"datePublished\":\"2019-08-09T07:49:31+00:00\",\"dateModified\":\"2021-04-20T10:28:45+00:00\",\"breadcrumb\":{\"@id\":\"https:\/\/simploworld.com\/produkt\/hario-v-60-02-filters\/#breadcrumb\"},\"inLanguage\":\"pl-PL\",\"potentialAction\":[{\"@type\":\"ReadAction\",\"target\":[\"https:\/\/simploworld.com\/produkt\/hario-v-60-02-filters\/\"]}]},{\"@type\":\"ImageObject\",\"inLanguage\":\"pl-PL\",\"@id\":\"https:\/\/simploworld.com\/produkt\/hario-v-60-02-filters\/#primaryimage\",\"url\":\"https:\/\/simploworld.com\/wp-content\/uploads\/2019\/08\/Hario_V60_filters1_large-1.png\",\"contentUrl\":\"https:\/\/simploworld.com\/wp-content\/uploads\/2019\/08\/Hario_V60_filters1_large-1.png\",\"width\":1920,\"height\":1920},{\"@type\":\"BreadcrumbList\",\"@id\":\"https:\/\/simploworld.com\/produkt\/hario-v-60-02-filters\/#breadcrumb\",\"itemListElement\":[{\"@type\":\"ListItem\",\"position\":1,\"name\":\"Home\",\"item\":\"https:\/\/simploworld.com\/pl\/\"},{\"@type\":\"ListItem\",\"position\":2,\"name\":\"Sklep\",\"item\":\"https:\/\/simploworld.com\/pl\/sklep\/\"},{\"@type\":\"ListItem\",\"position\":3,\"name\":\"Filtry Hario V-60-02\"}]},{\"@type\":\"WebSite\",\"@id\":\"https:\/\/simploworld.com\/#website\",\"url\":\"https:\/\/simploworld.com\/\",\"name\":\"SIMPLo\",\"description\":\"We\u017a jeden \u0142yk i wszystko si\u0119 zmieni\",\"potentialAction\":[{\"@type\":\"SearchAction\",\"target\":{\"@type\":\"EntryPoint\",\"urlTemplate\":\"https:\/\/simploworld.com\/?s={search_term_string}\"},\"query-input\":\"required name=search_term_string\"}],\"inLanguage\":\"pl-PL\"}]}<\/script>\n<!-- \/ Yoast SEO plugin. -->","yoast_head_json":{"title":"Filtry Hario V-60-02","robots":{"index":"index","follow":"follow","max-snippet":"max-snippet:-1","max-image-preview":"max-image-preview:large","max-video-preview":"max-video-preview:-1"},"canonical":"https:\/\/simploworld.com\/produkt\/hario-v-60-02-filters\/","og_locale":"pl_PL","og_type":"article","og_title":"Filtry Hario V-60-02","og_description":"Zdrowa relacja mi\u0119dzy smakiem a zaparzaczem zbudowana jest na odpowiednich filtrach. Na szcz\u0119\u015bcie Hario V-60 pasuj\u0105 do wszystkich produkt\u00f3w tej marki. Utrzymuj\u0105 prawdziwy, wielowymiarowy smak kawy \u2014 co do nuty. U\u017cywaj ich bezustannie, a wszystkie parzenia rozegraj\u0105 si\u0119 po twojej my\u015bli. &nbsp; Zestaw zawiera 100 filtr\u00f3w.  Rozmiar: ma\u0142y","og_url":"https:\/\/simploworld.com\/produkt\/hario-v-60-02-filters\/","og_site_name":"SIMPLo","article_modified_time":"2021-04-20T10:28:45+00:00","og_image":[{"width":1920,"height":1920,"url":"https:\/\/simploworld.com\/wp-content\/uploads\/2019\/08\/Hario_V60_filters1_large-1.png","type":"image\/png"}],"twitter_card":"summary_large_image","schema":{"@context":"https:\/\/schema.org","@graph":[{"@type":"WebPage","@id":"https:\/\/simploworld.com\/produkt\/hario-v-60-02-filters\/","url":"https:\/\/simploworld.com\/produkt\/hario-v-60-02-filters\/","name":"Filtry Hario V-60-02","isPartOf":{"@id":"https:\/\/simploworld.com\/#website"},"primaryImageOfPage":{"@id":"https:\/\/simploworld.com\/produkt\/hario-v-60-02-filters\/#primaryimage"},"image":{"@id":"https:\/\/simploworld.com\/produkt\/hario-v-60-02-filters\/#primaryimage"},"thumbnailUrl":"https:\/\/simploworld.com\/wp-content\/uploads\/2019\/08\/Hario_V60_filters1_large-1.png","datePublished":"2019-08-09T07:49:31+00:00","dateModified":"2021-04-20T10:28:45+00:00","breadcrumb":{"@id":"https:\/\/simploworld.com\/produkt\/hario-v-60-02-filters\/#breadcrumb"},"inLanguage":"pl-PL","potentialAction":[{"@type":"ReadAction","target":["https:\/\/simploworld.com\/produkt\/hario-v-60-02-filters\/"]}]},{"@type":"ImageObject","inLanguage":"pl-PL","@id":"https:\/\/simploworld.com\/produkt\/hario-v-60-02-filters\/#primaryimage","url":"https:\/\/simploworld.com\/wp-content\/uploads\/2019\/08\/Hario_V60_filters1_large-1.png","contentUrl":"https:\/\/simploworld.com\/wp-content\/uploads\/2019\/08\/Hario_V60_filters1_large-1.png","width":1920,"height":1920},{"@type":"BreadcrumbList","@id":"https:\/\/simploworld.com\/produkt\/hario-v-60-02-filters\/#breadcrumb","itemListElement":[{"@type":"ListItem","position":1,"name":"Home","item":"https:\/\/simploworld.com\/pl\/"},{"@type":"ListItem","position":2,"name":"Sklep","item":"https:\/\/simploworld.com\/pl\/sklep\/"},{"@type":"ListItem","position":3,"name":"Filtry Hario V-60-02"}]},{"@type":"WebSite","@id":"https:\/\/simploworld.com\/#website","url":"https:\/\/simploworld.com\/","name":"SIMPLo","description":"We\u017a jeden \u0142yk i wszystko si\u0119 zmieni","potentialAction":[{"@type":"SearchAction","target":{"@type":"EntryPoint","urlTemplate":"https:\/\/simploworld.com\/?s={search_term_string}"},"query-input":"required name=search_term_string"}],"inLanguage":"pl-PL"}]}},"_links":{"self":[{"href":"https:\/\/simploworld.com\/pl\/wp-json\/wp\/v2\/product\/1197"}],"collection":[{"href":"https:\/\/simploworld.com\/pl\/wp-json\/wp\/v2\/product"}],"about":[{"href":"https:\/\/simploworld.com\/pl\/wp-json\/wp\/v2\/types\/product"}],"wp:featuredmedia":[{"embeddable":true,"href":"https:\/\/simploworld.com\/pl\/wp-json\/wp\/v2\/media\/1378"}],"wp:attachment":[{"href":"https:\/\/simploworld.com\/pl\/wp-json\/wp\/v2\/media?parent=1197"}],"wp:term":[{"taxonomy":"product_cat","embeddable":true,"href":"https:\/\/simploworld.com\/pl\/wp-json\/wp\/v2\/product_cat?post=1197"},{"taxonomy":"product_tag","embeddable":true,"href":"https:\/\/simploworld.com\/pl\/wp-json\/wp\/v2\/product_tag?post=1197"}],"curies":[{"name":"wp","href":"https:\/\/api.w.org\/{rel}","templated":true}]}}