{"id":1198,"date":"2019-10-10T06:41:58","date_gmt":"2019-08-09T06:41:58","guid":{"rendered":"https:\/\/simploworld.com\/product\/ora\/"},"modified":"2025-10-14T12:01:05","modified_gmt":"2025-10-14T12:01:05","slug":"ora","status":"publish","type":"product","link":"https:\/\/simploworld.com\/pl\/produkt\/ora\/","title":{"rendered":"Ora"},"content":{"rendered":"","protected":false},"excerpt":{"rendered":"<p style=\"text-align: justify;\">Wyostrza zmys\u0142y o ka\u017cdej porze dnia. Ora to \u015brednio jasne palenie o wyrazistym owocowym smaku suszonych owoc\u00f3w, jag\u00f3d i domieszk\u0105 cukierkowej nuty. Ziarna z Etiopii nadaj\u0105 jej kwiatowo-owocowego aromatu z g\u0142\u0119bokim, \u0142agodnym body. Chwy\u0107 fili\u017cank\u0119, dodaj odrobin\u0119 mleka, by wydoby\u0107 bogactwo smaku\u2026 Lub zosta\u0144 przy czarnej klasyce. Cokolwiek wybierzesz, czeka ci\u0119 prawdziwa uczta.<\/p>\n<p>&nbsp;<\/p>\n<p style=\"text-align: justify;\">Doprawiona jazzowym drygiem, Ora to odpowied\u017a na codzienne roztargnienia. Poranne spotkania, czy d\u0142ugie godziny w pracy ju\u017c nie s\u0105 wyzwaniem. Pobudzaj\u0105cy charakter piosenki czu\u0107 w ka\u017cdym \u0142yku tej aromatycznej kawy. Wygraj z rozkojarzeniem. Przelej je na dziarskie, bluesowe nuty. Wstrzel si\u0119 w charyzmatyczny rytm twojego planu dnia.<\/p>\n<p>&nbsp;<\/p>\n<p style=\"text-align: justify;\">Ora wsp\u00f3\u0142gra ze wszystkimi przelewowymi metodami, ale duet z ekspresem Moccamaster to po\u0142\u0105czenie, kt\u00f3rego nie mo\u017cesz przegapi\u0107. W\u0142\u0105cz go jednym ruchem. To takie proste. It\u2019s SIMPLo.<\/p>\n<p style=\"text-align: justify;\">Chwila. Dobrze s\u0142yszymy? Ty te\u017c ju\u017c tupiesz z podeksytowania?<\/p>\n","protected":false},"featured_media":1408,"template":"","meta":{"_acf_changed":false},"product_cat":[111],"product_tag":[160,162],"acf":[],"yoast_head":"<!-- This site is optimized with the Yoast SEO plugin v23.0 - https:\/\/yoast.com\/wordpress\/plugins\/seo\/ -->\n<title>Ora<\/title>\n<meta name=\"robots\" content=\"index, follow, max-snippet:-1, max-image-preview:large, max-video-preview:-1\" \/>\n<link rel=\"canonical\" href=\"https:\/\/simploworld.com\/produkt\/ora\/\" \/>\n<meta property=\"og:locale\" content=\"pl_PL\" \/>\n<meta property=\"og:type\" content=\"article\" \/>\n<meta property=\"og:title\" content=\"Ora\" \/>\n<meta property=\"og:description\" content=\"Wyostrza zmys\u0142y o ka\u017cdej porze dnia. Ora to \u015brednio jasne palenie o wyrazistym owocowym smaku suszonych owoc\u00f3w, jag\u00f3d i domieszk\u0105 cukierkowej nuty. Ziarna z Etiopii nadaj\u0105 jej kwiatowo-owocowego aromatu z g\u0142\u0119bokim, \u0142agodnym body. Chwy\u0107 fili\u017cank\u0119, dodaj odrobin\u0119 mleka, by wydoby\u0107 bogactwo smaku\u2026 Lub zosta\u0144 przy czarnej klasyce. Cokolwiek wybierzesz, czeka ci\u0119 prawdziwa uczta. &nbsp; Doprawiona jazzowym drygiem, Ora to odpowied\u017a na codzienne roztargnienia. Poranne spotkania, czy d\u0142ugie godziny w pracy ju\u017c nie s\u0105 wyzwaniem. Pobudzaj\u0105cy charakter piosenki czu\u0107 w ka\u017cdym \u0142yku tej aromatycznej kawy. Wygraj z rozkojarzeniem. Przelej je na dziarskie, bluesowe nuty. Wstrzel si\u0119 w charyzmatyczny rytm twojego planu dnia. &nbsp; Ora wsp\u00f3\u0142gra ze wszystkimi przelewowymi metodami, ale duet z ekspresem Moccamaster to po\u0142\u0105czenie, kt\u00f3rego nie mo\u017cesz przegapi\u0107. W\u0142\u0105cz go jednym ruchem. To takie proste. It\u2019s SIMPLo. Chwila. Dobrze s\u0142yszymy? Ty te\u017c ju\u017c tupiesz z podeksytowania?\" \/>\n<meta property=\"og:url\" content=\"https:\/\/simploworld.com\/produkt\/ora\/\" \/>\n<meta property=\"og:site_name\" content=\"SIMPLo\" \/>\n<meta property=\"article:modified_time\" content=\"2025-10-14T12:01:05+00:00\" \/>\n<meta property=\"og:image\" content=\"https:\/\/simploworld.com\/wp-content\/uploads\/2019\/08\/IMG_0692_nbg_1a-1.png\" \/>\n\t<meta property=\"og:image:width\" content=\"1920\" \/>\n\t<meta property=\"og:image:height\" content=\"1920\" \/>\n\t<meta property=\"og:image:type\" content=\"image\/png\" \/>\n<meta name=\"twitter:card\" content=\"summary_large_image\" \/>\n<script type=\"application\/ld+json\" class=\"yoast-schema-graph\">{\"@context\":\"https:\/\/schema.org\",\"@graph\":[{\"@type\":\"WebPage\",\"@id\":\"https:\/\/simploworld.com\/produkt\/ora\/\",\"url\":\"https:\/\/simploworld.com\/produkt\/ora\/\",\"name\":\"Ora\",\"isPartOf\":{\"@id\":\"https:\/\/simploworld.com\/#website\"},\"primaryImageOfPage\":{\"@id\":\"https:\/\/simploworld.com\/produkt\/ora\/#primaryimage\"},\"image\":{\"@id\":\"https:\/\/simploworld.com\/produkt\/ora\/#primaryimage\"},\"thumbnailUrl\":\"https:\/\/simploworld.com\/wp-content\/uploads\/2019\/08\/IMG_0692_nbg_1a-1.png\",\"datePublished\":\"2019-08-09T06:41:58+00:00\",\"dateModified\":\"2025-10-14T12:01:05+00:00\",\"breadcrumb\":{\"@id\":\"https:\/\/simploworld.com\/produkt\/ora\/#breadcrumb\"},\"inLanguage\":\"pl-PL\",\"potentialAction\":[{\"@type\":\"ReadAction\",\"target\":[\"https:\/\/simploworld.com\/produkt\/ora\/\"]}]},{\"@type\":\"ImageObject\",\"inLanguage\":\"pl-PL\",\"@id\":\"https:\/\/simploworld.com\/produkt\/ora\/#primaryimage\",\"url\":\"https:\/\/simploworld.com\/wp-content\/uploads\/2019\/08\/IMG_0692_nbg_1a-1.png\",\"contentUrl\":\"https:\/\/simploworld.com\/wp-content\/uploads\/2019\/08\/IMG_0692_nbg_1a-1.png\",\"width\":1920,\"height\":1920},{\"@type\":\"BreadcrumbList\",\"@id\":\"https:\/\/simploworld.com\/produkt\/ora\/#breadcrumb\",\"itemListElement\":[{\"@type\":\"ListItem\",\"position\":1,\"name\":\"Home\",\"item\":\"https:\/\/simploworld.com\/pl\/\"},{\"@type\":\"ListItem\",\"position\":2,\"name\":\"Sklep\",\"item\":\"https:\/\/simploworld.com\/pl\/sklep\/\"},{\"@type\":\"ListItem\",\"position\":3,\"name\":\"Ora\"}]},{\"@type\":\"WebSite\",\"@id\":\"https:\/\/simploworld.com\/#website\",\"url\":\"https:\/\/simploworld.com\/\",\"name\":\"SIMPLo\",\"description\":\"We\u017a jeden \u0142yk i wszystko si\u0119 zmieni\",\"potentialAction\":[{\"@type\":\"SearchAction\",\"target\":{\"@type\":\"EntryPoint\",\"urlTemplate\":\"https:\/\/simploworld.com\/?s={search_term_string}\"},\"query-input\":\"required name=search_term_string\"}],\"inLanguage\":\"pl-PL\"}]}<\/script>\n<!-- \/ Yoast SEO plugin. -->","yoast_head_json":{"title":"Ora","robots":{"index":"index","follow":"follow","max-snippet":"max-snippet:-1","max-image-preview":"max-image-preview:large","max-video-preview":"max-video-preview:-1"},"canonical":"https:\/\/simploworld.com\/produkt\/ora\/","og_locale":"pl_PL","og_type":"article","og_title":"Ora","og_description":"Wyostrza zmys\u0142y o ka\u017cdej porze dnia. Ora to \u015brednio jasne palenie o wyrazistym owocowym smaku suszonych owoc\u00f3w, jag\u00f3d i domieszk\u0105 cukierkowej nuty. Ziarna z Etiopii nadaj\u0105 jej kwiatowo-owocowego aromatu z g\u0142\u0119bokim, \u0142agodnym body. Chwy\u0107 fili\u017cank\u0119, dodaj odrobin\u0119 mleka, by wydoby\u0107 bogactwo smaku\u2026 Lub zosta\u0144 przy czarnej klasyce. Cokolwiek wybierzesz, czeka ci\u0119 prawdziwa uczta. &nbsp; Doprawiona jazzowym drygiem, Ora to odpowied\u017a na codzienne roztargnienia. Poranne spotkania, czy d\u0142ugie godziny w pracy ju\u017c nie s\u0105 wyzwaniem. Pobudzaj\u0105cy charakter piosenki czu\u0107 w ka\u017cdym \u0142yku tej aromatycznej kawy. Wygraj z rozkojarzeniem. Przelej je na dziarskie, bluesowe nuty. Wstrzel si\u0119 w charyzmatyczny rytm twojego planu dnia. &nbsp; Ora wsp\u00f3\u0142gra ze wszystkimi przelewowymi metodami, ale duet z ekspresem Moccamaster to po\u0142\u0105czenie, kt\u00f3rego nie mo\u017cesz przegapi\u0107. W\u0142\u0105cz go jednym ruchem. To takie proste. It\u2019s SIMPLo. Chwila. Dobrze s\u0142yszymy? Ty te\u017c ju\u017c tupiesz z podeksytowania?","og_url":"https:\/\/simploworld.com\/produkt\/ora\/","og_site_name":"SIMPLo","article_modified_time":"2025-10-14T12:01:05+00:00","og_image":[{"width":1920,"height":1920,"url":"https:\/\/simploworld.com\/wp-content\/uploads\/2019\/08\/IMG_0692_nbg_1a-1.png","type":"image\/png"}],"twitter_card":"summary_large_image","schema":{"@context":"https:\/\/schema.org","@graph":[{"@type":"WebPage","@id":"https:\/\/simploworld.com\/produkt\/ora\/","url":"https:\/\/simploworld.com\/produkt\/ora\/","name":"Ora","isPartOf":{"@id":"https:\/\/simploworld.com\/#website"},"primaryImageOfPage":{"@id":"https:\/\/simploworld.com\/produkt\/ora\/#primaryimage"},"image":{"@id":"https:\/\/simploworld.com\/produkt\/ora\/#primaryimage"},"thumbnailUrl":"https:\/\/simploworld.com\/wp-content\/uploads\/2019\/08\/IMG_0692_nbg_1a-1.png","datePublished":"2019-08-09T06:41:58+00:00","dateModified":"2025-10-14T12:01:05+00:00","breadcrumb":{"@id":"https:\/\/simploworld.com\/produkt\/ora\/#breadcrumb"},"inLanguage":"pl-PL","potentialAction":[{"@type":"ReadAction","target":["https:\/\/simploworld.com\/produkt\/ora\/"]}]},{"@type":"ImageObject","inLanguage":"pl-PL","@id":"https:\/\/simploworld.com\/produkt\/ora\/#primaryimage","url":"https:\/\/simploworld.com\/wp-content\/uploads\/2019\/08\/IMG_0692_nbg_1a-1.png","contentUrl":"https:\/\/simploworld.com\/wp-content\/uploads\/2019\/08\/IMG_0692_nbg_1a-1.png","width":1920,"height":1920},{"@type":"BreadcrumbList","@id":"https:\/\/simploworld.com\/produkt\/ora\/#breadcrumb","itemListElement":[{"@type":"ListItem","position":1,"name":"Home","item":"https:\/\/simploworld.com\/pl\/"},{"@type":"ListItem","position":2,"name":"Sklep","item":"https:\/\/simploworld.com\/pl\/sklep\/"},{"@type":"ListItem","position":3,"name":"Ora"}]},{"@type":"WebSite","@id":"https:\/\/simploworld.com\/#website","url":"https:\/\/simploworld.com\/","name":"SIMPLo","description":"We\u017a jeden \u0142yk i wszystko si\u0119 zmieni","potentialAction":[{"@type":"SearchAction","target":{"@type":"EntryPoint","urlTemplate":"https:\/\/simploworld.com\/?s={search_term_string}"},"query-input":"required name=search_term_string"}],"inLanguage":"pl-PL"}]}},"_links":{"self":[{"href":"https:\/\/simploworld.com\/pl\/wp-json\/wp\/v2\/product\/1198"}],"collection":[{"href":"https:\/\/simploworld.com\/pl\/wp-json\/wp\/v2\/product"}],"about":[{"href":"https:\/\/simploworld.com\/pl\/wp-json\/wp\/v2\/types\/product"}],"wp:featuredmedia":[{"embeddable":true,"href":"https:\/\/simploworld.com\/pl\/wp-json\/wp\/v2\/media\/1408"}],"wp:attachment":[{"href":"https:\/\/simploworld.com\/pl\/wp-json\/wp\/v2\/media?parent=1198"}],"wp:term":[{"taxonomy":"product_cat","embeddable":true,"href":"https:\/\/simploworld.com\/pl\/wp-json\/wp\/v2\/product_cat?post=1198"},{"taxonomy":"product_tag","embeddable":true,"href":"https:\/\/simploworld.com\/pl\/wp-json\/wp\/v2\/product_tag?post=1198"}],"curies":[{"name":"wp","href":"https:\/\/api.w.org\/{rel}","templated":true}]}}