{"id":1199,"date":"2019-10-10T06:43:43","date_gmt":"2019-08-09T06:43:43","guid":{"rendered":"https:\/\/simploworld.com\/product\/aquas-de-marco\/"},"modified":"2026-03-21T10:43:20","modified_gmt":"2026-03-21T10:43:20","slug":"aquas-de-marco","status":"publish","type":"product","link":"https:\/\/simploworld.com\/pl\/produkt\/aquas-de-marco\/","title":{"rendered":"Aguas de Mar\u00e7o"},"content":{"rendered":"","protected":false},"excerpt":{"rendered":"<p style=\"text-align: justify;\">Ciep\u0142e, serdeczne, klasyczne smaki i aromaty odgrywaj\u0105 pierwsze skrzypce w tym zbalansowanym paleniu.<\/p>\n<p style=\"text-align: justify;\">Lekkie, \u015brednio palone brazylijskie ziarna to rze\u015bkie bogactwo, gdzie smak czekolady i karmelu urozmaica tropikalna brzoskwinia, \u015bliwki i nektarynki. Dodaj mleka, je\u015bli chcesz z\u0142agodzi\u0107 doznania i wydoby\u0107 orzechow\u0105 g\u0142\u0119bi\u0119 Aguas de Marco. Dla wi\u0119kszego kopniaka pozosta\u0144 przy czarnym standardzie.<\/p>\n<p>&nbsp;<\/p>\n<p style=\"text-align: justify;\">Lu\u017ana wymiana zda\u0144 czy rozmowa od serca\u2026 Nic tak nie zaprasza do przyjaznej konwersacji jak Aguas de Marco. Wczuj si\u0119 w poetyck\u0105 atmosfer\u0119 p\u0142ynnej bossa novy. Odnajd\u017a si\u0142\u0119 w jej delikatno\u015bci. Skrywa si\u0119 gdzie\u015b mi\u0119dzy pierwszym a ostanim \u0142ykiem.<\/p>\n<p style=\"text-align: justify;\">S\u0142yszeli\u015bmy, \u017ce French press to klucz do serca Aguas de Marco. Ale z tak melodyjnym smakiem\u2026 Dlaczego nie zaimprowizowa\u0107? Spr\u00f3buj w\u0142asnej \u015bcie\u017cki. Korzystaj z nowych instrument\u00f3w. Do\u0142\u0105cz do zespo\u0142u SIMPLo.<\/p>\n","protected":false},"featured_media":1404,"template":"","meta":{"_acf_changed":false},"product_cat":[111],"product_tag":[160,162],"acf":[],"yoast_head":"<!-- This site is optimized with the Yoast SEO plugin v23.0 - https:\/\/yoast.com\/wordpress\/plugins\/seo\/ -->\n<title>Aguas de Mar\u00e7o<\/title>\n<meta name=\"robots\" content=\"index, follow, max-snippet:-1, max-image-preview:large, max-video-preview:-1\" \/>\n<link rel=\"canonical\" href=\"https:\/\/simploworld.com\/produkt\/aguas-de-marco\/\" \/>\n<meta property=\"og:locale\" content=\"pl_PL\" \/>\n<meta property=\"og:type\" content=\"article\" \/>\n<meta property=\"og:title\" content=\"Aguas de Mar\u00e7o\" \/>\n<meta property=\"og:description\" content=\"Ciep\u0142e, serdeczne, klasyczne smaki i aromaty odgrywaj\u0105 pierwsze skrzypce w tym zbalansowanym paleniu. Lekkie, \u015brednio palone brazylijskie ziarna to rze\u015bkie bogactwo, gdzie smak czekolady i karmelu urozmaica tropikalna brzoskwinia, \u015bliwki i nektarynki. Dodaj mleka, je\u015bli chcesz z\u0142agodzi\u0107 doznania i wydoby\u0107 orzechow\u0105 g\u0142\u0119bi\u0119 Aguas de Marco. Dla wi\u0119kszego kopniaka pozosta\u0144 przy czarnym standardzie. &nbsp; Lu\u017ana wymiana zda\u0144 czy rozmowa od serca\u2026 Nic tak nie zaprasza do przyjaznej konwersacji jak Aguas de Marco. Wczuj si\u0119 w poetyck\u0105 atmosfer\u0119 p\u0142ynnej bossa novy. Odnajd\u017a si\u0142\u0119 w jej delikatno\u015bci. Skrywa si\u0119 gdzie\u015b mi\u0119dzy pierwszym a ostanim \u0142ykiem. S\u0142yszeli\u015bmy, \u017ce French press to klucz do serca Aguas de Marco. Ale z tak melodyjnym smakiem\u2026 Dlaczego nie zaimprowizowa\u0107? Spr\u00f3buj w\u0142asnej \u015bcie\u017cki. Korzystaj z nowych instrument\u00f3w. Do\u0142\u0105cz do zespo\u0142u SIMPLo.\" \/>\n<meta property=\"og:url\" content=\"https:\/\/simploworld.com\/produkt\/aguas-de-marco\/\" \/>\n<meta property=\"og:site_name\" content=\"SIMPLo\" \/>\n<meta property=\"article:modified_time\" content=\"2026-03-21T10:43:20+00:00\" \/>\n<meta property=\"og:image\" content=\"https:\/\/simploworld.com\/wp-content\/uploads\/2019\/08\/IMG_0696_ngb_1-1-3.png\" \/>\n\t<meta property=\"og:image:width\" content=\"1920\" \/>\n\t<meta property=\"og:image:height\" content=\"1920\" \/>\n\t<meta property=\"og:image:type\" content=\"image\/png\" \/>\n<meta name=\"twitter:card\" content=\"summary_large_image\" \/>\n<script type=\"application\/ld+json\" class=\"yoast-schema-graph\">{\"@context\":\"https:\/\/schema.org\",\"@graph\":[{\"@type\":\"WebPage\",\"@id\":\"https:\/\/simploworld.com\/produkt\/aguas-de-marco\/\",\"url\":\"https:\/\/simploworld.com\/produkt\/aguas-de-marco\/\",\"name\":\"Aguas de Mar\u00e7o\",\"isPartOf\":{\"@id\":\"https:\/\/simploworld.com\/#website\"},\"primaryImageOfPage\":{\"@id\":\"https:\/\/simploworld.com\/produkt\/aguas-de-marco\/#primaryimage\"},\"image\":{\"@id\":\"https:\/\/simploworld.com\/produkt\/aguas-de-marco\/#primaryimage\"},\"thumbnailUrl\":\"https:\/\/simploworld.com\/wp-content\/uploads\/2019\/08\/IMG_0696_ngb_1-1-3.png\",\"datePublished\":\"2019-08-09T06:43:43+00:00\",\"dateModified\":\"2026-03-21T10:43:20+00:00\",\"breadcrumb\":{\"@id\":\"https:\/\/simploworld.com\/produkt\/aguas-de-marco\/#breadcrumb\"},\"inLanguage\":\"pl-PL\",\"potentialAction\":[{\"@type\":\"ReadAction\",\"target\":[\"https:\/\/simploworld.com\/produkt\/aguas-de-marco\/\"]}]},{\"@type\":\"ImageObject\",\"inLanguage\":\"pl-PL\",\"@id\":\"https:\/\/simploworld.com\/produkt\/aguas-de-marco\/#primaryimage\",\"url\":\"https:\/\/simploworld.com\/wp-content\/uploads\/2019\/08\/IMG_0696_ngb_1-1-3.png\",\"contentUrl\":\"https:\/\/simploworld.com\/wp-content\/uploads\/2019\/08\/IMG_0696_ngb_1-1-3.png\",\"width\":1920,\"height\":1920},{\"@type\":\"BreadcrumbList\",\"@id\":\"https:\/\/simploworld.com\/produkt\/aguas-de-marco\/#breadcrumb\",\"itemListElement\":[{\"@type\":\"ListItem\",\"position\":1,\"name\":\"Home\",\"item\":\"https:\/\/simploworld.com\/pl\/\"},{\"@type\":\"ListItem\",\"position\":2,\"name\":\"Sklep\",\"item\":\"https:\/\/simploworld.com\/pl\/sklep\/\"},{\"@type\":\"ListItem\",\"position\":3,\"name\":\"Aguas de Mar\u00e7o\"}]},{\"@type\":\"WebSite\",\"@id\":\"https:\/\/simploworld.com\/#website\",\"url\":\"https:\/\/simploworld.com\/\",\"name\":\"SIMPLo\",\"description\":\"We\u017a jeden \u0142yk i wszystko si\u0119 zmieni\",\"potentialAction\":[{\"@type\":\"SearchAction\",\"target\":{\"@type\":\"EntryPoint\",\"urlTemplate\":\"https:\/\/simploworld.com\/?s={search_term_string}\"},\"query-input\":\"required name=search_term_string\"}],\"inLanguage\":\"pl-PL\"}]}<\/script>\n<!-- \/ Yoast SEO plugin. -->","yoast_head_json":{"title":"Aguas de Mar\u00e7o","robots":{"index":"index","follow":"follow","max-snippet":"max-snippet:-1","max-image-preview":"max-image-preview:large","max-video-preview":"max-video-preview:-1"},"canonical":"https:\/\/simploworld.com\/produkt\/aguas-de-marco\/","og_locale":"pl_PL","og_type":"article","og_title":"Aguas de Mar\u00e7o","og_description":"Ciep\u0142e, serdeczne, klasyczne smaki i aromaty odgrywaj\u0105 pierwsze skrzypce w tym zbalansowanym paleniu. Lekkie, \u015brednio palone brazylijskie ziarna to rze\u015bkie bogactwo, gdzie smak czekolady i karmelu urozmaica tropikalna brzoskwinia, \u015bliwki i nektarynki. Dodaj mleka, je\u015bli chcesz z\u0142agodzi\u0107 doznania i wydoby\u0107 orzechow\u0105 g\u0142\u0119bi\u0119 Aguas de Marco. Dla wi\u0119kszego kopniaka pozosta\u0144 przy czarnym standardzie. &nbsp; Lu\u017ana wymiana zda\u0144 czy rozmowa od serca\u2026 Nic tak nie zaprasza do przyjaznej konwersacji jak Aguas de Marco. Wczuj si\u0119 w poetyck\u0105 atmosfer\u0119 p\u0142ynnej bossa novy. Odnajd\u017a si\u0142\u0119 w jej delikatno\u015bci. Skrywa si\u0119 gdzie\u015b mi\u0119dzy pierwszym a ostanim \u0142ykiem. S\u0142yszeli\u015bmy, \u017ce French press to klucz do serca Aguas de Marco. Ale z tak melodyjnym smakiem\u2026 Dlaczego nie zaimprowizowa\u0107? Spr\u00f3buj w\u0142asnej \u015bcie\u017cki. Korzystaj z nowych instrument\u00f3w. Do\u0142\u0105cz do zespo\u0142u SIMPLo.","og_url":"https:\/\/simploworld.com\/produkt\/aguas-de-marco\/","og_site_name":"SIMPLo","article_modified_time":"2026-03-21T10:43:20+00:00","og_image":[{"width":1920,"height":1920,"url":"https:\/\/simploworld.com\/wp-content\/uploads\/2019\/08\/IMG_0696_ngb_1-1-3.png","type":"image\/png"}],"twitter_card":"summary_large_image","schema":{"@context":"https:\/\/schema.org","@graph":[{"@type":"WebPage","@id":"https:\/\/simploworld.com\/produkt\/aguas-de-marco\/","url":"https:\/\/simploworld.com\/produkt\/aguas-de-marco\/","name":"Aguas de Mar\u00e7o","isPartOf":{"@id":"https:\/\/simploworld.com\/#website"},"primaryImageOfPage":{"@id":"https:\/\/simploworld.com\/produkt\/aguas-de-marco\/#primaryimage"},"image":{"@id":"https:\/\/simploworld.com\/produkt\/aguas-de-marco\/#primaryimage"},"thumbnailUrl":"https:\/\/simploworld.com\/wp-content\/uploads\/2019\/08\/IMG_0696_ngb_1-1-3.png","datePublished":"2019-08-09T06:43:43+00:00","dateModified":"2026-03-21T10:43:20+00:00","breadcrumb":{"@id":"https:\/\/simploworld.com\/produkt\/aguas-de-marco\/#breadcrumb"},"inLanguage":"pl-PL","potentialAction":[{"@type":"ReadAction","target":["https:\/\/simploworld.com\/produkt\/aguas-de-marco\/"]}]},{"@type":"ImageObject","inLanguage":"pl-PL","@id":"https:\/\/simploworld.com\/produkt\/aguas-de-marco\/#primaryimage","url":"https:\/\/simploworld.com\/wp-content\/uploads\/2019\/08\/IMG_0696_ngb_1-1-3.png","contentUrl":"https:\/\/simploworld.com\/wp-content\/uploads\/2019\/08\/IMG_0696_ngb_1-1-3.png","width":1920,"height":1920},{"@type":"BreadcrumbList","@id":"https:\/\/simploworld.com\/produkt\/aguas-de-marco\/#breadcrumb","itemListElement":[{"@type":"ListItem","position":1,"name":"Home","item":"https:\/\/simploworld.com\/pl\/"},{"@type":"ListItem","position":2,"name":"Sklep","item":"https:\/\/simploworld.com\/pl\/sklep\/"},{"@type":"ListItem","position":3,"name":"Aguas de Mar\u00e7o"}]},{"@type":"WebSite","@id":"https:\/\/simploworld.com\/#website","url":"https:\/\/simploworld.com\/","name":"SIMPLo","description":"We\u017a jeden \u0142yk i wszystko si\u0119 zmieni","potentialAction":[{"@type":"SearchAction","target":{"@type":"EntryPoint","urlTemplate":"https:\/\/simploworld.com\/?s={search_term_string}"},"query-input":"required name=search_term_string"}],"inLanguage":"pl-PL"}]}},"_links":{"self":[{"href":"https:\/\/simploworld.com\/pl\/wp-json\/wp\/v2\/product\/1199"}],"collection":[{"href":"https:\/\/simploworld.com\/pl\/wp-json\/wp\/v2\/product"}],"about":[{"href":"https:\/\/simploworld.com\/pl\/wp-json\/wp\/v2\/types\/product"}],"wp:featuredmedia":[{"embeddable":true,"href":"https:\/\/simploworld.com\/pl\/wp-json\/wp\/v2\/media\/1404"}],"wp:attachment":[{"href":"https:\/\/simploworld.com\/pl\/wp-json\/wp\/v2\/media?parent=1199"}],"wp:term":[{"taxonomy":"product_cat","embeddable":true,"href":"https:\/\/simploworld.com\/pl\/wp-json\/wp\/v2\/product_cat?post=1199"},{"taxonomy":"product_tag","embeddable":true,"href":"https:\/\/simploworld.com\/pl\/wp-json\/wp\/v2\/product_tag?post=1199"}],"curies":[{"name":"wp","href":"https:\/\/api.w.org\/{rel}","templated":true}]}}