{"id":1200,"date":"2019-10-09T07:00:20","date_gmt":"2019-08-09T07:00:20","guid":{"rendered":"https:\/\/simploworld.com\/product\/pressure-drop\/"},"modified":"2026-03-01T12:52:22","modified_gmt":"2026-03-01T12:52:22","slug":"pressure-drop","status":"publish","type":"product","link":"https:\/\/simploworld.com\/pl\/produkt\/pressure-drop\/","title":{"rendered":"Pressure Drop"},"content":{"rendered":"","protected":false},"excerpt":{"rendered":"<p style=\"text-align: justify;\">Nie musisz by\u0107 ekspertem, by rozpozna\u0107 mistrzowsk\u0105 nut\u0119 w fili\u017cance Pressure Drop. Zbalansowane smaki i aromaty pieczonego ciasta to cechy rozpoznawcze tego \u015bredniego palenia. Fantastyczna crema i mocny charakter bezkofeinowej Pressure Drop odmieni nawet najbardziej zagorza\u0142ego mi\u0142o\u015bnika kawy.<br \/>\nOtw\u00f3rz furtk\u0119 nowym doznaniom.<\/p>\n<p>&nbsp;<\/p>\n<p style=\"text-align: justify;\">Odpr\u0119\u017c si\u0119. W\u0142\u0105cz muzyk\u0119. Rozkr\u0119\u0107 w pe\u0142ni sw\u00f3j weekendowy nastr\u00f3j. Pressure Drop totalnie odpuszcza wszystkie napi\u0119cia. Czujesz ju\u017c aromat wolno\u015bci? Ta bezkofeinowa rozkosz roztacza \u0142agodn\u0105 atmosfer\u0119, odsuwaj\u0105c na bok twoje zmartwienia.\u017byj chwil\u0105. Niech ta melodia trwa w niesko\u0144czono\u015b\u0107.<\/p>\n<p style=\"text-align: justify;\">Skorzystaj z French pressu, by uwolni\u0107 smak \u017cyczliwo\u015bci\u2026 Lub wybierz espresso i poznaj pe\u0142en potencja\u0142 Pressure Drop.<\/p>\n","protected":false},"featured_media":1412,"template":"","meta":{"_acf_changed":false},"product_cat":[110,109],"product_tag":[161,162],"acf":[],"yoast_head":"<!-- This site is optimized with the Yoast SEO plugin v23.0 - https:\/\/yoast.com\/wordpress\/plugins\/seo\/ -->\n<title>Pressure Drop<\/title>\n<meta name=\"robots\" content=\"index, follow, max-snippet:-1, max-image-preview:large, max-video-preview:-1\" \/>\n<link rel=\"canonical\" href=\"https:\/\/simploworld.com\/produkt\/pressure-drop\/\" \/>\n<meta property=\"og:locale\" content=\"pl_PL\" \/>\n<meta property=\"og:type\" content=\"article\" \/>\n<meta property=\"og:title\" content=\"Pressure Drop\" \/>\n<meta property=\"og:description\" content=\"Nie musisz by\u0107 ekspertem, by rozpozna\u0107 mistrzowsk\u0105 nut\u0119 w fili\u017cance Pressure Drop. Zbalansowane smaki i aromaty pieczonego ciasta to cechy rozpoznawcze tego \u015bredniego palenia. Fantastyczna crema i mocny charakter bezkofeinowej Pressure Drop odmieni nawet najbardziej zagorza\u0142ego mi\u0142o\u015bnika kawy. Otw\u00f3rz furtk\u0119 nowym doznaniom. &nbsp; Odpr\u0119\u017c si\u0119. W\u0142\u0105cz muzyk\u0119. Rozkr\u0119\u0107 w pe\u0142ni sw\u00f3j weekendowy nastr\u00f3j. Pressure Drop totalnie odpuszcza wszystkie napi\u0119cia. Czujesz ju\u017c aromat wolno\u015bci? Ta bezkofeinowa rozkosz roztacza \u0142agodn\u0105 atmosfer\u0119, odsuwaj\u0105c na bok twoje zmartwienia.\u017byj chwil\u0105. Niech ta melodia trwa w niesko\u0144czono\u015b\u0107. Skorzystaj z French pressu, by uwolni\u0107 smak \u017cyczliwo\u015bci\u2026 Lub wybierz espresso i poznaj pe\u0142en potencja\u0142 Pressure Drop.\" \/>\n<meta property=\"og:url\" content=\"https:\/\/simploworld.com\/produkt\/pressure-drop\/\" \/>\n<meta property=\"og:site_name\" content=\"SIMPLo\" \/>\n<meta property=\"article:modified_time\" content=\"2026-03-01T12:52:22+00:00\" \/>\n<meta property=\"og:image\" content=\"https:\/\/simploworld.com\/wp-content\/uploads\/2019\/08\/IMG_0708_nbg_1-1-1.png\" \/>\n\t<meta property=\"og:image:width\" content=\"1920\" \/>\n\t<meta property=\"og:image:height\" content=\"1920\" \/>\n\t<meta property=\"og:image:type\" content=\"image\/png\" \/>\n<meta name=\"twitter:card\" content=\"summary_large_image\" \/>\n<script type=\"application\/ld+json\" class=\"yoast-schema-graph\">{\"@context\":\"https:\/\/schema.org\",\"@graph\":[{\"@type\":\"WebPage\",\"@id\":\"https:\/\/simploworld.com\/produkt\/pressure-drop\/\",\"url\":\"https:\/\/simploworld.com\/produkt\/pressure-drop\/\",\"name\":\"Pressure Drop\",\"isPartOf\":{\"@id\":\"https:\/\/simploworld.com\/#website\"},\"primaryImageOfPage\":{\"@id\":\"https:\/\/simploworld.com\/produkt\/pressure-drop\/#primaryimage\"},\"image\":{\"@id\":\"https:\/\/simploworld.com\/produkt\/pressure-drop\/#primaryimage\"},\"thumbnailUrl\":\"https:\/\/simploworld.com\/wp-content\/uploads\/2019\/08\/IMG_0708_nbg_1-1-1.png\",\"datePublished\":\"2019-08-09T07:00:20+00:00\",\"dateModified\":\"2026-03-01T12:52:22+00:00\",\"breadcrumb\":{\"@id\":\"https:\/\/simploworld.com\/produkt\/pressure-drop\/#breadcrumb\"},\"inLanguage\":\"pl-PL\",\"potentialAction\":[{\"@type\":\"ReadAction\",\"target\":[\"https:\/\/simploworld.com\/produkt\/pressure-drop\/\"]}]},{\"@type\":\"ImageObject\",\"inLanguage\":\"pl-PL\",\"@id\":\"https:\/\/simploworld.com\/produkt\/pressure-drop\/#primaryimage\",\"url\":\"https:\/\/simploworld.com\/wp-content\/uploads\/2019\/08\/IMG_0708_nbg_1-1-1.png\",\"contentUrl\":\"https:\/\/simploworld.com\/wp-content\/uploads\/2019\/08\/IMG_0708_nbg_1-1-1.png\",\"width\":1920,\"height\":1920},{\"@type\":\"BreadcrumbList\",\"@id\":\"https:\/\/simploworld.com\/produkt\/pressure-drop\/#breadcrumb\",\"itemListElement\":[{\"@type\":\"ListItem\",\"position\":1,\"name\":\"Home\",\"item\":\"https:\/\/simploworld.com\/pl\/\"},{\"@type\":\"ListItem\",\"position\":2,\"name\":\"Sklep\",\"item\":\"https:\/\/simploworld.com\/pl\/sklep\/\"},{\"@type\":\"ListItem\",\"position\":3,\"name\":\"Pressure Drop\"}]},{\"@type\":\"WebSite\",\"@id\":\"https:\/\/simploworld.com\/#website\",\"url\":\"https:\/\/simploworld.com\/\",\"name\":\"SIMPLo\",\"description\":\"We\u017a jeden \u0142yk i wszystko si\u0119 zmieni\",\"potentialAction\":[{\"@type\":\"SearchAction\",\"target\":{\"@type\":\"EntryPoint\",\"urlTemplate\":\"https:\/\/simploworld.com\/?s={search_term_string}\"},\"query-input\":\"required name=search_term_string\"}],\"inLanguage\":\"pl-PL\"}]}<\/script>\n<!-- \/ Yoast SEO plugin. -->","yoast_head_json":{"title":"Pressure Drop","robots":{"index":"index","follow":"follow","max-snippet":"max-snippet:-1","max-image-preview":"max-image-preview:large","max-video-preview":"max-video-preview:-1"},"canonical":"https:\/\/simploworld.com\/produkt\/pressure-drop\/","og_locale":"pl_PL","og_type":"article","og_title":"Pressure Drop","og_description":"Nie musisz by\u0107 ekspertem, by rozpozna\u0107 mistrzowsk\u0105 nut\u0119 w fili\u017cance Pressure Drop. Zbalansowane smaki i aromaty pieczonego ciasta to cechy rozpoznawcze tego \u015bredniego palenia. Fantastyczna crema i mocny charakter bezkofeinowej Pressure Drop odmieni nawet najbardziej zagorza\u0142ego mi\u0142o\u015bnika kawy. Otw\u00f3rz furtk\u0119 nowym doznaniom. &nbsp; Odpr\u0119\u017c si\u0119. W\u0142\u0105cz muzyk\u0119. Rozkr\u0119\u0107 w pe\u0142ni sw\u00f3j weekendowy nastr\u00f3j. Pressure Drop totalnie odpuszcza wszystkie napi\u0119cia. Czujesz ju\u017c aromat wolno\u015bci? Ta bezkofeinowa rozkosz roztacza \u0142agodn\u0105 atmosfer\u0119, odsuwaj\u0105c na bok twoje zmartwienia.\u017byj chwil\u0105. Niech ta melodia trwa w niesko\u0144czono\u015b\u0107. Skorzystaj z French pressu, by uwolni\u0107 smak \u017cyczliwo\u015bci\u2026 Lub wybierz espresso i poznaj pe\u0142en potencja\u0142 Pressure Drop.","og_url":"https:\/\/simploworld.com\/produkt\/pressure-drop\/","og_site_name":"SIMPLo","article_modified_time":"2026-03-01T12:52:22+00:00","og_image":[{"width":1920,"height":1920,"url":"https:\/\/simploworld.com\/wp-content\/uploads\/2019\/08\/IMG_0708_nbg_1-1-1.png","type":"image\/png"}],"twitter_card":"summary_large_image","schema":{"@context":"https:\/\/schema.org","@graph":[{"@type":"WebPage","@id":"https:\/\/simploworld.com\/produkt\/pressure-drop\/","url":"https:\/\/simploworld.com\/produkt\/pressure-drop\/","name":"Pressure Drop","isPartOf":{"@id":"https:\/\/simploworld.com\/#website"},"primaryImageOfPage":{"@id":"https:\/\/simploworld.com\/produkt\/pressure-drop\/#primaryimage"},"image":{"@id":"https:\/\/simploworld.com\/produkt\/pressure-drop\/#primaryimage"},"thumbnailUrl":"https:\/\/simploworld.com\/wp-content\/uploads\/2019\/08\/IMG_0708_nbg_1-1-1.png","datePublished":"2019-08-09T07:00:20+00:00","dateModified":"2026-03-01T12:52:22+00:00","breadcrumb":{"@id":"https:\/\/simploworld.com\/produkt\/pressure-drop\/#breadcrumb"},"inLanguage":"pl-PL","potentialAction":[{"@type":"ReadAction","target":["https:\/\/simploworld.com\/produkt\/pressure-drop\/"]}]},{"@type":"ImageObject","inLanguage":"pl-PL","@id":"https:\/\/simploworld.com\/produkt\/pressure-drop\/#primaryimage","url":"https:\/\/simploworld.com\/wp-content\/uploads\/2019\/08\/IMG_0708_nbg_1-1-1.png","contentUrl":"https:\/\/simploworld.com\/wp-content\/uploads\/2019\/08\/IMG_0708_nbg_1-1-1.png","width":1920,"height":1920},{"@type":"BreadcrumbList","@id":"https:\/\/simploworld.com\/produkt\/pressure-drop\/#breadcrumb","itemListElement":[{"@type":"ListItem","position":1,"name":"Home","item":"https:\/\/simploworld.com\/pl\/"},{"@type":"ListItem","position":2,"name":"Sklep","item":"https:\/\/simploworld.com\/pl\/sklep\/"},{"@type":"ListItem","position":3,"name":"Pressure Drop"}]},{"@type":"WebSite","@id":"https:\/\/simploworld.com\/#website","url":"https:\/\/simploworld.com\/","name":"SIMPLo","description":"We\u017a jeden \u0142yk i wszystko si\u0119 zmieni","potentialAction":[{"@type":"SearchAction","target":{"@type":"EntryPoint","urlTemplate":"https:\/\/simploworld.com\/?s={search_term_string}"},"query-input":"required name=search_term_string"}],"inLanguage":"pl-PL"}]}},"_links":{"self":[{"href":"https:\/\/simploworld.com\/pl\/wp-json\/wp\/v2\/product\/1200"}],"collection":[{"href":"https:\/\/simploworld.com\/pl\/wp-json\/wp\/v2\/product"}],"about":[{"href":"https:\/\/simploworld.com\/pl\/wp-json\/wp\/v2\/types\/product"}],"wp:featuredmedia":[{"embeddable":true,"href":"https:\/\/simploworld.com\/pl\/wp-json\/wp\/v2\/media\/1412"}],"wp:attachment":[{"href":"https:\/\/simploworld.com\/pl\/wp-json\/wp\/v2\/media?parent=1200"}],"wp:term":[{"taxonomy":"product_cat","embeddable":true,"href":"https:\/\/simploworld.com\/pl\/wp-json\/wp\/v2\/product_cat?post=1200"},{"taxonomy":"product_tag","embeddable":true,"href":"https:\/\/simploworld.com\/pl\/wp-json\/wp\/v2\/product_tag?post=1200"}],"curies":[{"name":"wp","href":"https:\/\/api.w.org\/{rel}","templated":true}]}}