{"id":1201,"date":"2019-10-09T07:01:19","date_gmt":"2019-08-09T07:01:19","guid":{"rendered":"https:\/\/simploworld.com\/product\/light-years\/"},"modified":"2025-08-16T11:17:46","modified_gmt":"2025-08-16T11:17:46","slug":"light-years","status":"publish","type":"product","link":"https:\/\/simploworld.com\/pl\/produkt\/light-years\/","title":{"rendered":"Light Years"},"content":{"rendered":"","protected":false},"excerpt":{"rendered":"<p style=\"text-align: justify;\">Bogate, \u0142agodne i zmys\u0142owe Light Years to paczka rado\u015bci, kt\u00f3ra na dobre zago\u015bci w twojej kuchni. Wypalone tak, by wydoby\u0107 g\u0142\u0119bokie, g\u0119ste smaki.<\/p>\n<p style=\"text-align: justify;\">Light Years to pi\u0119kna historia o espresso, w kt\u00f3rej zwyci\u0119zc\u0105 jest mi\u0142o\u015b\u0107 do kawy. Wracaj do niej o ka\u017cdej porze dnia. Dodaj odrobin\u0119 mleka, aby wydoby\u0107 charakter mlecznego ciasta czekoladowego. Albo nie. Jego tre\u015b\u0107 poch\u0142onie ci\u0119 w ka\u017cdym wydaniu.<\/p>\n<p>&nbsp;<\/p>\n<p style=\"text-align: justify;\">Gdziekolwiek si\u0119 dzi\u015b znajdziesz, Light Years przypomni ci smak b\u0142ogich czas\u00f3w. Roztaczaj\u0105c kontemplacyjny nastr\u00f3j, po prostu poprowadzi twoje my\u015bli do lepszej perspektywy.<\/p>\n<p style=\"text-align: justify;\">Przeskocz do ja\u015bniejszych chwil popijaj\u0105c espresso, lub pozw\u00f3l sobie na p\u0142ynne przej\u015bcie z fili\u017cank\u0105 dobrego przelewu. Cokolwiek wybierzesz \u2014 Light Years zab\u0142y\u015bnie g\u0142\u0119bokim smakiem.<\/p>\n","protected":false},"featured_media":1416,"template":"","meta":{"_acf_changed":false},"product_cat":[110],"product_tag":[161,162],"acf":[],"yoast_head":"<!-- This site is optimized with the Yoast SEO plugin v23.0 - https:\/\/yoast.com\/wordpress\/plugins\/seo\/ -->\n<title>Light Years<\/title>\n<meta name=\"robots\" content=\"index, follow, max-snippet:-1, max-image-preview:large, max-video-preview:-1\" \/>\n<link rel=\"canonical\" href=\"https:\/\/simploworld.com\/produkt\/light-years\/\" \/>\n<meta property=\"og:locale\" content=\"pl_PL\" \/>\n<meta property=\"og:type\" content=\"article\" \/>\n<meta property=\"og:title\" content=\"Light Years\" \/>\n<meta property=\"og:description\" content=\"Bogate, \u0142agodne i zmys\u0142owe Light Years to paczka rado\u015bci, kt\u00f3ra na dobre zago\u015bci w twojej kuchni. Wypalone tak, by wydoby\u0107 g\u0142\u0119bokie, g\u0119ste smaki. Light Years to pi\u0119kna historia o espresso, w kt\u00f3rej zwyci\u0119zc\u0105 jest mi\u0142o\u015b\u0107 do kawy. Wracaj do niej o ka\u017cdej porze dnia. Dodaj odrobin\u0119 mleka, aby wydoby\u0107 charakter mlecznego ciasta czekoladowego. Albo nie. Jego tre\u015b\u0107 poch\u0142onie ci\u0119 w ka\u017cdym wydaniu. &nbsp; Gdziekolwiek si\u0119 dzi\u015b znajdziesz, Light Years przypomni ci smak b\u0142ogich czas\u00f3w. Roztaczaj\u0105c kontemplacyjny nastr\u00f3j, po prostu poprowadzi twoje my\u015bli do lepszej perspektywy. Przeskocz do ja\u015bniejszych chwil popijaj\u0105c espresso, lub pozw\u00f3l sobie na p\u0142ynne przej\u015bcie z fili\u017cank\u0105 dobrego przelewu. Cokolwiek wybierzesz \u2014 Light Years zab\u0142y\u015bnie g\u0142\u0119bokim smakiem.\" \/>\n<meta property=\"og:url\" content=\"https:\/\/simploworld.com\/produkt\/light-years\/\" \/>\n<meta property=\"og:site_name\" content=\"SIMPLo\" \/>\n<meta property=\"article:modified_time\" content=\"2025-08-16T11:17:46+00:00\" \/>\n<meta property=\"og:image\" content=\"https:\/\/simploworld.com\/wp-content\/uploads\/2019\/08\/IMG_0704_nbg_1-1.png\" \/>\n\t<meta property=\"og:image:width\" content=\"1920\" \/>\n\t<meta property=\"og:image:height\" content=\"1920\" \/>\n\t<meta property=\"og:image:type\" content=\"image\/png\" \/>\n<meta name=\"twitter:card\" content=\"summary_large_image\" \/>\n<script type=\"application\/ld+json\" class=\"yoast-schema-graph\">{\"@context\":\"https:\/\/schema.org\",\"@graph\":[{\"@type\":\"WebPage\",\"@id\":\"https:\/\/simploworld.com\/produkt\/light-years\/\",\"url\":\"https:\/\/simploworld.com\/produkt\/light-years\/\",\"name\":\"Light Years\",\"isPartOf\":{\"@id\":\"https:\/\/simploworld.com\/#website\"},\"primaryImageOfPage\":{\"@id\":\"https:\/\/simploworld.com\/produkt\/light-years\/#primaryimage\"},\"image\":{\"@id\":\"https:\/\/simploworld.com\/produkt\/light-years\/#primaryimage\"},\"thumbnailUrl\":\"https:\/\/simploworld.com\/wp-content\/uploads\/2019\/08\/IMG_0704_nbg_1-1.png\",\"datePublished\":\"2019-08-09T07:01:19+00:00\",\"dateModified\":\"2025-08-16T11:17:46+00:00\",\"breadcrumb\":{\"@id\":\"https:\/\/simploworld.com\/produkt\/light-years\/#breadcrumb\"},\"inLanguage\":\"pl-PL\",\"potentialAction\":[{\"@type\":\"ReadAction\",\"target\":[\"https:\/\/simploworld.com\/produkt\/light-years\/\"]}]},{\"@type\":\"ImageObject\",\"inLanguage\":\"pl-PL\",\"@id\":\"https:\/\/simploworld.com\/produkt\/light-years\/#primaryimage\",\"url\":\"https:\/\/simploworld.com\/wp-content\/uploads\/2019\/08\/IMG_0704_nbg_1-1.png\",\"contentUrl\":\"https:\/\/simploworld.com\/wp-content\/uploads\/2019\/08\/IMG_0704_nbg_1-1.png\",\"width\":1920,\"height\":1920},{\"@type\":\"BreadcrumbList\",\"@id\":\"https:\/\/simploworld.com\/produkt\/light-years\/#breadcrumb\",\"itemListElement\":[{\"@type\":\"ListItem\",\"position\":1,\"name\":\"Home\",\"item\":\"https:\/\/simploworld.com\/pl\/\"},{\"@type\":\"ListItem\",\"position\":2,\"name\":\"Sklep\",\"item\":\"https:\/\/simploworld.com\/pl\/sklep\/\"},{\"@type\":\"ListItem\",\"position\":3,\"name\":\"Light Years\"}]},{\"@type\":\"WebSite\",\"@id\":\"https:\/\/simploworld.com\/#website\",\"url\":\"https:\/\/simploworld.com\/\",\"name\":\"SIMPLo\",\"description\":\"We\u017a jeden \u0142yk i wszystko si\u0119 zmieni\",\"potentialAction\":[{\"@type\":\"SearchAction\",\"target\":{\"@type\":\"EntryPoint\",\"urlTemplate\":\"https:\/\/simploworld.com\/?s={search_term_string}\"},\"query-input\":\"required name=search_term_string\"}],\"inLanguage\":\"pl-PL\"}]}<\/script>\n<!-- \/ Yoast SEO plugin. -->","yoast_head_json":{"title":"Light Years","robots":{"index":"index","follow":"follow","max-snippet":"max-snippet:-1","max-image-preview":"max-image-preview:large","max-video-preview":"max-video-preview:-1"},"canonical":"https:\/\/simploworld.com\/produkt\/light-years\/","og_locale":"pl_PL","og_type":"article","og_title":"Light Years","og_description":"Bogate, \u0142agodne i zmys\u0142owe Light Years to paczka rado\u015bci, kt\u00f3ra na dobre zago\u015bci w twojej kuchni. Wypalone tak, by wydoby\u0107 g\u0142\u0119bokie, g\u0119ste smaki. Light Years to pi\u0119kna historia o espresso, w kt\u00f3rej zwyci\u0119zc\u0105 jest mi\u0142o\u015b\u0107 do kawy. Wracaj do niej o ka\u017cdej porze dnia. Dodaj odrobin\u0119 mleka, aby wydoby\u0107 charakter mlecznego ciasta czekoladowego. Albo nie. Jego tre\u015b\u0107 poch\u0142onie ci\u0119 w ka\u017cdym wydaniu. &nbsp; Gdziekolwiek si\u0119 dzi\u015b znajdziesz, Light Years przypomni ci smak b\u0142ogich czas\u00f3w. Roztaczaj\u0105c kontemplacyjny nastr\u00f3j, po prostu poprowadzi twoje my\u015bli do lepszej perspektywy. Przeskocz do ja\u015bniejszych chwil popijaj\u0105c espresso, lub pozw\u00f3l sobie na p\u0142ynne przej\u015bcie z fili\u017cank\u0105 dobrego przelewu. Cokolwiek wybierzesz \u2014 Light Years zab\u0142y\u015bnie g\u0142\u0119bokim smakiem.","og_url":"https:\/\/simploworld.com\/produkt\/light-years\/","og_site_name":"SIMPLo","article_modified_time":"2025-08-16T11:17:46+00:00","og_image":[{"width":1920,"height":1920,"url":"https:\/\/simploworld.com\/wp-content\/uploads\/2019\/08\/IMG_0704_nbg_1-1.png","type":"image\/png"}],"twitter_card":"summary_large_image","schema":{"@context":"https:\/\/schema.org","@graph":[{"@type":"WebPage","@id":"https:\/\/simploworld.com\/produkt\/light-years\/","url":"https:\/\/simploworld.com\/produkt\/light-years\/","name":"Light Years","isPartOf":{"@id":"https:\/\/simploworld.com\/#website"},"primaryImageOfPage":{"@id":"https:\/\/simploworld.com\/produkt\/light-years\/#primaryimage"},"image":{"@id":"https:\/\/simploworld.com\/produkt\/light-years\/#primaryimage"},"thumbnailUrl":"https:\/\/simploworld.com\/wp-content\/uploads\/2019\/08\/IMG_0704_nbg_1-1.png","datePublished":"2019-08-09T07:01:19+00:00","dateModified":"2025-08-16T11:17:46+00:00","breadcrumb":{"@id":"https:\/\/simploworld.com\/produkt\/light-years\/#breadcrumb"},"inLanguage":"pl-PL","potentialAction":[{"@type":"ReadAction","target":["https:\/\/simploworld.com\/produkt\/light-years\/"]}]},{"@type":"ImageObject","inLanguage":"pl-PL","@id":"https:\/\/simploworld.com\/produkt\/light-years\/#primaryimage","url":"https:\/\/simploworld.com\/wp-content\/uploads\/2019\/08\/IMG_0704_nbg_1-1.png","contentUrl":"https:\/\/simploworld.com\/wp-content\/uploads\/2019\/08\/IMG_0704_nbg_1-1.png","width":1920,"height":1920},{"@type":"BreadcrumbList","@id":"https:\/\/simploworld.com\/produkt\/light-years\/#breadcrumb","itemListElement":[{"@type":"ListItem","position":1,"name":"Home","item":"https:\/\/simploworld.com\/pl\/"},{"@type":"ListItem","position":2,"name":"Sklep","item":"https:\/\/simploworld.com\/pl\/sklep\/"},{"@type":"ListItem","position":3,"name":"Light Years"}]},{"@type":"WebSite","@id":"https:\/\/simploworld.com\/#website","url":"https:\/\/simploworld.com\/","name":"SIMPLo","description":"We\u017a jeden \u0142yk i wszystko si\u0119 zmieni","potentialAction":[{"@type":"SearchAction","target":{"@type":"EntryPoint","urlTemplate":"https:\/\/simploworld.com\/?s={search_term_string}"},"query-input":"required name=search_term_string"}],"inLanguage":"pl-PL"}]}},"_links":{"self":[{"href":"https:\/\/simploworld.com\/pl\/wp-json\/wp\/v2\/product\/1201"}],"collection":[{"href":"https:\/\/simploworld.com\/pl\/wp-json\/wp\/v2\/product"}],"about":[{"href":"https:\/\/simploworld.com\/pl\/wp-json\/wp\/v2\/types\/product"}],"wp:featuredmedia":[{"embeddable":true,"href":"https:\/\/simploworld.com\/pl\/wp-json\/wp\/v2\/media\/1416"}],"wp:attachment":[{"href":"https:\/\/simploworld.com\/pl\/wp-json\/wp\/v2\/media?parent=1201"}],"wp:term":[{"taxonomy":"product_cat","embeddable":true,"href":"https:\/\/simploworld.com\/pl\/wp-json\/wp\/v2\/product_cat?post=1201"},{"taxonomy":"product_tag","embeddable":true,"href":"https:\/\/simploworld.com\/pl\/wp-json\/wp\/v2\/product_tag?post=1201"}],"curies":[{"name":"wp","href":"https:\/\/api.w.org\/{rel}","templated":true}]}}