{"id":1203,"date":"2019-08-09T07:15:42","date_gmt":"2019-08-09T07:15:42","guid":{"rendered":"https:\/\/simploworld.com\/product\/aman-darjeeling\/"},"modified":"2023-01-05T13:15:35","modified_gmt":"2023-01-05T13:15:35","slug":"aman-darjeeling","status":"publish","type":"product","link":"https:\/\/simploworld.com\/pl\/produkt\/aman-darjeeling\/","title":{"rendered":"Aman Darjeeling"},"content":{"rendered":"","protected":false},"excerpt":{"rendered":"<p style=\"text-align: justify;\">Si\u0119gnij wy\u017cyn swojego potencja\u0142u. Poznajesz tej widok? Obiecuj\u0105ca perspektywa nowych mo\u017cliwo\u015bci\u2026 Dok\u0142adnie st\u0105d pochodzi Aman Darjeeling. Poczuj koj\u0105cego ducha czarnej herbaty. Zasmakuj wolno\u015bci ogrod\u00f3w Tumsona, rozpo\u015bcieraj\u0105cych si\u0119 przez zbocza himalajskich podn\u00f3\u017cy.<\/p>\n<p>&nbsp;<\/p>\n<p style=\"text-align: justify;\">Ktokolwiek powiedzia\u0142, \u017ce nie mo\u017cna mie\u0107 wszystkiego\u2026 myli\u0142 si\u0119. Subtelny, kwiatowy smak i przyjemnie zbalansowane aromaty Aman Darjeeling gwarantuj\u0105 kompletne herbaciane do\u015bwiadczenie. Ta organiczna czarna herbata osi\u0105ga pe\u0142ni\u0119 swojej mocy po 3-4 minutach. Zainspiruj si\u0119. Daj sobie czas na rozw\u00f3j i zmierzaj w stron\u0119 perfekcji.<\/p>\n<p>&nbsp;<\/p>\n<p style=\"text-align: justify;\">Sk\u0142adniki: Czarna herbata z certyfikowanej organicznej uprawy<br \/>\nCzas parzenia: 3-4 minuty<\/p>\n","protected":false},"featured_media":1452,"template":"","meta":{"_acf_changed":false},"product_cat":[103],"product_tag":[167],"acf":[],"yoast_head":"<!-- This site is optimized with the Yoast SEO plugin v23.0 - https:\/\/yoast.com\/wordpress\/plugins\/seo\/ -->\n<title>Aman Darjeeling<\/title>\n<meta name=\"robots\" content=\"index, follow, max-snippet:-1, max-image-preview:large, max-video-preview:-1\" \/>\n<link rel=\"canonical\" href=\"https:\/\/simploworld.com\/produkt\/aman-darjeeling\/\" \/>\n<meta property=\"og:locale\" content=\"pl_PL\" \/>\n<meta property=\"og:type\" content=\"article\" \/>\n<meta property=\"og:title\" content=\"Aman Darjeeling\" \/>\n<meta property=\"og:description\" content=\"Si\u0119gnij wy\u017cyn swojego potencja\u0142u. Poznajesz tej widok? Obiecuj\u0105ca perspektywa nowych mo\u017cliwo\u015bci\u2026 Dok\u0142adnie st\u0105d pochodzi Aman Darjeeling. Poczuj koj\u0105cego ducha czarnej herbaty. Zasmakuj wolno\u015bci ogrod\u00f3w Tumsona, rozpo\u015bcieraj\u0105cych si\u0119 przez zbocza himalajskich podn\u00f3\u017cy. &nbsp; Ktokolwiek powiedzia\u0142, \u017ce nie mo\u017cna mie\u0107 wszystkiego\u2026 myli\u0142 si\u0119. Subtelny, kwiatowy smak i przyjemnie zbalansowane aromaty Aman Darjeeling gwarantuj\u0105 kompletne herbaciane do\u015bwiadczenie. Ta organiczna czarna herbata osi\u0105ga pe\u0142ni\u0119 swojej mocy po 3-4 minutach. Zainspiruj si\u0119. Daj sobie czas na rozw\u00f3j i zmierzaj w stron\u0119 perfekcji. &nbsp; Sk\u0142adniki: Czarna herbata z certyfikowanej organicznej uprawy Czas parzenia: 3-4 minuty\" \/>\n<meta property=\"og:url\" content=\"https:\/\/simploworld.com\/produkt\/aman-darjeeling\/\" \/>\n<meta property=\"og:site_name\" content=\"SIMPLo\" \/>\n<meta property=\"article:modified_time\" content=\"2023-01-05T13:15:35+00:00\" \/>\n<meta property=\"og:image\" content=\"https:\/\/simploworld.com\/wp-content\/uploads\/2019\/08\/Pure-Tea_Mockup_Dose_Aman-2.png\" \/>\n\t<meta property=\"og:image:width\" content=\"1920\" \/>\n\t<meta property=\"og:image:height\" content=\"1920\" \/>\n\t<meta property=\"og:image:type\" content=\"image\/png\" \/>\n<meta name=\"twitter:card\" content=\"summary_large_image\" \/>\n<script type=\"application\/ld+json\" class=\"yoast-schema-graph\">{\"@context\":\"https:\/\/schema.org\",\"@graph\":[{\"@type\":\"WebPage\",\"@id\":\"https:\/\/simploworld.com\/produkt\/aman-darjeeling\/\",\"url\":\"https:\/\/simploworld.com\/produkt\/aman-darjeeling\/\",\"name\":\"Aman Darjeeling\",\"isPartOf\":{\"@id\":\"https:\/\/simploworld.com\/#website\"},\"primaryImageOfPage\":{\"@id\":\"https:\/\/simploworld.com\/produkt\/aman-darjeeling\/#primaryimage\"},\"image\":{\"@id\":\"https:\/\/simploworld.com\/produkt\/aman-darjeeling\/#primaryimage\"},\"thumbnailUrl\":\"https:\/\/simploworld.com\/wp-content\/uploads\/2019\/08\/Pure-Tea_Mockup_Dose_Aman-2.png\",\"datePublished\":\"2019-08-09T07:15:42+00:00\",\"dateModified\":\"2023-01-05T13:15:35+00:00\",\"breadcrumb\":{\"@id\":\"https:\/\/simploworld.com\/produkt\/aman-darjeeling\/#breadcrumb\"},\"inLanguage\":\"pl-PL\",\"potentialAction\":[{\"@type\":\"ReadAction\",\"target\":[\"https:\/\/simploworld.com\/produkt\/aman-darjeeling\/\"]}]},{\"@type\":\"ImageObject\",\"inLanguage\":\"pl-PL\",\"@id\":\"https:\/\/simploworld.com\/produkt\/aman-darjeeling\/#primaryimage\",\"url\":\"https:\/\/simploworld.com\/wp-content\/uploads\/2019\/08\/Pure-Tea_Mockup_Dose_Aman-2.png\",\"contentUrl\":\"https:\/\/simploworld.com\/wp-content\/uploads\/2019\/08\/Pure-Tea_Mockup_Dose_Aman-2.png\",\"width\":1920,\"height\":1920},{\"@type\":\"BreadcrumbList\",\"@id\":\"https:\/\/simploworld.com\/produkt\/aman-darjeeling\/#breadcrumb\",\"itemListElement\":[{\"@type\":\"ListItem\",\"position\":1,\"name\":\"Home\",\"item\":\"https:\/\/simploworld.com\/pl\/\"},{\"@type\":\"ListItem\",\"position\":2,\"name\":\"Sklep\",\"item\":\"https:\/\/simploworld.com\/pl\/sklep\/\"},{\"@type\":\"ListItem\",\"position\":3,\"name\":\"Aman Darjeeling\"}]},{\"@type\":\"WebSite\",\"@id\":\"https:\/\/simploworld.com\/#website\",\"url\":\"https:\/\/simploworld.com\/\",\"name\":\"SIMPLo\",\"description\":\"We\u017a jeden \u0142yk i wszystko si\u0119 zmieni\",\"potentialAction\":[{\"@type\":\"SearchAction\",\"target\":{\"@type\":\"EntryPoint\",\"urlTemplate\":\"https:\/\/simploworld.com\/?s={search_term_string}\"},\"query-input\":\"required name=search_term_string\"}],\"inLanguage\":\"pl-PL\"}]}<\/script>\n<!-- \/ Yoast SEO plugin. -->","yoast_head_json":{"title":"Aman Darjeeling","robots":{"index":"index","follow":"follow","max-snippet":"max-snippet:-1","max-image-preview":"max-image-preview:large","max-video-preview":"max-video-preview:-1"},"canonical":"https:\/\/simploworld.com\/produkt\/aman-darjeeling\/","og_locale":"pl_PL","og_type":"article","og_title":"Aman Darjeeling","og_description":"Si\u0119gnij wy\u017cyn swojego potencja\u0142u. Poznajesz tej widok? Obiecuj\u0105ca perspektywa nowych mo\u017cliwo\u015bci\u2026 Dok\u0142adnie st\u0105d pochodzi Aman Darjeeling. Poczuj koj\u0105cego ducha czarnej herbaty. Zasmakuj wolno\u015bci ogrod\u00f3w Tumsona, rozpo\u015bcieraj\u0105cych si\u0119 przez zbocza himalajskich podn\u00f3\u017cy. &nbsp; Ktokolwiek powiedzia\u0142, \u017ce nie mo\u017cna mie\u0107 wszystkiego\u2026 myli\u0142 si\u0119. Subtelny, kwiatowy smak i przyjemnie zbalansowane aromaty Aman Darjeeling gwarantuj\u0105 kompletne herbaciane do\u015bwiadczenie. Ta organiczna czarna herbata osi\u0105ga pe\u0142ni\u0119 swojej mocy po 3-4 minutach. Zainspiruj si\u0119. Daj sobie czas na rozw\u00f3j i zmierzaj w stron\u0119 perfekcji. &nbsp; Sk\u0142adniki: Czarna herbata z certyfikowanej organicznej uprawy Czas parzenia: 3-4 minuty","og_url":"https:\/\/simploworld.com\/produkt\/aman-darjeeling\/","og_site_name":"SIMPLo","article_modified_time":"2023-01-05T13:15:35+00:00","og_image":[{"width":1920,"height":1920,"url":"https:\/\/simploworld.com\/wp-content\/uploads\/2019\/08\/Pure-Tea_Mockup_Dose_Aman-2.png","type":"image\/png"}],"twitter_card":"summary_large_image","schema":{"@context":"https:\/\/schema.org","@graph":[{"@type":"WebPage","@id":"https:\/\/simploworld.com\/produkt\/aman-darjeeling\/","url":"https:\/\/simploworld.com\/produkt\/aman-darjeeling\/","name":"Aman Darjeeling","isPartOf":{"@id":"https:\/\/simploworld.com\/#website"},"primaryImageOfPage":{"@id":"https:\/\/simploworld.com\/produkt\/aman-darjeeling\/#primaryimage"},"image":{"@id":"https:\/\/simploworld.com\/produkt\/aman-darjeeling\/#primaryimage"},"thumbnailUrl":"https:\/\/simploworld.com\/wp-content\/uploads\/2019\/08\/Pure-Tea_Mockup_Dose_Aman-2.png","datePublished":"2019-08-09T07:15:42+00:00","dateModified":"2023-01-05T13:15:35+00:00","breadcrumb":{"@id":"https:\/\/simploworld.com\/produkt\/aman-darjeeling\/#breadcrumb"},"inLanguage":"pl-PL","potentialAction":[{"@type":"ReadAction","target":["https:\/\/simploworld.com\/produkt\/aman-darjeeling\/"]}]},{"@type":"ImageObject","inLanguage":"pl-PL","@id":"https:\/\/simploworld.com\/produkt\/aman-darjeeling\/#primaryimage","url":"https:\/\/simploworld.com\/wp-content\/uploads\/2019\/08\/Pure-Tea_Mockup_Dose_Aman-2.png","contentUrl":"https:\/\/simploworld.com\/wp-content\/uploads\/2019\/08\/Pure-Tea_Mockup_Dose_Aman-2.png","width":1920,"height":1920},{"@type":"BreadcrumbList","@id":"https:\/\/simploworld.com\/produkt\/aman-darjeeling\/#breadcrumb","itemListElement":[{"@type":"ListItem","position":1,"name":"Home","item":"https:\/\/simploworld.com\/pl\/"},{"@type":"ListItem","position":2,"name":"Sklep","item":"https:\/\/simploworld.com\/pl\/sklep\/"},{"@type":"ListItem","position":3,"name":"Aman Darjeeling"}]},{"@type":"WebSite","@id":"https:\/\/simploworld.com\/#website","url":"https:\/\/simploworld.com\/","name":"SIMPLo","description":"We\u017a jeden \u0142yk i wszystko si\u0119 zmieni","potentialAction":[{"@type":"SearchAction","target":{"@type":"EntryPoint","urlTemplate":"https:\/\/simploworld.com\/?s={search_term_string}"},"query-input":"required name=search_term_string"}],"inLanguage":"pl-PL"}]}},"_links":{"self":[{"href":"https:\/\/simploworld.com\/pl\/wp-json\/wp\/v2\/product\/1203"}],"collection":[{"href":"https:\/\/simploworld.com\/pl\/wp-json\/wp\/v2\/product"}],"about":[{"href":"https:\/\/simploworld.com\/pl\/wp-json\/wp\/v2\/types\/product"}],"wp:featuredmedia":[{"embeddable":true,"href":"https:\/\/simploworld.com\/pl\/wp-json\/wp\/v2\/media\/1452"}],"wp:attachment":[{"href":"https:\/\/simploworld.com\/pl\/wp-json\/wp\/v2\/media?parent=1203"}],"wp:term":[{"taxonomy":"product_cat","embeddable":true,"href":"https:\/\/simploworld.com\/pl\/wp-json\/wp\/v2\/product_cat?post=1203"},{"taxonomy":"product_tag","embeddable":true,"href":"https:\/\/simploworld.com\/pl\/wp-json\/wp\/v2\/product_tag?post=1203"}],"curies":[{"name":"wp","href":"https:\/\/api.w.org\/{rel}","templated":true}]}}