{"id":1206,"date":"2019-08-09T07:22:25","date_gmt":"2019-08-09T07:22:25","guid":{"rendered":"https:\/\/simploworld.com\/product\/yanzhou-pi-lo-chun\/"},"modified":"2020-05-11T11:26:37","modified_gmt":"2020-05-11T11:26:37","slug":"yanzhou-pi-lo-chun","status":"publish","type":"product","link":"https:\/\/simploworld.com\/pl\/produkt\/yanzhou-pi-lo-chun\/","title":{"rendered":"Yanzhou Pi Lo Chun"},"content":{"rendered":"","protected":false},"excerpt":{"rendered":"<p style=\"text-align: justify;\">Zainspiruj si\u0119 bogat\u0105 histori\u0105 the chi\u0144skiej zielonej herbaty. Stw\u00f3rz now\u0105 tradycj\u0119 \u2014 swoj\u0105 w\u0142asn\u0105. Zaplanuj niedzielne popo\u0142udnia w rodzinnym gronie. Um\u00f3w si\u0119 z najlepszym przyjacielem na cotygodniowe pogaduchy. Cokolwiek zdecydujesz, przypiecz\u0119tuj nowe postanowienie fili\u017cank\u0105 Yanzhou Pi Lo Chun. Niech si\u0119 spe\u0142ni!<\/p>\n<p>&nbsp;<\/p>\n<p style=\"text-align: justify;\">Smak tej organicznej herbaty przywo\u0142uje ducha nowych pocz\u0105tk\u00f3w. Zawini\u0119ty w g\u0142\u0119bokiej zieleni li\u015bci z prowincji Fujian. Os\u0142odzony brzoskwiniow\u0105 nut\u0105. Przepe\u0142niony kwiatowym aromatem.<\/p>\n<p>&nbsp;<\/p>\n<p style=\"text-align: justify;\">Sk\u0142adniki: Zielona herbata z certyfikowanej organicznej uprawy<br \/>\nCzas parzenia: 1-2 minuty<\/p>\n","protected":false},"featured_media":1476,"template":"","meta":{"_acf_changed":false},"product_cat":[104],"product_tag":[167],"acf":[],"yoast_head":"<!-- This site is optimized with the Yoast SEO plugin v23.0 - https:\/\/yoast.com\/wordpress\/plugins\/seo\/ -->\n<title>Yanzhou Pi Lo Chun<\/title>\n<meta name=\"robots\" content=\"index, follow, max-snippet:-1, max-image-preview:large, max-video-preview:-1\" \/>\n<link rel=\"canonical\" href=\"https:\/\/simploworld.com\/produkt\/yanzhou-pi-lo-chun\/\" \/>\n<meta property=\"og:locale\" content=\"pl_PL\" \/>\n<meta property=\"og:type\" content=\"article\" \/>\n<meta property=\"og:title\" content=\"Yanzhou Pi Lo Chun\" \/>\n<meta property=\"og:description\" content=\"Zainspiruj si\u0119 bogat\u0105 histori\u0105 the chi\u0144skiej zielonej herbaty. Stw\u00f3rz now\u0105 tradycj\u0119 \u2014 swoj\u0105 w\u0142asn\u0105. Zaplanuj niedzielne popo\u0142udnia w rodzinnym gronie. Um\u00f3w si\u0119 z najlepszym przyjacielem na cotygodniowe pogaduchy. Cokolwiek zdecydujesz, przypiecz\u0119tuj nowe postanowienie fili\u017cank\u0105 Yanzhou Pi Lo Chun. Niech si\u0119 spe\u0142ni! &nbsp; Smak tej organicznej herbaty przywo\u0142uje ducha nowych pocz\u0105tk\u00f3w. Zawini\u0119ty w g\u0142\u0119bokiej zieleni li\u015bci z prowincji Fujian. Os\u0142odzony brzoskwiniow\u0105 nut\u0105. Przepe\u0142niony kwiatowym aromatem. &nbsp; Sk\u0142adniki: Zielona herbata z certyfikowanej organicznej uprawy Czas parzenia: 1-2 minuty\" \/>\n<meta property=\"og:url\" content=\"https:\/\/simploworld.com\/produkt\/yanzhou-pi-lo-chun\/\" \/>\n<meta property=\"og:site_name\" content=\"SIMPLo\" \/>\n<meta property=\"article:modified_time\" content=\"2020-05-11T11:26:37+00:00\" \/>\n<meta property=\"og:image\" content=\"https:\/\/simploworld.com\/wp-content\/uploads\/2019\/08\/Pure-Tea_Mockup_Dose_Yanzhou-2.png\" \/>\n\t<meta property=\"og:image:width\" content=\"1920\" \/>\n\t<meta property=\"og:image:height\" content=\"1920\" \/>\n\t<meta property=\"og:image:type\" content=\"image\/png\" \/>\n<meta name=\"twitter:card\" content=\"summary_large_image\" \/>\n<script type=\"application\/ld+json\" class=\"yoast-schema-graph\">{\"@context\":\"https:\/\/schema.org\",\"@graph\":[{\"@type\":\"WebPage\",\"@id\":\"https:\/\/simploworld.com\/produkt\/yanzhou-pi-lo-chun\/\",\"url\":\"https:\/\/simploworld.com\/produkt\/yanzhou-pi-lo-chun\/\",\"name\":\"Yanzhou Pi Lo Chun\",\"isPartOf\":{\"@id\":\"https:\/\/simploworld.com\/#website\"},\"primaryImageOfPage\":{\"@id\":\"https:\/\/simploworld.com\/produkt\/yanzhou-pi-lo-chun\/#primaryimage\"},\"image\":{\"@id\":\"https:\/\/simploworld.com\/produkt\/yanzhou-pi-lo-chun\/#primaryimage\"},\"thumbnailUrl\":\"https:\/\/simploworld.com\/wp-content\/uploads\/2019\/08\/Pure-Tea_Mockup_Dose_Yanzhou-2.png\",\"datePublished\":\"2019-08-09T07:22:25+00:00\",\"dateModified\":\"2020-05-11T11:26:37+00:00\",\"breadcrumb\":{\"@id\":\"https:\/\/simploworld.com\/produkt\/yanzhou-pi-lo-chun\/#breadcrumb\"},\"inLanguage\":\"pl-PL\",\"potentialAction\":[{\"@type\":\"ReadAction\",\"target\":[\"https:\/\/simploworld.com\/produkt\/yanzhou-pi-lo-chun\/\"]}]},{\"@type\":\"ImageObject\",\"inLanguage\":\"pl-PL\",\"@id\":\"https:\/\/simploworld.com\/produkt\/yanzhou-pi-lo-chun\/#primaryimage\",\"url\":\"https:\/\/simploworld.com\/wp-content\/uploads\/2019\/08\/Pure-Tea_Mockup_Dose_Yanzhou-2.png\",\"contentUrl\":\"https:\/\/simploworld.com\/wp-content\/uploads\/2019\/08\/Pure-Tea_Mockup_Dose_Yanzhou-2.png\",\"width\":1920,\"height\":1920},{\"@type\":\"BreadcrumbList\",\"@id\":\"https:\/\/simploworld.com\/produkt\/yanzhou-pi-lo-chun\/#breadcrumb\",\"itemListElement\":[{\"@type\":\"ListItem\",\"position\":1,\"name\":\"Home\",\"item\":\"https:\/\/simploworld.com\/pl\/\"},{\"@type\":\"ListItem\",\"position\":2,\"name\":\"Sklep\",\"item\":\"https:\/\/simploworld.com\/pl\/sklep\/\"},{\"@type\":\"ListItem\",\"position\":3,\"name\":\"Yanzhou Pi Lo Chun\"}]},{\"@type\":\"WebSite\",\"@id\":\"https:\/\/simploworld.com\/#website\",\"url\":\"https:\/\/simploworld.com\/\",\"name\":\"SIMPLo\",\"description\":\"We\u017a jeden \u0142yk i wszystko si\u0119 zmieni\",\"potentialAction\":[{\"@type\":\"SearchAction\",\"target\":{\"@type\":\"EntryPoint\",\"urlTemplate\":\"https:\/\/simploworld.com\/?s={search_term_string}\"},\"query-input\":\"required name=search_term_string\"}],\"inLanguage\":\"pl-PL\"}]}<\/script>\n<!-- \/ Yoast SEO plugin. -->","yoast_head_json":{"title":"Yanzhou Pi Lo Chun","robots":{"index":"index","follow":"follow","max-snippet":"max-snippet:-1","max-image-preview":"max-image-preview:large","max-video-preview":"max-video-preview:-1"},"canonical":"https:\/\/simploworld.com\/produkt\/yanzhou-pi-lo-chun\/","og_locale":"pl_PL","og_type":"article","og_title":"Yanzhou Pi Lo Chun","og_description":"Zainspiruj si\u0119 bogat\u0105 histori\u0105 the chi\u0144skiej zielonej herbaty. Stw\u00f3rz now\u0105 tradycj\u0119 \u2014 swoj\u0105 w\u0142asn\u0105. Zaplanuj niedzielne popo\u0142udnia w rodzinnym gronie. Um\u00f3w si\u0119 z najlepszym przyjacielem na cotygodniowe pogaduchy. Cokolwiek zdecydujesz, przypiecz\u0119tuj nowe postanowienie fili\u017cank\u0105 Yanzhou Pi Lo Chun. Niech si\u0119 spe\u0142ni! &nbsp; Smak tej organicznej herbaty przywo\u0142uje ducha nowych pocz\u0105tk\u00f3w. Zawini\u0119ty w g\u0142\u0119bokiej zieleni li\u015bci z prowincji Fujian. Os\u0142odzony brzoskwiniow\u0105 nut\u0105. Przepe\u0142niony kwiatowym aromatem. &nbsp; Sk\u0142adniki: Zielona herbata z certyfikowanej organicznej uprawy Czas parzenia: 1-2 minuty","og_url":"https:\/\/simploworld.com\/produkt\/yanzhou-pi-lo-chun\/","og_site_name":"SIMPLo","article_modified_time":"2020-05-11T11:26:37+00:00","og_image":[{"width":1920,"height":1920,"url":"https:\/\/simploworld.com\/wp-content\/uploads\/2019\/08\/Pure-Tea_Mockup_Dose_Yanzhou-2.png","type":"image\/png"}],"twitter_card":"summary_large_image","schema":{"@context":"https:\/\/schema.org","@graph":[{"@type":"WebPage","@id":"https:\/\/simploworld.com\/produkt\/yanzhou-pi-lo-chun\/","url":"https:\/\/simploworld.com\/produkt\/yanzhou-pi-lo-chun\/","name":"Yanzhou Pi Lo Chun","isPartOf":{"@id":"https:\/\/simploworld.com\/#website"},"primaryImageOfPage":{"@id":"https:\/\/simploworld.com\/produkt\/yanzhou-pi-lo-chun\/#primaryimage"},"image":{"@id":"https:\/\/simploworld.com\/produkt\/yanzhou-pi-lo-chun\/#primaryimage"},"thumbnailUrl":"https:\/\/simploworld.com\/wp-content\/uploads\/2019\/08\/Pure-Tea_Mockup_Dose_Yanzhou-2.png","datePublished":"2019-08-09T07:22:25+00:00","dateModified":"2020-05-11T11:26:37+00:00","breadcrumb":{"@id":"https:\/\/simploworld.com\/produkt\/yanzhou-pi-lo-chun\/#breadcrumb"},"inLanguage":"pl-PL","potentialAction":[{"@type":"ReadAction","target":["https:\/\/simploworld.com\/produkt\/yanzhou-pi-lo-chun\/"]}]},{"@type":"ImageObject","inLanguage":"pl-PL","@id":"https:\/\/simploworld.com\/produkt\/yanzhou-pi-lo-chun\/#primaryimage","url":"https:\/\/simploworld.com\/wp-content\/uploads\/2019\/08\/Pure-Tea_Mockup_Dose_Yanzhou-2.png","contentUrl":"https:\/\/simploworld.com\/wp-content\/uploads\/2019\/08\/Pure-Tea_Mockup_Dose_Yanzhou-2.png","width":1920,"height":1920},{"@type":"BreadcrumbList","@id":"https:\/\/simploworld.com\/produkt\/yanzhou-pi-lo-chun\/#breadcrumb","itemListElement":[{"@type":"ListItem","position":1,"name":"Home","item":"https:\/\/simploworld.com\/pl\/"},{"@type":"ListItem","position":2,"name":"Sklep","item":"https:\/\/simploworld.com\/pl\/sklep\/"},{"@type":"ListItem","position":3,"name":"Yanzhou Pi Lo Chun"}]},{"@type":"WebSite","@id":"https:\/\/simploworld.com\/#website","url":"https:\/\/simploworld.com\/","name":"SIMPLo","description":"We\u017a jeden \u0142yk i wszystko si\u0119 zmieni","potentialAction":[{"@type":"SearchAction","target":{"@type":"EntryPoint","urlTemplate":"https:\/\/simploworld.com\/?s={search_term_string}"},"query-input":"required name=search_term_string"}],"inLanguage":"pl-PL"}]}},"_links":{"self":[{"href":"https:\/\/simploworld.com\/pl\/wp-json\/wp\/v2\/product\/1206"}],"collection":[{"href":"https:\/\/simploworld.com\/pl\/wp-json\/wp\/v2\/product"}],"about":[{"href":"https:\/\/simploworld.com\/pl\/wp-json\/wp\/v2\/types\/product"}],"wp:featuredmedia":[{"embeddable":true,"href":"https:\/\/simploworld.com\/pl\/wp-json\/wp\/v2\/media\/1476"}],"wp:attachment":[{"href":"https:\/\/simploworld.com\/pl\/wp-json\/wp\/v2\/media?parent=1206"}],"wp:term":[{"taxonomy":"product_cat","embeddable":true,"href":"https:\/\/simploworld.com\/pl\/wp-json\/wp\/v2\/product_cat?post=1206"},{"taxonomy":"product_tag","embeddable":true,"href":"https:\/\/simploworld.com\/pl\/wp-json\/wp\/v2\/product_tag?post=1206"}],"curies":[{"name":"wp","href":"https:\/\/api.w.org\/{rel}","templated":true}]}}