{"id":1208,"date":"2019-08-09T07:24:51","date_gmt":"2019-08-09T07:24:51","guid":{"rendered":"https:\/\/simploworld.com\/product\/namira-peppermint\/"},"modified":"2020-05-11T11:16:19","modified_gmt":"2020-05-11T11:16:19","slug":"namira-peppermint","status":"publish","type":"product","link":"https:\/\/simploworld.com\/pl\/produkt\/namira-peppermint\/","title":{"rendered":"Namira Peppermint"},"content":{"rendered":"","protected":false},"excerpt":{"rendered":"<p style=\"text-align: justify;\">Za\u0142o\u017cymy si\u0119, \u017ce w twojej codzienno\u015bci nie ma dnia bez przynajmniej odrobiny mi\u0119ty. Promienny, energetyczny smak. Specyficzny zapach, kt\u00f3rego nie da si\u0119 z niczym pomyli\u0107. Niezast\u0105pione \u017ar\u00f3d\u0142o orze\u017awiaj\u0105cych w\u0142a\u015bciwo\u015bci. Co powiesz na dodanie mi\u0119towego naparu r\u00f3wnie\u017c do twej herbacianej selekcji?<\/p>\n<p>&nbsp;<\/p>\n<p style=\"text-align: justify;\">Znajomy smak, \u015bwie\u017ce doznania. Namira Peppermint zrywa z obrazem leczniczych zi\u00f3\u0142ek. Daj now\u0105 szans\u0119 tej aromatycznej ro\u015blinie. Podkr\u0119\u0107 swoje do\u015bwiadczenia w \u015bwiecie herbaty.<\/p>\n<p>&nbsp;<\/p>\n<p style=\"text-align: justify;\">Potrzebuje 5-8 minut by rozwin\u0105\u0107 sw\u00f3j pe\u0142ny charakter \u2014 chwila cierpliwo\u015bci, kt\u00f3rej nie b\u0119dziesz \u017ca\u0142owa\u0107.<br \/>\nSk\u0142adniki: Mi\u0119ta pieprzowa z certyfikowanej organicznej uprawy<br \/>\nCzas parzenia: 5-8 minuty<\/p>\n","protected":false},"featured_media":1466,"template":"","meta":{"_acf_changed":false},"product_cat":[106],"product_tag":[167],"acf":[],"yoast_head":"<!-- This site is optimized with the Yoast SEO plugin v23.0 - https:\/\/yoast.com\/wordpress\/plugins\/seo\/ -->\n<title>Namira Peppermint<\/title>\n<meta name=\"robots\" content=\"index, follow, max-snippet:-1, max-image-preview:large, max-video-preview:-1\" \/>\n<link rel=\"canonical\" href=\"https:\/\/simploworld.com\/produkt\/namira-peppermint\/\" \/>\n<meta property=\"og:locale\" content=\"pl_PL\" \/>\n<meta property=\"og:type\" content=\"article\" \/>\n<meta property=\"og:title\" content=\"Namira Peppermint\" \/>\n<meta property=\"og:description\" content=\"Za\u0142o\u017cymy si\u0119, \u017ce w twojej codzienno\u015bci nie ma dnia bez przynajmniej odrobiny mi\u0119ty. Promienny, energetyczny smak. Specyficzny zapach, kt\u00f3rego nie da si\u0119 z niczym pomyli\u0107. Niezast\u0105pione \u017ar\u00f3d\u0142o orze\u017awiaj\u0105cych w\u0142a\u015bciwo\u015bci. Co powiesz na dodanie mi\u0119towego naparu r\u00f3wnie\u017c do twej herbacianej selekcji? &nbsp; Znajomy smak, \u015bwie\u017ce doznania. Namira Peppermint zrywa z obrazem leczniczych zi\u00f3\u0142ek. Daj now\u0105 szans\u0119 tej aromatycznej ro\u015blinie. Podkr\u0119\u0107 swoje do\u015bwiadczenia w \u015bwiecie herbaty. &nbsp; Potrzebuje 5-8 minut by rozwin\u0105\u0107 sw\u00f3j pe\u0142ny charakter \u2014 chwila cierpliwo\u015bci, kt\u00f3rej nie b\u0119dziesz \u017ca\u0142owa\u0107. Sk\u0142adniki: Mi\u0119ta pieprzowa z certyfikowanej organicznej uprawy Czas parzenia: 5-8 minuty\" \/>\n<meta property=\"og:url\" content=\"https:\/\/simploworld.com\/produkt\/namira-peppermint\/\" \/>\n<meta property=\"og:site_name\" content=\"SIMPLo\" \/>\n<meta property=\"article:modified_time\" content=\"2020-05-11T11:16:19+00:00\" \/>\n<meta property=\"og:image\" content=\"https:\/\/simploworld.com\/wp-content\/uploads\/2019\/08\/Pure-Tea_Mockup_Dose_Namira-1.png\" \/>\n\t<meta property=\"og:image:width\" content=\"1920\" \/>\n\t<meta property=\"og:image:height\" content=\"1920\" \/>\n\t<meta property=\"og:image:type\" content=\"image\/png\" \/>\n<meta name=\"twitter:card\" content=\"summary_large_image\" \/>\n<script type=\"application\/ld+json\" class=\"yoast-schema-graph\">{\"@context\":\"https:\/\/schema.org\",\"@graph\":[{\"@type\":\"WebPage\",\"@id\":\"https:\/\/simploworld.com\/produkt\/namira-peppermint\/\",\"url\":\"https:\/\/simploworld.com\/produkt\/namira-peppermint\/\",\"name\":\"Namira Peppermint\",\"isPartOf\":{\"@id\":\"https:\/\/simploworld.com\/#website\"},\"primaryImageOfPage\":{\"@id\":\"https:\/\/simploworld.com\/produkt\/namira-peppermint\/#primaryimage\"},\"image\":{\"@id\":\"https:\/\/simploworld.com\/produkt\/namira-peppermint\/#primaryimage\"},\"thumbnailUrl\":\"https:\/\/simploworld.com\/wp-content\/uploads\/2019\/08\/Pure-Tea_Mockup_Dose_Namira-1.png\",\"datePublished\":\"2019-08-09T07:24:51+00:00\",\"dateModified\":\"2020-05-11T11:16:19+00:00\",\"breadcrumb\":{\"@id\":\"https:\/\/simploworld.com\/produkt\/namira-peppermint\/#breadcrumb\"},\"inLanguage\":\"pl-PL\",\"potentialAction\":[{\"@type\":\"ReadAction\",\"target\":[\"https:\/\/simploworld.com\/produkt\/namira-peppermint\/\"]}]},{\"@type\":\"ImageObject\",\"inLanguage\":\"pl-PL\",\"@id\":\"https:\/\/simploworld.com\/produkt\/namira-peppermint\/#primaryimage\",\"url\":\"https:\/\/simploworld.com\/wp-content\/uploads\/2019\/08\/Pure-Tea_Mockup_Dose_Namira-1.png\",\"contentUrl\":\"https:\/\/simploworld.com\/wp-content\/uploads\/2019\/08\/Pure-Tea_Mockup_Dose_Namira-1.png\",\"width\":1920,\"height\":1920},{\"@type\":\"BreadcrumbList\",\"@id\":\"https:\/\/simploworld.com\/produkt\/namira-peppermint\/#breadcrumb\",\"itemListElement\":[{\"@type\":\"ListItem\",\"position\":1,\"name\":\"Home\",\"item\":\"https:\/\/simploworld.com\/pl\/\"},{\"@type\":\"ListItem\",\"position\":2,\"name\":\"Sklep\",\"item\":\"https:\/\/simploworld.com\/pl\/sklep\/\"},{\"@type\":\"ListItem\",\"position\":3,\"name\":\"Namira Peppermint\"}]},{\"@type\":\"WebSite\",\"@id\":\"https:\/\/simploworld.com\/#website\",\"url\":\"https:\/\/simploworld.com\/\",\"name\":\"SIMPLo\",\"description\":\"We\u017a jeden \u0142yk i wszystko si\u0119 zmieni\",\"potentialAction\":[{\"@type\":\"SearchAction\",\"target\":{\"@type\":\"EntryPoint\",\"urlTemplate\":\"https:\/\/simploworld.com\/?s={search_term_string}\"},\"query-input\":\"required name=search_term_string\"}],\"inLanguage\":\"pl-PL\"}]}<\/script>\n<!-- \/ Yoast SEO plugin. -->","yoast_head_json":{"title":"Namira Peppermint","robots":{"index":"index","follow":"follow","max-snippet":"max-snippet:-1","max-image-preview":"max-image-preview:large","max-video-preview":"max-video-preview:-1"},"canonical":"https:\/\/simploworld.com\/produkt\/namira-peppermint\/","og_locale":"pl_PL","og_type":"article","og_title":"Namira Peppermint","og_description":"Za\u0142o\u017cymy si\u0119, \u017ce w twojej codzienno\u015bci nie ma dnia bez przynajmniej odrobiny mi\u0119ty. Promienny, energetyczny smak. Specyficzny zapach, kt\u00f3rego nie da si\u0119 z niczym pomyli\u0107. Niezast\u0105pione \u017ar\u00f3d\u0142o orze\u017awiaj\u0105cych w\u0142a\u015bciwo\u015bci. Co powiesz na dodanie mi\u0119towego naparu r\u00f3wnie\u017c do twej herbacianej selekcji? &nbsp; Znajomy smak, \u015bwie\u017ce doznania. Namira Peppermint zrywa z obrazem leczniczych zi\u00f3\u0142ek. Daj now\u0105 szans\u0119 tej aromatycznej ro\u015blinie. Podkr\u0119\u0107 swoje do\u015bwiadczenia w \u015bwiecie herbaty. &nbsp; Potrzebuje 5-8 minut by rozwin\u0105\u0107 sw\u00f3j pe\u0142ny charakter \u2014 chwila cierpliwo\u015bci, kt\u00f3rej nie b\u0119dziesz \u017ca\u0142owa\u0107. Sk\u0142adniki: Mi\u0119ta pieprzowa z certyfikowanej organicznej uprawy Czas parzenia: 5-8 minuty","og_url":"https:\/\/simploworld.com\/produkt\/namira-peppermint\/","og_site_name":"SIMPLo","article_modified_time":"2020-05-11T11:16:19+00:00","og_image":[{"width":1920,"height":1920,"url":"https:\/\/simploworld.com\/wp-content\/uploads\/2019\/08\/Pure-Tea_Mockup_Dose_Namira-1.png","type":"image\/png"}],"twitter_card":"summary_large_image","schema":{"@context":"https:\/\/schema.org","@graph":[{"@type":"WebPage","@id":"https:\/\/simploworld.com\/produkt\/namira-peppermint\/","url":"https:\/\/simploworld.com\/produkt\/namira-peppermint\/","name":"Namira Peppermint","isPartOf":{"@id":"https:\/\/simploworld.com\/#website"},"primaryImageOfPage":{"@id":"https:\/\/simploworld.com\/produkt\/namira-peppermint\/#primaryimage"},"image":{"@id":"https:\/\/simploworld.com\/produkt\/namira-peppermint\/#primaryimage"},"thumbnailUrl":"https:\/\/simploworld.com\/wp-content\/uploads\/2019\/08\/Pure-Tea_Mockup_Dose_Namira-1.png","datePublished":"2019-08-09T07:24:51+00:00","dateModified":"2020-05-11T11:16:19+00:00","breadcrumb":{"@id":"https:\/\/simploworld.com\/produkt\/namira-peppermint\/#breadcrumb"},"inLanguage":"pl-PL","potentialAction":[{"@type":"ReadAction","target":["https:\/\/simploworld.com\/produkt\/namira-peppermint\/"]}]},{"@type":"ImageObject","inLanguage":"pl-PL","@id":"https:\/\/simploworld.com\/produkt\/namira-peppermint\/#primaryimage","url":"https:\/\/simploworld.com\/wp-content\/uploads\/2019\/08\/Pure-Tea_Mockup_Dose_Namira-1.png","contentUrl":"https:\/\/simploworld.com\/wp-content\/uploads\/2019\/08\/Pure-Tea_Mockup_Dose_Namira-1.png","width":1920,"height":1920},{"@type":"BreadcrumbList","@id":"https:\/\/simploworld.com\/produkt\/namira-peppermint\/#breadcrumb","itemListElement":[{"@type":"ListItem","position":1,"name":"Home","item":"https:\/\/simploworld.com\/pl\/"},{"@type":"ListItem","position":2,"name":"Sklep","item":"https:\/\/simploworld.com\/pl\/sklep\/"},{"@type":"ListItem","position":3,"name":"Namira Peppermint"}]},{"@type":"WebSite","@id":"https:\/\/simploworld.com\/#website","url":"https:\/\/simploworld.com\/","name":"SIMPLo","description":"We\u017a jeden \u0142yk i wszystko si\u0119 zmieni","potentialAction":[{"@type":"SearchAction","target":{"@type":"EntryPoint","urlTemplate":"https:\/\/simploworld.com\/?s={search_term_string}"},"query-input":"required name=search_term_string"}],"inLanguage":"pl-PL"}]}},"_links":{"self":[{"href":"https:\/\/simploworld.com\/pl\/wp-json\/wp\/v2\/product\/1208"}],"collection":[{"href":"https:\/\/simploworld.com\/pl\/wp-json\/wp\/v2\/product"}],"about":[{"href":"https:\/\/simploworld.com\/pl\/wp-json\/wp\/v2\/types\/product"}],"wp:featuredmedia":[{"embeddable":true,"href":"https:\/\/simploworld.com\/pl\/wp-json\/wp\/v2\/media\/1466"}],"wp:attachment":[{"href":"https:\/\/simploworld.com\/pl\/wp-json\/wp\/v2\/media?parent=1208"}],"wp:term":[{"taxonomy":"product_cat","embeddable":true,"href":"https:\/\/simploworld.com\/pl\/wp-json\/wp\/v2\/product_cat?post=1208"},{"taxonomy":"product_tag","embeddable":true,"href":"https:\/\/simploworld.com\/pl\/wp-json\/wp\/v2\/product_tag?post=1208"}],"curies":[{"name":"wp","href":"https:\/\/api.w.org\/{rel}","templated":true}]}}