{"id":1209,"date":"2019-08-09T07:25:40","date_gmt":"2019-08-09T07:25:40","guid":{"rendered":"https:\/\/simploworld.com\/product\/claire-verbena\/"},"modified":"2020-05-11T11:04:51","modified_gmt":"2020-05-11T11:04:51","slug":"claire-verbena","status":"publish","type":"product","link":"https:\/\/simploworld.com\/pl\/produkt\/claire-verbena\/","title":{"rendered":"Claire Verbena"},"content":{"rendered":"","protected":false},"excerpt":{"rendered":"<p style=\"text-align: justify;\">Czy wiesz, \u017ce\u2026 Dawniej uwa\u017cano, \u017ce werbena odgania pecha? Spr\u00f3bujmy da\u0107 jej szanse i dzi\u015b. Posmakuj delikatnego, lekko cytrynowego naparu. Dostrzegasz jego urok?<\/p>\n<p>&nbsp;<\/p>\n<p style=\"text-align: justify;\">Zbudowana na aromatycznej zio\u0142owej herbacie, Claire Verbena oczaruje twoje zmys\u0142y. Ale wy\u015bmienity smak nie jest jej jedyn\u0105 niezwyk\u0142\u0105 cech\u0105. Prawdziw\u0105 magi\u0105 p\u0142yn\u0105c\u0105 z tego naparu jest jego naturalno\u015b\u0107 \u2014 pochodzi w 100% z organicznych upraw. Rozpieszcza podniebienie i troszczy si\u0119 o Ziemi\u0119.<\/p>\n<p>&nbsp;<\/p>\n<p style=\"text-align: justify;\">Sk\u0142adniki: Werbena z certyfikowanej organicznej uprawy, naturalny aromat mango<br \/>\nCzas parzenia: 5-8 minut<\/p>\n","protected":false},"featured_media":1456,"template":"","meta":{"_acf_changed":false},"product_cat":[106],"product_tag":[167],"acf":[],"yoast_head":"<!-- This site is optimized with the Yoast SEO plugin v23.0 - https:\/\/yoast.com\/wordpress\/plugins\/seo\/ -->\n<title>Claire Verbena<\/title>\n<meta name=\"robots\" content=\"index, follow, max-snippet:-1, max-image-preview:large, max-video-preview:-1\" \/>\n<link rel=\"canonical\" href=\"https:\/\/simploworld.com\/produkt\/claire-verbena\/\" \/>\n<meta property=\"og:locale\" content=\"pl_PL\" \/>\n<meta property=\"og:type\" content=\"article\" \/>\n<meta property=\"og:title\" content=\"Claire Verbena\" \/>\n<meta property=\"og:description\" content=\"Czy wiesz, \u017ce\u2026 Dawniej uwa\u017cano, \u017ce werbena odgania pecha? Spr\u00f3bujmy da\u0107 jej szanse i dzi\u015b. Posmakuj delikatnego, lekko cytrynowego naparu. Dostrzegasz jego urok? &nbsp; Zbudowana na aromatycznej zio\u0142owej herbacie, Claire Verbena oczaruje twoje zmys\u0142y. Ale wy\u015bmienity smak nie jest jej jedyn\u0105 niezwyk\u0142\u0105 cech\u0105. Prawdziw\u0105 magi\u0105 p\u0142yn\u0105c\u0105 z tego naparu jest jego naturalno\u015b\u0107 \u2014 pochodzi w 100% z organicznych upraw. Rozpieszcza podniebienie i troszczy si\u0119 o Ziemi\u0119. &nbsp; Sk\u0142adniki: Werbena z certyfikowanej organicznej uprawy, naturalny aromat mango Czas parzenia: 5-8 minut\" \/>\n<meta property=\"og:url\" content=\"https:\/\/simploworld.com\/produkt\/claire-verbena\/\" \/>\n<meta property=\"og:site_name\" content=\"SIMPLo\" \/>\n<meta property=\"article:modified_time\" content=\"2020-05-11T11:04:51+00:00\" \/>\n<meta property=\"og:image\" content=\"https:\/\/simploworld.com\/wp-content\/uploads\/2019\/08\/Pure-Tea_Mockup_Dose_Claire-2.png\" \/>\n\t<meta property=\"og:image:width\" content=\"1920\" \/>\n\t<meta property=\"og:image:height\" content=\"1920\" \/>\n\t<meta property=\"og:image:type\" content=\"image\/png\" \/>\n<meta name=\"twitter:card\" content=\"summary_large_image\" \/>\n<script type=\"application\/ld+json\" class=\"yoast-schema-graph\">{\"@context\":\"https:\/\/schema.org\",\"@graph\":[{\"@type\":\"WebPage\",\"@id\":\"https:\/\/simploworld.com\/produkt\/claire-verbena\/\",\"url\":\"https:\/\/simploworld.com\/produkt\/claire-verbena\/\",\"name\":\"Claire Verbena\",\"isPartOf\":{\"@id\":\"https:\/\/simploworld.com\/#website\"},\"primaryImageOfPage\":{\"@id\":\"https:\/\/simploworld.com\/produkt\/claire-verbena\/#primaryimage\"},\"image\":{\"@id\":\"https:\/\/simploworld.com\/produkt\/claire-verbena\/#primaryimage\"},\"thumbnailUrl\":\"https:\/\/simploworld.com\/wp-content\/uploads\/2019\/08\/Pure-Tea_Mockup_Dose_Claire-2.png\",\"datePublished\":\"2019-08-09T07:25:40+00:00\",\"dateModified\":\"2020-05-11T11:04:51+00:00\",\"breadcrumb\":{\"@id\":\"https:\/\/simploworld.com\/produkt\/claire-verbena\/#breadcrumb\"},\"inLanguage\":\"pl-PL\",\"potentialAction\":[{\"@type\":\"ReadAction\",\"target\":[\"https:\/\/simploworld.com\/produkt\/claire-verbena\/\"]}]},{\"@type\":\"ImageObject\",\"inLanguage\":\"pl-PL\",\"@id\":\"https:\/\/simploworld.com\/produkt\/claire-verbena\/#primaryimage\",\"url\":\"https:\/\/simploworld.com\/wp-content\/uploads\/2019\/08\/Pure-Tea_Mockup_Dose_Claire-2.png\",\"contentUrl\":\"https:\/\/simploworld.com\/wp-content\/uploads\/2019\/08\/Pure-Tea_Mockup_Dose_Claire-2.png\",\"width\":1920,\"height\":1920},{\"@type\":\"BreadcrumbList\",\"@id\":\"https:\/\/simploworld.com\/produkt\/claire-verbena\/#breadcrumb\",\"itemListElement\":[{\"@type\":\"ListItem\",\"position\":1,\"name\":\"Home\",\"item\":\"https:\/\/simploworld.com\/pl\/\"},{\"@type\":\"ListItem\",\"position\":2,\"name\":\"Sklep\",\"item\":\"https:\/\/simploworld.com\/pl\/sklep\/\"},{\"@type\":\"ListItem\",\"position\":3,\"name\":\"Claire Verbena\"}]},{\"@type\":\"WebSite\",\"@id\":\"https:\/\/simploworld.com\/#website\",\"url\":\"https:\/\/simploworld.com\/\",\"name\":\"SIMPLo\",\"description\":\"We\u017a jeden \u0142yk i wszystko si\u0119 zmieni\",\"potentialAction\":[{\"@type\":\"SearchAction\",\"target\":{\"@type\":\"EntryPoint\",\"urlTemplate\":\"https:\/\/simploworld.com\/?s={search_term_string}\"},\"query-input\":\"required name=search_term_string\"}],\"inLanguage\":\"pl-PL\"}]}<\/script>\n<!-- \/ Yoast SEO plugin. -->","yoast_head_json":{"title":"Claire Verbena","robots":{"index":"index","follow":"follow","max-snippet":"max-snippet:-1","max-image-preview":"max-image-preview:large","max-video-preview":"max-video-preview:-1"},"canonical":"https:\/\/simploworld.com\/produkt\/claire-verbena\/","og_locale":"pl_PL","og_type":"article","og_title":"Claire Verbena","og_description":"Czy wiesz, \u017ce\u2026 Dawniej uwa\u017cano, \u017ce werbena odgania pecha? Spr\u00f3bujmy da\u0107 jej szanse i dzi\u015b. Posmakuj delikatnego, lekko cytrynowego naparu. Dostrzegasz jego urok? &nbsp; Zbudowana na aromatycznej zio\u0142owej herbacie, Claire Verbena oczaruje twoje zmys\u0142y. Ale wy\u015bmienity smak nie jest jej jedyn\u0105 niezwyk\u0142\u0105 cech\u0105. Prawdziw\u0105 magi\u0105 p\u0142yn\u0105c\u0105 z tego naparu jest jego naturalno\u015b\u0107 \u2014 pochodzi w 100% z organicznych upraw. Rozpieszcza podniebienie i troszczy si\u0119 o Ziemi\u0119. &nbsp; Sk\u0142adniki: Werbena z certyfikowanej organicznej uprawy, naturalny aromat mango Czas parzenia: 5-8 minut","og_url":"https:\/\/simploworld.com\/produkt\/claire-verbena\/","og_site_name":"SIMPLo","article_modified_time":"2020-05-11T11:04:51+00:00","og_image":[{"width":1920,"height":1920,"url":"https:\/\/simploworld.com\/wp-content\/uploads\/2019\/08\/Pure-Tea_Mockup_Dose_Claire-2.png","type":"image\/png"}],"twitter_card":"summary_large_image","schema":{"@context":"https:\/\/schema.org","@graph":[{"@type":"WebPage","@id":"https:\/\/simploworld.com\/produkt\/claire-verbena\/","url":"https:\/\/simploworld.com\/produkt\/claire-verbena\/","name":"Claire Verbena","isPartOf":{"@id":"https:\/\/simploworld.com\/#website"},"primaryImageOfPage":{"@id":"https:\/\/simploworld.com\/produkt\/claire-verbena\/#primaryimage"},"image":{"@id":"https:\/\/simploworld.com\/produkt\/claire-verbena\/#primaryimage"},"thumbnailUrl":"https:\/\/simploworld.com\/wp-content\/uploads\/2019\/08\/Pure-Tea_Mockup_Dose_Claire-2.png","datePublished":"2019-08-09T07:25:40+00:00","dateModified":"2020-05-11T11:04:51+00:00","breadcrumb":{"@id":"https:\/\/simploworld.com\/produkt\/claire-verbena\/#breadcrumb"},"inLanguage":"pl-PL","potentialAction":[{"@type":"ReadAction","target":["https:\/\/simploworld.com\/produkt\/claire-verbena\/"]}]},{"@type":"ImageObject","inLanguage":"pl-PL","@id":"https:\/\/simploworld.com\/produkt\/claire-verbena\/#primaryimage","url":"https:\/\/simploworld.com\/wp-content\/uploads\/2019\/08\/Pure-Tea_Mockup_Dose_Claire-2.png","contentUrl":"https:\/\/simploworld.com\/wp-content\/uploads\/2019\/08\/Pure-Tea_Mockup_Dose_Claire-2.png","width":1920,"height":1920},{"@type":"BreadcrumbList","@id":"https:\/\/simploworld.com\/produkt\/claire-verbena\/#breadcrumb","itemListElement":[{"@type":"ListItem","position":1,"name":"Home","item":"https:\/\/simploworld.com\/pl\/"},{"@type":"ListItem","position":2,"name":"Sklep","item":"https:\/\/simploworld.com\/pl\/sklep\/"},{"@type":"ListItem","position":3,"name":"Claire Verbena"}]},{"@type":"WebSite","@id":"https:\/\/simploworld.com\/#website","url":"https:\/\/simploworld.com\/","name":"SIMPLo","description":"We\u017a jeden \u0142yk i wszystko si\u0119 zmieni","potentialAction":[{"@type":"SearchAction","target":{"@type":"EntryPoint","urlTemplate":"https:\/\/simploworld.com\/?s={search_term_string}"},"query-input":"required name=search_term_string"}],"inLanguage":"pl-PL"}]}},"_links":{"self":[{"href":"https:\/\/simploworld.com\/pl\/wp-json\/wp\/v2\/product\/1209"}],"collection":[{"href":"https:\/\/simploworld.com\/pl\/wp-json\/wp\/v2\/product"}],"about":[{"href":"https:\/\/simploworld.com\/pl\/wp-json\/wp\/v2\/types\/product"}],"wp:featuredmedia":[{"embeddable":true,"href":"https:\/\/simploworld.com\/pl\/wp-json\/wp\/v2\/media\/1456"}],"wp:attachment":[{"href":"https:\/\/simploworld.com\/pl\/wp-json\/wp\/v2\/media?parent=1209"}],"wp:term":[{"taxonomy":"product_cat","embeddable":true,"href":"https:\/\/simploworld.com\/pl\/wp-json\/wp\/v2\/product_cat?post=1209"},{"taxonomy":"product_tag","embeddable":true,"href":"https:\/\/simploworld.com\/pl\/wp-json\/wp\/v2\/product_tag?post=1209"}],"curies":[{"name":"wp","href":"https:\/\/api.w.org\/{rel}","templated":true}]}}