{"id":1213,"date":"2019-08-09T07:29:22","date_gmt":"2019-08-09T07:29:22","guid":{"rendered":"https:\/\/simploworld.com\/product\/sarala-chai\/"},"modified":"2024-10-09T13:55:55","modified_gmt":"2024-10-09T13:55:55","slug":"sarala-chai","status":"publish","type":"product","link":"https:\/\/simploworld.com\/pl\/produkt\/sarala-chai\/","title":{"rendered":"Sarala Chai"},"content":{"rendered":"","protected":false},"excerpt":{"rendered":"<p style=\"text-align: justify;\">To jak orkiestra smak\u00f3w daj\u0105ca koncert w fili\u017cance. Znasz ka\u017cdego z artyst\u00f3w z osobna, ale nigdy nie mia\u0142e\u015b okazji do\u015bwiadczy\u0107 ich wsp\u00f3lnego, wybornie zsynchronizowanego wyst\u0119pu. Daj jej wybrzmie\u0107 przez 3-4 minut a osi\u0105gnie swoje najwy\u017csze nuty.<br \/>\nSarala Chai to hit \u2014 jedyny w swoim rodzaju.<\/p>\n<p>&nbsp;<\/p>\n<p style=\"text-align: justify;\">Skomponowana z popisowych przypraw Azji \u2014 go\u017adzik\u00f3w, cynamonu, kardamonu \u2014 ta pe\u0142na, czarna herbata to kawa\u0142 dobrej, mi\u0119dzypokoleniowej roboty. Wci\u0105\u017c mo\u017cesz us\u0142ysze\u0107 echo dawnej Indian Masala Chai. Tak oto innowacyjny przepis wsp\u00f3\u0142gra z tradycj\u0105 smaku. Doznanie warte owacji na stoj\u0105co.<\/p>\n<p>&nbsp;<\/p>\n<p style=\"text-align: justify;\">Sk\u0142adniki: Czarna herbata, cynamon, koper w\u0142oski, kawa\u0142ki imbiru, go\u017adziki, any\u017c \u2014 wszystkie z certyfikowanej organicznej uprawy, naturalny aromat waniliowy<br \/>\nCzas parzenia: 3-4 minuty<\/p>\n","protected":false},"featured_media":1470,"template":"","meta":{"_acf_changed":false},"product_cat":[103],"product_tag":[167],"acf":[],"yoast_head":"<!-- This site is optimized with the Yoast SEO plugin v23.0 - https:\/\/yoast.com\/wordpress\/plugins\/seo\/ -->\n<title>Sarala Chai<\/title>\n<meta name=\"robots\" content=\"index, follow, max-snippet:-1, max-image-preview:large, max-video-preview:-1\" \/>\n<link rel=\"canonical\" href=\"https:\/\/simploworld.com\/produkt\/sarala-chai\/\" \/>\n<meta property=\"og:locale\" content=\"pl_PL\" \/>\n<meta property=\"og:type\" content=\"article\" \/>\n<meta property=\"og:title\" content=\"Sarala Chai\" \/>\n<meta property=\"og:description\" content=\"To jak orkiestra smak\u00f3w daj\u0105ca koncert w fili\u017cance. Znasz ka\u017cdego z artyst\u00f3w z osobna, ale nigdy nie mia\u0142e\u015b okazji do\u015bwiadczy\u0107 ich wsp\u00f3lnego, wybornie zsynchronizowanego wyst\u0119pu. Daj jej wybrzmie\u0107 przez 3-4 minut a osi\u0105gnie swoje najwy\u017csze nuty. Sarala Chai to hit \u2014 jedyny w swoim rodzaju. &nbsp; Skomponowana z popisowych przypraw Azji \u2014 go\u017adzik\u00f3w, cynamonu, kardamonu \u2014 ta pe\u0142na, czarna herbata to kawa\u0142 dobrej, mi\u0119dzypokoleniowej roboty. Wci\u0105\u017c mo\u017cesz us\u0142ysze\u0107 echo dawnej Indian Masala Chai. Tak oto innowacyjny przepis wsp\u00f3\u0142gra z tradycj\u0105 smaku. Doznanie warte owacji na stoj\u0105co. &nbsp; Sk\u0142adniki: Czarna herbata, cynamon, koper w\u0142oski, kawa\u0142ki imbiru, go\u017adziki, any\u017c \u2014 wszystkie z certyfikowanej organicznej uprawy, naturalny aromat waniliowy Czas parzenia: 3-4 minuty\" \/>\n<meta property=\"og:url\" content=\"https:\/\/simploworld.com\/produkt\/sarala-chai\/\" \/>\n<meta property=\"og:site_name\" content=\"SIMPLo\" \/>\n<meta property=\"article:modified_time\" content=\"2024-10-09T13:55:55+00:00\" \/>\n<meta property=\"og:image\" content=\"https:\/\/simploworld.com\/wp-content\/uploads\/2019\/08\/Pure-Tea_Mockup_Dose_Sarala-1.png\" \/>\n\t<meta property=\"og:image:width\" content=\"1920\" \/>\n\t<meta property=\"og:image:height\" content=\"1920\" \/>\n\t<meta property=\"og:image:type\" content=\"image\/png\" \/>\n<meta name=\"twitter:card\" content=\"summary_large_image\" \/>\n<script type=\"application\/ld+json\" class=\"yoast-schema-graph\">{\"@context\":\"https:\/\/schema.org\",\"@graph\":[{\"@type\":\"WebPage\",\"@id\":\"https:\/\/simploworld.com\/produkt\/sarala-chai\/\",\"url\":\"https:\/\/simploworld.com\/produkt\/sarala-chai\/\",\"name\":\"Sarala Chai\",\"isPartOf\":{\"@id\":\"https:\/\/simploworld.com\/#website\"},\"primaryImageOfPage\":{\"@id\":\"https:\/\/simploworld.com\/produkt\/sarala-chai\/#primaryimage\"},\"image\":{\"@id\":\"https:\/\/simploworld.com\/produkt\/sarala-chai\/#primaryimage\"},\"thumbnailUrl\":\"https:\/\/simploworld.com\/wp-content\/uploads\/2019\/08\/Pure-Tea_Mockup_Dose_Sarala-1.png\",\"datePublished\":\"2019-08-09T07:29:22+00:00\",\"dateModified\":\"2024-10-09T13:55:55+00:00\",\"breadcrumb\":{\"@id\":\"https:\/\/simploworld.com\/produkt\/sarala-chai\/#breadcrumb\"},\"inLanguage\":\"pl-PL\",\"potentialAction\":[{\"@type\":\"ReadAction\",\"target\":[\"https:\/\/simploworld.com\/produkt\/sarala-chai\/\"]}]},{\"@type\":\"ImageObject\",\"inLanguage\":\"pl-PL\",\"@id\":\"https:\/\/simploworld.com\/produkt\/sarala-chai\/#primaryimage\",\"url\":\"https:\/\/simploworld.com\/wp-content\/uploads\/2019\/08\/Pure-Tea_Mockup_Dose_Sarala-1.png\",\"contentUrl\":\"https:\/\/simploworld.com\/wp-content\/uploads\/2019\/08\/Pure-Tea_Mockup_Dose_Sarala-1.png\",\"width\":1920,\"height\":1920},{\"@type\":\"BreadcrumbList\",\"@id\":\"https:\/\/simploworld.com\/produkt\/sarala-chai\/#breadcrumb\",\"itemListElement\":[{\"@type\":\"ListItem\",\"position\":1,\"name\":\"Home\",\"item\":\"https:\/\/simploworld.com\/pl\/\"},{\"@type\":\"ListItem\",\"position\":2,\"name\":\"Sklep\",\"item\":\"https:\/\/simploworld.com\/pl\/sklep\/\"},{\"@type\":\"ListItem\",\"position\":3,\"name\":\"Sarala Chai\"}]},{\"@type\":\"WebSite\",\"@id\":\"https:\/\/simploworld.com\/#website\",\"url\":\"https:\/\/simploworld.com\/\",\"name\":\"SIMPLo\",\"description\":\"We\u017a jeden \u0142yk i wszystko si\u0119 zmieni\",\"potentialAction\":[{\"@type\":\"SearchAction\",\"target\":{\"@type\":\"EntryPoint\",\"urlTemplate\":\"https:\/\/simploworld.com\/?s={search_term_string}\"},\"query-input\":\"required name=search_term_string\"}],\"inLanguage\":\"pl-PL\"}]}<\/script>\n<!-- \/ Yoast SEO plugin. -->","yoast_head_json":{"title":"Sarala Chai","robots":{"index":"index","follow":"follow","max-snippet":"max-snippet:-1","max-image-preview":"max-image-preview:large","max-video-preview":"max-video-preview:-1"},"canonical":"https:\/\/simploworld.com\/produkt\/sarala-chai\/","og_locale":"pl_PL","og_type":"article","og_title":"Sarala Chai","og_description":"To jak orkiestra smak\u00f3w daj\u0105ca koncert w fili\u017cance. Znasz ka\u017cdego z artyst\u00f3w z osobna, ale nigdy nie mia\u0142e\u015b okazji do\u015bwiadczy\u0107 ich wsp\u00f3lnego, wybornie zsynchronizowanego wyst\u0119pu. Daj jej wybrzmie\u0107 przez 3-4 minut a osi\u0105gnie swoje najwy\u017csze nuty. Sarala Chai to hit \u2014 jedyny w swoim rodzaju. &nbsp; Skomponowana z popisowych przypraw Azji \u2014 go\u017adzik\u00f3w, cynamonu, kardamonu \u2014 ta pe\u0142na, czarna herbata to kawa\u0142 dobrej, mi\u0119dzypokoleniowej roboty. Wci\u0105\u017c mo\u017cesz us\u0142ysze\u0107 echo dawnej Indian Masala Chai. Tak oto innowacyjny przepis wsp\u00f3\u0142gra z tradycj\u0105 smaku. Doznanie warte owacji na stoj\u0105co. &nbsp; Sk\u0142adniki: Czarna herbata, cynamon, koper w\u0142oski, kawa\u0142ki imbiru, go\u017adziki, any\u017c \u2014 wszystkie z certyfikowanej organicznej uprawy, naturalny aromat waniliowy Czas parzenia: 3-4 minuty","og_url":"https:\/\/simploworld.com\/produkt\/sarala-chai\/","og_site_name":"SIMPLo","article_modified_time":"2024-10-09T13:55:55+00:00","og_image":[{"width":1920,"height":1920,"url":"https:\/\/simploworld.com\/wp-content\/uploads\/2019\/08\/Pure-Tea_Mockup_Dose_Sarala-1.png","type":"image\/png"}],"twitter_card":"summary_large_image","schema":{"@context":"https:\/\/schema.org","@graph":[{"@type":"WebPage","@id":"https:\/\/simploworld.com\/produkt\/sarala-chai\/","url":"https:\/\/simploworld.com\/produkt\/sarala-chai\/","name":"Sarala Chai","isPartOf":{"@id":"https:\/\/simploworld.com\/#website"},"primaryImageOfPage":{"@id":"https:\/\/simploworld.com\/produkt\/sarala-chai\/#primaryimage"},"image":{"@id":"https:\/\/simploworld.com\/produkt\/sarala-chai\/#primaryimage"},"thumbnailUrl":"https:\/\/simploworld.com\/wp-content\/uploads\/2019\/08\/Pure-Tea_Mockup_Dose_Sarala-1.png","datePublished":"2019-08-09T07:29:22+00:00","dateModified":"2024-10-09T13:55:55+00:00","breadcrumb":{"@id":"https:\/\/simploworld.com\/produkt\/sarala-chai\/#breadcrumb"},"inLanguage":"pl-PL","potentialAction":[{"@type":"ReadAction","target":["https:\/\/simploworld.com\/produkt\/sarala-chai\/"]}]},{"@type":"ImageObject","inLanguage":"pl-PL","@id":"https:\/\/simploworld.com\/produkt\/sarala-chai\/#primaryimage","url":"https:\/\/simploworld.com\/wp-content\/uploads\/2019\/08\/Pure-Tea_Mockup_Dose_Sarala-1.png","contentUrl":"https:\/\/simploworld.com\/wp-content\/uploads\/2019\/08\/Pure-Tea_Mockup_Dose_Sarala-1.png","width":1920,"height":1920},{"@type":"BreadcrumbList","@id":"https:\/\/simploworld.com\/produkt\/sarala-chai\/#breadcrumb","itemListElement":[{"@type":"ListItem","position":1,"name":"Home","item":"https:\/\/simploworld.com\/pl\/"},{"@type":"ListItem","position":2,"name":"Sklep","item":"https:\/\/simploworld.com\/pl\/sklep\/"},{"@type":"ListItem","position":3,"name":"Sarala Chai"}]},{"@type":"WebSite","@id":"https:\/\/simploworld.com\/#website","url":"https:\/\/simploworld.com\/","name":"SIMPLo","description":"We\u017a jeden \u0142yk i wszystko si\u0119 zmieni","potentialAction":[{"@type":"SearchAction","target":{"@type":"EntryPoint","urlTemplate":"https:\/\/simploworld.com\/?s={search_term_string}"},"query-input":"required name=search_term_string"}],"inLanguage":"pl-PL"}]}},"_links":{"self":[{"href":"https:\/\/simploworld.com\/pl\/wp-json\/wp\/v2\/product\/1213"}],"collection":[{"href":"https:\/\/simploworld.com\/pl\/wp-json\/wp\/v2\/product"}],"about":[{"href":"https:\/\/simploworld.com\/pl\/wp-json\/wp\/v2\/types\/product"}],"wp:featuredmedia":[{"embeddable":true,"href":"https:\/\/simploworld.com\/pl\/wp-json\/wp\/v2\/media\/1470"}],"wp:attachment":[{"href":"https:\/\/simploworld.com\/pl\/wp-json\/wp\/v2\/media?parent=1213"}],"wp:term":[{"taxonomy":"product_cat","embeddable":true,"href":"https:\/\/simploworld.com\/pl\/wp-json\/wp\/v2\/product_cat?post=1213"},{"taxonomy":"product_tag","embeddable":true,"href":"https:\/\/simploworld.com\/pl\/wp-json\/wp\/v2\/product_tag?post=1213"}],"curies":[{"name":"wp","href":"https:\/\/api.w.org\/{rel}","templated":true}]}}