{"id":3209,"date":"2020-03-24T21:04:42","date_gmt":"2020-03-24T21:04:42","guid":{"rendered":"https:\/\/simploworld.com\/product\/drink-your-greens\/"},"modified":"2020-04-09T16:58:25","modified_gmt":"2020-04-09T16:58:25","slug":"drink-your-greens","status":"publish","type":"product","link":"https:\/\/simploworld.com\/pl\/produkt\/drink-your-greens\/","title":{"rendered":"Drink Your Greens"},"content":{"rendered":"","protected":false},"excerpt":{"rendered":"<p align=\"justify\">Odkryj cud paradoksu \u2014 <a href=\"https:\/\/simploworld.com\/pl\/produkt\/hario-tea-press\/\">Press<\/a>, z kt\u00f3rym uwolnisz si\u0119 od codziennych presji. <\/p>\n<p>\u2028<\/p>\n<p align=\"justify\">Poznaj bogactwo herbacianych aromat\u00f3w o wsp\u00f3lnych korzeniach. Zatroszcz si\u0119 o zmys\u0142y. Postaw na przemy\u015blane do\u015bwiadczenie. Lub zachowaj lekko\u015b\u0107 i po prostu ciesz si\u0119 unikalnym smakiem. Cokolwiek zdecydujesz \u2014 Drink Your Greens. I czuj si\u0119 swobodnie.<br \/>\n\u2028<\/p>\n<p align=\"justify\">Ten inspiruj\u0105cy zestaw zawiera a\u017c trzy zielone herbaty z certyfikowanych upraw ekologicznych. <a href=\"https:\/\/simploworld.com\/pl\/produkt\/jinjin-mango-lu-dao\/\">Jinjin Mango Lu Dao<\/a> z egzotycznymi nutami mango. <a href=\"https:\/\/simploworld.com\/pl\/produkt\/jinjin-mango-lu-dao\/\">Yanzhou Pi Lo Chun<\/a> z wyczuwalnym aromatem brzoskwini. I <a href=\"https:\/\/simploworld.com\/pl\/produkt\/hayato-sencha\/\">Hayato Sencha<\/a>, kt\u00f3ra na nowo definiuje trawiast\u0105 natur\u0119 organicznej herbaty. Gratka dla ka\u017cdego pasjonata. Podziel si\u0119 nimi z najbli\u017cszymi\u2026 Lub zachowaj dla siebie. Nikomu nie powiemy.<\/p>\n","protected":false},"featured_media":3175,"template":"","meta":{"_acf_changed":false},"product_cat":[100],"product_tag":[167,163],"acf":[],"yoast_head":"<!-- This site is optimized with the Yoast SEO plugin v23.0 - https:\/\/yoast.com\/wordpress\/plugins\/seo\/ -->\n<title>Drink Your Greens<\/title>\n<meta name=\"robots\" content=\"index, follow, max-snippet:-1, max-image-preview:large, max-video-preview:-1\" \/>\n<link rel=\"canonical\" href=\"https:\/\/simploworld.com\/?post_type=product&p=3183\" \/>\n<meta property=\"og:locale\" content=\"pl_PL\" \/>\n<meta property=\"og:type\" content=\"article\" \/>\n<meta property=\"og:title\" content=\"Drink Your Greens\" \/>\n<meta property=\"og:description\" content=\"Odkryj cud paradoksu \u2014 Press, z kt\u00f3rym uwolnisz si\u0119 od codziennych presji.   \u2028Poznaj bogactwo herbacianych aromat\u00f3w o wsp\u00f3lnych korzeniach. Zatroszcz si\u0119 o zmys\u0142y. Postaw na przemy\u015blane do\u015bwiadczenie. Lub zachowaj lekko\u015b\u0107 i po prostu ciesz si\u0119 unikalnym smakiem. Cokolwiek zdecydujesz \u2014 Drink Your Greens. I czuj si\u0119 swobodnie. \u2028 Ten inspiruj\u0105cy zestaw zawiera a\u017c trzy zielone herbaty z certyfikowanych upraw ekologicznych. Jinjin Mango Lu Dao z egzotycznymi nutami mango. Yanzhou Pi Lo Chun z wyczuwalnym aromatem brzoskwini. I Hayato Sencha, kt\u00f3ra na nowo definiuje trawiast\u0105 natur\u0119 organicznej herbaty. Gratka dla ka\u017cdego pasjonata. Podziel si\u0119 nimi z najbli\u017cszymi\u2026 Lub zachowaj dla siebie. Nikomu nie powiemy.\" \/>\n<meta property=\"og:url\" content=\"https:\/\/simploworld.com\/?post_type=product&amp;p=3183\" \/>\n<meta property=\"og:site_name\" content=\"SIMPLo\" \/>\n<meta property=\"article:modified_time\" content=\"2020-04-09T16:58:25+00:00\" \/>\n<meta property=\"og:image\" content=\"https:\/\/simploworld.com\/wp-content\/uploads\/2020\/03\/BUNDLE-green-tea.png\" \/>\n\t<meta property=\"og:image:width\" content=\"1920\" \/>\n\t<meta property=\"og:image:height\" content=\"1920\" \/>\n\t<meta property=\"og:image:type\" content=\"image\/png\" \/>\n<meta name=\"twitter:card\" content=\"summary_large_image\" \/>\n<script type=\"application\/ld+json\" class=\"yoast-schema-graph\">{\"@context\":\"https:\/\/schema.org\",\"@graph\":[{\"@type\":\"WebPage\",\"@id\":\"https:\/\/simploworld.com\/?post_type=product&p=3183\",\"url\":\"https:\/\/simploworld.com\/?post_type=product&p=3183\",\"name\":\"Drink Your Greens\",\"isPartOf\":{\"@id\":\"https:\/\/simploworld.com\/#website\"},\"primaryImageOfPage\":{\"@id\":\"https:\/\/simploworld.com\/?post_type=product&p=3183#primaryimage\"},\"image\":{\"@id\":\"https:\/\/simploworld.com\/?post_type=product&p=3183#primaryimage\"},\"thumbnailUrl\":\"https:\/\/simploworld.com\/wp-content\/uploads\/2020\/03\/BUNDLE-green-tea.png\",\"datePublished\":\"2020-03-24T21:04:42+00:00\",\"dateModified\":\"2020-04-09T16:58:25+00:00\",\"breadcrumb\":{\"@id\":\"https:\/\/simploworld.com\/?post_type=product&p=3183#breadcrumb\"},\"inLanguage\":\"pl-PL\",\"potentialAction\":[{\"@type\":\"ReadAction\",\"target\":[\"https:\/\/simploworld.com\/?post_type=product&p=3183\"]}]},{\"@type\":\"ImageObject\",\"inLanguage\":\"pl-PL\",\"@id\":\"https:\/\/simploworld.com\/?post_type=product&p=3183#primaryimage\",\"url\":\"https:\/\/simploworld.com\/wp-content\/uploads\/2020\/03\/BUNDLE-green-tea.png\",\"contentUrl\":\"https:\/\/simploworld.com\/wp-content\/uploads\/2020\/03\/BUNDLE-green-tea.png\",\"width\":1920,\"height\":1920},{\"@type\":\"BreadcrumbList\",\"@id\":\"https:\/\/simploworld.com\/?post_type=product&p=3183#breadcrumb\",\"itemListElement\":[{\"@type\":\"ListItem\",\"position\":1,\"name\":\"Home\",\"item\":\"https:\/\/simploworld.com\/pl\/\"},{\"@type\":\"ListItem\",\"position\":2,\"name\":\"Sklep\",\"item\":\"https:\/\/simploworld.com\/pl\/sklep\/\"},{\"@type\":\"ListItem\",\"position\":3,\"name\":\"Drink Your Greens\"}]},{\"@type\":\"WebSite\",\"@id\":\"https:\/\/simploworld.com\/#website\",\"url\":\"https:\/\/simploworld.com\/\",\"name\":\"SIMPLo\",\"description\":\"We\u017a jeden \u0142yk i wszystko si\u0119 zmieni\",\"potentialAction\":[{\"@type\":\"SearchAction\",\"target\":{\"@type\":\"EntryPoint\",\"urlTemplate\":\"https:\/\/simploworld.com\/?s={search_term_string}\"},\"query-input\":\"required name=search_term_string\"}],\"inLanguage\":\"pl-PL\"}]}<\/script>\n<!-- \/ Yoast SEO plugin. -->","yoast_head_json":{"title":"Drink Your Greens","robots":{"index":"index","follow":"follow","max-snippet":"max-snippet:-1","max-image-preview":"max-image-preview:large","max-video-preview":"max-video-preview:-1"},"canonical":"https:\/\/simploworld.com\/?post_type=product&p=3183","og_locale":"pl_PL","og_type":"article","og_title":"Drink Your Greens","og_description":"Odkryj cud paradoksu \u2014 Press, z kt\u00f3rym uwolnisz si\u0119 od codziennych presji.   \u2028Poznaj bogactwo herbacianych aromat\u00f3w o wsp\u00f3lnych korzeniach. Zatroszcz si\u0119 o zmys\u0142y. Postaw na przemy\u015blane do\u015bwiadczenie. Lub zachowaj lekko\u015b\u0107 i po prostu ciesz si\u0119 unikalnym smakiem. Cokolwiek zdecydujesz \u2014 Drink Your Greens. I czuj si\u0119 swobodnie. \u2028 Ten inspiruj\u0105cy zestaw zawiera a\u017c trzy zielone herbaty z certyfikowanych upraw ekologicznych. Jinjin Mango Lu Dao z egzotycznymi nutami mango. Yanzhou Pi Lo Chun z wyczuwalnym aromatem brzoskwini. I Hayato Sencha, kt\u00f3ra na nowo definiuje trawiast\u0105 natur\u0119 organicznej herbaty. Gratka dla ka\u017cdego pasjonata. Podziel si\u0119 nimi z najbli\u017cszymi\u2026 Lub zachowaj dla siebie. Nikomu nie powiemy.","og_url":"https:\/\/simploworld.com\/?post_type=product&p=3183","og_site_name":"SIMPLo","article_modified_time":"2020-04-09T16:58:25+00:00","og_image":[{"width":1920,"height":1920,"url":"https:\/\/simploworld.com\/wp-content\/uploads\/2020\/03\/BUNDLE-green-tea.png","type":"image\/png"}],"twitter_card":"summary_large_image","schema":{"@context":"https:\/\/schema.org","@graph":[{"@type":"WebPage","@id":"https:\/\/simploworld.com\/?post_type=product&p=3183","url":"https:\/\/simploworld.com\/?post_type=product&p=3183","name":"Drink Your Greens","isPartOf":{"@id":"https:\/\/simploworld.com\/#website"},"primaryImageOfPage":{"@id":"https:\/\/simploworld.com\/?post_type=product&p=3183#primaryimage"},"image":{"@id":"https:\/\/simploworld.com\/?post_type=product&p=3183#primaryimage"},"thumbnailUrl":"https:\/\/simploworld.com\/wp-content\/uploads\/2020\/03\/BUNDLE-green-tea.png","datePublished":"2020-03-24T21:04:42+00:00","dateModified":"2020-04-09T16:58:25+00:00","breadcrumb":{"@id":"https:\/\/simploworld.com\/?post_type=product&p=3183#breadcrumb"},"inLanguage":"pl-PL","potentialAction":[{"@type":"ReadAction","target":["https:\/\/simploworld.com\/?post_type=product&p=3183"]}]},{"@type":"ImageObject","inLanguage":"pl-PL","@id":"https:\/\/simploworld.com\/?post_type=product&p=3183#primaryimage","url":"https:\/\/simploworld.com\/wp-content\/uploads\/2020\/03\/BUNDLE-green-tea.png","contentUrl":"https:\/\/simploworld.com\/wp-content\/uploads\/2020\/03\/BUNDLE-green-tea.png","width":1920,"height":1920},{"@type":"BreadcrumbList","@id":"https:\/\/simploworld.com\/?post_type=product&p=3183#breadcrumb","itemListElement":[{"@type":"ListItem","position":1,"name":"Home","item":"https:\/\/simploworld.com\/pl\/"},{"@type":"ListItem","position":2,"name":"Sklep","item":"https:\/\/simploworld.com\/pl\/sklep\/"},{"@type":"ListItem","position":3,"name":"Drink Your Greens"}]},{"@type":"WebSite","@id":"https:\/\/simploworld.com\/#website","url":"https:\/\/simploworld.com\/","name":"SIMPLo","description":"We\u017a jeden \u0142yk i wszystko si\u0119 zmieni","potentialAction":[{"@type":"SearchAction","target":{"@type":"EntryPoint","urlTemplate":"https:\/\/simploworld.com\/?s={search_term_string}"},"query-input":"required name=search_term_string"}],"inLanguage":"pl-PL"}]}},"_links":{"self":[{"href":"https:\/\/simploworld.com\/pl\/wp-json\/wp\/v2\/product\/3209"}],"collection":[{"href":"https:\/\/simploworld.com\/pl\/wp-json\/wp\/v2\/product"}],"about":[{"href":"https:\/\/simploworld.com\/pl\/wp-json\/wp\/v2\/types\/product"}],"wp:featuredmedia":[{"embeddable":true,"href":"https:\/\/simploworld.com\/pl\/wp-json\/wp\/v2\/media\/3175"}],"wp:attachment":[{"href":"https:\/\/simploworld.com\/pl\/wp-json\/wp\/v2\/media?parent=3209"}],"wp:term":[{"taxonomy":"product_cat","embeddable":true,"href":"https:\/\/simploworld.com\/pl\/wp-json\/wp\/v2\/product_cat?post=3209"},{"taxonomy":"product_tag","embeddable":true,"href":"https:\/\/simploworld.com\/pl\/wp-json\/wp\/v2\/product_tag?post=3209"}],"curies":[{"name":"wp","href":"https:\/\/api.w.org\/{rel}","templated":true}]}}