{"id":3225,"date":"2020-03-24T01:09:09","date_gmt":"2020-03-24T01:09:09","guid":{"rendered":"https:\/\/simploworld.com\/product\/3187\/"},"modified":"2025-09-10T15:26:47","modified_gmt":"2025-09-10T15:26:47","slug":"needo-brews","status":"publish","type":"product","link":"https:\/\/simploworld.com\/pl\/produkt\/needo-brews\/","title":{"rendered":"Needo Brews"},"content":{"rendered":"","protected":false},"excerpt":{"rendered":"<p align=\"justify\">Pobudki mog\u0105 by\u0107 przyjemne\u2026 Naprawd\u0119! Z pogodn\u0105 melodi\u0105 na ustach. Z lekko sennym u\u015bmiechem. W wygodnym <a href=\"https:\/\/simploworld.com\/pl\/produkt\/simplo-singing-needo-t-shirt\/\">T-shircie<\/a>, kt\u00f3ry otula Ci\u0119 obietnic\u0105 leniwego poranka. Czy to nie brzmi mi\u0142o? A teraz wype\u0142nij te jasne chwile wyrazistymi smakami. Si\u0119gnij po espresso w zawadiackim tonie <a href=\"https:\/\/simploworld.com\/pl\/produkt\/bang-bang\/\">Bang Bang<\/a>, albo zosta\u0144 przy \u0142agodniejszych <a href=\"https:\/\/simploworld.com\/pl\/produkt\/light-years\/\">Light Years<\/a>, kt\u00f3re niespiesznie wci\u0105gn\u0105 Ci\u0119 w g\u0142\u0119bokie kawowe doznania.<br \/>\n\u2028<\/p>\n<p align=\"justify\">Ma\u0142y tip na szcz\u0119\u015bliwy pocz\u0105tek dnia: Udawaj, \u017ce jest weekend, dop\u00f3ki nie we\u017amiesz przynajmniej kilku \u0142yk\u00f3w swojej pierwszej kawy.<br \/>\n\u2028<\/p>\n<p align=\"justify\">Needo Brews. Zestaw, z kt\u00f3rym kawa przyrz\u0105dzana w domu stanie si\u0119 zupe\u0142nie nowym do\u015bwiadczeniem. Bez wzgl\u0119du na metod\u0119 parzenia, fili\u017canki same zabrz\u0119cz\u0105 o wi\u0119cej. <\/p>\n","protected":false},"featured_media":3173,"template":"","meta":{"_acf_changed":false},"product_cat":[100],"product_tag":[161,162,166],"acf":[],"yoast_head":"<!-- This site is optimized with the Yoast SEO plugin v23.0 - https:\/\/yoast.com\/wordpress\/plugins\/seo\/ -->\n<title>Needo Brews<\/title>\n<meta name=\"robots\" content=\"index, follow, max-snippet:-1, max-image-preview:large, max-video-preview:-1\" \/>\n<link rel=\"canonical\" href=\"https:\/\/simploworld.com\/pl\/produkt\/needo-brews\/\" \/>\n<meta property=\"og:locale\" content=\"pl_PL\" \/>\n<meta property=\"og:type\" content=\"article\" \/>\n<meta property=\"og:title\" content=\"Needo Brews\" \/>\n<meta property=\"og:description\" content=\"Pobudki mog\u0105 by\u0107 przyjemne\u2026 Naprawd\u0119! Z pogodn\u0105 melodi\u0105 na ustach. Z lekko sennym u\u015bmiechem. W wygodnym T-shircie, kt\u00f3ry otula Ci\u0119 obietnic\u0105 leniwego poranka. Czy to nie brzmi mi\u0142o? A teraz wype\u0142nij te jasne chwile wyrazistymi smakami. Si\u0119gnij po espresso w zawadiackim tonie Bang Bang, albo zosta\u0144 przy \u0142agodniejszych Light Years, kt\u00f3re niespiesznie wci\u0105gn\u0105 Ci\u0119 w g\u0142\u0119bokie kawowe doznania. \u2028 Ma\u0142y tip na szcz\u0119\u015bliwy pocz\u0105tek dnia: Udawaj, \u017ce jest weekend, dop\u00f3ki nie we\u017amiesz przynajmniej kilku \u0142yk\u00f3w swojej pierwszej kawy. \u2028 Needo Brews. Zestaw, z kt\u00f3rym kawa przyrz\u0105dzana w domu stanie si\u0119 zupe\u0142nie nowym do\u015bwiadczeniem. Bez wzgl\u0119du na metod\u0119 parzenia, fili\u017canki same zabrz\u0119cz\u0105 o wi\u0119cej.\" \/>\n<meta property=\"og:url\" content=\"https:\/\/simploworld.com\/pl\/produkt\/needo-brews\/\" \/>\n<meta property=\"og:site_name\" content=\"SIMPLo\" \/>\n<meta property=\"article:modified_time\" content=\"2025-09-10T15:26:47+00:00\" \/>\n<meta property=\"og:image\" content=\"https:\/\/simploworld.com\/wp-content\/uploads\/2020\/03\/BUNDLE-espresso.png\" \/>\n\t<meta property=\"og:image:width\" content=\"1920\" \/>\n\t<meta property=\"og:image:height\" content=\"1920\" \/>\n\t<meta property=\"og:image:type\" content=\"image\/png\" \/>\n<meta name=\"twitter:card\" content=\"summary_large_image\" \/>\n<script type=\"application\/ld+json\" class=\"yoast-schema-graph\">{\"@context\":\"https:\/\/schema.org\",\"@graph\":[{\"@type\":\"WebPage\",\"@id\":\"https:\/\/simploworld.com\/pl\/produkt\/needo-brews\/\",\"url\":\"https:\/\/simploworld.com\/pl\/produkt\/needo-brews\/\",\"name\":\"Needo Brews\",\"isPartOf\":{\"@id\":\"https:\/\/simploworld.com\/#website\"},\"primaryImageOfPage\":{\"@id\":\"https:\/\/simploworld.com\/pl\/produkt\/needo-brews\/#primaryimage\"},\"image\":{\"@id\":\"https:\/\/simploworld.com\/pl\/produkt\/needo-brews\/#primaryimage\"},\"thumbnailUrl\":\"https:\/\/simploworld.com\/wp-content\/uploads\/2020\/03\/BUNDLE-espresso.png\",\"datePublished\":\"2020-03-24T01:09:09+00:00\",\"dateModified\":\"2025-09-10T15:26:47+00:00\",\"breadcrumb\":{\"@id\":\"https:\/\/simploworld.com\/pl\/produkt\/needo-brews\/#breadcrumb\"},\"inLanguage\":\"pl-PL\",\"potentialAction\":[{\"@type\":\"ReadAction\",\"target\":[\"https:\/\/simploworld.com\/pl\/produkt\/needo-brews\/\"]}]},{\"@type\":\"ImageObject\",\"inLanguage\":\"pl-PL\",\"@id\":\"https:\/\/simploworld.com\/pl\/produkt\/needo-brews\/#primaryimage\",\"url\":\"https:\/\/simploworld.com\/wp-content\/uploads\/2020\/03\/BUNDLE-espresso.png\",\"contentUrl\":\"https:\/\/simploworld.com\/wp-content\/uploads\/2020\/03\/BUNDLE-espresso.png\",\"width\":1920,\"height\":1920},{\"@type\":\"BreadcrumbList\",\"@id\":\"https:\/\/simploworld.com\/pl\/produkt\/needo-brews\/#breadcrumb\",\"itemListElement\":[{\"@type\":\"ListItem\",\"position\":1,\"name\":\"Home\",\"item\":\"https:\/\/simploworld.com\/pl\/\"},{\"@type\":\"ListItem\",\"position\":2,\"name\":\"Sklep\",\"item\":\"https:\/\/simploworld.com\/pl\/sklep\/\"},{\"@type\":\"ListItem\",\"position\":3,\"name\":\"Needo Brews\"}]},{\"@type\":\"WebSite\",\"@id\":\"https:\/\/simploworld.com\/#website\",\"url\":\"https:\/\/simploworld.com\/\",\"name\":\"SIMPLo\",\"description\":\"We\u017a jeden \u0142yk i wszystko si\u0119 zmieni\",\"potentialAction\":[{\"@type\":\"SearchAction\",\"target\":{\"@type\":\"EntryPoint\",\"urlTemplate\":\"https:\/\/simploworld.com\/?s={search_term_string}\"},\"query-input\":\"required name=search_term_string\"}],\"inLanguage\":\"pl-PL\"}]}<\/script>\n<!-- \/ Yoast SEO plugin. -->","yoast_head_json":{"title":"Needo Brews","robots":{"index":"index","follow":"follow","max-snippet":"max-snippet:-1","max-image-preview":"max-image-preview:large","max-video-preview":"max-video-preview:-1"},"canonical":"https:\/\/simploworld.com\/pl\/produkt\/needo-brews\/","og_locale":"pl_PL","og_type":"article","og_title":"Needo Brews","og_description":"Pobudki mog\u0105 by\u0107 przyjemne\u2026 Naprawd\u0119! Z pogodn\u0105 melodi\u0105 na ustach. Z lekko sennym u\u015bmiechem. W wygodnym T-shircie, kt\u00f3ry otula Ci\u0119 obietnic\u0105 leniwego poranka. Czy to nie brzmi mi\u0142o? A teraz wype\u0142nij te jasne chwile wyrazistymi smakami. Si\u0119gnij po espresso w zawadiackim tonie Bang Bang, albo zosta\u0144 przy \u0142agodniejszych Light Years, kt\u00f3re niespiesznie wci\u0105gn\u0105 Ci\u0119 w g\u0142\u0119bokie kawowe doznania. \u2028 Ma\u0142y tip na szcz\u0119\u015bliwy pocz\u0105tek dnia: Udawaj, \u017ce jest weekend, dop\u00f3ki nie we\u017amiesz przynajmniej kilku \u0142yk\u00f3w swojej pierwszej kawy. \u2028 Needo Brews. Zestaw, z kt\u00f3rym kawa przyrz\u0105dzana w domu stanie si\u0119 zupe\u0142nie nowym do\u015bwiadczeniem. Bez wzgl\u0119du na metod\u0119 parzenia, fili\u017canki same zabrz\u0119cz\u0105 o wi\u0119cej.","og_url":"https:\/\/simploworld.com\/pl\/produkt\/needo-brews\/","og_site_name":"SIMPLo","article_modified_time":"2025-09-10T15:26:47+00:00","og_image":[{"width":1920,"height":1920,"url":"https:\/\/simploworld.com\/wp-content\/uploads\/2020\/03\/BUNDLE-espresso.png","type":"image\/png"}],"twitter_card":"summary_large_image","schema":{"@context":"https:\/\/schema.org","@graph":[{"@type":"WebPage","@id":"https:\/\/simploworld.com\/pl\/produkt\/needo-brews\/","url":"https:\/\/simploworld.com\/pl\/produkt\/needo-brews\/","name":"Needo Brews","isPartOf":{"@id":"https:\/\/simploworld.com\/#website"},"primaryImageOfPage":{"@id":"https:\/\/simploworld.com\/pl\/produkt\/needo-brews\/#primaryimage"},"image":{"@id":"https:\/\/simploworld.com\/pl\/produkt\/needo-brews\/#primaryimage"},"thumbnailUrl":"https:\/\/simploworld.com\/wp-content\/uploads\/2020\/03\/BUNDLE-espresso.png","datePublished":"2020-03-24T01:09:09+00:00","dateModified":"2025-09-10T15:26:47+00:00","breadcrumb":{"@id":"https:\/\/simploworld.com\/pl\/produkt\/needo-brews\/#breadcrumb"},"inLanguage":"pl-PL","potentialAction":[{"@type":"ReadAction","target":["https:\/\/simploworld.com\/pl\/produkt\/needo-brews\/"]}]},{"@type":"ImageObject","inLanguage":"pl-PL","@id":"https:\/\/simploworld.com\/pl\/produkt\/needo-brews\/#primaryimage","url":"https:\/\/simploworld.com\/wp-content\/uploads\/2020\/03\/BUNDLE-espresso.png","contentUrl":"https:\/\/simploworld.com\/wp-content\/uploads\/2020\/03\/BUNDLE-espresso.png","width":1920,"height":1920},{"@type":"BreadcrumbList","@id":"https:\/\/simploworld.com\/pl\/produkt\/needo-brews\/#breadcrumb","itemListElement":[{"@type":"ListItem","position":1,"name":"Home","item":"https:\/\/simploworld.com\/pl\/"},{"@type":"ListItem","position":2,"name":"Sklep","item":"https:\/\/simploworld.com\/pl\/sklep\/"},{"@type":"ListItem","position":3,"name":"Needo Brews"}]},{"@type":"WebSite","@id":"https:\/\/simploworld.com\/#website","url":"https:\/\/simploworld.com\/","name":"SIMPLo","description":"We\u017a jeden \u0142yk i wszystko si\u0119 zmieni","potentialAction":[{"@type":"SearchAction","target":{"@type":"EntryPoint","urlTemplate":"https:\/\/simploworld.com\/?s={search_term_string}"},"query-input":"required name=search_term_string"}],"inLanguage":"pl-PL"}]}},"_links":{"self":[{"href":"https:\/\/simploworld.com\/pl\/wp-json\/wp\/v2\/product\/3225"}],"collection":[{"href":"https:\/\/simploworld.com\/pl\/wp-json\/wp\/v2\/product"}],"about":[{"href":"https:\/\/simploworld.com\/pl\/wp-json\/wp\/v2\/types\/product"}],"wp:featuredmedia":[{"embeddable":true,"href":"https:\/\/simploworld.com\/pl\/wp-json\/wp\/v2\/media\/3173"}],"wp:attachment":[{"href":"https:\/\/simploworld.com\/pl\/wp-json\/wp\/v2\/media?parent=3225"}],"wp:term":[{"taxonomy":"product_cat","embeddable":true,"href":"https:\/\/simploworld.com\/pl\/wp-json\/wp\/v2\/product_cat?post=3225"},{"taxonomy":"product_tag","embeddable":true,"href":"https:\/\/simploworld.com\/pl\/wp-json\/wp\/v2\/product_tag?post=3225"}],"curies":[{"name":"wp","href":"https:\/\/api.w.org\/{rel}","templated":true}]}}